{"id":98,"date":"2023-07-17T11:46:48","date_gmt":"2023-07-17T11:46:48","guid":{"rendered":"https:\/\/koylio-seura.eitcon.com\/?page_id=98"},"modified":"2025-10-09T07:12:50","modified_gmt":"2025-10-09T07:12:50","slug":"koylion-ystavat","status":"publish","type":"page","link":"https:\/\/koylio-seura.fi\/?page_id=98","title":{"rendered":"K\u00f6yli\u00f6n yst\u00e4v\u00e4t"},"content":{"rendered":"\t\t<div data-elementor-type=\"wp-page\" data-elementor-id=\"98\" class=\"elementor elementor-98\" data-elementor-post-type=\"page\">\n\t\t\t\t\t\t<section class=\"elementor-section elementor-top-section elementor-element elementor-element-2d2c8f9c elementor-section-boxed elementor-section-height-default elementor-section-height-default\" data-id=\"2d2c8f9c\" data-element_type=\"section\">\n\t\t\t\t\t\t<div class=\"elementor-container elementor-column-gap-default\">\n\t\t\t\t\t<div class=\"elementor-column elementor-col-100 elementor-top-column elementor-element elementor-element-225a9bec\" data-id=\"225a9bec\" data-element_type=\"column\">\n\t\t\t<div class=\"elementor-widget-wrap elementor-element-populated\">\n\t\t\t\t\t\t<div class=\"elementor-element elementor-element-43df1bab elementor-widget elementor-widget-text-editor\" data-id=\"43df1bab\" data-element_type=\"widget\" data-widget_type=\"text-editor.default\">\n\t\t\t\t<div class=\"elementor-widget-container\">\n\t\t\t\t\t\t\t\t\t\n<h2 class=\"wp-block-heading\">K\u00f6yli\u00f6n yst\u00e4vien yhteystiedot:<\/h2>\n\t\t\t\t\t\t\t\t<\/div>\n\t\t\t\t<\/div>\n\t\t\t\t\t<\/div>\n\t\t<\/div>\n\t\t\t\t\t<\/div>\n\t\t<\/section>\n\t\t\t\t<section class=\"elementor-section elementor-top-section elementor-element elementor-element-dcad193 elementor-section-boxed elementor-section-height-default elementor-section-height-default\" data-id=\"dcad193\" data-element_type=\"section\">\n\t\t\t\t\t\t<div class=\"elementor-container elementor-column-gap-default\">\n\t\t\t\t\t<div class=\"elementor-column elementor-col-50 elementor-top-column elementor-element elementor-element-bc9d04c\" data-id=\"bc9d04c\" data-element_type=\"column\">\n\t\t\t<div class=\"elementor-widget-wrap elementor-element-populated\">\n\t\t\t\t\t\t<div class=\"elementor-element elementor-element-52c69ee elementor-widget elementor-widget-text-editor\" data-id=\"52c69ee\" data-element_type=\"widget\" data-widget_type=\"text-editor.default\">\n\t\t\t\t<div class=\"elementor-widget-container\">\n\t\t\t\t\t\t\t\t\t<p><strong>Puheenjohtaja<br \/><\/strong>Marita Holkeri (o.s. Erkkil\u00e4)<br \/>Punttikatu 2<br \/>20660 Littoinen<br \/>puhelin <a href=\"tel:0503426466\">0503426466<\/a><br \/><span style=\"background-color: var(--base-3); color: var(--contrast);\">s<\/span><span style=\"color: var(--contrast); background-color: var(--base-3);\">\u00e4hk\u00f6posti\u00a0<\/span><a style=\"background-color: var(--base-3);\" href=\"mailto: marita.holkeri@gmail.com\" target=\"_blank\" rel=\"noopener\">marita.holkeri(at)gmail.com<\/a><\/p>\t\t\t\t\t\t\t\t<\/div>\n\t\t\t\t<\/div>\n\t\t\t\t\t<\/div>\n\t\t<\/div>\n\t\t\t\t<div class=\"elementor-column elementor-col-50 elementor-top-column elementor-element elementor-element-95079ef\" data-id=\"95079ef\" data-element_type=\"column\">\n\t\t\t<div class=\"elementor-widget-wrap elementor-element-populated\">\n\t\t\t\t\t\t<div class=\"elementor-element elementor-element-879269c elementor-widget elementor-widget-text-editor\" data-id=\"879269c\" data-element_type=\"widget\" data-widget_type=\"text-editor.default\">\n\t\t\t\t<div class=\"elementor-widget-container\">\n\t\t\t\t\t\t\t\t\t<p>Helena Santala<br \/>Erist\u00e4j\u00e4nmutka 10 F<br \/>20320 Turku<br \/>puhelin\u00a0<a href=\"tel:0505417945\" target=\"_blank\" rel=\"noopener\">0505417945<\/a><br \/>s\u00e4hk\u00f6posti <a href=\"mailto:helena.santala45@gmail.com\">helena.santala45(at)gmail.com<\/a><\/p>\t\t\t\t\t\t\t\t<\/div>\n\t\t\t\t<\/div>\n\t\t\t\t\t<\/div>\n\t\t<\/div>\n\t\t\t\t\t<\/div>\n\t\t<\/section>\n\t\t\t\t<section class=\"elementor-section elementor-top-section elementor-element elementor-element-daf2a12 elementor-section-boxed elementor-section-height-default elementor-section-height-default\" data-id=\"daf2a12\" data-element_type=\"section\">\n\t\t\t\t\t\t<div class=\"elementor-container elementor-column-gap-default\">\n\t\t\t\t\t<div class=\"elementor-column elementor-col-50 elementor-top-column elementor-element elementor-element-ba9c025\" data-id=\"ba9c025\" data-element_type=\"column\">\n\t\t\t<div class=\"elementor-widget-wrap elementor-element-populated\">\n\t\t\t\t\t\t<div class=\"elementor-element elementor-element-9210245 elementor-widget elementor-widget-text-editor\" data-id=\"9210245\" data-element_type=\"widget\" data-widget_type=\"text-editor.default\">\n\t\t\t\t<div class=\"elementor-widget-container\">\n\t\t\t\t\t\t\t\t\t<p>Leena Leinonen<br \/>Hoviherrankatu 7 A 16<br \/>20780 Kaarina<br \/>puhelin <a href=\"tel:0400921813\">0400921813<\/a><br \/>s\u00e4hk\u00f6posti: <a href=\"mailto:leinonenleena112@gmail.com\">leinonenleena112(at)gmail.com<\/a><\/p>\t\t\t\t\t\t\t\t<\/div>\n\t\t\t\t<\/div>\n\t\t\t\t\t<\/div>\n\t\t<\/div>\n\t\t\t\t<div class=\"elementor-column elementor-col-50 elementor-top-column elementor-element elementor-element-d955621\" data-id=\"d955621\" data-element_type=\"column\">\n\t\t\t<div class=\"elementor-widget-wrap elementor-element-populated\">\n\t\t\t\t\t\t<div class=\"elementor-element elementor-element-ceec302 elementor-widget elementor-widget-text-editor\" data-id=\"ceec302\" data-element_type=\"widget\" data-widget_type=\"text-editor.default\">\n\t\t\t\t<div class=\"elementor-widget-container\">\n\t\t\t\t\t\t\t\t\t<p>Paula Auerkari<br \/>Auerlantie 1<br \/>01750 Vantaa<br \/>puhelin <a href=\"tel:040 4117847\">040 4117847<\/a><br \/>s\u00e4hk\u00f6posti:\u00a0<a href=\"mailto:auerkari@kolumbus.fi\">auerkari(at)kolumbus.fi<\/a><\/p>\t\t\t\t\t\t\t\t<\/div>\n\t\t\t\t<\/div>\n\t\t\t\t\t<\/div>\n\t\t<\/div>\n\t\t\t\t\t<\/div>\n\t\t<\/section>\n\t\t\t\t<section class=\"elementor-section elementor-top-section elementor-element elementor-element-eeb11e7 elementor-section-boxed elementor-section-height-default elementor-section-height-default\" data-id=\"eeb11e7\" data-element_type=\"section\">\n\t\t\t\t\t\t<div class=\"elementor-container elementor-column-gap-default\">\n\t\t\t\t\t<div class=\"elementor-column elementor-col-50 elementor-top-column elementor-element elementor-element-087cfa5\" data-id=\"087cfa5\" data-element_type=\"column\">\n\t\t\t<div class=\"elementor-widget-wrap elementor-element-populated\">\n\t\t\t\t\t\t<div class=\"elementor-element elementor-element-d75b434 elementor-widget elementor-widget-text-editor\" data-id=\"d75b434\" data-element_type=\"widget\" data-widget_type=\"text-editor.default\">\n\t\t\t\t<div class=\"elementor-widget-container\">\n\t\t\t\t\t\t\t\t\t<p>Tuula Nordlund<br \/>J\u00e4\u00e4k\u00e4rinkatu 8 B 36<br \/>00150 Helsinki<br \/>puhelin\u00a0<a href=\"tel:0505572952\">0505572952<\/a><br \/>s\u00e4hk\u00f6posti:\u00a0<a style=\"background-color: var(--base-3);\" href=\"mailto:tuulaailimaritta@gmail.com\" target=\"_blank\" rel=\"noopener\">tuulaailimaritta(at)gmail.com<\/a><\/p>\t\t\t\t\t\t\t\t<\/div>\n\t\t\t\t<\/div>\n\t\t\t\t\t<\/div>\n\t\t<\/div>\n\t\t\t\t<div class=\"elementor-column elementor-col-50 elementor-top-column elementor-element elementor-element-8267dfd\" data-id=\"8267dfd\" data-element_type=\"column\">\n\t\t\t<div class=\"elementor-widget-wrap elementor-element-populated\">\n\t\t\t\t\t\t<div class=\"elementor-element elementor-element-11d7d7e elementor-widget elementor-widget-text-editor\" data-id=\"11d7d7e\" data-element_type=\"widget\" data-widget_type=\"text-editor.default\">\n\t\t\t\t<div class=\"elementor-widget-container\">\n\t\t\t\t\t\t\t\t\t<p>Erkki Hammar <br \/>Nortamonkatu 16 as 25<br \/>26100 Rauma<br \/>puhelin:\u00a0<a href=\"tel:0400590260\">0400590260<\/a><br \/>s\u00e4hk\u00f6posti:\u00a0<a href=\"mailto:erkki@hammar.fi\">erkki(at)hammar.fi<\/a><\/p>\t\t\t\t\t\t\t\t<\/div>\n\t\t\t\t<\/div>\n\t\t\t\t\t<\/div>\n\t\t<\/div>\n\t\t\t\t\t<\/div>\n\t\t<\/section>\n\t\t\t\t<section class=\"elementor-section elementor-top-section elementor-element elementor-element-e51eff8 elementor-section-boxed elementor-section-height-default elementor-section-height-default\" data-id=\"e51eff8\" data-element_type=\"section\">\n\t\t\t\t\t\t<div class=\"elementor-container elementor-column-gap-default\">\n\t\t\t\t\t<div class=\"elementor-column elementor-col-50 elementor-top-column elementor-element elementor-element-46542b6\" data-id=\"46542b6\" data-element_type=\"column\">\n\t\t\t<div class=\"elementor-widget-wrap elementor-element-populated\">\n\t\t\t\t\t\t<div class=\"elementor-element elementor-element-71a6ea1 elementor-widget elementor-widget-text-editor\" data-id=\"71a6ea1\" data-element_type=\"widget\" data-widget_type=\"text-editor.default\">\n\t\t\t\t<div class=\"elementor-widget-container\">\n\t\t\t\t\t\t\t\t\t<p>Raija Nikki<br \/>Melavahe 2<br \/>26100 Rauma<br \/>puhelin\u00a0<a href=\"tel:044 9706693\" target=\"_blank\" rel=\"noopener\">044 9706693<\/a><br \/>s\u00e4hk\u00f6posti:<a style=\"background-color: var(--base-3);\" href=\"mailto: raija.nikki(at)gmail.com\" target=\"_blank\" rel=\"noopener\">\u00a0<\/a><a href=\"mailto:raija.nikki@gmail.com\">raija.nikki(at)gmail.com<\/a><\/p>\t\t\t\t\t\t\t\t<\/div>\n\t\t\t\t<\/div>\n\t\t\t\t\t<\/div>\n\t\t<\/div>\n\t\t\t\t<div class=\"elementor-column elementor-col-50 elementor-top-column elementor-element elementor-element-cd0b6dd\" data-id=\"cd0b6dd\" data-element_type=\"column\">\n\t\t\t<div class=\"elementor-widget-wrap elementor-element-populated\">\n\t\t\t\t\t\t<div class=\"elementor-element elementor-element-546d706 elementor-widget elementor-widget-text-editor\" data-id=\"546d706\" data-element_type=\"widget\" data-widget_type=\"text-editor.default\">\n\t\t\t\t<div class=\"elementor-widget-container\">\n\t\t\t\t\t\t\t\t\t<p>Martti Erkkil\u00e4<br \/>Ali-huikkaantie 43<br \/>33560 Tampere<br \/>puhelin\u00a0<a href=\"tel:0400425236\">0400425236<\/a><br \/>s\u00e4hk\u00f6posti:\u00a0<a href=\"mailto:martti.erkkila@pp.inet.fi\">martti.erkkila(at)pp.inet.fi<\/a><\/p>\t\t\t\t\t\t\t\t<\/div>\n\t\t\t\t<\/div>\n\t\t\t\t\t<\/div>\n\t\t<\/div>\n\t\t\t\t\t<\/div>\n\t\t<\/section>\n\t\t\t\t<section class=\"elementor-section elementor-top-section elementor-element elementor-element-f3b8165 elementor-section-boxed elementor-section-height-default elementor-section-height-default\" data-id=\"f3b8165\" data-element_type=\"section\">\n\t\t\t\t\t\t<div class=\"elementor-container elementor-column-gap-default\">\n\t\t\t\t\t<div class=\"elementor-column elementor-col-50 elementor-top-column elementor-element elementor-element-eaeac64\" data-id=\"eaeac64\" data-element_type=\"column\">\n\t\t\t<div class=\"elementor-widget-wrap elementor-element-populated\">\n\t\t\t\t\t\t<div class=\"elementor-element elementor-element-2ba3dae elementor-widget elementor-widget-text-editor\" data-id=\"2ba3dae\" data-element_type=\"widget\" data-widget_type=\"text-editor.default\">\n\t\t\t\t<div class=\"elementor-widget-container\">\n\t\t\t\t\t\t\t\t\t<p>Pirkko Partanen (o.s. H\u00f6gman)<br \/>Kraatarinkatu 3 A 3<br \/>33270 Tampere<br \/>puhelin <a href=\"tel:0458565633\">0458565633<\/a><br \/>s\u00e4hk\u00f6posti:<a style=\"background-color: var(--base-3);\" href=\"mailto: pirkkopartanen13@gmail.com\" target=\"_blank\" rel=\"noopener\"> pirkkopartanen13(at)gmail.com<\/a><\/p>\t\t\t\t\t\t\t\t<\/div>\n\t\t\t\t<\/div>\n\t\t\t\t\t<\/div>\n\t\t<\/div>\n\t\t\t\t<div class=\"elementor-column elementor-col-50 elementor-top-column elementor-element elementor-element-fcb837b\" data-id=\"fcb837b\" data-element_type=\"column\">\n\t\t\t<div class=\"elementor-widget-wrap elementor-element-populated\">\n\t\t\t\t\t\t<div class=\"elementor-element elementor-element-85632e7 elementor-widget elementor-widget-text-editor\" data-id=\"85632e7\" data-element_type=\"widget\" data-widget_type=\"text-editor.default\">\n\t\t\t\t<div class=\"elementor-widget-container\">\n\t\t\t\t\t\t\t\t\t<p>Pirkko Peltola<br \/>Pekanpolku 1<br \/>27510 Eura<br \/>puhelin: <a href=\"tel:0400437803\">0400437803<\/a><br \/>s\u00e4hk\u00f6posti:<a style=\"background-color: var(--base-3);\" href=\"mailto:pirkkokpeltola@gmail.com\" target=\"_blank\" rel=\"noopener\">pirkkokpeltola(at)gmail.com<\/a><\/p>\t\t\t\t\t\t\t\t<\/div>\n\t\t\t\t<\/div>\n\t\t\t\t\t<\/div>\n\t\t<\/div>\n\t\t\t\t\t<\/div>\n\t\t<\/section>\n\t\t\t\t<section class=\"elementor-section elementor-top-section elementor-element elementor-element-a0f5a5e elementor-section-boxed elementor-section-height-default elementor-section-height-default\" data-id=\"a0f5a5e\" data-element_type=\"section\">\n\t\t\t\t\t\t<div class=\"elementor-container elementor-column-gap-default\">\n\t\t\t\t\t<div class=\"elementor-column elementor-col-50 elementor-top-column elementor-element elementor-element-1f95db2\" data-id=\"1f95db2\" data-element_type=\"column\">\n\t\t\t<div class=\"elementor-widget-wrap elementor-element-populated\">\n\t\t\t\t\t\t<div class=\"elementor-element elementor-element-9805aa1 elementor-widget elementor-widget-text-editor\" data-id=\"9805aa1\" data-element_type=\"widget\" data-widget_type=\"text-editor.default\">\n\t\t\t\t<div class=\"elementor-widget-container\">\n\t\t\t\t\t\t\t\t\t<p>Kaisa Hakala<br \/>Sammontie 1 as. 6<br \/>28360 Pori<br \/>puhelin:<a href=\"tel:0400429237\">\u00a00400429237<\/a><br \/>s\u00e4hk\u00f6posti:\u00a0<a style=\"background-color: var(--base-3);\" href=\"mailto:kaisah1953@gmail.com\" target=\"_blank\" rel=\"noopener\">kaisah1953(at)gmail.com<\/a><\/p>\t\t\t\t\t\t\t\t<\/div>\n\t\t\t\t<\/div>\n\t\t\t\t\t<\/div>\n\t\t<\/div>\n\t\t\t\t<div class=\"elementor-column elementor-col-50 elementor-top-column elementor-element elementor-element-79a03a8\" data-id=\"79a03a8\" data-element_type=\"column\">\n\t\t\t<div class=\"elementor-widget-wrap\">\n\t\t\t\t\t\t\t<\/div>\n\t\t<\/div>\n\t\t\t\t\t<\/div>\n\t\t<\/section>\n\t\t\t\t<section class=\"elementor-section elementor-top-section elementor-element elementor-element-636199f elementor-section-boxed elementor-section-height-default elementor-section-height-default\" data-id=\"636199f\" data-element_type=\"section\">\n\t\t\t\t\t\t<div class=\"elementor-container elementor-column-gap-default\">\n\t\t\t\t\t<div class=\"elementor-column elementor-col-100 elementor-top-column elementor-element elementor-element-80811ad\" data-id=\"80811ad\" data-element_type=\"column\">\n\t\t\t<div class=\"elementor-widget-wrap\">\n\t\t\t\t\t\t\t<\/div>\n\t\t<\/div>\n\t\t\t\t\t<\/div>\n\t\t<\/section>\n\t\t\t\t<\/div>\n\t\t","protected":false},"excerpt":{"rendered":"<p>K\u00f6yli\u00f6n yst\u00e4vien yhteystiedot: PuheenjohtajaMarita Holkeri (o.s. Erkkil\u00e4)Punttikatu 220660 Littoinenpuhelin 0503426466s\u00e4hk\u00f6posti\u00a0marita.holkeri(at)gmail.com Helena SantalaErist\u00e4j\u00e4nmutka 10 F20320 Turkupuhelin\u00a00505417945s\u00e4hk\u00f6posti helena.santala45(at)gmail.com Leena LeinonenHoviherrankatu 7 A 1620780 Kaarinapuhelin 0400921813s\u00e4hk\u00f6posti: leinonenleena112(at)gmail.com Paula AuerkariAuerlantie 101750 Vantaapuhelin 040 4117847s\u00e4hk\u00f6posti:\u00a0auerkari(at)kolumbus.fi Tuula NordlundJ\u00e4\u00e4k\u00e4rinkatu 8 B 3600150 Helsinkipuhelin\u00a00505572952s\u00e4hk\u00f6posti:\u00a0tuulaailimaritta(at)gmail.com Erkki Hammar Nortamonkatu 16 &#8230; <a title=\"K\u00f6yli\u00f6n yst\u00e4v\u00e4t\" class=\"read-more\" href=\"https:\/\/koylio-seura.fi\/?page_id=98\" aria-label=\"Lue lis\u00e4\u00e4 aiheesta K\u00f6yli\u00f6n yst\u00e4v\u00e4t\">Lue lis\u00e4\u00e4<\/a><\/p>\n","protected":false},"author":1,"featured_media":0,"parent":89,"menu_order":0,"comment_status":"closed","ping_status":"closed","template":"","meta":{"footnotes":""},"class_list":{"0":"post-98","1":"page","2":"type-page","3":"status-publish","5":"infinite-scroll-item"},"yoast_head":"<!-- This site is optimized with the Yoast SEO plugin v26.6 - https:\/\/yoast.com\/wordpress\/plugins\/seo\/ -->\n<title>K\u00f6yli\u00f6n yst\u00e4v\u00e4t - K\u00f6yli\u00f6-seura<\/title>\n<meta name=\"robots\" content=\"index, follow, max-snippet:-1, max-image-preview:large, max-video-preview:-1\" \/>\n<link rel=\"canonical\" href=\"https:\/\/koylio-seura.fi\/?page_id=98\" \/>\n<meta property=\"og:locale\" content=\"fi_FI\" \/>\n<meta property=\"og:type\" content=\"article\" \/>\n<meta property=\"og:title\" content=\"K\u00f6yli\u00f6n yst\u00e4v\u00e4t - K\u00f6yli\u00f6-seura\" \/>\n<meta property=\"og:description\" content=\"K\u00f6yli\u00f6n yst\u00e4vien yhteystiedot: PuheenjohtajaMarita Holkeri (o.s. Erkkil\u00e4)Punttikatu 220660 Littoinenpuhelin 0503426466s\u00e4hk\u00f6posti\u00a0marita.holkeri(at)gmail.com Helena SantalaErist\u00e4j\u00e4nmutka 10 F20320 Turkupuhelin\u00a00505417945s\u00e4hk\u00f6posti helena.santala45(at)gmail.com Leena LeinonenHoviherrankatu 7 A 1620780 Kaarinapuhelin 0400921813s\u00e4hk\u00f6posti: leinonenleena112(at)gmail.com Paula AuerkariAuerlantie 101750 Vantaapuhelin 040 4117847s\u00e4hk\u00f6posti:\u00a0auerkari(at)kolumbus.fi Tuula NordlundJ\u00e4\u00e4k\u00e4rinkatu 8 B 3600150 Helsinkipuhelin\u00a00505572952s\u00e4hk\u00f6posti:\u00a0tuulaailimaritta(at)gmail.com Erkki Hammar Nortamonkatu 16 ... Lue lis\u00e4\u00e4\" \/>\n<meta property=\"og:url\" content=\"https:\/\/koylio-seura.fi\/?page_id=98\" \/>\n<meta property=\"og:site_name\" content=\"K\u00f6yli\u00f6-seura\" \/>\n<meta property=\"article:modified_time\" content=\"2025-10-09T07:12:50+00:00\" \/>\n<meta name=\"twitter:card\" content=\"summary_large_image\" \/>\n<meta name=\"twitter:label1\" content=\"Arvioitu lukuaika\" \/>\n\t<meta name=\"twitter:data1\" content=\"1 minuutti\" \/>\n<script type=\"application\/ld+json\" class=\"yoast-schema-graph\">{\"@context\":\"https:\/\/schema.org\",\"@graph\":[{\"@type\":\"WebPage\",\"@id\":\"https:\/\/koylio-seura.fi\/?page_id=98\",\"url\":\"https:\/\/koylio-seura.fi\/?page_id=98\",\"name\":\"K\u00f6yli\u00f6n yst\u00e4v\u00e4t - K\u00f6yli\u00f6-seura\",\"isPartOf\":{\"@id\":\"https:\/\/koylio-seura.fi\/#website\"},\"datePublished\":\"2023-07-17T11:46:48+00:00\",\"dateModified\":\"2025-10-09T07:12:50+00:00\",\"breadcrumb\":{\"@id\":\"https:\/\/koylio-seura.fi\/?page_id=98#breadcrumb\"},\"inLanguage\":\"fi\",\"potentialAction\":[{\"@type\":\"ReadAction\",\"target\":[\"https:\/\/koylio-seura.fi\/?page_id=98\"]}]},{\"@type\":\"BreadcrumbList\",\"@id\":\"https:\/\/koylio-seura.fi\/?page_id=98#breadcrumb\",\"itemListElement\":[{\"@type\":\"ListItem\",\"position\":1,\"name\":\"Etusivu\",\"item\":\"https:\/\/koylio-seura.fi\/\"},{\"@type\":\"ListItem\",\"position\":2,\"name\":\"Yhteystiedot\",\"item\":\"https:\/\/koylio-seura.fi\/?page_id=89\"},{\"@type\":\"ListItem\",\"position\":3,\"name\":\"K\u00f6yli\u00f6n yst\u00e4v\u00e4t\"}]},{\"@type\":\"WebSite\",\"@id\":\"https:\/\/koylio-seura.fi\/#website\",\"url\":\"https:\/\/koylio-seura.fi\/\",\"name\":\"K\u00f6yli\u00f6-seura\",\"description\":\"\",\"publisher\":{\"@id\":\"https:\/\/koylio-seura.fi\/#organization\"},\"potentialAction\":[{\"@type\":\"SearchAction\",\"target\":{\"@type\":\"EntryPoint\",\"urlTemplate\":\"https:\/\/koylio-seura.fi\/?s={search_term_string}\"},\"query-input\":{\"@type\":\"PropertyValueSpecification\",\"valueRequired\":true,\"valueName\":\"search_term_string\"}}],\"inLanguage\":\"fi\"},{\"@type\":\"Organization\",\"@id\":\"https:\/\/koylio-seura.fi\/#organization\",\"name\":\"K\u00f6yli\u00f6-seura\",\"url\":\"https:\/\/koylio-seura.fi\/\",\"logo\":{\"@type\":\"ImageObject\",\"inLanguage\":\"fi\",\"@id\":\"https:\/\/koylio-seura.fi\/#\/schema\/logo\/image\/\",\"url\":\"https:\/\/koylio-seura.fi\/wp-content\/uploads\/2023\/07\/cropped-KS-logo-23.png\",\"contentUrl\":\"https:\/\/koylio-seura.fi\/wp-content\/uploads\/2023\/07\/cropped-KS-logo-23.png\",\"width\":530,\"height\":619,\"caption\":\"K\u00f6yli\u00f6-seura\"},\"image\":{\"@id\":\"https:\/\/koylio-seura.fi\/#\/schema\/logo\/image\/\"}}]}<\/script>\n<!-- \/ Yoast SEO plugin. -->","yoast_head_json":{"title":"K\u00f6yli\u00f6n yst\u00e4v\u00e4t - K\u00f6yli\u00f6-seura","robots":{"index":"index","follow":"follow","max-snippet":"max-snippet:-1","max-image-preview":"max-image-preview:large","max-video-preview":"max-video-preview:-1"},"canonical":"https:\/\/koylio-seura.fi\/?page_id=98","og_locale":"fi_FI","og_type":"article","og_title":"K\u00f6yli\u00f6n yst\u00e4v\u00e4t - K\u00f6yli\u00f6-seura","og_description":"K\u00f6yli\u00f6n yst\u00e4vien yhteystiedot: PuheenjohtajaMarita Holkeri (o.s. Erkkil\u00e4)Punttikatu 220660 Littoinenpuhelin 0503426466s\u00e4hk\u00f6posti\u00a0marita.holkeri(at)gmail.com Helena SantalaErist\u00e4j\u00e4nmutka 10 F20320 Turkupuhelin\u00a00505417945s\u00e4hk\u00f6posti helena.santala45(at)gmail.com Leena LeinonenHoviherrankatu 7 A 1620780 Kaarinapuhelin 0400921813s\u00e4hk\u00f6posti: leinonenleena112(at)gmail.com Paula AuerkariAuerlantie 101750 Vantaapuhelin 040 4117847s\u00e4hk\u00f6posti:\u00a0auerkari(at)kolumbus.fi Tuula NordlundJ\u00e4\u00e4k\u00e4rinkatu 8 B 3600150 Helsinkipuhelin\u00a00505572952s\u00e4hk\u00f6posti:\u00a0tuulaailimaritta(at)gmail.com Erkki Hammar Nortamonkatu 16 ... Lue lis\u00e4\u00e4","og_url":"https:\/\/koylio-seura.fi\/?page_id=98","og_site_name":"K\u00f6yli\u00f6-seura","article_modified_time":"2025-10-09T07:12:50+00:00","twitter_card":"summary_large_image","twitter_misc":{"Arvioitu lukuaika":"1 minuutti"},"schema":{"@context":"https:\/\/schema.org","@graph":[{"@type":"WebPage","@id":"https:\/\/koylio-seura.fi\/?page_id=98","url":"https:\/\/koylio-seura.fi\/?page_id=98","name":"K\u00f6yli\u00f6n yst\u00e4v\u00e4t - K\u00f6yli\u00f6-seura","isPartOf":{"@id":"https:\/\/koylio-seura.fi\/#website"},"datePublished":"2023-07-17T11:46:48+00:00","dateModified":"2025-10-09T07:12:50+00:00","breadcrumb":{"@id":"https:\/\/koylio-seura.fi\/?page_id=98#breadcrumb"},"inLanguage":"fi","potentialAction":[{"@type":"ReadAction","target":["https:\/\/koylio-seura.fi\/?page_id=98"]}]},{"@type":"BreadcrumbList","@id":"https:\/\/koylio-seura.fi\/?page_id=98#breadcrumb","itemListElement":[{"@type":"ListItem","position":1,"name":"Etusivu","item":"https:\/\/koylio-seura.fi\/"},{"@type":"ListItem","position":2,"name":"Yhteystiedot","item":"https:\/\/koylio-seura.fi\/?page_id=89"},{"@type":"ListItem","position":3,"name":"K\u00f6yli\u00f6n yst\u00e4v\u00e4t"}]},{"@type":"WebSite","@id":"https:\/\/koylio-seura.fi\/#website","url":"https:\/\/koylio-seura.fi\/","name":"K\u00f6yli\u00f6-seura","description":"","publisher":{"@id":"https:\/\/koylio-seura.fi\/#organization"},"potentialAction":[{"@type":"SearchAction","target":{"@type":"EntryPoint","urlTemplate":"https:\/\/koylio-seura.fi\/?s={search_term_string}"},"query-input":{"@type":"PropertyValueSpecification","valueRequired":true,"valueName":"search_term_string"}}],"inLanguage":"fi"},{"@type":"Organization","@id":"https:\/\/koylio-seura.fi\/#organization","name":"K\u00f6yli\u00f6-seura","url":"https:\/\/koylio-seura.fi\/","logo":{"@type":"ImageObject","inLanguage":"fi","@id":"https:\/\/koylio-seura.fi\/#\/schema\/logo\/image\/","url":"https:\/\/koylio-seura.fi\/wp-content\/uploads\/2023\/07\/cropped-KS-logo-23.png","contentUrl":"https:\/\/koylio-seura.fi\/wp-content\/uploads\/2023\/07\/cropped-KS-logo-23.png","width":530,"height":619,"caption":"K\u00f6yli\u00f6-seura"},"image":{"@id":"https:\/\/koylio-seura.fi\/#\/schema\/logo\/image\/"}}]}},"_links":{"self":[{"href":"https:\/\/koylio-seura.fi\/index.php?rest_route=\/wp\/v2\/pages\/98","targetHints":{"allow":["GET"]}}],"collection":[{"href":"https:\/\/koylio-seura.fi\/index.php?rest_route=\/wp\/v2\/pages"}],"about":[{"href":"https:\/\/koylio-seura.fi\/index.php?rest_route=\/wp\/v2\/types\/page"}],"author":[{"embeddable":true,"href":"https:\/\/koylio-seura.fi\/index.php?rest_route=\/wp\/v2\/users\/1"}],"replies":[{"embeddable":true,"href":"https:\/\/koylio-seura.fi\/index.php?rest_route=%2Fwp%2Fv2%2Fcomments&post=98"}],"version-history":[{"count":405,"href":"https:\/\/koylio-seura.fi\/index.php?rest_route=\/wp\/v2\/pages\/98\/revisions"}],"predecessor-version":[{"id":15964,"href":"https:\/\/koylio-seura.fi\/index.php?rest_route=\/wp\/v2\/pages\/98\/revisions\/15964"}],"up":[{"embeddable":true,"href":"https:\/\/koylio-seura.fi\/index.php?rest_route=\/wp\/v2\/pages\/89"}],"wp:attachment":[{"href":"https:\/\/koylio-seura.fi\/index.php?rest_route=%2Fwp%2Fv2%2Fmedia&parent=98"}],"curies":[{"name":"wp","href":"https:\/\/api.w.org\/{rel}","templated":true}]}}