{"id":95,"date":"2023-07-17T11:45:14","date_gmt":"2023-07-17T11:45:14","guid":{"rendered":"https:\/\/koylio-seura.eitcon.com\/?page_id=95"},"modified":"2026-02-23T08:59:47","modified_gmt":"2026-02-23T08:59:47","slug":"julkaisujaosto","status":"publish","type":"page","link":"https:\/\/koylio-seura.fi\/?page_id=95","title":{"rendered":"Julkaisujaosto"},"content":{"rendered":"\t\t<div data-elementor-type=\"wp-page\" data-elementor-id=\"95\" class=\"elementor elementor-95\" data-elementor-post-type=\"page\">\n\t\t\t\t\t\t<section class=\"elementor-section elementor-top-section elementor-element elementor-element-1006285f elementor-section-boxed elementor-section-height-default elementor-section-height-default\" data-id=\"1006285f\" data-element_type=\"section\">\n\t\t\t\t\t\t<div class=\"elementor-container elementor-column-gap-default\">\n\t\t\t\t\t<div class=\"elementor-column elementor-col-100 elementor-top-column elementor-element elementor-element-135b0e18\" data-id=\"135b0e18\" data-element_type=\"column\">\n\t\t\t<div class=\"elementor-widget-wrap elementor-element-populated\">\n\t\t\t\t\t\t<div class=\"elementor-element elementor-element-6c8f3d67 elementor-widget elementor-widget-text-editor\" data-id=\"6c8f3d67\" data-element_type=\"widget\" data-widget_type=\"text-editor.default\">\n\t\t\t\t<div class=\"elementor-widget-container\">\n\t\t\t\t\t\t\t\t\t\n<h2 class=\"wp-block-heading\">K\u00f6yli\u00f6-seuran julkaisujaoston yhteystiedot:<\/h2>\n\t\t\t\t\t\t\t\t<\/div>\n\t\t\t\t<\/div>\n\t\t\t\t\t<\/div>\n\t\t<\/div>\n\t\t\t\t\t<\/div>\n\t\t<\/section>\n\t\t\t\t<section class=\"elementor-section elementor-top-section elementor-element elementor-element-f79a17e elementor-section-boxed elementor-section-height-default elementor-section-height-default\" data-id=\"f79a17e\" data-element_type=\"section\">\n\t\t\t\t\t\t<div class=\"elementor-container elementor-column-gap-default\">\n\t\t\t\t\t<div class=\"elementor-column elementor-col-50 elementor-top-column elementor-element elementor-element-110419a\" data-id=\"110419a\" data-element_type=\"column\">\n\t\t\t<div class=\"elementor-widget-wrap elementor-element-populated\">\n\t\t\t\t\t\t<div class=\"elementor-element elementor-element-460dfa3 elementor-widget elementor-widget-text-editor\" data-id=\"460dfa3\" data-element_type=\"widget\" data-widget_type=\"text-editor.default\">\n\t\t\t\t<div class=\"elementor-widget-container\">\n\t\t\t\t\t\t\t\t\t<p>Samuli Vahteristo, pj<br \/>Riihitie 5<br \/>27840 K\u00f6yli\u00f6<br \/>puh. <a href=\"tel:0505611455\">050 5611455<\/a><br \/>s\u00e4hk\u00f6posti: <a href=\"mailto:vahteristos@gmail.com\">vahteristos(at)gmail.com<\/a><\/p>\t\t\t\t\t\t\t\t<\/div>\n\t\t\t\t<\/div>\n\t\t\t\t\t<\/div>\n\t\t<\/div>\n\t\t\t\t<div class=\"elementor-column elementor-col-50 elementor-top-column elementor-element elementor-element-936378a\" data-id=\"936378a\" data-element_type=\"column\">\n\t\t\t<div class=\"elementor-widget-wrap elementor-element-populated\">\n\t\t\t\t\t\t\t<\/div>\n\t\t<\/div>\n\t\t\t\t\t<\/div>\n\t\t<\/section>\n\t\t\t\t<section class=\"elementor-section elementor-top-section elementor-element elementor-element-5db672a elementor-section-boxed elementor-section-height-default elementor-section-height-default\" data-id=\"5db672a\" data-element_type=\"section\">\n\t\t\t\t\t\t<div class=\"elementor-container elementor-column-gap-default\">\n\t\t\t\t\t<div class=\"elementor-column elementor-col-50 elementor-top-column elementor-element elementor-element-c3342f2\" data-id=\"c3342f2\" data-element_type=\"column\">\n\t\t\t<div class=\"elementor-widget-wrap elementor-element-populated\">\n\t\t\t\t\t\t<div class=\"elementor-element elementor-element-e90ef17 elementor-widget elementor-widget-text-editor\" data-id=\"e90ef17\" data-element_type=\"widget\" data-widget_type=\"text-editor.default\">\n\t\t\t\t<div class=\"elementor-widget-container\">\n\t\t\t\t\t\t\t\t\t<p>Pentti M Laine\u00a0 <br \/>Ilmiintie 15<br \/>27730 Tuiskula<br \/><a href=\"tel:050 5254737\">puh. 050 5254737<\/a><br \/>s\u00e4hk\u00f6posti:\u00a0 <a href=\"mailto:pentti.laine1@gmail.com\">pentti.laine1(at)gmail.com<\/a><\/p>\t\t\t\t\t\t\t\t<\/div>\n\t\t\t\t<\/div>\n\t\t\t\t\t<\/div>\n\t\t<\/div>\n\t\t\t\t<div class=\"elementor-column elementor-col-50 elementor-top-column elementor-element elementor-element-9dbd1ea\" data-id=\"9dbd1ea\" data-element_type=\"column\">\n\t\t\t<div class=\"elementor-widget-wrap elementor-element-populated\">\n\t\t\t\t\t\t<div class=\"elementor-element elementor-element-4b579e7 elementor-widget elementor-widget-text-editor\" data-id=\"4b579e7\" data-element_type=\"widget\" data-widget_type=\"text-editor.default\">\n\t\t\t\t<div class=\"elementor-widget-container\">\n\t\t\t\t\t\t\t\t\t<p>Martti Erkkil\u00e4 <br \/>Ala-Huikkaantie 43<br \/>33560 Tampere<br \/>puh. <a href=\"tel:050 351 2530\">040 0425236<\/a><br \/>s\u00e4hk\u00f6posti: <a href=\"mailto:martti.erkkila@pp.inet.fi\">martti.erkkila(at)pp.inet.fi<\/a><\/p>\t\t\t\t\t\t\t\t<\/div>\n\t\t\t\t<\/div>\n\t\t\t\t\t<\/div>\n\t\t<\/div>\n\t\t\t\t\t<\/div>\n\t\t<\/section>\n\t\t\t\t<section class=\"elementor-section elementor-top-section elementor-element elementor-element-fbd4e12 elementor-section-boxed elementor-section-height-default elementor-section-height-default\" data-id=\"fbd4e12\" data-element_type=\"section\">\n\t\t\t\t\t\t<div class=\"elementor-container elementor-column-gap-default\">\n\t\t\t\t\t<div class=\"elementor-column elementor-col-50 elementor-top-column elementor-element elementor-element-6aecd09\" data-id=\"6aecd09\" data-element_type=\"column\">\n\t\t\t<div class=\"elementor-widget-wrap elementor-element-populated\">\n\t\t\t\t\t\t<div class=\"elementor-element elementor-element-1690081 elementor-widget elementor-widget-text-editor\" data-id=\"1690081\" data-element_type=\"widget\" data-widget_type=\"text-editor.default\">\n\t\t\t\t<div class=\"elementor-widget-container\">\n\t\t\t\t\t\t\t\t\t<p>Simo Nummi<br \/>Salattimentie 266<br \/>27710 K\u00f6yli\u00f6<br \/>puh. <a href=\"tel:040 5325815\">040 5325815<\/a><br \/>s\u00e4hk\u00f6posti:<a href=\"mailto:mainosnummi(@)icloud.com\"> mainosnummi(at)icloud.com<\/a><\/p>\t\t\t\t\t\t\t\t<\/div>\n\t\t\t\t<\/div>\n\t\t\t\t\t<\/div>\n\t\t<\/div>\n\t\t\t\t<div class=\"elementor-column elementor-col-50 elementor-top-column elementor-element elementor-element-33b4a15\" data-id=\"33b4a15\" data-element_type=\"column\">\n\t\t\t<div class=\"elementor-widget-wrap elementor-element-populated\">\n\t\t\t\t\t\t<div class=\"elementor-element elementor-element-4d8cd30 elementor-widget elementor-widget-text-editor\" data-id=\"4d8cd30\" data-element_type=\"widget\" data-widget_type=\"text-editor.default\">\n\t\t\t\t<div class=\"elementor-widget-container\">\n\t\t\t\t\t\t\t\t\t<p>Saana Kauko<br \/>Kuninkaanl\u00e4hteentie 423 C<br \/>27840 K\u00f6yli\u00f6<br \/>puh. <a href=\"tel:040 5597244\">040 5597244<\/a><br \/>s\u00e4hk\u00f6posti: <a href=\"mailto:saana.kauko@gmail.com\">saana kauko(at)gmail.com<\/a><\/p>\t\t\t\t\t\t\t\t<\/div>\n\t\t\t\t<\/div>\n\t\t\t\t\t<\/div>\n\t\t<\/div>\n\t\t\t\t\t<\/div>\n\t\t<\/section>\n\t\t\t\t<section class=\"elementor-section elementor-top-section elementor-element elementor-element-d0096de elementor-section-boxed elementor-section-height-default elementor-section-height-default\" data-id=\"d0096de\" data-element_type=\"section\">\n\t\t\t\t\t\t<div class=\"elementor-container elementor-column-gap-default\">\n\t\t\t\t\t<div class=\"elementor-column elementor-col-50 elementor-top-column elementor-element elementor-element-17b2b33\" data-id=\"17b2b33\" data-element_type=\"column\">\n\t\t\t<div class=\"elementor-widget-wrap elementor-element-populated\">\n\t\t\t\t\t\t\t<\/div>\n\t\t<\/div>\n\t\t\t\t<div class=\"elementor-column elementor-col-50 elementor-top-column elementor-element elementor-element-f6e0d68\" data-id=\"f6e0d68\" data-element_type=\"column\">\n\t\t\t<div class=\"elementor-widget-wrap elementor-element-populated\">\n\t\t\t\t\t\t<div class=\"elementor-element elementor-element-8c3ce46 elementor-widget elementor-widget-text-editor\" data-id=\"8c3ce46\" data-element_type=\"widget\" data-widget_type=\"text-editor.default\">\n\t\t\t\t<div class=\"elementor-widget-container\">\n\t\t\t\t\t\t\t\t\t<p>Liisa Nyk\u00e4nen<br \/>Lahnatie 22<br \/>27500 Kauttua<br \/>puh. <a href=\"tel:050 569 0635\">050 569 0635<\/a><br \/>s\u00e4hk\u00f6posti: <a href=\"mailto:liisa.nykanen(@)kotikone.fi\">liisa.nykanen(at)kotikone.fi<\/a><\/p>\t\t\t\t\t\t\t\t<\/div>\n\t\t\t\t<\/div>\n\t\t\t\t\t<\/div>\n\t\t<\/div>\n\t\t\t\t\t<\/div>\n\t\t<\/section>\n\t\t\t\t<section class=\"elementor-section elementor-top-section elementor-element elementor-element-0ab6656 elementor-section-boxed elementor-section-height-default elementor-section-height-default\" data-id=\"0ab6656\" data-element_type=\"section\">\n\t\t\t\t\t\t<div class=\"elementor-container elementor-column-gap-default\">\n\t\t\t\t\t<div class=\"elementor-column elementor-col-50 elementor-top-column elementor-element elementor-element-5b4a74d\" data-id=\"5b4a74d\" data-element_type=\"column\">\n\t\t\t<div class=\"elementor-widget-wrap elementor-element-populated\">\n\t\t\t\t\t\t<div class=\"elementor-element elementor-element-0e28d09 elementor-widget elementor-widget-text-editor\" data-id=\"0e28d09\" data-element_type=\"widget\" data-widget_type=\"text-editor.default\">\n\t\t\t\t<div class=\"elementor-widget-container\">\n\t\t\t\t\t\t\t\t\t<p>Ari St\u00e5hlman<br>Osoite<br>Postinumero ja -toimipaikka<br>Puh. <a href=\"tel:050 5668494\">050 5668494<\/a><br>S\u00e4hk\u00f6posti:<br><a href=\"mailto:ari.stahlman@hotmail.com\">ari.stahlman(at)hotmail.fi<\/a><\/p>\t\t\t\t\t\t\t\t<\/div>\n\t\t\t\t<\/div>\n\t\t\t\t\t<\/div>\n\t\t<\/div>\n\t\t\t\t<div class=\"elementor-column elementor-col-50 elementor-top-column elementor-element elementor-element-d3651ce\" data-id=\"d3651ce\" data-element_type=\"column\">\n\t\t\t<div class=\"elementor-widget-wrap\">\n\t\t\t\t\t\t\t<\/div>\n\t\t<\/div>\n\t\t\t\t\t<\/div>\n\t\t<\/section>\n\t\t\t\t<\/div>\n\t\t","protected":false},"excerpt":{"rendered":"<p>K\u00f6yli\u00f6-seuran julkaisujaoston yhteystiedot: Samuli Vahteristo, pjRiihitie 527840 K\u00f6yli\u00f6puh. 050 5611455s\u00e4hk\u00f6posti: vahteristos(at)gmail.com Pentti M Laine\u00a0 Ilmiintie 1527730 Tuiskulapuh. 050 5254737s\u00e4hk\u00f6posti:\u00a0 pentti.laine1(at)gmail.com Martti Erkkil\u00e4 Ala-Huikkaantie 4333560 Tamperepuh. 040 0425236s\u00e4hk\u00f6posti: martti.erkkila(at)pp.inet.fi Simo NummiSalattimentie 26627710 K\u00f6yli\u00f6puh. 040 5325815s\u00e4hk\u00f6posti: mainosnummi(at)icloud.com Saana KaukoKuninkaanl\u00e4hteentie 423 C27840 K\u00f6yli\u00f6puh. &#8230; <a title=\"Julkaisujaosto\" class=\"read-more\" href=\"https:\/\/koylio-seura.fi\/?page_id=95\" aria-label=\"Lue lis\u00e4\u00e4 aiheesta Julkaisujaosto\">Lue lis\u00e4\u00e4<\/a><\/p>\n","protected":false},"author":1,"featured_media":0,"parent":89,"menu_order":0,"comment_status":"closed","ping_status":"closed","template":"","meta":{"footnotes":""},"class_list":{"0":"post-95","1":"page","2":"type-page","3":"status-publish","5":"infinite-scroll-item"},"yoast_head":"<!-- This site is optimized with the Yoast SEO plugin v26.6 - https:\/\/yoast.com\/wordpress\/plugins\/seo\/ -->\n<title>Julkaisujaosto - K\u00f6yli\u00f6-seura<\/title>\n<meta name=\"robots\" content=\"index, follow, max-snippet:-1, max-image-preview:large, max-video-preview:-1\" \/>\n<link rel=\"canonical\" href=\"https:\/\/koylio-seura.fi\/?page_id=95\" \/>\n<meta property=\"og:locale\" content=\"fi_FI\" \/>\n<meta property=\"og:type\" content=\"article\" \/>\n<meta property=\"og:title\" content=\"Julkaisujaosto - K\u00f6yli\u00f6-seura\" \/>\n<meta property=\"og:description\" content=\"K\u00f6yli\u00f6-seuran julkaisujaoston yhteystiedot: Samuli Vahteristo, pjRiihitie 527840 K\u00f6yli\u00f6puh. 050 5611455s\u00e4hk\u00f6posti: vahteristos(at)gmail.com Pentti M Laine\u00a0 Ilmiintie 1527730 Tuiskulapuh. 050 5254737s\u00e4hk\u00f6posti:\u00a0 pentti.laine1(at)gmail.com Martti Erkkil\u00e4 Ala-Huikkaantie 4333560 Tamperepuh. 040 0425236s\u00e4hk\u00f6posti: martti.erkkila(at)pp.inet.fi Simo NummiSalattimentie 26627710 K\u00f6yli\u00f6puh. 040 5325815s\u00e4hk\u00f6posti: mainosnummi(at)icloud.com Saana KaukoKuninkaanl\u00e4hteentie 423 C27840 K\u00f6yli\u00f6puh. ... Lue lis\u00e4\u00e4\" \/>\n<meta property=\"og:url\" content=\"https:\/\/koylio-seura.fi\/?page_id=95\" \/>\n<meta property=\"og:site_name\" content=\"K\u00f6yli\u00f6-seura\" \/>\n<meta property=\"article:modified_time\" content=\"2026-02-23T08:59:47+00:00\" \/>\n<meta name=\"twitter:card\" content=\"summary_large_image\" \/>\n<meta name=\"twitter:label1\" content=\"Arvioitu lukuaika\" \/>\n\t<meta name=\"twitter:data1\" content=\"1 minuutti\" \/>\n<script type=\"application\/ld+json\" class=\"yoast-schema-graph\">{\"@context\":\"https:\/\/schema.org\",\"@graph\":[{\"@type\":\"WebPage\",\"@id\":\"https:\/\/koylio-seura.fi\/?page_id=95\",\"url\":\"https:\/\/koylio-seura.fi\/?page_id=95\",\"name\":\"Julkaisujaosto - K\u00f6yli\u00f6-seura\",\"isPartOf\":{\"@id\":\"https:\/\/koylio-seura.fi\/#website\"},\"datePublished\":\"2023-07-17T11:45:14+00:00\",\"dateModified\":\"2026-02-23T08:59:47+00:00\",\"breadcrumb\":{\"@id\":\"https:\/\/koylio-seura.fi\/?page_id=95#breadcrumb\"},\"inLanguage\":\"fi\",\"potentialAction\":[{\"@type\":\"ReadAction\",\"target\":[\"https:\/\/koylio-seura.fi\/?page_id=95\"]}]},{\"@type\":\"BreadcrumbList\",\"@id\":\"https:\/\/koylio-seura.fi\/?page_id=95#breadcrumb\",\"itemListElement\":[{\"@type\":\"ListItem\",\"position\":1,\"name\":\"Etusivu\",\"item\":\"https:\/\/koylio-seura.fi\/\"},{\"@type\":\"ListItem\",\"position\":2,\"name\":\"Yhteystiedot\",\"item\":\"https:\/\/koylio-seura.fi\/?page_id=89\"},{\"@type\":\"ListItem\",\"position\":3,\"name\":\"Julkaisujaosto\"}]},{\"@type\":\"WebSite\",\"@id\":\"https:\/\/koylio-seura.fi\/#website\",\"url\":\"https:\/\/koylio-seura.fi\/\",\"name\":\"K\u00f6yli\u00f6-seura\",\"description\":\"\",\"publisher\":{\"@id\":\"https:\/\/koylio-seura.fi\/#organization\"},\"potentialAction\":[{\"@type\":\"SearchAction\",\"target\":{\"@type\":\"EntryPoint\",\"urlTemplate\":\"https:\/\/koylio-seura.fi\/?s={search_term_string}\"},\"query-input\":{\"@type\":\"PropertyValueSpecification\",\"valueRequired\":true,\"valueName\":\"search_term_string\"}}],\"inLanguage\":\"fi\"},{\"@type\":\"Organization\",\"@id\":\"https:\/\/koylio-seura.fi\/#organization\",\"name\":\"K\u00f6yli\u00f6-seura\",\"url\":\"https:\/\/koylio-seura.fi\/\",\"logo\":{\"@type\":\"ImageObject\",\"inLanguage\":\"fi\",\"@id\":\"https:\/\/koylio-seura.fi\/#\/schema\/logo\/image\/\",\"url\":\"https:\/\/koylio-seura.fi\/wp-content\/uploads\/2023\/07\/cropped-KS-logo-23.png\",\"contentUrl\":\"https:\/\/koylio-seura.fi\/wp-content\/uploads\/2023\/07\/cropped-KS-logo-23.png\",\"width\":530,\"height\":619,\"caption\":\"K\u00f6yli\u00f6-seura\"},\"image\":{\"@id\":\"https:\/\/koylio-seura.fi\/#\/schema\/logo\/image\/\"}}]}<\/script>\n<!-- \/ Yoast SEO plugin. -->","yoast_head_json":{"title":"Julkaisujaosto - K\u00f6yli\u00f6-seura","robots":{"index":"index","follow":"follow","max-snippet":"max-snippet:-1","max-image-preview":"max-image-preview:large","max-video-preview":"max-video-preview:-1"},"canonical":"https:\/\/koylio-seura.fi\/?page_id=95","og_locale":"fi_FI","og_type":"article","og_title":"Julkaisujaosto - K\u00f6yli\u00f6-seura","og_description":"K\u00f6yli\u00f6-seuran julkaisujaoston yhteystiedot: Samuli Vahteristo, pjRiihitie 527840 K\u00f6yli\u00f6puh. 050 5611455s\u00e4hk\u00f6posti: vahteristos(at)gmail.com Pentti M Laine\u00a0 Ilmiintie 1527730 Tuiskulapuh. 050 5254737s\u00e4hk\u00f6posti:\u00a0 pentti.laine1(at)gmail.com Martti Erkkil\u00e4 Ala-Huikkaantie 4333560 Tamperepuh. 040 0425236s\u00e4hk\u00f6posti: martti.erkkila(at)pp.inet.fi Simo NummiSalattimentie 26627710 K\u00f6yli\u00f6puh. 040 5325815s\u00e4hk\u00f6posti: mainosnummi(at)icloud.com Saana KaukoKuninkaanl\u00e4hteentie 423 C27840 K\u00f6yli\u00f6puh. ... Lue lis\u00e4\u00e4","og_url":"https:\/\/koylio-seura.fi\/?page_id=95","og_site_name":"K\u00f6yli\u00f6-seura","article_modified_time":"2026-02-23T08:59:47+00:00","twitter_card":"summary_large_image","twitter_misc":{"Arvioitu lukuaika":"1 minuutti"},"schema":{"@context":"https:\/\/schema.org","@graph":[{"@type":"WebPage","@id":"https:\/\/koylio-seura.fi\/?page_id=95","url":"https:\/\/koylio-seura.fi\/?page_id=95","name":"Julkaisujaosto - K\u00f6yli\u00f6-seura","isPartOf":{"@id":"https:\/\/koylio-seura.fi\/#website"},"datePublished":"2023-07-17T11:45:14+00:00","dateModified":"2026-02-23T08:59:47+00:00","breadcrumb":{"@id":"https:\/\/koylio-seura.fi\/?page_id=95#breadcrumb"},"inLanguage":"fi","potentialAction":[{"@type":"ReadAction","target":["https:\/\/koylio-seura.fi\/?page_id=95"]}]},{"@type":"BreadcrumbList","@id":"https:\/\/koylio-seura.fi\/?page_id=95#breadcrumb","itemListElement":[{"@type":"ListItem","position":1,"name":"Etusivu","item":"https:\/\/koylio-seura.fi\/"},{"@type":"ListItem","position":2,"name":"Yhteystiedot","item":"https:\/\/koylio-seura.fi\/?page_id=89"},{"@type":"ListItem","position":3,"name":"Julkaisujaosto"}]},{"@type":"WebSite","@id":"https:\/\/koylio-seura.fi\/#website","url":"https:\/\/koylio-seura.fi\/","name":"K\u00f6yli\u00f6-seura","description":"","publisher":{"@id":"https:\/\/koylio-seura.fi\/#organization"},"potentialAction":[{"@type":"SearchAction","target":{"@type":"EntryPoint","urlTemplate":"https:\/\/koylio-seura.fi\/?s={search_term_string}"},"query-input":{"@type":"PropertyValueSpecification","valueRequired":true,"valueName":"search_term_string"}}],"inLanguage":"fi"},{"@type":"Organization","@id":"https:\/\/koylio-seura.fi\/#organization","name":"K\u00f6yli\u00f6-seura","url":"https:\/\/koylio-seura.fi\/","logo":{"@type":"ImageObject","inLanguage":"fi","@id":"https:\/\/koylio-seura.fi\/#\/schema\/logo\/image\/","url":"https:\/\/koylio-seura.fi\/wp-content\/uploads\/2023\/07\/cropped-KS-logo-23.png","contentUrl":"https:\/\/koylio-seura.fi\/wp-content\/uploads\/2023\/07\/cropped-KS-logo-23.png","width":530,"height":619,"caption":"K\u00f6yli\u00f6-seura"},"image":{"@id":"https:\/\/koylio-seura.fi\/#\/schema\/logo\/image\/"}}]}},"_links":{"self":[{"href":"https:\/\/koylio-seura.fi\/index.php?rest_route=\/wp\/v2\/pages\/95","targetHints":{"allow":["GET"]}}],"collection":[{"href":"https:\/\/koylio-seura.fi\/index.php?rest_route=\/wp\/v2\/pages"}],"about":[{"href":"https:\/\/koylio-seura.fi\/index.php?rest_route=\/wp\/v2\/types\/page"}],"author":[{"embeddable":true,"href":"https:\/\/koylio-seura.fi\/index.php?rest_route=\/wp\/v2\/users\/1"}],"replies":[{"embeddable":true,"href":"https:\/\/koylio-seura.fi\/index.php?rest_route=%2Fwp%2Fv2%2Fcomments&post=95"}],"version-history":[{"count":188,"href":"https:\/\/koylio-seura.fi\/index.php?rest_route=\/wp\/v2\/pages\/95\/revisions"}],"predecessor-version":[{"id":16340,"href":"https:\/\/koylio-seura.fi\/index.php?rest_route=\/wp\/v2\/pages\/95\/revisions\/16340"}],"up":[{"embeddable":true,"href":"https:\/\/koylio-seura.fi\/index.php?rest_route=\/wp\/v2\/pages\/89"}],"wp:attachment":[{"href":"https:\/\/koylio-seura.fi\/index.php?rest_route=%2Fwp%2Fv2%2Fmedia&parent=95"}],"curies":[{"name":"wp","href":"https:\/\/api.w.org\/{rel}","templated":true}]}}