{"id":8869,"date":"2024-05-20T13:28:44","date_gmt":"2024-05-20T13:28:44","guid":{"rendered":"https:\/\/koylio-seura.fi\/?page_id=8869"},"modified":"2024-05-22T16:37:35","modified_gmt":"2024-05-22T16:37:35","slug":"ohjeet","status":"publish","type":"page","link":"https:\/\/koylio-seura.fi\/?page_id=8869","title":{"rendered":"Ohjeet"},"content":{"rendered":"\t\t<div data-elementor-type=\"wp-page\" data-elementor-id=\"8869\" class=\"elementor elementor-8869\" data-elementor-post-type=\"page\">\n\t\t\t\t\t\t<section class=\"elementor-section elementor-top-section elementor-element elementor-element-b869340 elementor-section-boxed elementor-section-height-default elementor-section-height-default\" data-id=\"b869340\" data-element_type=\"section\">\n\t\t\t\t\t\t<div class=\"elementor-container elementor-column-gap-default\">\n\t\t\t\t\t<div class=\"elementor-column elementor-col-100 elementor-top-column elementor-element elementor-element-084349b\" data-id=\"084349b\" data-element_type=\"column\">\n\t\t\t<div class=\"elementor-widget-wrap elementor-element-populated\">\n\t\t\t\t\t\t<div class=\"elementor-element elementor-element-672aaca elementor-widget elementor-widget-accordion\" data-id=\"672aaca\" data-element_type=\"widget\" data-widget_type=\"accordion.default\">\n\t\t\t\t<div class=\"elementor-widget-container\">\n\t\t\t\t\t\t\t<div class=\"elementor-accordion\">\n\t\t\t\t\t\t\t<div class=\"elementor-accordion-item\">\n\t\t\t\t\t<div id=\"elementor-tab-title-1081\" class=\"elementor-tab-title\" data-tab=\"1\" role=\"button\" aria-controls=\"elementor-tab-content-1081\" aria-expanded=\"false\">\n\t\t\t\t\t\t\t\t\t\t\t\t\t<span class=\"elementor-accordion-icon elementor-accordion-icon-left\" aria-hidden=\"true\">\n\t\t\t\t\t\t\t\t\t\t\t\t\t\t\t<span class=\"elementor-accordion-icon-closed\"><i class=\"fas fa-plus\"><\/i><\/span>\n\t\t\t\t\t\t\t\t<span class=\"elementor-accordion-icon-opened\"><i class=\"fas fa-minus\"><\/i><\/span>\n\t\t\t\t\t\t\t\t\t\t\t\t\t\t<\/span>\n\t\t\t\t\t\t\t\t\t\t\t\t<a class=\"elementor-accordion-title\" tabindex=\"0\">N\u00e4ill\u00e4 ohjeilla onnistuu ottamiesi valokuvien l\u00e4hett\u00e4minen K\u00f6yli\u00f6-seuran k\u00e4ytt\u00f6\u00f6n<\/a>\n\t\t\t\t\t<\/div>\n\t\t\t\t\t<div id=\"elementor-tab-content-1081\" class=\"elementor-tab-content elementor-clearfix\" data-tab=\"1\" role=\"region\" aria-labelledby=\"elementor-tab-title-1081\"><p><strong>Yleist\u00e4:<br \/><\/strong>-K\u00f6yli\u00f6-seuran tavoitteena on saada ker\u00e4tyksi ulkoiselle levyasemalle kaikista yhdistyksen j\u00e4rjest\u00e4mist\u00e4 tapahtumista mahdollisimman kattava otos valokuvia. Otamme mielell\u00e4mme vastaan valokuvia kaikilta kuvaajilta, jotka haluavat antaa kuviaan k\u00e4ytt\u00f6\u00f6mme. Erityisesti painotamme, ett\u00e4 kuvat on syyt\u00e4 l\u00e4hett\u00e4\u00e4 <strong>heti tapahtuman j\u00e4lkeen<\/strong>, jotta asia ei unohtuisi.<br \/>-Voit siis l\u00e4hett\u00e4\u00e4 itse ottamiasi valokuvia K\u00f6yli\u00f6-seuran tapahtumista <br \/>-Jos l\u00e4het\u00e4t kuvia, tulkitsemme, ett\u00e4 annat K\u00f6yli\u00f6-seuralle niiden k\u00e4ytt\u00f6\u00f6n t\u00e4ydet k\u00e4ytt\u00f6oikeudet, my\u00f6s nettijulkaisuk\u00e4ytt\u00f6\u00f6n niin, ett\u00e4 kuvan ottajan nimi mainitaan.<\/p><p><strong>Miten siis toimit:<\/strong><br \/>-T\u00e4rkeint\u00e4 on todeta <strong>viel\u00e4 uudelleen, ett\u00e4 kuvat on syyt\u00e4 l\u00e4hett\u00e4\u00e4 v\u00e4litt\u00f6m\u00e4sti<\/strong> tapahtuman j\u00e4lkeen, <br \/>sill\u00e4 muutoin on suuri vaara, ett\u00e4 asia unohtuu <br \/>-Kansioi kuvat niin, ett\u00e4 yhdess\u00e4 kansiossa on valokuvia vain yhdest\u00e4 tapahtumasta<br \/>-Nime\u00e4 kansio nimell\u00e4si ja p\u00e4iv\u00e4m\u00e4\u00e4r\u00e4ll\u00e4, esim. \u201dSamuli Vahteristo-10.5.2024\u201d<br \/>-\u00c4l\u00e4 miss\u00e4\u00e4n tapauksessa ala korjailemaan\/k\u00e4sittelem\u00e4\u00e4n kuvia <br \/>-\u00c4l\u00e4 ala pohtimaan pit\u00e4isik\u00f6 joitakin huonompia kuvia poistaa kansiosta vaan l\u00e4het\u00e4 <br \/>kaikki (Poikkeuksena tietenkin kuvat, joita \u201det halua meille n\u00e4ytt\u00e4\u00e4\u201d) <br \/>&#8211; \u00c4l\u00e4 ala pohtimaan muita kuviin liittyvi\u00e4 asioita, esim. kuvien henkil\u00f6iden nimi\u00e4, <br \/>sill\u00e4 jos tarvitsemme niit\u00e4, niin selvitet\u00e4\u00e4n nimi\u00e4 joskus my\u00f6hemmin<\/p><p><strong>Mihin l\u00e4het\u00e4t kansiosi<\/strong><br \/>-Jos sinulla on vain 3-4 valokuvaa, voit l\u00e4hett\u00e4\u00e4 ne s\u00e4hk\u00f6postin liittein\u00e4 osoitteeseen <br \/>koylioseuralle.kuvia@gmail.com <br \/>Pentti Vuotila tallentaa kuvat jatkossa K\u00f6yli\u00f6-seura ulkoiselle levyasemalle <br \/>Jos on tarvetta kysy\u00e4 yksityiskohdista, niin soita Pentille puh. 040 546 3047 <br \/>-Jos kuvia on enemm\u00e4n, ehdotamme 1) ensisijaiseksi tavaksi l\u00e4hett\u00e4\u00e4 kuvat <br \/>yll\u00e4 mainitun s\u00e4hk\u00f6posti- tilin drive-kansioon tai 2) toisena vaihtoehtona k\u00e4ytt\u00e4\u00e4 <br \/>l\u00e4hett\u00e4miseen wetransfer- palvelua. Alla tarkemmat ohjeet molemmista<\/p><p><strong>Ohje drive-kansioon l\u00e4hett\u00e4misest\u00e4:<\/strong><br \/>&#8211; Muutamalle valokuvia paljon ottavalle on tehty h\u00e4nen omalle nimelleen<br \/>koylioseuralle.kuvia@gmail.com-s\u00e4hk\u00f6postitilin driveen kansio, <br \/>johon l\u00e4hetett\u00e4v\u00e4n kuvakansiosi voit yksinkertaisesti \u201draahata\u201d. Kaikki siit\u00e4 <br \/>eteenp\u00e4in j\u00e4\u00e4 Pentti Vuotilan teht\u00e4v\u00e4ksi. <br \/>-Jotta voit k\u00e4ytt\u00e4\u00e4 drive-kuvakansiota, tarvitset sinne k\u00e4ytt\u00e4j\u00e4tunnuksen ja salasanan, <br \/>jotka toimitetaan kullekin kansion omistavalle.<\/p><p><strong>Ohje wetransfer-palvelun kautta l\u00e4hett\u00e4misest\u00e4<\/strong><br \/>&#8211; Palvelun k\u00e4ytt\u00f6 on ilmaista:<br \/>&#8211; mene osoitteeseen https:\/\/wetransfer.com\/<br \/>&#8211; valitse sielt\u00e4 vasemman puolen ilmainen-palvelu Take me to Free (mik\u00e4li palvelu <br \/>sit\u00e4 kysyy)<br \/>&#8211; avautuvaan valikkoon kirjoitat vastaanottajan s\u00e4hk\u00f6postiosoitteeksi <br \/>koylioseuralle.kuvia@gmail.com ja oman s\u00e4hk\u00f6postisoitteesi l\u00e4hett\u00e4j\u00e4ksi. Message- <br \/>kohtaan voit kirjoittaa haluamasi viestin ja voi tuohon Title-kohtaankin jonkin <br \/>nimen aiheeksi kirjoittaa. .<br \/>&#8211; Add your files -kohtaan voit liitt\u00e4\u00e4 koneeltasi haluamasi \u201dtavarat\u201d. T\u00e4ss\u00e4 siis l\u00e4het\u00e4t <br \/>kansion eli \u201dselect a folder\u201d. Lopuksi l\u00e4het\u00e4 eli transfer.<br \/>-Saat s\u00e4hk\u00f6postiisi viestin, mit\u00e4 olet l\u00e4hett\u00e4nyt ja kenelle. <br \/>-Vastaanottaja saa vastaavasti viestin ja t\u00e4ss\u00e4 tapauksessa siis Pentti saa viestin, <br \/>ett\u00e4 h\u00e4nelle on tullut kuvia ladattavaksi.<br \/>&#8211; Yhteen l\u00e4hetykseen voi liitt\u00e4\u00e4 2 Gt tavaraa ja Pentin pit\u00e4\u00e4 ladata sielt\u00e4 kuvat 7 <br \/>vuorokauden sis\u00e4ll\u00e4, sill\u00e4 sen j\u00e4lkeen palvelu poistaa ne sivuiltaan<\/p><\/div>\n\t\t\t\t<\/div>\n\t\t\t\t\t\t\t<div class=\"elementor-accordion-item\">\n\t\t\t\t\t<div id=\"elementor-tab-title-1082\" class=\"elementor-tab-title\" data-tab=\"2\" role=\"button\" aria-controls=\"elementor-tab-content-1082\" aria-expanded=\"false\">\n\t\t\t\t\t\t\t\t\t\t\t\t\t<span class=\"elementor-accordion-icon elementor-accordion-icon-left\" aria-hidden=\"true\">\n\t\t\t\t\t\t\t\t\t\t\t\t\t\t\t<span class=\"elementor-accordion-icon-closed\"><i class=\"fas fa-plus\"><\/i><\/span>\n\t\t\t\t\t\t\t\t<span class=\"elementor-accordion-icon-opened\"><i class=\"fas fa-minus\"><\/i><\/span>\n\t\t\t\t\t\t\t\t\t\t\t\t\t\t<\/span>\n\t\t\t\t\t\t\t\t\t\t\t\t<a class=\"elementor-accordion-title\" tabindex=\"0\">Haitari #2<\/a>\n\t\t\t\t\t<\/div>\n\t\t\t\t\t<div id=\"elementor-tab-content-1082\" class=\"elementor-tab-content elementor-clearfix\" data-tab=\"2\" role=\"region\" aria-labelledby=\"elementor-tab-title-1082\">Lorem ipsum dolor sit amet, consectetur adipiscing elit. Ut elit tellus, luctus nec ullamcorper mattis, pulvinar dapibus leo.<\/div>\n\t\t\t\t<\/div>\n\t\t\t\t\t\t\t\t<\/div>\n\t\t\t\t\t\t<\/div>\n\t\t\t\t<\/div>\n\t\t\t\t\t<\/div>\n\t\t<\/div>\n\t\t\t\t\t<\/div>\n\t\t<\/section>\n\t\t\t\t<\/div>\n\t\t","protected":false},"excerpt":{"rendered":"<p>N\u00e4ill\u00e4 ohjeilla onnistuu ottamiesi valokuvien l\u00e4hett\u00e4minen K\u00f6yli\u00f6-seuran k\u00e4ytt\u00f6\u00f6n Yleist\u00e4:-K\u00f6yli\u00f6-seuran tavoitteena on saada ker\u00e4tyksi ulkoiselle levyasemalle kaikista yhdistyksen j\u00e4rjest\u00e4mist\u00e4 tapahtumista mahdollisimman kattava otos valokuvia. Otamme mielell\u00e4mme vastaan valokuvia kaikilta kuvaajilta, jotka haluavat antaa kuviaan k\u00e4ytt\u00f6\u00f6mme. Erityisesti painotamme, ett\u00e4 kuvat on syyt\u00e4 &#8230; <a title=\"Ohjeet\" class=\"read-more\" href=\"https:\/\/koylio-seura.fi\/?page_id=8869\" aria-label=\"Lue lis\u00e4\u00e4 aiheesta Ohjeet\">Lue lis\u00e4\u00e4<\/a><\/p>\n","protected":false},"author":3,"featured_media":0,"parent":2,"menu_order":0,"comment_status":"closed","ping_status":"closed","template":"","meta":{"footnotes":""},"class_list":{"0":"post-8869","1":"page","2":"type-page","3":"status-publish","5":"infinite-scroll-item"},"yoast_head":"<!-- This site is optimized with the Yoast SEO plugin v26.6 - https:\/\/yoast.com\/wordpress\/plugins\/seo\/ -->\n<title>Ohjeet - K\u00f6yli\u00f6-seura<\/title>\n<meta name=\"robots\" content=\"index, follow, max-snippet:-1, max-image-preview:large, max-video-preview:-1\" \/>\n<link rel=\"canonical\" href=\"https:\/\/koylio-seura.fi\/?page_id=8869\" \/>\n<meta property=\"og:locale\" content=\"fi_FI\" \/>\n<meta property=\"og:type\" content=\"article\" \/>\n<meta property=\"og:title\" content=\"Ohjeet - K\u00f6yli\u00f6-seura\" \/>\n<meta property=\"og:description\" content=\"N\u00e4ill\u00e4 ohjeilla onnistuu ottamiesi valokuvien l\u00e4hett\u00e4minen K\u00f6yli\u00f6-seuran k\u00e4ytt\u00f6\u00f6n Yleist\u00e4:-K\u00f6yli\u00f6-seuran tavoitteena on saada ker\u00e4tyksi ulkoiselle levyasemalle kaikista yhdistyksen j\u00e4rjest\u00e4mist\u00e4 tapahtumista mahdollisimman kattava otos valokuvia. Otamme mielell\u00e4mme vastaan valokuvia kaikilta kuvaajilta, jotka haluavat antaa kuviaan k\u00e4ytt\u00f6\u00f6mme. Erityisesti painotamme, ett\u00e4 kuvat on syyt\u00e4 ... Lue lis\u00e4\u00e4\" \/>\n<meta property=\"og:url\" content=\"https:\/\/koylio-seura.fi\/?page_id=8869\" \/>\n<meta property=\"og:site_name\" content=\"K\u00f6yli\u00f6-seura\" \/>\n<meta property=\"article:modified_time\" content=\"2024-05-22T16:37:35+00:00\" \/>\n<meta name=\"twitter:card\" content=\"summary_large_image\" \/>\n<meta name=\"twitter:label1\" content=\"Arvioitu lukuaika\" \/>\n\t<meta name=\"twitter:data1\" content=\"3 minuuttia\" \/>\n<script type=\"application\/ld+json\" class=\"yoast-schema-graph\">{\"@context\":\"https:\/\/schema.org\",\"@graph\":[{\"@type\":\"WebPage\",\"@id\":\"https:\/\/koylio-seura.fi\/?page_id=8869\",\"url\":\"https:\/\/koylio-seura.fi\/?page_id=8869\",\"name\":\"Ohjeet - K\u00f6yli\u00f6-seura\",\"isPartOf\":{\"@id\":\"https:\/\/koylio-seura.fi\/#website\"},\"datePublished\":\"2024-05-20T13:28:44+00:00\",\"dateModified\":\"2024-05-22T16:37:35+00:00\",\"breadcrumb\":{\"@id\":\"https:\/\/koylio-seura.fi\/?page_id=8869#breadcrumb\"},\"inLanguage\":\"fi\",\"potentialAction\":[{\"@type\":\"ReadAction\",\"target\":[\"https:\/\/koylio-seura.fi\/?page_id=8869\"]}]},{\"@type\":\"BreadcrumbList\",\"@id\":\"https:\/\/koylio-seura.fi\/?page_id=8869#breadcrumb\",\"itemListElement\":[{\"@type\":\"ListItem\",\"position\":1,\"name\":\"Etusivu\",\"item\":\"https:\/\/koylio-seura.fi\/\"},{\"@type\":\"ListItem\",\"position\":2,\"name\":\"K\u00f6yli\u00f6-seura\",\"item\":\"https:\/\/koylio-seura.fi\/\"},{\"@type\":\"ListItem\",\"position\":3,\"name\":\"Ohjeet\"}]},{\"@type\":\"WebSite\",\"@id\":\"https:\/\/koylio-seura.fi\/#website\",\"url\":\"https:\/\/koylio-seura.fi\/\",\"name\":\"K\u00f6yli\u00f6-seura\",\"description\":\"\",\"publisher\":{\"@id\":\"https:\/\/koylio-seura.fi\/#organization\"},\"potentialAction\":[{\"@type\":\"SearchAction\",\"target\":{\"@type\":\"EntryPoint\",\"urlTemplate\":\"https:\/\/koylio-seura.fi\/?s={search_term_string}\"},\"query-input\":{\"@type\":\"PropertyValueSpecification\",\"valueRequired\":true,\"valueName\":\"search_term_string\"}}],\"inLanguage\":\"fi\"},{\"@type\":\"Organization\",\"@id\":\"https:\/\/koylio-seura.fi\/#organization\",\"name\":\"K\u00f6yli\u00f6-seura\",\"url\":\"https:\/\/koylio-seura.fi\/\",\"logo\":{\"@type\":\"ImageObject\",\"inLanguage\":\"fi\",\"@id\":\"https:\/\/koylio-seura.fi\/#\/schema\/logo\/image\/\",\"url\":\"https:\/\/koylio-seura.fi\/wp-content\/uploads\/2023\/07\/cropped-KS-logo-23.png\",\"contentUrl\":\"https:\/\/koylio-seura.fi\/wp-content\/uploads\/2023\/07\/cropped-KS-logo-23.png\",\"width\":530,\"height\":619,\"caption\":\"K\u00f6yli\u00f6-seura\"},\"image\":{\"@id\":\"https:\/\/koylio-seura.fi\/#\/schema\/logo\/image\/\"}}]}<\/script>\n<!-- \/ Yoast SEO plugin. -->","yoast_head_json":{"title":"Ohjeet - K\u00f6yli\u00f6-seura","robots":{"index":"index","follow":"follow","max-snippet":"max-snippet:-1","max-image-preview":"max-image-preview:large","max-video-preview":"max-video-preview:-1"},"canonical":"https:\/\/koylio-seura.fi\/?page_id=8869","og_locale":"fi_FI","og_type":"article","og_title":"Ohjeet - K\u00f6yli\u00f6-seura","og_description":"N\u00e4ill\u00e4 ohjeilla onnistuu ottamiesi valokuvien l\u00e4hett\u00e4minen K\u00f6yli\u00f6-seuran k\u00e4ytt\u00f6\u00f6n Yleist\u00e4:-K\u00f6yli\u00f6-seuran tavoitteena on saada ker\u00e4tyksi ulkoiselle levyasemalle kaikista yhdistyksen j\u00e4rjest\u00e4mist\u00e4 tapahtumista mahdollisimman kattava otos valokuvia. Otamme mielell\u00e4mme vastaan valokuvia kaikilta kuvaajilta, jotka haluavat antaa kuviaan k\u00e4ytt\u00f6\u00f6mme. Erityisesti painotamme, ett\u00e4 kuvat on syyt\u00e4 ... Lue lis\u00e4\u00e4","og_url":"https:\/\/koylio-seura.fi\/?page_id=8869","og_site_name":"K\u00f6yli\u00f6-seura","article_modified_time":"2024-05-22T16:37:35+00:00","twitter_card":"summary_large_image","twitter_misc":{"Arvioitu lukuaika":"3 minuuttia"},"schema":{"@context":"https:\/\/schema.org","@graph":[{"@type":"WebPage","@id":"https:\/\/koylio-seura.fi\/?page_id=8869","url":"https:\/\/koylio-seura.fi\/?page_id=8869","name":"Ohjeet - K\u00f6yli\u00f6-seura","isPartOf":{"@id":"https:\/\/koylio-seura.fi\/#website"},"datePublished":"2024-05-20T13:28:44+00:00","dateModified":"2024-05-22T16:37:35+00:00","breadcrumb":{"@id":"https:\/\/koylio-seura.fi\/?page_id=8869#breadcrumb"},"inLanguage":"fi","potentialAction":[{"@type":"ReadAction","target":["https:\/\/koylio-seura.fi\/?page_id=8869"]}]},{"@type":"BreadcrumbList","@id":"https:\/\/koylio-seura.fi\/?page_id=8869#breadcrumb","itemListElement":[{"@type":"ListItem","position":1,"name":"Etusivu","item":"https:\/\/koylio-seura.fi\/"},{"@type":"ListItem","position":2,"name":"K\u00f6yli\u00f6-seura","item":"https:\/\/koylio-seura.fi\/"},{"@type":"ListItem","position":3,"name":"Ohjeet"}]},{"@type":"WebSite","@id":"https:\/\/koylio-seura.fi\/#website","url":"https:\/\/koylio-seura.fi\/","name":"K\u00f6yli\u00f6-seura","description":"","publisher":{"@id":"https:\/\/koylio-seura.fi\/#organization"},"potentialAction":[{"@type":"SearchAction","target":{"@type":"EntryPoint","urlTemplate":"https:\/\/koylio-seura.fi\/?s={search_term_string}"},"query-input":{"@type":"PropertyValueSpecification","valueRequired":true,"valueName":"search_term_string"}}],"inLanguage":"fi"},{"@type":"Organization","@id":"https:\/\/koylio-seura.fi\/#organization","name":"K\u00f6yli\u00f6-seura","url":"https:\/\/koylio-seura.fi\/","logo":{"@type":"ImageObject","inLanguage":"fi","@id":"https:\/\/koylio-seura.fi\/#\/schema\/logo\/image\/","url":"https:\/\/koylio-seura.fi\/wp-content\/uploads\/2023\/07\/cropped-KS-logo-23.png","contentUrl":"https:\/\/koylio-seura.fi\/wp-content\/uploads\/2023\/07\/cropped-KS-logo-23.png","width":530,"height":619,"caption":"K\u00f6yli\u00f6-seura"},"image":{"@id":"https:\/\/koylio-seura.fi\/#\/schema\/logo\/image\/"}}]}},"_links":{"self":[{"href":"https:\/\/koylio-seura.fi\/index.php?rest_route=\/wp\/v2\/pages\/8869","targetHints":{"allow":["GET"]}}],"collection":[{"href":"https:\/\/koylio-seura.fi\/index.php?rest_route=\/wp\/v2\/pages"}],"about":[{"href":"https:\/\/koylio-seura.fi\/index.php?rest_route=\/wp\/v2\/types\/page"}],"author":[{"embeddable":true,"href":"https:\/\/koylio-seura.fi\/index.php?rest_route=\/wp\/v2\/users\/3"}],"replies":[{"embeddable":true,"href":"https:\/\/koylio-seura.fi\/index.php?rest_route=%2Fwp%2Fv2%2Fcomments&post=8869"}],"version-history":[{"count":19,"href":"https:\/\/koylio-seura.fi\/index.php?rest_route=\/wp\/v2\/pages\/8869\/revisions"}],"predecessor-version":[{"id":8909,"href":"https:\/\/koylio-seura.fi\/index.php?rest_route=\/wp\/v2\/pages\/8869\/revisions\/8909"}],"up":[{"embeddable":true,"href":"https:\/\/koylio-seura.fi\/index.php?rest_route=\/wp\/v2\/pages\/2"}],"wp:attachment":[{"href":"https:\/\/koylio-seura.fi\/index.php?rest_route=%2Fwp%2Fv2%2Fmedia&parent=8869"}],"curies":[{"name":"wp","href":"https:\/\/api.w.org\/{rel}","templated":true}]}}