{"id":59,"date":"2023-07-17T10:56:49","date_gmt":"2023-07-17T10:56:49","guid":{"rendered":"https:\/\/koylio-seura.eitcon.com\/?page_id=59"},"modified":"2026-02-16T10:27:06","modified_gmt":"2026-02-16T10:27:06","slug":"hallitus","status":"publish","type":"page","link":"https:\/\/koylio-seura.fi\/?page_id=59","title":{"rendered":"Hallitus"},"content":{"rendered":"\t\t<div data-elementor-type=\"wp-page\" data-elementor-id=\"59\" class=\"elementor elementor-59\" data-elementor-post-type=\"page\">\n\t\t\t\t\t\t<section class=\"elementor-section elementor-top-section elementor-element elementor-element-801c2e7 elementor-section-boxed elementor-section-height-default elementor-section-height-default\" data-id=\"801c2e7\" data-element_type=\"section\">\n\t\t\t\t\t\t<div class=\"elementor-container elementor-column-gap-default\">\n\t\t\t\t\t<div class=\"elementor-column elementor-col-100 elementor-top-column elementor-element elementor-element-16ecf41\" data-id=\"16ecf41\" data-element_type=\"column\">\n\t\t\t<div class=\"elementor-widget-wrap elementor-element-populated\">\n\t\t\t\t\t\t<div class=\"elementor-element elementor-element-823acee elementor-widget elementor-widget-heading\" data-id=\"823acee\" data-element_type=\"widget\" data-widget_type=\"heading.default\">\n\t\t\t\t<div class=\"elementor-widget-container\">\n\t\t\t\t\t<h1 class=\"elementor-heading-title elementor-size-default\">K\u00f6yli\u00f6-seuran hallitus 2026<\/h1>\t\t\t\t<\/div>\n\t\t\t\t<\/div>\n\t\t\t\t\t<\/div>\n\t\t<\/div>\n\t\t\t\t\t<\/div>\n\t\t<\/section>\n\t\t\t\t<section class=\"elementor-section elementor-top-section elementor-element elementor-element-679a3b8 elementor-section-boxed elementor-section-height-default elementor-section-height-default\" data-id=\"679a3b8\" data-element_type=\"section\">\n\t\t\t\t\t\t<div class=\"elementor-container elementor-column-gap-default\">\n\t\t\t\t\t<div class=\"elementor-column elementor-col-100 elementor-top-column elementor-element elementor-element-801b16b\" data-id=\"801b16b\" data-element_type=\"column\">\n\t\t\t<div class=\"elementor-widget-wrap elementor-element-populated\">\n\t\t\t\t\t\t<div class=\"elementor-element elementor-element-69a62f2 elementor-widget elementor-widget-text-editor\" data-id=\"69a62f2\" data-element_type=\"widget\" data-widget_type=\"text-editor.default\">\n\t\t\t\t<div class=\"elementor-widget-container\">\n\t\t\t\t\t\t\t\t\t<div><img fetchpriority=\"high\" decoding=\"async\" class=\"alignleft wp-image-16017 size-full\" src=\"https:\/\/koylio-seura.fi\/wp-content\/uploads\/2026\/01\/Koylio-seuran-hallitus-Kuva-Ari-Stahlman.jpg\" alt=\"\" width=\"2048\" height=\"1365\" srcset=\"https:\/\/koylio-seura.fi\/wp-content\/uploads\/2026\/01\/Koylio-seuran-hallitus-Kuva-Ari-Stahlman.jpg 2048w, https:\/\/koylio-seura.fi\/wp-content\/uploads\/2026\/01\/Koylio-seuran-hallitus-Kuva-Ari-Stahlman-300x200.jpg 300w, https:\/\/koylio-seura.fi\/wp-content\/uploads\/2026\/01\/Koylio-seuran-hallitus-Kuva-Ari-Stahlman-1024x683.jpg 1024w, https:\/\/koylio-seura.fi\/wp-content\/uploads\/2026\/01\/Koylio-seuran-hallitus-Kuva-Ari-Stahlman-768x512.jpg 768w, https:\/\/koylio-seura.fi\/wp-content\/uploads\/2026\/01\/Koylio-seuran-hallitus-Kuva-Ari-Stahlman-1536x1024.jpg 1536w\" sizes=\"(max-width: 2048px) 100vw, 2048px\" \/><\/div><div>\u00a0<span class=\"valiotsikko\">Vasemmalta Jaakko Laine (varaj\u00e4sen), Samuli Vahteristo (tiedottaja), Merja Mikkola (varaj\u00e4sen), Liisa Yski (j\u00e4sen), Heikki Saarinen (j\u00e4sen), Merja Nummi (j\u00e4sen), Tuula Kyt\u00f6vuori (varapuheenjohtaja), Helena Santala (j\u00e4sen), Pirkko Peltola (puheenjohtaja), Lassi Kauko (j\u00e4sen), Sari Minkovitsch (j\u00e4sen), Pirjo Sulin (j\u00e4sen), Pirjo Eloranta (j\u00e4sen), Marita Holkeri (varaj\u00e4sen ja K\u00f6yli\u00f6n yst\u00e4v\u00e4t jaoston puheenjohtaja). Kuva Ari St\u00e5hlman<\/span><\/div><div>\u00a0<\/div><div><span class=\"valiotsikko\">Hallituksen kokouksiin osallistuvat hallituksen varsinaiset j\u00e4senet, sihteerit, taloudenhoitaja ja my\u00f6s varaj\u00e4senill\u00e4 on osallistumisoikeus. Jaostojen puheenjohtajat, tiedottaja, somevastaava ja kotisivuvastaava kutsutaan hallituksen kokouksiin ja heill\u00e4 on niiss\u00e4 puheoikeus. Hallitus voi kutsua kokouksiin my\u00f6s asiantuntijoita.\u00a0<\/span><span class=\"valiotsikko\">Hallitus kokoontuu p\u00e4\u00e4s\u00e4\u00e4nt\u00f6isesti kerran kuukaudessa. Puheenjohtaja vuonna 2026 on Pirkko Peltola.<\/span><\/div><div>\u00a0<\/div><div>Hallitukselle asioita valmistelee try\u00f6valiokunta: Pirkko Peltola, Tuula Kyt\u00f6vuori, Marita Holkeri ja Samuli Vahteristo. Ryhm\u00e4 kutsuu tarvittaessa asiantuntijoita.\u00a0<\/div><div>Hallituksen toimintaa ohjaa <a href=\"https:\/\/koylio-seura.fi\/wp-content\/uploads\/2025\/03\/Hallituksen-johtosaanto-2025.pdf\" target=\"_blank\" rel=\"noopener\">6.2.2025 hyv\u00e4ksytty johtos\u00e4\u00e4nt\u00f6<\/a><\/div><div>\u00a0<\/div><div>K\u00f6yli\u00f6-seuran puheenjohtajina ovat t\u00e4h\u00e4n menness\u00e4 toimineet\u00a0<\/div><div><table width=\"348\"><tbody><tr><td width=\"240\">\u00a0<\/td><td width=\"108\">\u00a0<\/td><\/tr><tr><td width=\"240\">Risto Routama<\/td><td width=\"108\">2000-2002<\/td><\/tr><tr><td width=\"240\">Hannu Orpo<\/td><td width=\"108\">2003-2007<\/td><\/tr><tr><td width=\"240\">Anneli Laine<\/td><td width=\"108\">2008-2011<\/td><\/tr><tr><td width=\"240\">Heli Lehto-Lintunen<\/td><td width=\"108\">2012-2013<\/td><\/tr><tr><td width=\"240\">Johanna Toivanen-Perko<\/td><td width=\"108\">2014-2015<\/td><\/tr><tr><td width=\"240\">Samuli Vahteristo<\/td><td width=\"108\">2016-2017<\/td><\/tr><tr><td width=\"240\">Asser Lehtoranta<\/td><td width=\"108\">2018<\/td><\/tr><tr><td width=\"240\">Helena Santala<\/td><td width=\"108\">2019-2020<\/td><\/tr><tr><td width=\"240\">Pirkko Peltola<\/td><td width=\"108\">2021-<\/td><\/tr><\/tbody><\/table><\/div>\t\t\t\t\t\t\t\t<\/div>\n\t\t\t\t<\/div>\n\t\t\t\t\t<\/div>\n\t\t<\/div>\n\t\t\t\t\t<\/div>\n\t\t<\/section>\n\t\t\t\t<section class=\"elementor-section elementor-top-section elementor-element elementor-element-55564ed elementor-section-boxed elementor-section-height-default elementor-section-height-default\" data-id=\"55564ed\" data-element_type=\"section\">\n\t\t\t\t\t\t<div class=\"elementor-container elementor-column-gap-default\">\n\t\t\t\t\t<div class=\"elementor-column elementor-col-33 elementor-top-column elementor-element elementor-element-30101b1\" data-id=\"30101b1\" data-element_type=\"column\">\n\t\t\t<div class=\"elementor-widget-wrap elementor-element-populated\">\n\t\t\t\t\t\t<div class=\"elementor-element elementor-element-e053bbc elementor-align-left elementor-widget elementor-widget-button\" data-id=\"e053bbc\" data-element_type=\"widget\" data-widget_type=\"button.default\">\n\t\t\t\t<div class=\"elementor-widget-container\">\n\t\t\t\t\t\t\t\t\t<div class=\"elementor-button-wrapper\">\n\t\t\t\t\t<a class=\"elementor-button elementor-button-link elementor-size-md\" href=\"https:\/\/koylio-seura.fi\/?page_id=91\">\n\t\t\t\t\t\t<span class=\"elementor-button-content-wrapper\">\n\t\t\t\t\t\t\t\t\t<span class=\"elementor-button-text\">Hallituksen yhteystiedot<\/span>\n\t\t\t\t\t<\/span>\n\t\t\t\t\t<\/a>\n\t\t\t\t<\/div>\n\t\t\t\t\t\t\t\t<\/div>\n\t\t\t\t<\/div>\n\t\t\t\t\t<\/div>\n\t\t<\/div>\n\t\t\t\t<div class=\"elementor-column elementor-col-33 elementor-top-column elementor-element elementor-element-8d601d0\" data-id=\"8d601d0\" data-element_type=\"column\">\n\t\t\t<div class=\"elementor-widget-wrap\">\n\t\t\t\t\t\t\t<\/div>\n\t\t<\/div>\n\t\t\t\t<div class=\"elementor-column elementor-col-33 elementor-top-column elementor-element elementor-element-afa3a2c\" data-id=\"afa3a2c\" data-element_type=\"column\">\n\t\t\t<div class=\"elementor-widget-wrap\">\n\t\t\t\t\t\t\t<\/div>\n\t\t<\/div>\n\t\t\t\t\t<\/div>\n\t\t<\/section>\n\t\t\t\t<\/div>\n\t\t","protected":false},"excerpt":{"rendered":"<p>K\u00f6yli\u00f6-seuran hallitus 2026 \u00a0Vasemmalta Jaakko Laine (varaj\u00e4sen), Samuli Vahteristo (tiedottaja), Merja Mikkola (varaj\u00e4sen), Liisa Yski (j\u00e4sen), Heikki Saarinen (j\u00e4sen), Merja Nummi (j\u00e4sen), Tuula Kyt\u00f6vuori (varapuheenjohtaja), Helena Santala (j\u00e4sen), Pirkko Peltola (puheenjohtaja), Lassi Kauko (j\u00e4sen), Sari Minkovitsch (j\u00e4sen), Pirjo Sulin (j\u00e4sen), &#8230; <a title=\"Hallitus\" class=\"read-more\" href=\"https:\/\/koylio-seura.fi\/?page_id=59\" aria-label=\"Lue lis\u00e4\u00e4 aiheesta Hallitus\">Lue lis\u00e4\u00e4<\/a><\/p>\n","protected":false},"author":1,"featured_media":0,"parent":2,"menu_order":0,"comment_status":"closed","ping_status":"closed","template":"","meta":{"footnotes":""},"class_list":{"0":"post-59","1":"page","2":"type-page","3":"status-publish","5":"infinite-scroll-item"},"yoast_head":"<!-- This site is optimized with the Yoast SEO plugin v26.6 - https:\/\/yoast.com\/wordpress\/plugins\/seo\/ -->\n<title>Hallitus - K\u00f6yli\u00f6-seura<\/title>\n<meta name=\"robots\" content=\"index, follow, max-snippet:-1, max-image-preview:large, max-video-preview:-1\" \/>\n<link rel=\"canonical\" href=\"https:\/\/koylio-seura.fi\/?page_id=59\" \/>\n<meta property=\"og:locale\" content=\"fi_FI\" \/>\n<meta property=\"og:type\" content=\"article\" \/>\n<meta property=\"og:title\" content=\"Hallitus - K\u00f6yli\u00f6-seura\" \/>\n<meta property=\"og:description\" content=\"K\u00f6yli\u00f6-seuran hallitus 2026 \u00a0Vasemmalta Jaakko Laine (varaj\u00e4sen), Samuli Vahteristo (tiedottaja), Merja Mikkola (varaj\u00e4sen), Liisa Yski (j\u00e4sen), Heikki Saarinen (j\u00e4sen), Merja Nummi (j\u00e4sen), Tuula Kyt\u00f6vuori (varapuheenjohtaja), Helena Santala (j\u00e4sen), Pirkko Peltola (puheenjohtaja), Lassi Kauko (j\u00e4sen), Sari Minkovitsch (j\u00e4sen), Pirjo Sulin (j\u00e4sen), ... Lue lis\u00e4\u00e4\" \/>\n<meta property=\"og:url\" content=\"https:\/\/koylio-seura.fi\/?page_id=59\" \/>\n<meta property=\"og:site_name\" content=\"K\u00f6yli\u00f6-seura\" \/>\n<meta property=\"article:modified_time\" content=\"2026-02-16T10:27:06+00:00\" \/>\n<meta property=\"og:image\" content=\"https:\/\/koylio-seura.fi\/wp-content\/uploads\/2026\/01\/Koylio-seuran-hallitus-Kuva-Ari-Stahlman-1024x683.jpg\" \/>\n\t<meta property=\"og:image:width\" content=\"1024\" \/>\n\t<meta property=\"og:image:height\" content=\"683\" \/>\n\t<meta property=\"og:image:type\" content=\"image\/jpeg\" \/>\n<meta name=\"twitter:card\" content=\"summary_large_image\" \/>\n<meta name=\"twitter:label1\" content=\"Arvioitu lukuaika\" \/>\n\t<meta name=\"twitter:data1\" content=\"2 minuuttia\" \/>\n<script type=\"application\/ld+json\" class=\"yoast-schema-graph\">{\"@context\":\"https:\/\/schema.org\",\"@graph\":[{\"@type\":\"WebPage\",\"@id\":\"https:\/\/koylio-seura.fi\/?page_id=59\",\"url\":\"https:\/\/koylio-seura.fi\/?page_id=59\",\"name\":\"Hallitus - K\u00f6yli\u00f6-seura\",\"isPartOf\":{\"@id\":\"https:\/\/koylio-seura.fi\/#website\"},\"primaryImageOfPage\":{\"@id\":\"https:\/\/koylio-seura.fi\/?page_id=59#primaryimage\"},\"image\":{\"@id\":\"https:\/\/koylio-seura.fi\/?page_id=59#primaryimage\"},\"thumbnailUrl\":\"https:\/\/koylio-seura.fi\/wp-content\/uploads\/2026\/01\/Koylio-seuran-hallitus-Kuva-Ari-Stahlman.jpg\",\"datePublished\":\"2023-07-17T10:56:49+00:00\",\"dateModified\":\"2026-02-16T10:27:06+00:00\",\"breadcrumb\":{\"@id\":\"https:\/\/koylio-seura.fi\/?page_id=59#breadcrumb\"},\"inLanguage\":\"fi\",\"potentialAction\":[{\"@type\":\"ReadAction\",\"target\":[\"https:\/\/koylio-seura.fi\/?page_id=59\"]}]},{\"@type\":\"ImageObject\",\"inLanguage\":\"fi\",\"@id\":\"https:\/\/koylio-seura.fi\/?page_id=59#primaryimage\",\"url\":\"https:\/\/koylio-seura.fi\/wp-content\/uploads\/2026\/01\/Koylio-seuran-hallitus-Kuva-Ari-Stahlman.jpg\",\"contentUrl\":\"https:\/\/koylio-seura.fi\/wp-content\/uploads\/2026\/01\/Koylio-seuran-hallitus-Kuva-Ari-Stahlman.jpg\",\"width\":2048,\"height\":1365,\"caption\":\"K\u00f6yli\u00f6-seuran hallitus vuonna 2026 Vasemmalta Jaakko Laine (varaj\u00e4sen), Samuli Vahteristo (tiedottaja), Merja Mikkola (varaj\u00e4sen), Liisa Yski (j\u00e4sen), Heikki Saarinen (j\u00e4sen), Merja Nummi (j\u00e4sen), Tuula Kyt\u00f6vuori (varapuheenjohtaja), Helena Santala (j\u00e4sen), Pirkko Peltola (puheenjohtaja), Lassi Kauko (j\u00e4sen), Sari Minkovitsch (j\u00e4sen), Pirjo Sulin (j\u00e4sen), Pirjo Eloranta (j\u00e4sen), Marita Holkeri (varaj\u00e4sen ja K\u00f6yli\u00f6n yst\u00e4v\u00e4t jaoston puheenjohtaja)\"},{\"@type\":\"BreadcrumbList\",\"@id\":\"https:\/\/koylio-seura.fi\/?page_id=59#breadcrumb\",\"itemListElement\":[{\"@type\":\"ListItem\",\"position\":1,\"name\":\"Etusivu\",\"item\":\"https:\/\/koylio-seura.fi\/\"},{\"@type\":\"ListItem\",\"position\":2,\"name\":\"K\u00f6yli\u00f6-seura\",\"item\":\"https:\/\/koylio-seura.fi\/\"},{\"@type\":\"ListItem\",\"position\":3,\"name\":\"Hallitus\"}]},{\"@type\":\"WebSite\",\"@id\":\"https:\/\/koylio-seura.fi\/#website\",\"url\":\"https:\/\/koylio-seura.fi\/\",\"name\":\"K\u00f6yli\u00f6-seura\",\"description\":\"\",\"publisher\":{\"@id\":\"https:\/\/koylio-seura.fi\/#organization\"},\"potentialAction\":[{\"@type\":\"SearchAction\",\"target\":{\"@type\":\"EntryPoint\",\"urlTemplate\":\"https:\/\/koylio-seura.fi\/?s={search_term_string}\"},\"query-input\":{\"@type\":\"PropertyValueSpecification\",\"valueRequired\":true,\"valueName\":\"search_term_string\"}}],\"inLanguage\":\"fi\"},{\"@type\":\"Organization\",\"@id\":\"https:\/\/koylio-seura.fi\/#organization\",\"name\":\"K\u00f6yli\u00f6-seura\",\"url\":\"https:\/\/koylio-seura.fi\/\",\"logo\":{\"@type\":\"ImageObject\",\"inLanguage\":\"fi\",\"@id\":\"https:\/\/koylio-seura.fi\/#\/schema\/logo\/image\/\",\"url\":\"https:\/\/koylio-seura.fi\/wp-content\/uploads\/2023\/07\/cropped-KS-logo-23.png\",\"contentUrl\":\"https:\/\/koylio-seura.fi\/wp-content\/uploads\/2023\/07\/cropped-KS-logo-23.png\",\"width\":530,\"height\":619,\"caption\":\"K\u00f6yli\u00f6-seura\"},\"image\":{\"@id\":\"https:\/\/koylio-seura.fi\/#\/schema\/logo\/image\/\"}}]}<\/script>\n<!-- \/ Yoast SEO plugin. -->","yoast_head_json":{"title":"Hallitus - K\u00f6yli\u00f6-seura","robots":{"index":"index","follow":"follow","max-snippet":"max-snippet:-1","max-image-preview":"max-image-preview:large","max-video-preview":"max-video-preview:-1"},"canonical":"https:\/\/koylio-seura.fi\/?page_id=59","og_locale":"fi_FI","og_type":"article","og_title":"Hallitus - K\u00f6yli\u00f6-seura","og_description":"K\u00f6yli\u00f6-seuran hallitus 2026 \u00a0Vasemmalta Jaakko Laine (varaj\u00e4sen), Samuli Vahteristo (tiedottaja), Merja Mikkola (varaj\u00e4sen), Liisa Yski (j\u00e4sen), Heikki Saarinen (j\u00e4sen), Merja Nummi (j\u00e4sen), Tuula Kyt\u00f6vuori (varapuheenjohtaja), Helena Santala (j\u00e4sen), Pirkko Peltola (puheenjohtaja), Lassi Kauko (j\u00e4sen), Sari Minkovitsch (j\u00e4sen), Pirjo Sulin (j\u00e4sen), ... Lue lis\u00e4\u00e4","og_url":"https:\/\/koylio-seura.fi\/?page_id=59","og_site_name":"K\u00f6yli\u00f6-seura","article_modified_time":"2026-02-16T10:27:06+00:00","og_image":[{"width":1024,"height":683,"url":"https:\/\/koylio-seura.fi\/wp-content\/uploads\/2026\/01\/Koylio-seuran-hallitus-Kuva-Ari-Stahlman-1024x683.jpg","type":"image\/jpeg"}],"twitter_card":"summary_large_image","twitter_misc":{"Arvioitu lukuaika":"2 minuuttia"},"schema":{"@context":"https:\/\/schema.org","@graph":[{"@type":"WebPage","@id":"https:\/\/koylio-seura.fi\/?page_id=59","url":"https:\/\/koylio-seura.fi\/?page_id=59","name":"Hallitus - K\u00f6yli\u00f6-seura","isPartOf":{"@id":"https:\/\/koylio-seura.fi\/#website"},"primaryImageOfPage":{"@id":"https:\/\/koylio-seura.fi\/?page_id=59#primaryimage"},"image":{"@id":"https:\/\/koylio-seura.fi\/?page_id=59#primaryimage"},"thumbnailUrl":"https:\/\/koylio-seura.fi\/wp-content\/uploads\/2026\/01\/Koylio-seuran-hallitus-Kuva-Ari-Stahlman.jpg","datePublished":"2023-07-17T10:56:49+00:00","dateModified":"2026-02-16T10:27:06+00:00","breadcrumb":{"@id":"https:\/\/koylio-seura.fi\/?page_id=59#breadcrumb"},"inLanguage":"fi","potentialAction":[{"@type":"ReadAction","target":["https:\/\/koylio-seura.fi\/?page_id=59"]}]},{"@type":"ImageObject","inLanguage":"fi","@id":"https:\/\/koylio-seura.fi\/?page_id=59#primaryimage","url":"https:\/\/koylio-seura.fi\/wp-content\/uploads\/2026\/01\/Koylio-seuran-hallitus-Kuva-Ari-Stahlman.jpg","contentUrl":"https:\/\/koylio-seura.fi\/wp-content\/uploads\/2026\/01\/Koylio-seuran-hallitus-Kuva-Ari-Stahlman.jpg","width":2048,"height":1365,"caption":"K\u00f6yli\u00f6-seuran hallitus vuonna 2026 Vasemmalta Jaakko Laine (varaj\u00e4sen), Samuli Vahteristo (tiedottaja), Merja Mikkola (varaj\u00e4sen), Liisa Yski (j\u00e4sen), Heikki Saarinen (j\u00e4sen), Merja Nummi (j\u00e4sen), Tuula Kyt\u00f6vuori (varapuheenjohtaja), Helena Santala (j\u00e4sen), Pirkko Peltola (puheenjohtaja), Lassi Kauko (j\u00e4sen), Sari Minkovitsch (j\u00e4sen), Pirjo Sulin (j\u00e4sen), Pirjo Eloranta (j\u00e4sen), Marita Holkeri (varaj\u00e4sen ja K\u00f6yli\u00f6n yst\u00e4v\u00e4t jaoston puheenjohtaja)"},{"@type":"BreadcrumbList","@id":"https:\/\/koylio-seura.fi\/?page_id=59#breadcrumb","itemListElement":[{"@type":"ListItem","position":1,"name":"Etusivu","item":"https:\/\/koylio-seura.fi\/"},{"@type":"ListItem","position":2,"name":"K\u00f6yli\u00f6-seura","item":"https:\/\/koylio-seura.fi\/"},{"@type":"ListItem","position":3,"name":"Hallitus"}]},{"@type":"WebSite","@id":"https:\/\/koylio-seura.fi\/#website","url":"https:\/\/koylio-seura.fi\/","name":"K\u00f6yli\u00f6-seura","description":"","publisher":{"@id":"https:\/\/koylio-seura.fi\/#organization"},"potentialAction":[{"@type":"SearchAction","target":{"@type":"EntryPoint","urlTemplate":"https:\/\/koylio-seura.fi\/?s={search_term_string}"},"query-input":{"@type":"PropertyValueSpecification","valueRequired":true,"valueName":"search_term_string"}}],"inLanguage":"fi"},{"@type":"Organization","@id":"https:\/\/koylio-seura.fi\/#organization","name":"K\u00f6yli\u00f6-seura","url":"https:\/\/koylio-seura.fi\/","logo":{"@type":"ImageObject","inLanguage":"fi","@id":"https:\/\/koylio-seura.fi\/#\/schema\/logo\/image\/","url":"https:\/\/koylio-seura.fi\/wp-content\/uploads\/2023\/07\/cropped-KS-logo-23.png","contentUrl":"https:\/\/koylio-seura.fi\/wp-content\/uploads\/2023\/07\/cropped-KS-logo-23.png","width":530,"height":619,"caption":"K\u00f6yli\u00f6-seura"},"image":{"@id":"https:\/\/koylio-seura.fi\/#\/schema\/logo\/image\/"}}]}},"_links":{"self":[{"href":"https:\/\/koylio-seura.fi\/index.php?rest_route=\/wp\/v2\/pages\/59","targetHints":{"allow":["GET"]}}],"collection":[{"href":"https:\/\/koylio-seura.fi\/index.php?rest_route=\/wp\/v2\/pages"}],"about":[{"href":"https:\/\/koylio-seura.fi\/index.php?rest_route=\/wp\/v2\/types\/page"}],"author":[{"embeddable":true,"href":"https:\/\/koylio-seura.fi\/index.php?rest_route=\/wp\/v2\/users\/1"}],"replies":[{"embeddable":true,"href":"https:\/\/koylio-seura.fi\/index.php?rest_route=%2Fwp%2Fv2%2Fcomments&post=59"}],"version-history":[{"count":96,"href":"https:\/\/koylio-seura.fi\/index.php?rest_route=\/wp\/v2\/pages\/59\/revisions"}],"predecessor-version":[{"id":16229,"href":"https:\/\/koylio-seura.fi\/index.php?rest_route=\/wp\/v2\/pages\/59\/revisions\/16229"}],"up":[{"embeddable":true,"href":"https:\/\/koylio-seura.fi\/index.php?rest_route=\/wp\/v2\/pages\/2"}],"wp:attachment":[{"href":"https:\/\/koylio-seura.fi\/index.php?rest_route=%2Fwp%2Fv2%2Fmedia&parent=59"}],"curies":[{"name":"wp","href":"https:\/\/api.w.org\/{rel}","templated":true}]}}