{"id":5769,"date":"2024-01-09T16:37:45","date_gmt":"2024-01-09T16:37:45","guid":{"rendered":"https:\/\/koylio-seura.eitcon.com\/?page_id=5769"},"modified":"2025-09-25T17:48:33","modified_gmt":"2025-09-25T17:48:33","slug":"pala-aitoa-kuninkaanmantya","status":"publish","type":"page","link":"https:\/\/koylio-seura.fi\/?page_id=5769","title":{"rendered":"Pala Aitoa Kuninkaanm\u00e4nty\u00e4"},"content":{"rendered":"\t\t<div data-elementor-type=\"wp-page\" data-elementor-id=\"5769\" class=\"elementor elementor-5769\" data-elementor-post-type=\"page\">\n\t\t\t\t\t\t<section class=\"elementor-section elementor-top-section elementor-element elementor-element-083237d elementor-section-boxed elementor-section-height-default elementor-section-height-default\" data-id=\"083237d\" data-element_type=\"section\">\n\t\t\t\t\t\t<div class=\"elementor-container elementor-column-gap-default\">\n\t\t\t\t\t<div class=\"elementor-column elementor-col-100 elementor-top-column elementor-element elementor-element-dcfab7f\" data-id=\"dcfab7f\" data-element_type=\"column\">\n\t\t\t<div class=\"elementor-widget-wrap elementor-element-populated\">\n\t\t\t\t\t\t<div class=\"elementor-element elementor-element-b7653db elementor-widget elementor-widget-heading\" data-id=\"b7653db\" data-element_type=\"widget\" data-widget_type=\"heading.default\">\n\t\t\t\t<div class=\"elementor-widget-container\">\n\t\t\t\t\t<h2 class=\"elementor-heading-title elementor-size-default\">Pala aitoa kuninkaanm\u00e4nty\u00e4 numeroidut kappaleet <\/h2>\t\t\t\t<\/div>\n\t\t\t\t<\/div>\n\t\t\t\t<div class=\"elementor-element elementor-element-93c2682 elementor-widget elementor-widget-text-editor\" data-id=\"93c2682\" data-element_type=\"widget\" data-widget_type=\"text-editor.default\">\n\t\t\t\t<div class=\"elementor-widget-container\">\n\t\t\t\t\t\t\t\t\t<table width=\"494\"><tbody><tr><td width=\"64\"><table width=\"508\"><tbody><tr><td width=\"62\">No<\/td><td width=\"278\">Saaja<\/td><td width=\"94\">Lahjoitettu<\/td><td width=\"74\">Myyty<\/td><\/tr><tr><td width=\"62\">\u00a0<\/td><td width=\"278\">\u00a0<\/td><td width=\"94\">\u00a0<\/td><td width=\"74\">\u00a0<\/td><\/tr><tr><td width=\"62\">\u00a0No 1<\/td><td width=\"278\">\u00a0Axel Cedercreutz<\/td><td width=\"94\">X<\/td><td width=\"74\">\u00a0<\/td><\/tr><tr><td width=\"62\">\u00a0No 2<\/td><td width=\"278\">\u00a0Alasatakunta<\/td><td width=\"94\">X<\/td><td width=\"74\">\u00a0<\/td><\/tr><tr><td width=\"62\">\u00a0No 3<\/td><td width=\"278\">\u00a0Turun Sanomat<\/td><td width=\"94\">X<\/td><td width=\"74\">\u00a0<\/td><\/tr><tr><td width=\"62\">\u00a0No 4<\/td><td width=\"278\">\u00a0Satakunnan Kansa<\/td><td width=\"94\">X<\/td><td width=\"74\">\u00a0<\/td><\/tr><tr><td width=\"62\">\u00a0No 5<\/td><td width=\"278\">\u00a0K\u00f6yli\u00f6n kunta<\/td><td width=\"94\">X<\/td><td width=\"74\">\u00a0<\/td><\/tr><tr><td width=\"62\">\u00a0No 6<\/td><td width=\"278\">\u00a0K\u00f6yli\u00f6n-S\u00e4kyl\u00e4n S\u00e4hk\u00f6<\/td><td width=\"94\">X<\/td><td width=\"74\">\u00a0<\/td><\/tr><tr><td width=\"62\">\u00a0No 7<\/td><td width=\"278\">\u00a0Pentti Zetterberg<\/td><td width=\"94\">X<\/td><td width=\"74\">\u00a0<\/td><\/tr><tr><td width=\"62\">\u00a0No 8<\/td><td width=\"278\">\u00a0Kari Uotila<\/td><td width=\"94\">X<\/td><td width=\"74\">\u00a0<\/td><\/tr><tr><td width=\"62\">\u00a0No 9<\/td><td width=\"278\">\u00a0Kankaanp\u00e4\u00e4n kyl\u00e4yhdistys<\/td><td width=\"94\">X<\/td><td width=\"74\">\u00a0<\/td><\/tr><tr><td width=\"62\">\u00a0No 10<\/td><td width=\"278\">\u00a0Lions Club, K\u00f6yli\u00f6<\/td><td width=\"94\">X<\/td><td width=\"74\">\u00a0<\/td><\/tr><tr><td width=\"62\">\u00a0No 11<\/td><td width=\"278\">\u00a0K\u00f6yli\u00f6n Seurakunta\u00a0\u00a0\u00a0\u00a0\u00a0\u00a0\u00a0\u00a0\u00a0\u00a0\u00a0\u00a0\u00a0\u00a0\u00a0\u00a0\u00a0\u00a0\u00a0\u00a0\u00a0\u00a0\u00a0\u00a0\u00a0 \u00a0<\/td><td width=\"94\">X<\/td><td width=\"74\">\u00a0<\/td><\/tr><tr><td width=\"62\">\u00a0No 011<\/td><td width=\"278\">\u00a0Jaakko Ojala\u00a0 \u00a0 \u00a0 \u00a0 \u00a0 \u00a0 \u00a0 \u00a0 \u00a0 \u00a0 \u00a0 \u00a0 \u00a0 \u00a0 \u00a0\u00a0<\/td><td width=\"94\">\u00a0<\/td><td width=\"74\">X<\/td><\/tr><tr><td width=\"62\">\u00a0No 12<\/td><td width=\"278\">\u00a0Tuiskulan Kotikolo\/Veikko Salo<\/td><td width=\"94\">X<\/td><td width=\"74\">\u00a0<\/td><\/tr><tr><td width=\"62\">\u00a0No 13<\/td><td width=\"278\">\u00a0Pyh\u00e4j\u00e4rvi-instituutti\/20-v.<\/td><td width=\"94\">X<\/td><td width=\"74\">\u00a0<\/td><\/tr><tr><td width=\"62\">\u00a0No 14<\/td><td width=\"278\">\u00a0Sirpa Wahlqvist, Eura<\/td><td width=\"94\">X<\/td><td width=\"74\">\u00a0<\/td><\/tr><tr><td width=\"62\">\u00a0No 15<\/td><td width=\"278\">\u00a0Turun Sanomat\/Jorma Pihlava<\/td><td width=\"94\">X<\/td><td width=\"74\">\u00a0<\/td><\/tr><tr><td width=\"62\">\u00a0No 16<\/td><td width=\"278\">\u00a0Mikko M\u00e4kinen<\/td><td width=\"94\">\u00a0<\/td><td width=\"74\">X<\/td><\/tr><tr><td width=\"62\">\u00a0No 17<\/td><td width=\"278\">\u00a0Eeva Perttula, Porin \u00c4ss\u00e4t<\/td><td width=\"94\">X<\/td><td width=\"74\">\u00a0<\/td><\/tr><tr><td width=\"62\">\u00a0No 18<\/td><td width=\"278\">\u00a0Leader Pyh\u00e4j\u00e4rvi<\/td><td width=\"94\">X<\/td><td width=\"74\">\u00a0<\/td><\/tr><tr><td width=\"62\">\u00a0No 19<\/td><td width=\"278\">\u00a0S\u00e4kyl\u00e4-seura<\/td><td width=\"94\">X<\/td><td width=\"74\">\u00a0<\/td><\/tr><tr><td width=\"62\">\u00a0No 20<\/td><td width=\"278\">\u00a0Hannu\u00a0 Orpo<\/td><td width=\"94\">X<\/td><td width=\"74\">\u00a0<\/td><\/tr><tr><td width=\"62\">\u00a0No 21<\/td><td width=\"278\">\u00a0Tero Kinnunen<\/td><td width=\"94\">\u00a0<\/td><td width=\"74\">X<\/td><\/tr><tr><td width=\"62\">\u00a0No 22<\/td><td width=\"278\">\u00a0P\u00e4ivi Sauramo\u00a0<\/td><td width=\"94\">\u00a0<\/td><td width=\"74\">X<\/td><\/tr><tr><td width=\"62\">No 23<\/td><td width=\"278\">\u00a0K\u00f6yli\u00f6n Sotainvalidit<\/td><td width=\"94\">\u00a0<\/td><td width=\"74\">X<\/td><\/tr><tr><td width=\"62\">\u00a0No 24<\/td><td width=\"278\">\u00a0Alpo V\u00e4lil\u00e4<\/td><td width=\"94\">\u00a0<\/td><td width=\"74\">X<\/td><\/tr><tr><td width=\"62\">\u00a0No 25<\/td><td width=\"278\">\u00a0Paula Auerkari ent. Sauramo<\/td><td width=\"94\">\u00a0<\/td><td width=\"74\">X<\/td><\/tr><tr><td width=\"62\">\u00a0No 26<\/td><td width=\"278\">\u00a0Tuntematon<\/td><td width=\"94\">\u00a0<\/td><td width=\"74\">\u00a0<\/td><\/tr><tr><td width=\"62\">\u00a0No 27<\/td><td width=\"278\">\u00a0Simo Nummi<\/td><td width=\"94\">X<\/td><td width=\"74\">\u00a0<\/td><\/tr><tr><td width=\"62\">\u00a0No 28<\/td><td width=\"278\">\u00a0Aino Aaltonen<\/td><td width=\"94\">\u00a0<\/td><td width=\"74\">X<\/td><\/tr><tr><td width=\"62\">\u00a0No 29<\/td><td width=\"278\">\u00a0Alpo Heino<\/td><td width=\"94\">\u00a0<\/td><td width=\"74\">X<\/td><\/tr><tr><td width=\"62\">\u00a0No 30<\/td><td width=\"278\">\u00a0Maarit Aaltonen<\/td><td width=\"94\">\u00a0<\/td><td width=\"74\">X<\/td><\/tr><tr><td width=\"62\">\u00a0No 31<\/td><td width=\"278\">\u00a0Varastossa (M\u00e4ntypala suorakaide)<\/td><td width=\"94\">\u00a0<\/td><td width=\"74\">\u00a0<\/td><\/tr><tr><td width=\"62\">\u00a0No 32<\/td><td width=\"278\">\u00a0Arvi Sn\u00e4ll<\/td><td width=\"94\">\u00a0<\/td><td width=\"74\">X<\/td><\/tr><tr><td width=\"62\">\u00a0No 33<\/td><td width=\"278\">\u00a0K\u00f6yli\u00f6n kunta, yst\u00e4vyyskunta Nora Ruotsi<\/td><td width=\"94\">\u00a0<\/td><td width=\"74\">X<\/td><\/tr><tr><td width=\"62\">\u00a0No 34<\/td><td width=\"278\">Huurmanni Oy<\/td><td width=\"94\">\u00a0<\/td><td width=\"74\">X<\/td><\/tr><tr><td width=\"62\">\u00a0No 35<\/td><td width=\"278\">LC\/Kirsti Tupalalle<\/td><td width=\"94\">\u00a0<\/td><td width=\"74\">X<\/td><\/tr><tr><td width=\"62\">\u00a0No 36<\/td><td width=\"278\">Pyht\u00e4\u00e4-seura ry<\/td><td width=\"94\">\u00a0<\/td><td width=\"74\">X<\/td><\/tr><tr><td width=\"62\">No 37<\/td><td width=\"278\">Semmi Uotila<\/td><td width=\"94\">\u00a0<\/td><td width=\"74\">X<\/td><\/tr><tr><td width=\"62\">No 38<\/td><td width=\"278\">Martti Viskari<\/td><td width=\"94\">\u00a0<\/td><td width=\"74\">X<\/td><\/tr><tr><td width=\"62\">No 39<\/td><td width=\"278\">K\u00f6yli\u00f6n Vanhakartano\/Ilkka M\u00e4kel\u00e4lle<\/td><td width=\"94\">\u00a0<\/td><td width=\"74\">X<\/td><\/tr><tr><td width=\"62\">\u00a0No 40<\/td><td width=\"278\">Kepolan kartano 200 v.<\/td><td width=\"94\">X<\/td><td width=\"74\">\u00a0<\/td><\/tr><tr><td rowspan=\"2\" width=\"62\">No 41<\/td><td width=\"278\">Salme Miettinen<\/td><td rowspan=\"2\" width=\"94\">\u00a0<\/td><td rowspan=\"2\" width=\"74\">X<\/td><\/tr><tr><td width=\"278\">\u00a0<\/td><\/tr><tr><td width=\"62\">No 42<\/td><td width=\"278\">Samuil Tirkeltaub<\/td><td width=\"94\">X<\/td><td width=\"74\">\u00a0<\/td><\/tr><tr><td width=\"62\">No 43<\/td><td width=\"278\">Keijo Koskinen<\/td><td width=\"94\">\u00a0<\/td><td width=\"74\">X<\/td><\/tr><tr><td width=\"62\">No 44<\/td><td width=\"278\">Eija Kym\u00e4l\u00e4inen<\/td><td width=\"94\">\u00a0<\/td><td width=\"74\">X<\/td><\/tr><tr><td width=\"62\">No 45<\/td><td width=\"278\">EL K\u00f6yli\u00f6, Ulla Kolu 70-v.<\/td><td width=\"94\">\u00a0<\/td><td width=\"74\">X<\/td><\/tr><tr><td width=\"62\">No 46<\/td><td width=\"278\">Asser Lehtoranta, 75-v lahja 2019<\/td><td width=\"94\">X<\/td><td width=\"74\">\u00a0<\/td><\/tr><tr><td width=\"62\">No 47<\/td><td width=\"278\">Helena Santala (kaiverrettu)\u00a0 K\u00f6yli\u00f6n Yst\u00e4v\u00e4<\/td><td width=\"94\">X<\/td><td width=\"74\">\u00a0<\/td><\/tr><tr><td width=\"62\">No 48<\/td><td width=\"278\">Kalevi Salmi (kaiverrettu)\u00a0 K\u00f6yli\u00f6n Yst\u00e4v\u00e4<\/td><td width=\"94\">X<\/td><td width=\"74\">\u00a0<\/td><\/tr><tr><td width=\"62\">No 49<\/td><td width=\"278\">Keijo Koskinen (meistattu) K\u00f6yli\u00f6n Yst\u00e4v\u00e4<\/td><td width=\"94\">X<\/td><td width=\"74\">\u00a0<\/td><\/tr><tr><td width=\"62\">No 50<\/td><td width=\"278\">Martti Erkkil\u00e4 (kaiverrettu) K\u00f6yli\u00f6n Yst\u00e4v\u00e4<\/td><td width=\"94\">X<\/td><td width=\"74\">\u00a0<\/td><\/tr><tr><td width=\"62\">No 51<\/td><td width=\"278\">Tapani Santala (kaiverrettu) K\u00f6yli\u00f6n Yst\u00e4v\u00e4<\/td><td width=\"94\">X<\/td><td width=\"74\">\u00a0<\/td><\/tr><tr><td width=\"62\">No 52<\/td><td width=\"278\">Mikko Eskola<\/td><td width=\"94\">X<\/td><td width=\"74\">\u00a0<\/td><\/tr><tr><td width=\"62\">No 53<\/td><td width=\"278\">Pentti Vuotila.\u00a0\u00a0 K\u00f6yli\u00f6n Yst\u00e4v\u00e4 2024<\/td><td width=\"94\">X<\/td><td width=\"74\">\u00a0<\/td><\/tr><tr><td width=\"62\">Nro 54<\/td><td width=\"278\">Mirja Salmi, K\u00f6yli\u00f6n yst\u00e4v\u00e4 2025<\/td><td width=\"94\">X<\/td><td>\u00a0<\/td><\/tr><tr><td>\u00a0<\/td><td width=\"278\">Paavisto Heikki, 2025, numeroimaton\u00a0<\/td><td>\u00a0<\/td><td>X<\/td><\/tr><\/tbody><\/table><\/td><td width=\"303\">\u00a0<\/td><td width=\"75\">\u00a0<\/td><td width=\"52\">\u00a0<\/td><\/tr><tr><td>\u00a0<\/td><td>\u00a0<\/td><td>\u00a0<\/td><td>\u00a0<\/td><\/tr><tr><td width=\"64\">\u00a0<\/td><td width=\"303\">\u00a0<\/td><td>\u00a0<\/td><td>\u00a0<\/td><\/tr><tr><td width=\"64\">\u00a0<\/td><td width=\"303\">\u00a0<\/td><td>\u00a0<\/td><td>\u00a0<\/td><\/tr><tr><td width=\"64\">\u00a0<\/td><td width=\"303\">\u00a0<\/td><td>\u00a0<\/td><td>\u00a0<\/td><\/tr><tr><td width=\"64\">\u00a0<\/td><td width=\"303\">\u00a0<\/td><td>\u00a0<\/td><td>\u00a0<\/td><\/tr><tr><td width=\"64\">\u00a0<\/td><td width=\"303\">\u00a0<\/td><td>\u00a0<\/td><td>\u00a0<\/td><\/tr><tr><td width=\"64\">\u00a0<\/td><td width=\"303\">\u00a0<\/td><td>\u00a0<\/td><td>\u00a0<\/td><\/tr><tr><td width=\"64\">\u00a0<\/td><td width=\"303\">\u00a0<\/td><td>\u00a0<\/td><td>\u00a0<\/td><\/tr><tr><td width=\"64\">\u00a0<\/td><td width=\"303\">\u00a0<\/td><td>\u00a0<\/td><td>\u00a0<\/td><\/tr><tr><td width=\"64\">\u00a0<\/td><td width=\"303\">\u00a0<\/td><td>\u00a0<\/td><td>\u00a0<\/td><\/tr><tr><td width=\"64\">\u00a0<\/td><td width=\"303\">\u00a0<\/td><td>\u00a0<\/td><td>\u00a0<\/td><\/tr><tr><td width=\"64\">\u00a0<\/td><td width=\"303\">\u00a0<\/td><td>\u00a0<\/td><td>\u00a0<\/td><\/tr><tr><td width=\"64\">\u00a0<\/td><td width=\"303\">\u00a0<\/td><td>\u00a0<\/td><td>\u00a0<\/td><\/tr><tr><td width=\"64\">\u00a0<\/td><td width=\"303\">\u00a0<\/td><td>\u00a0<\/td><td>\u00a0<\/td><\/tr><tr><td width=\"64\">\u00a0<\/td><td width=\"303\">\u00a0<\/td><td>\u00a0<\/td><td>\u00a0<\/td><\/tr><tr><td width=\"64\">\u00a0<\/td><td width=\"303\">\u00a0<\/td><td>\u00a0<\/td><td>\u00a0<\/td><\/tr><tr><td width=\"64\">\u00a0<\/td><td width=\"303\">\u00a0<\/td><td>\u00a0<\/td><td>\u00a0<\/td><\/tr><tr><td width=\"64\">\u00a0<\/td><td width=\"303\">\u00a0<\/td><td>\u00a0<\/td><td>\u00a0<\/td><\/tr><tr><td width=\"64\">\u00a0<\/td><td width=\"303\">\u00a0<\/td><td>\u00a0<\/td><td>\u00a0<\/td><\/tr><tr><td width=\"64\">\u00a0<\/td><td width=\"303\">\u00a0<\/td><td>\u00a0<\/td><td>\u00a0<\/td><\/tr><tr><td width=\"64\">\u00a0<\/td><td width=\"303\">\u00a0<\/td><td>\u00a0<\/td><td>\u00a0<\/td><\/tr><tr><td width=\"64\">\u00a0<\/td><td width=\"303\">\u00a0<\/td><td>\u00a0<\/td><td>\u00a0<\/td><\/tr><tr><td width=\"64\">\u00a0<\/td><td width=\"303\">\u00a0<\/td><td>\u00a0<\/td><td>\u00a0<\/td><\/tr><tr><td width=\"64\">\u00a0<\/td><td width=\"303\">\u00a0<\/td><td>\u00a0<\/td><td>\u00a0<\/td><\/tr><tr><td width=\"64\">\u00a0<\/td><td width=\"303\">\u00a0<\/td><td>\u00a0<\/td><td>\u00a0<\/td><\/tr><tr><td width=\"64\">\u00a0<\/td><td width=\"303\">\u00a0<\/td><td>\u00a0<\/td><td>\u00a0<\/td><\/tr><tr><td width=\"64\">\u00a0<\/td><td width=\"303\">\u00a0<\/td><td>\u00a0<\/td><td>\u00a0<\/td><\/tr><tr><td width=\"64\">\u00a0<\/td><td width=\"303\">\u00a0<\/td><td>\u00a0<\/td><td>\u00a0<\/td><\/tr><tr><td width=\"64\">\u00a0<\/td><td width=\"303\">\u00a0<\/td><td>\u00a0<\/td><td>\u00a0<\/td><\/tr><tr><td width=\"64\">\u00a0<\/td><td width=\"303\">\u00a0<\/td><td>\u00a0<\/td><td>\u00a0<\/td><\/tr><tr><td width=\"64\">\u00a0<\/td><td width=\"303\">\u00a0<\/td><td>\u00a0<\/td><td>\u00a0<\/td><\/tr><tr><td width=\"64\">\u00a0<\/td><td width=\"303\">\u00a0<\/td><td>\u00a0<\/td><td>\u00a0<\/td><\/tr><tr><td width=\"64\">\u00a0<\/td><td width=\"303\">\u00a0<\/td><td>\u00a0<\/td><td>\u00a0<\/td><\/tr><tr><td width=\"64\">\u00a0<\/td><td width=\"303\">\u00a0<\/td><td>\u00a0<\/td><td>\u00a0<\/td><\/tr><tr><td width=\"64\">\u00a0<\/td><td width=\"303\">\u00a0<\/td><td>\u00a0<\/td><td>\u00a0<\/td><\/tr><tr><td width=\"64\">\u00a0<\/td><td width=\"303\">\u00a0<\/td><td>\u00a0<\/td><td>\u00a0<\/td><\/tr><tr><td width=\"64\">\u00a0<\/td><td width=\"303\">\u00a0<\/td><td>\u00a0<\/td><td>\u00a0<\/td><\/tr><tr><td width=\"64\">\u00a0<\/td><td width=\"303\">\u00a0<\/td><td>\u00a0<\/td><td>\u00a0<\/td><\/tr><tr><td width=\"64\">\u00a0<\/td><td width=\"303\">\u00a0<\/td><td>\u00a0<\/td><td>\u00a0<\/td><\/tr><tr><td width=\"64\">\u00a0<\/td><td width=\"303\">\u00a0<\/td><td>\u00a0<\/td><td>\u00a0<\/td><\/tr><tr><td width=\"64\">\u00a0<\/td><td width=\"303\">\u00a0<\/td><td>\u00a0<\/td><td>\u00a0<\/td><\/tr><tr><td width=\"64\">\u00a0<\/td><td width=\"303\">\u00a0<\/td><td>\u00a0<\/td><td>\u00a0<\/td><\/tr><tr><td width=\"64\">\u00a0<\/td><td width=\"303\">\u00a0<\/td><td>\u00a0<\/td><td>\u00a0<\/td><\/tr><tr><td width=\"64\">\u00a0<\/td><td width=\"303\">\u00a0<\/td><td>\u00a0<\/td><td>\u00a0<\/td><\/tr><tr><td width=\"64\">\u00a0<\/td><td width=\"303\">\u00a0<\/td><td>\u00a0<\/td><td>\u00a0<\/td><\/tr><tr><td width=\"64\">\u00a0<\/td><td width=\"303\">\u00a0<\/td><td>\u00a0<\/td><td>\u00a0<\/td><\/tr><tr><td width=\"64\">\u00a0<\/td><td width=\"303\">\u00a0<\/td><td>\u00a0<\/td><td>\u00a0<\/td><\/tr><tr><td>\u00a0<\/td><td>\u00a0<\/td><td>\u00a0<\/td><td>\u00a0<\/td><\/tr><tr><td>\u00a0<\/td><td>\u00a0<\/td><td>\u00a0<\/td><td>\u00a0<\/td><\/tr><tr><td>\u00a0<\/td><td width=\"303\">\u00a0<\/td><td>\u00a0<\/td><td>\u00a0<\/td><\/tr><tr><td width=\"64\">\u00a0<\/td><td width=\"303\">\u00a0<\/td><td>\u00a0<\/td><td>\u00a0<\/td><\/tr><tr><td>\u00a0<\/td><td width=\"303\">\u00a0<\/td><td>\u00a0<\/td><td>\u00a0<\/td><\/tr><tr><td>\u00a0<\/td><td width=\"303\">\u00a0<\/td><td>\u00a0<\/td><td>\u00a0<\/td><\/tr><tr><td>\u00a0<\/td><td width=\"303\">\u00a0<\/td><td>\u00a0<\/td><td>\u00a0<\/td><\/tr><tr><td>\u00a0<\/td><td width=\"303\">\u00a0<\/td><td>\u00a0<\/td><td>\u00a0<\/td><\/tr><\/tbody><\/table>\t\t\t\t\t\t\t\t<\/div>\n\t\t\t\t<\/div>\n\t\t\t\t\t<\/div>\n\t\t<\/div>\n\t\t\t\t\t<\/div>\n\t\t<\/section>\n\t\t\t\t<\/div>\n\t\t","protected":false},"excerpt":{"rendered":"<p>Pala aitoa kuninkaanm\u00e4nty\u00e4 numeroidut kappaleet No Saaja Lahjoitettu Myyty \u00a0 \u00a0 \u00a0 \u00a0 \u00a0No 1 \u00a0Axel Cedercreutz X \u00a0 \u00a0No 2 \u00a0Alasatakunta X \u00a0 \u00a0No 3 \u00a0Turun Sanomat X \u00a0 \u00a0No 4 \u00a0Satakunnan Kansa X \u00a0 \u00a0No 5 \u00a0K\u00f6yli\u00f6n kunta &#8230; <a title=\"Pala Aitoa Kuninkaanm\u00e4nty\u00e4\" class=\"read-more\" href=\"https:\/\/koylio-seura.fi\/?page_id=5769\" aria-label=\"Lue lis\u00e4\u00e4 aiheesta Pala Aitoa Kuninkaanm\u00e4nty\u00e4\">Lue lis\u00e4\u00e4<\/a><\/p>\n","protected":false},"author":1,"featured_media":0,"parent":7660,"menu_order":0,"comment_status":"closed","ping_status":"closed","template":"","meta":{"footnotes":""},"class_list":{"0":"post-5769","1":"page","2":"type-page","3":"status-publish","5":"infinite-scroll-item"},"yoast_head":"<!-- This site is optimized with the Yoast SEO plugin v26.6 - https:\/\/yoast.com\/wordpress\/plugins\/seo\/ -->\n<title>Pala Aitoa Kuninkaanm\u00e4nty\u00e4 - K\u00f6yli\u00f6-seura<\/title>\n<meta name=\"robots\" content=\"index, follow, max-snippet:-1, max-image-preview:large, max-video-preview:-1\" \/>\n<link rel=\"canonical\" href=\"https:\/\/koylio-seura.fi\/?page_id=5769\" \/>\n<meta property=\"og:locale\" content=\"fi_FI\" \/>\n<meta property=\"og:type\" content=\"article\" \/>\n<meta property=\"og:title\" content=\"Pala Aitoa Kuninkaanm\u00e4nty\u00e4 - K\u00f6yli\u00f6-seura\" \/>\n<meta property=\"og:description\" content=\"Pala aitoa kuninkaanm\u00e4nty\u00e4 numeroidut kappaleet No Saaja Lahjoitettu Myyty \u00a0 \u00a0 \u00a0 \u00a0 \u00a0No 1 \u00a0Axel Cedercreutz X \u00a0 \u00a0No 2 \u00a0Alasatakunta X \u00a0 \u00a0No 3 \u00a0Turun Sanomat X \u00a0 \u00a0No 4 \u00a0Satakunnan Kansa X \u00a0 \u00a0No 5 \u00a0K\u00f6yli\u00f6n kunta ... Lue lis\u00e4\u00e4\" \/>\n<meta property=\"og:url\" content=\"https:\/\/koylio-seura.fi\/?page_id=5769\" \/>\n<meta property=\"og:site_name\" content=\"K\u00f6yli\u00f6-seura\" \/>\n<meta property=\"article:modified_time\" content=\"2025-09-25T17:48:33+00:00\" \/>\n<meta name=\"twitter:card\" content=\"summary_large_image\" \/>\n<meta name=\"twitter:label1\" content=\"Arvioitu lukuaika\" \/>\n\t<meta name=\"twitter:data1\" content=\"3 minuuttia\" \/>\n<script type=\"application\/ld+json\" class=\"yoast-schema-graph\">{\"@context\":\"https:\/\/schema.org\",\"@graph\":[{\"@type\":\"WebPage\",\"@id\":\"https:\/\/koylio-seura.fi\/?page_id=5769\",\"url\":\"https:\/\/koylio-seura.fi\/?page_id=5769\",\"name\":\"Pala Aitoa Kuninkaanm\u00e4nty\u00e4 - K\u00f6yli\u00f6-seura\",\"isPartOf\":{\"@id\":\"https:\/\/koylio-seura.fi\/#website\"},\"datePublished\":\"2024-01-09T16:37:45+00:00\",\"dateModified\":\"2025-09-25T17:48:33+00:00\",\"breadcrumb\":{\"@id\":\"https:\/\/koylio-seura.fi\/?page_id=5769#breadcrumb\"},\"inLanguage\":\"fi\",\"potentialAction\":[{\"@type\":\"ReadAction\",\"target\":[\"https:\/\/koylio-seura.fi\/?page_id=5769\"]}]},{\"@type\":\"BreadcrumbList\",\"@id\":\"https:\/\/koylio-seura.fi\/?page_id=5769#breadcrumb\",\"itemListElement\":[{\"@type\":\"ListItem\",\"position\":1,\"name\":\"Etusivu\",\"item\":\"https:\/\/koylio-seura.fi\/\"},{\"@type\":\"ListItem\",\"position\":2,\"name\":\"Palkitsemiset ja muistamiset\",\"item\":\"https:\/\/koylio-seura.fi\/?page_id=7660\"},{\"@type\":\"ListItem\",\"position\":3,\"name\":\"Pala Aitoa Kuninkaanm\u00e4nty\u00e4\"}]},{\"@type\":\"WebSite\",\"@id\":\"https:\/\/koylio-seura.fi\/#website\",\"url\":\"https:\/\/koylio-seura.fi\/\",\"name\":\"K\u00f6yli\u00f6-seura\",\"description\":\"\",\"publisher\":{\"@id\":\"https:\/\/koylio-seura.fi\/#organization\"},\"potentialAction\":[{\"@type\":\"SearchAction\",\"target\":{\"@type\":\"EntryPoint\",\"urlTemplate\":\"https:\/\/koylio-seura.fi\/?s={search_term_string}\"},\"query-input\":{\"@type\":\"PropertyValueSpecification\",\"valueRequired\":true,\"valueName\":\"search_term_string\"}}],\"inLanguage\":\"fi\"},{\"@type\":\"Organization\",\"@id\":\"https:\/\/koylio-seura.fi\/#organization\",\"name\":\"K\u00f6yli\u00f6-seura\",\"url\":\"https:\/\/koylio-seura.fi\/\",\"logo\":{\"@type\":\"ImageObject\",\"inLanguage\":\"fi\",\"@id\":\"https:\/\/koylio-seura.fi\/#\/schema\/logo\/image\/\",\"url\":\"https:\/\/koylio-seura.fi\/wp-content\/uploads\/2023\/07\/cropped-KS-logo-23.png\",\"contentUrl\":\"https:\/\/koylio-seura.fi\/wp-content\/uploads\/2023\/07\/cropped-KS-logo-23.png\",\"width\":530,\"height\":619,\"caption\":\"K\u00f6yli\u00f6-seura\"},\"image\":{\"@id\":\"https:\/\/koylio-seura.fi\/#\/schema\/logo\/image\/\"}}]}<\/script>\n<!-- \/ Yoast SEO plugin. -->","yoast_head_json":{"title":"Pala Aitoa Kuninkaanm\u00e4nty\u00e4 - K\u00f6yli\u00f6-seura","robots":{"index":"index","follow":"follow","max-snippet":"max-snippet:-1","max-image-preview":"max-image-preview:large","max-video-preview":"max-video-preview:-1"},"canonical":"https:\/\/koylio-seura.fi\/?page_id=5769","og_locale":"fi_FI","og_type":"article","og_title":"Pala Aitoa Kuninkaanm\u00e4nty\u00e4 - K\u00f6yli\u00f6-seura","og_description":"Pala aitoa kuninkaanm\u00e4nty\u00e4 numeroidut kappaleet No Saaja Lahjoitettu Myyty \u00a0 \u00a0 \u00a0 \u00a0 \u00a0No 1 \u00a0Axel Cedercreutz X \u00a0 \u00a0No 2 \u00a0Alasatakunta X \u00a0 \u00a0No 3 \u00a0Turun Sanomat X \u00a0 \u00a0No 4 \u00a0Satakunnan Kansa X \u00a0 \u00a0No 5 \u00a0K\u00f6yli\u00f6n kunta ... Lue lis\u00e4\u00e4","og_url":"https:\/\/koylio-seura.fi\/?page_id=5769","og_site_name":"K\u00f6yli\u00f6-seura","article_modified_time":"2025-09-25T17:48:33+00:00","twitter_card":"summary_large_image","twitter_misc":{"Arvioitu lukuaika":"3 minuuttia"},"schema":{"@context":"https:\/\/schema.org","@graph":[{"@type":"WebPage","@id":"https:\/\/koylio-seura.fi\/?page_id=5769","url":"https:\/\/koylio-seura.fi\/?page_id=5769","name":"Pala Aitoa Kuninkaanm\u00e4nty\u00e4 - K\u00f6yli\u00f6-seura","isPartOf":{"@id":"https:\/\/koylio-seura.fi\/#website"},"datePublished":"2024-01-09T16:37:45+00:00","dateModified":"2025-09-25T17:48:33+00:00","breadcrumb":{"@id":"https:\/\/koylio-seura.fi\/?page_id=5769#breadcrumb"},"inLanguage":"fi","potentialAction":[{"@type":"ReadAction","target":["https:\/\/koylio-seura.fi\/?page_id=5769"]}]},{"@type":"BreadcrumbList","@id":"https:\/\/koylio-seura.fi\/?page_id=5769#breadcrumb","itemListElement":[{"@type":"ListItem","position":1,"name":"Etusivu","item":"https:\/\/koylio-seura.fi\/"},{"@type":"ListItem","position":2,"name":"Palkitsemiset ja muistamiset","item":"https:\/\/koylio-seura.fi\/?page_id=7660"},{"@type":"ListItem","position":3,"name":"Pala Aitoa Kuninkaanm\u00e4nty\u00e4"}]},{"@type":"WebSite","@id":"https:\/\/koylio-seura.fi\/#website","url":"https:\/\/koylio-seura.fi\/","name":"K\u00f6yli\u00f6-seura","description":"","publisher":{"@id":"https:\/\/koylio-seura.fi\/#organization"},"potentialAction":[{"@type":"SearchAction","target":{"@type":"EntryPoint","urlTemplate":"https:\/\/koylio-seura.fi\/?s={search_term_string}"},"query-input":{"@type":"PropertyValueSpecification","valueRequired":true,"valueName":"search_term_string"}}],"inLanguage":"fi"},{"@type":"Organization","@id":"https:\/\/koylio-seura.fi\/#organization","name":"K\u00f6yli\u00f6-seura","url":"https:\/\/koylio-seura.fi\/","logo":{"@type":"ImageObject","inLanguage":"fi","@id":"https:\/\/koylio-seura.fi\/#\/schema\/logo\/image\/","url":"https:\/\/koylio-seura.fi\/wp-content\/uploads\/2023\/07\/cropped-KS-logo-23.png","contentUrl":"https:\/\/koylio-seura.fi\/wp-content\/uploads\/2023\/07\/cropped-KS-logo-23.png","width":530,"height":619,"caption":"K\u00f6yli\u00f6-seura"},"image":{"@id":"https:\/\/koylio-seura.fi\/#\/schema\/logo\/image\/"}}]}},"_links":{"self":[{"href":"https:\/\/koylio-seura.fi\/index.php?rest_route=\/wp\/v2\/pages\/5769","targetHints":{"allow":["GET"]}}],"collection":[{"href":"https:\/\/koylio-seura.fi\/index.php?rest_route=\/wp\/v2\/pages"}],"about":[{"href":"https:\/\/koylio-seura.fi\/index.php?rest_route=\/wp\/v2\/types\/page"}],"author":[{"embeddable":true,"href":"https:\/\/koylio-seura.fi\/index.php?rest_route=\/wp\/v2\/users\/1"}],"replies":[{"embeddable":true,"href":"https:\/\/koylio-seura.fi\/index.php?rest_route=%2Fwp%2Fv2%2Fcomments&post=5769"}],"version-history":[{"count":19,"href":"https:\/\/koylio-seura.fi\/index.php?rest_route=\/wp\/v2\/pages\/5769\/revisions"}],"predecessor-version":[{"id":15106,"href":"https:\/\/koylio-seura.fi\/index.php?rest_route=\/wp\/v2\/pages\/5769\/revisions\/15106"}],"up":[{"embeddable":true,"href":"https:\/\/koylio-seura.fi\/index.php?rest_route=\/wp\/v2\/pages\/7660"}],"wp:attachment":[{"href":"https:\/\/koylio-seura.fi\/index.php?rest_route=%2Fwp%2Fv2%2Fmedia&parent=5769"}],"curies":[{"name":"wp","href":"https:\/\/api.w.org\/{rel}","templated":true}]}}