{"id":5767,"date":"2024-01-09T16:36:40","date_gmt":"2024-01-09T16:36:40","guid":{"rendered":"https:\/\/koylio-seura.eitcon.com\/?page_id=5767"},"modified":"2025-07-14T08:15:31","modified_gmt":"2025-07-14T08:15:31","slug":"kunniakirjat","status":"publish","type":"page","link":"https:\/\/koylio-seura.fi\/?page_id=5767","title":{"rendered":"Kunniakirjat"},"content":{"rendered":"\t\t<div data-elementor-type=\"wp-page\" data-elementor-id=\"5767\" class=\"elementor elementor-5767\" data-elementor-post-type=\"page\">\n\t\t\t\t\t\t<section class=\"elementor-section elementor-top-section elementor-element elementor-element-8961f12 elementor-section-boxed elementor-section-height-default elementor-section-height-default\" data-id=\"8961f12\" data-element_type=\"section\">\n\t\t\t\t\t\t<div class=\"elementor-container elementor-column-gap-default\">\n\t\t\t\t\t<div class=\"elementor-column elementor-col-100 elementor-top-column elementor-element elementor-element-2903778\" data-id=\"2903778\" data-element_type=\"column\">\n\t\t\t<div class=\"elementor-widget-wrap elementor-element-populated\">\n\t\t\t\t\t\t<div class=\"elementor-element elementor-element-8ecd4b5 elementor-widget elementor-widget-heading\" data-id=\"8ecd4b5\" data-element_type=\"widget\" data-widget_type=\"heading.default\">\n\t\t\t\t<div class=\"elementor-widget-container\">\n\t\t\t\t\t<h2 class=\"elementor-heading-title elementor-size-default\">K\u00f6yli\u00f6-seuran my\u00f6nt\u00e4m\u00e4t  kunniakirjat <\/h2>\t\t\t\t<\/div>\n\t\t\t\t<\/div>\n\t\t\t\t\t<\/div>\n\t\t<\/div>\n\t\t\t\t\t<\/div>\n\t\t<\/section>\n\t\t\t\t<section class=\"elementor-section elementor-top-section elementor-element elementor-element-0c9ed4b elementor-section-boxed elementor-section-height-default elementor-section-height-default\" data-id=\"0c9ed4b\" data-element_type=\"section\">\n\t\t\t\t\t\t<div class=\"elementor-container elementor-column-gap-default\">\n\t\t\t\t\t<div class=\"elementor-column elementor-col-100 elementor-top-column elementor-element elementor-element-787d741\" data-id=\"787d741\" data-element_type=\"column\">\n\t\t\t<div class=\"elementor-widget-wrap elementor-element-populated\">\n\t\t\t\t\t\t<div class=\"elementor-element elementor-element-bc57456 elementor-widget elementor-widget-text-editor\" data-id=\"bc57456\" data-element_type=\"widget\" data-widget_type=\"text-editor.default\">\n\t\t\t\t<div class=\"elementor-widget-container\">\n\t\t\t\t\t\t\t\t\t<table width=\"379\"><tbody><tr><td width=\"98\">No 1<\/td><td width=\"148\">Niilo Iham\u00e4ki<\/td><td width=\"133\">19.3.2001<\/td><\/tr><tr><td width=\"98\">No 2<\/td><td width=\"148\">Olavi Linturi<\/td><td width=\"133\">19.04.2002\u00a0<\/td><\/tr><tr><td width=\"98\">No 3<\/td><td width=\"148\">Kalevi Salmi<\/td><td width=\"133\">14.09.2002\u00a0<\/td><\/tr><tr><td width=\"98\">No 4<\/td><td width=\"148\">Juhani Kaatonen<\/td><td width=\"133\">07.12.2002\u00a0<\/td><\/tr><tr><td width=\"98\">No 5<\/td><td width=\"148\">Risto Routama<\/td><td width=\"133\">09.03.2004\u00a0<\/td><\/tr><tr><td width=\"98\">No 6<\/td><td width=\"148\">Liisa Palonen<\/td><td width=\"133\">12.10.2004\u00a0<\/td><\/tr><tr><td width=\"98\">No 7\u00a0<\/td><td width=\"148\">Paula H\u00e4rk\u00e4l\u00e4<\/td><td width=\"133\">28.06.2005\u00a0<\/td><\/tr><tr><td width=\"98\">No 8<\/td><td width=\"148\">Rauni Halonen<\/td><td width=\"133\">10.04.2006\u00a0<\/td><\/tr><tr><td width=\"98\">No 9<\/td><td width=\"148\">Simo Nummi<\/td><td width=\"133\">1.6.2007<\/td><\/tr><tr><td width=\"98\">No 10<\/td><td width=\"148\">Jaakko Ojala<\/td><td width=\"133\">22.9.2007<\/td><\/tr><tr><td width=\"98\">No 11<\/td><td width=\"148\">Hannu Orpo<\/td><td width=\"133\">25.03.2008\u00a0<\/td><\/tr><tr><td width=\"98\">No 12<\/td><td width=\"148\">Samuli Vahteristo<\/td><td width=\"133\">24.10.2008\u00a0<\/td><\/tr><tr><td width=\"98\">No 13<\/td><td width=\"148\">Axel Cedercreutz<\/td><td width=\"133\">24.03.2009\u00a0<\/td><\/tr><tr><td width=\"98\">No 14<\/td><td width=\"148\">Heikki Silvola<\/td><td width=\"133\">28.10.2009<\/td><\/tr><tr><td width=\"98\">No 15<\/td><td width=\"148\">Asser Lehtoranta<\/td><td width=\"133\">\u00a02017<\/td><\/tr><tr><td width=\"98\">No 16<\/td><td width=\"148\">Helena Santala<\/td><td width=\"133\">2017<\/td><\/tr><tr><td width=\"98\">No 17<\/td><td width=\"148\">Jouko Korpinen<\/td><td width=\"133\">\u00a029.10.2017<\/td><\/tr><tr><td width=\"98\">No 18<\/td><td width=\"148\">Kari Hietala<\/td><td width=\"133\">\u00a029.10.2017<\/td><\/tr><tr><td width=\"98\">No 19<\/td><td width=\"148\">Hanna Jaakola<\/td><td width=\"133\">7.6.2018<\/td><\/tr><tr><td width=\"98\">No 20<\/td><td width=\"148\">Seppo Saarinen<\/td><td width=\"133\">17.6.2018<\/td><\/tr><tr><td width=\"98\">No 21<\/td><td width=\"148\">Alpo V\u00e4lil\u00e4<\/td><td width=\"133\">17.6.2018<\/td><\/tr><tr><td width=\"98\">No 22<\/td><td width=\"148\">Kirsti Savioja<\/td><td width=\"133\">17.6.2018<\/td><\/tr><tr><td width=\"98\">No 23<\/td><td width=\"148\">Jaakko Ojala<\/td><td width=\"133\">30.6.2019<\/td><\/tr><tr><td width=\"98\">No 24<\/td><td width=\"148\">Mikko Eskola<\/td><td width=\"133\">30.6.2019<\/td><\/tr><tr><td width=\"98\">No 25<\/td><td width=\"148\">Helvi Heikkil\u00e4<\/td><td width=\"133\">30.6.2019<\/td><\/tr><tr><td width=\"98\">No 26<\/td><td width=\"148\">Saana Kauko<\/td><td width=\"133\">30.6.2019<\/td><\/tr><tr><td width=\"98\">No 27<\/td><td width=\"148\">Kalevi Salmi\u00a0<\/td><td>13.7.2025<\/td><\/tr><tr><td width=\"98\">No 28<\/td><td width=\"148\">Samuli Vahteristo\u00a0<\/td><td>13.7.2025<\/td><\/tr><\/tbody><\/table>\t\t\t\t\t\t\t\t<\/div>\n\t\t\t\t<\/div>\n\t\t\t\t\t<\/div>\n\t\t<\/div>\n\t\t\t\t\t<\/div>\n\t\t<\/section>\n\t\t\t\t<\/div>\n\t\t","protected":false},"excerpt":{"rendered":"<p>K\u00f6yli\u00f6-seuran my\u00f6nt\u00e4m\u00e4t kunniakirjat No 1 Niilo Iham\u00e4ki 19.3.2001 No 2 Olavi Linturi 19.04.2002\u00a0 No 3 Kalevi Salmi 14.09.2002\u00a0 No 4 Juhani Kaatonen 07.12.2002\u00a0 No 5 Risto Routama 09.03.2004\u00a0 No 6 Liisa Palonen 12.10.2004\u00a0 No 7\u00a0 Paula H\u00e4rk\u00e4l\u00e4 28.06.2005\u00a0 No 8 &#8230; <a title=\"Kunniakirjat\" class=\"read-more\" href=\"https:\/\/koylio-seura.fi\/?page_id=5767\" aria-label=\"Lue lis\u00e4\u00e4 aiheesta Kunniakirjat\">Lue lis\u00e4\u00e4<\/a><\/p>\n","protected":false},"author":1,"featured_media":0,"parent":5763,"menu_order":0,"comment_status":"closed","ping_status":"closed","template":"","meta":{"footnotes":""},"class_list":{"0":"post-5767","1":"page","2":"type-page","3":"status-publish","5":"infinite-scroll-item"},"yoast_head":"<!-- This site is optimized with the Yoast SEO plugin v26.6 - https:\/\/yoast.com\/wordpress\/plugins\/seo\/ -->\n<title>Kunniakirjat - K\u00f6yli\u00f6-seura<\/title>\n<meta name=\"robots\" content=\"index, follow, max-snippet:-1, max-image-preview:large, max-video-preview:-1\" \/>\n<link rel=\"canonical\" href=\"https:\/\/koylio-seura.fi\/?page_id=5767\" \/>\n<meta property=\"og:locale\" content=\"fi_FI\" \/>\n<meta property=\"og:type\" content=\"article\" \/>\n<meta property=\"og:title\" content=\"Kunniakirjat - K\u00f6yli\u00f6-seura\" \/>\n<meta property=\"og:description\" content=\"K\u00f6yli\u00f6-seuran my\u00f6nt\u00e4m\u00e4t kunniakirjat No 1 Niilo Iham\u00e4ki 19.3.2001 No 2 Olavi Linturi 19.04.2002\u00a0 No 3 Kalevi Salmi 14.09.2002\u00a0 No 4 Juhani Kaatonen 07.12.2002\u00a0 No 5 Risto Routama 09.03.2004\u00a0 No 6 Liisa Palonen 12.10.2004\u00a0 No 7\u00a0 Paula H\u00e4rk\u00e4l\u00e4 28.06.2005\u00a0 No 8 ... Lue lis\u00e4\u00e4\" \/>\n<meta property=\"og:url\" content=\"https:\/\/koylio-seura.fi\/?page_id=5767\" \/>\n<meta property=\"og:site_name\" content=\"K\u00f6yli\u00f6-seura\" \/>\n<meta property=\"article:modified_time\" content=\"2025-07-14T08:15:31+00:00\" \/>\n<meta name=\"twitter:card\" content=\"summary_large_image\" \/>\n<meta name=\"twitter:label1\" content=\"Arvioitu lukuaika\" \/>\n\t<meta name=\"twitter:data1\" content=\"1 minuutti\" \/>\n<script type=\"application\/ld+json\" class=\"yoast-schema-graph\">{\"@context\":\"https:\/\/schema.org\",\"@graph\":[{\"@type\":\"WebPage\",\"@id\":\"https:\/\/koylio-seura.fi\/?page_id=5767\",\"url\":\"https:\/\/koylio-seura.fi\/?page_id=5767\",\"name\":\"Kunniakirjat - K\u00f6yli\u00f6-seura\",\"isPartOf\":{\"@id\":\"https:\/\/koylio-seura.fi\/#website\"},\"datePublished\":\"2024-01-09T16:36:40+00:00\",\"dateModified\":\"2025-07-14T08:15:31+00:00\",\"breadcrumb\":{\"@id\":\"https:\/\/koylio-seura.fi\/?page_id=5767#breadcrumb\"},\"inLanguage\":\"fi\",\"potentialAction\":[{\"@type\":\"ReadAction\",\"target\":[\"https:\/\/koylio-seura.fi\/?page_id=5767\"]}]},{\"@type\":\"BreadcrumbList\",\"@id\":\"https:\/\/koylio-seura.fi\/?page_id=5767#breadcrumb\",\"itemListElement\":[{\"@type\":\"ListItem\",\"position\":1,\"name\":\"Etusivu\",\"item\":\"https:\/\/koylio-seura.fi\/\"},{\"@type\":\"ListItem\",\"position\":2,\"name\":\"Tapahtunutta\",\"item\":\"https:\/\/koylio-seura.fi\/?page_id=370\"},{\"@type\":\"ListItem\",\"position\":3,\"name\":\"Muut muistamiset\",\"item\":\"https:\/\/koylio-seura.fi\/?page_id=5763\"},{\"@type\":\"ListItem\",\"position\":4,\"name\":\"Kunniakirjat\"}]},{\"@type\":\"WebSite\",\"@id\":\"https:\/\/koylio-seura.fi\/#website\",\"url\":\"https:\/\/koylio-seura.fi\/\",\"name\":\"K\u00f6yli\u00f6-seura\",\"description\":\"\",\"publisher\":{\"@id\":\"https:\/\/koylio-seura.fi\/#organization\"},\"potentialAction\":[{\"@type\":\"SearchAction\",\"target\":{\"@type\":\"EntryPoint\",\"urlTemplate\":\"https:\/\/koylio-seura.fi\/?s={search_term_string}\"},\"query-input\":{\"@type\":\"PropertyValueSpecification\",\"valueRequired\":true,\"valueName\":\"search_term_string\"}}],\"inLanguage\":\"fi\"},{\"@type\":\"Organization\",\"@id\":\"https:\/\/koylio-seura.fi\/#organization\",\"name\":\"K\u00f6yli\u00f6-seura\",\"url\":\"https:\/\/koylio-seura.fi\/\",\"logo\":{\"@type\":\"ImageObject\",\"inLanguage\":\"fi\",\"@id\":\"https:\/\/koylio-seura.fi\/#\/schema\/logo\/image\/\",\"url\":\"https:\/\/koylio-seura.fi\/wp-content\/uploads\/2023\/07\/cropped-KS-logo-23.png\",\"contentUrl\":\"https:\/\/koylio-seura.fi\/wp-content\/uploads\/2023\/07\/cropped-KS-logo-23.png\",\"width\":530,\"height\":619,\"caption\":\"K\u00f6yli\u00f6-seura\"},\"image\":{\"@id\":\"https:\/\/koylio-seura.fi\/#\/schema\/logo\/image\/\"}}]}<\/script>\n<!-- \/ Yoast SEO plugin. -->","yoast_head_json":{"title":"Kunniakirjat - K\u00f6yli\u00f6-seura","robots":{"index":"index","follow":"follow","max-snippet":"max-snippet:-1","max-image-preview":"max-image-preview:large","max-video-preview":"max-video-preview:-1"},"canonical":"https:\/\/koylio-seura.fi\/?page_id=5767","og_locale":"fi_FI","og_type":"article","og_title":"Kunniakirjat - K\u00f6yli\u00f6-seura","og_description":"K\u00f6yli\u00f6-seuran my\u00f6nt\u00e4m\u00e4t kunniakirjat No 1 Niilo Iham\u00e4ki 19.3.2001 No 2 Olavi Linturi 19.04.2002\u00a0 No 3 Kalevi Salmi 14.09.2002\u00a0 No 4 Juhani Kaatonen 07.12.2002\u00a0 No 5 Risto Routama 09.03.2004\u00a0 No 6 Liisa Palonen 12.10.2004\u00a0 No 7\u00a0 Paula H\u00e4rk\u00e4l\u00e4 28.06.2005\u00a0 No 8 ... Lue lis\u00e4\u00e4","og_url":"https:\/\/koylio-seura.fi\/?page_id=5767","og_site_name":"K\u00f6yli\u00f6-seura","article_modified_time":"2025-07-14T08:15:31+00:00","twitter_card":"summary_large_image","twitter_misc":{"Arvioitu lukuaika":"1 minuutti"},"schema":{"@context":"https:\/\/schema.org","@graph":[{"@type":"WebPage","@id":"https:\/\/koylio-seura.fi\/?page_id=5767","url":"https:\/\/koylio-seura.fi\/?page_id=5767","name":"Kunniakirjat - K\u00f6yli\u00f6-seura","isPartOf":{"@id":"https:\/\/koylio-seura.fi\/#website"},"datePublished":"2024-01-09T16:36:40+00:00","dateModified":"2025-07-14T08:15:31+00:00","breadcrumb":{"@id":"https:\/\/koylio-seura.fi\/?page_id=5767#breadcrumb"},"inLanguage":"fi","potentialAction":[{"@type":"ReadAction","target":["https:\/\/koylio-seura.fi\/?page_id=5767"]}]},{"@type":"BreadcrumbList","@id":"https:\/\/koylio-seura.fi\/?page_id=5767#breadcrumb","itemListElement":[{"@type":"ListItem","position":1,"name":"Etusivu","item":"https:\/\/koylio-seura.fi\/"},{"@type":"ListItem","position":2,"name":"Tapahtunutta","item":"https:\/\/koylio-seura.fi\/?page_id=370"},{"@type":"ListItem","position":3,"name":"Muut muistamiset","item":"https:\/\/koylio-seura.fi\/?page_id=5763"},{"@type":"ListItem","position":4,"name":"Kunniakirjat"}]},{"@type":"WebSite","@id":"https:\/\/koylio-seura.fi\/#website","url":"https:\/\/koylio-seura.fi\/","name":"K\u00f6yli\u00f6-seura","description":"","publisher":{"@id":"https:\/\/koylio-seura.fi\/#organization"},"potentialAction":[{"@type":"SearchAction","target":{"@type":"EntryPoint","urlTemplate":"https:\/\/koylio-seura.fi\/?s={search_term_string}"},"query-input":{"@type":"PropertyValueSpecification","valueRequired":true,"valueName":"search_term_string"}}],"inLanguage":"fi"},{"@type":"Organization","@id":"https:\/\/koylio-seura.fi\/#organization","name":"K\u00f6yli\u00f6-seura","url":"https:\/\/koylio-seura.fi\/","logo":{"@type":"ImageObject","inLanguage":"fi","@id":"https:\/\/koylio-seura.fi\/#\/schema\/logo\/image\/","url":"https:\/\/koylio-seura.fi\/wp-content\/uploads\/2023\/07\/cropped-KS-logo-23.png","contentUrl":"https:\/\/koylio-seura.fi\/wp-content\/uploads\/2023\/07\/cropped-KS-logo-23.png","width":530,"height":619,"caption":"K\u00f6yli\u00f6-seura"},"image":{"@id":"https:\/\/koylio-seura.fi\/#\/schema\/logo\/image\/"}}]}},"_links":{"self":[{"href":"https:\/\/koylio-seura.fi\/index.php?rest_route=\/wp\/v2\/pages\/5767","targetHints":{"allow":["GET"]}}],"collection":[{"href":"https:\/\/koylio-seura.fi\/index.php?rest_route=\/wp\/v2\/pages"}],"about":[{"href":"https:\/\/koylio-seura.fi\/index.php?rest_route=\/wp\/v2\/types\/page"}],"author":[{"embeddable":true,"href":"https:\/\/koylio-seura.fi\/index.php?rest_route=\/wp\/v2\/users\/1"}],"replies":[{"embeddable":true,"href":"https:\/\/koylio-seura.fi\/index.php?rest_route=%2Fwp%2Fv2%2Fcomments&post=5767"}],"version-history":[{"count":16,"href":"https:\/\/koylio-seura.fi\/index.php?rest_route=\/wp\/v2\/pages\/5767\/revisions"}],"predecessor-version":[{"id":14579,"href":"https:\/\/koylio-seura.fi\/index.php?rest_route=\/wp\/v2\/pages\/5767\/revisions\/14579"}],"up":[{"embeddable":true,"href":"https:\/\/koylio-seura.fi\/index.php?rest_route=\/wp\/v2\/pages\/5763"}],"wp:attachment":[{"href":"https:\/\/koylio-seura.fi\/index.php?rest_route=%2Fwp%2Fv2%2Fmedia&parent=5767"}],"curies":[{"name":"wp","href":"https:\/\/api.w.org\/{rel}","templated":true}]}}