{"id":5765,"date":"2024-01-09T16:36:04","date_gmt":"2024-01-09T16:36:04","guid":{"rendered":"https:\/\/koylio-seura.eitcon.com\/?page_id=5765"},"modified":"2025-07-14T08:44:47","modified_gmt":"2025-07-14T08:44:47","slug":"ansiomerkit","status":"publish","type":"page","link":"https:\/\/koylio-seura.fi\/?page_id=5765","title":{"rendered":"Ansiomerkit"},"content":{"rendered":"\t\t<div data-elementor-type=\"wp-page\" data-elementor-id=\"5765\" class=\"elementor elementor-5765\" data-elementor-post-type=\"page\">\n\t\t\t\t\t\t<section class=\"elementor-section elementor-top-section elementor-element elementor-element-7ea05e9 elementor-section-boxed elementor-section-height-default elementor-section-height-default\" data-id=\"7ea05e9\" data-element_type=\"section\">\n\t\t\t\t\t\t<div class=\"elementor-container elementor-column-gap-default\">\n\t\t\t\t\t<div class=\"elementor-column elementor-col-100 elementor-top-column elementor-element elementor-element-5f35dd6\" data-id=\"5f35dd6\" data-element_type=\"column\">\n\t\t\t<div class=\"elementor-widget-wrap elementor-element-populated\">\n\t\t\t\t\t\t<div class=\"elementor-element elementor-element-fe8afa3 elementor-widget elementor-widget-heading\" data-id=\"fe8afa3\" data-element_type=\"widget\" data-widget_type=\"heading.default\">\n\t\t\t\t<div class=\"elementor-widget-container\">\n\t\t\t\t\t<h2 class=\"elementor-heading-title elementor-size-default\">K\u00f6yli\u00f6-seuran j\u00e4senilleen anomat ansiomerkit  <\/h2>\t\t\t\t<\/div>\n\t\t\t\t<\/div>\n\t\t\t\t\t<\/div>\n\t\t<\/div>\n\t\t\t\t\t<\/div>\n\t\t<\/section>\n\t\t\t\t<section class=\"elementor-section elementor-top-section elementor-element elementor-element-503a7e8 elementor-section-boxed elementor-section-height-default elementor-section-height-default\" data-id=\"503a7e8\" data-element_type=\"section\">\n\t\t\t\t\t\t<div class=\"elementor-container elementor-column-gap-default\">\n\t\t\t\t\t<div class=\"elementor-column elementor-col-100 elementor-top-column elementor-element elementor-element-740c2f6\" data-id=\"740c2f6\" data-element_type=\"column\">\n\t\t\t<div class=\"elementor-widget-wrap elementor-element-populated\">\n\t\t\t\t\t\t<div class=\"elementor-element elementor-element-9dd368c elementor-widget elementor-widget-text-editor\" data-id=\"9dd368c\" data-element_type=\"widget\" data-widget_type=\"text-editor.default\">\n\t\t\t\t<div class=\"elementor-widget-container\">\n\t\t\t\t\t\t\t\t\t<table width=\"392\"><tbody><tr><td width=\"318\">Suomen Kotiseutuliiton pronssiset ansiomerkit<\/td><td width=\"74\">\u00a0<\/td><\/tr><tr><td width=\"318\">\u00a0<\/td><td width=\"74\">\u00a0<\/td><\/tr><tr><td width=\"318\">Kalevi Salmi<\/td><td width=\"74\">\u00a0<\/td><\/tr><tr><td width=\"318\">Aimo Kalmeenoja<\/td><td width=\"74\">17.6.2018<\/td><\/tr><tr><td width=\"318\">\u00a0<\/td><td width=\"74\">\u00a0<\/td><\/tr><tr><td width=\"318\">Suomen Kotiseutuliiton hopeiset ansiomerkit<\/td><td width=\"74\">\u00a0<\/td><\/tr><tr><td width=\"318\">\u00a0<\/td><td width=\"74\">\u00a0<\/td><\/tr><tr><td width=\"318\">Kalevi Salmi,\u00a0no 1061<\/td><td width=\"74\">4.9.2012<\/td><\/tr><tr><td width=\"318\">Alpo Heino<\/td><td width=\"74\">9.8.2020<\/td><\/tr><tr><td width=\"318\">Liisa Yski<\/td><td width=\"74\">9.8.2020<\/td><\/tr><tr><td width=\"318\">Seija Ojala<\/td><td width=\"74\">9.8.2020<\/td><\/tr><tr><td width=\"318\">Pirjo Kotiranta<\/td><td width=\"74\">9.8.2020<\/td><\/tr><tr><td width=\"318\">Kirsti Savioja<\/td><td width=\"74\">9.8.2020<\/td><\/tr><tr><td width=\"318\">Anne Helin<\/td><td width=\"74\">9.8.2020<\/td><\/tr><tr><td width=\"318\">Helena Santala<\/td><td width=\"74\">9.8.2020<\/td><\/tr><tr><td width=\"318\">Marita Holkeri\u00a0<\/td><td width=\"74\">13.7.2025<\/td><\/tr><tr><td width=\"318\">Marja Mikkola\u00a0<\/td><td width=\"74\">13.7.2025<\/td><\/tr><tr><td width=\"318\">Sari Minkovitsch<\/td><td width=\"74\">13.7.2025<\/td><\/tr><tr><td width=\"318\">Anne Reunanen\u00a0<\/td><td width=\"74\">13.7.2025<\/td><\/tr><tr><td width=\"318\">Pentti Vuotila<\/td><td width=\"74\">13.7.2025<\/td><\/tr><tr><td width=\"318\">\u00a0<\/td><td width=\"74\">\u00a0<\/td><\/tr><tr><td width=\"318\">Suomen Kotiseutuliiton kultaiset ansiomerkit<\/td><td width=\"74\">\u00a0<\/td><\/tr><tr><td width=\"318\">\u00a0<\/td><td width=\"74\">\u00a0<\/td><\/tr><tr><td width=\"318\">Paula H\u00e4rk\u00e4l\u00e4<\/td><td width=\"74\">29.6.2013<\/td><\/tr><tr><td width=\"318\">Niilo Iham\u00e4ki<\/td><td width=\"74\">29.6.2013<\/td><\/tr><tr><td width=\"318\">Kalevi Salmi<\/td><td width=\"74\">12.8.2017<\/td><\/tr><tr><td width=\"318\">Samuli Vahteristo<\/td><td width=\"74\">18.11.2018<\/td><\/tr><tr><td width=\"318\">Anneli Laine<\/td><td width=\"74\">9.8.2020<\/td><\/tr><tr><td width=\"318\">Asser Lehtoranta<\/td><td width=\"74\">9.8.2020<\/td><\/tr><tr><td width=\"318\">Lassi Kauko<\/td><td width=\"74\">9.8.2020<\/td><\/tr><tr><td width=\"318\">Helena Santala<\/td><td width=\"74\">18.6.2023<\/td><\/tr><tr><td width=\"318\">\u00a0<\/td><td width=\"74\">\u00a0<\/td><\/tr><tr><td width=\"318\">\u00a0Suomen Kotiseutuliiton ansiomitali<\/td><td width=\"74\">\u00a0<\/td><\/tr><tr><td width=\"318\">Jaakko Ojala<\/td><td width=\"74\">12.8.2017<\/td><\/tr><tr><td width=\"318\">Kalevi Salmi<\/td><td width=\"74\">20.11.2020<\/td><\/tr><tr><td width=\"318\">\u00a0<\/td><td width=\"74\">\u00a0<\/td><\/tr><\/tbody><\/table>\t\t\t\t\t\t\t\t<\/div>\n\t\t\t\t<\/div>\n\t\t\t\t\t<\/div>\n\t\t<\/div>\n\t\t\t\t\t<\/div>\n\t\t<\/section>\n\t\t\t\t<\/div>\n\t\t","protected":false},"excerpt":{"rendered":"<p>K\u00f6yli\u00f6-seuran j\u00e4senilleen anomat ansiomerkit Suomen Kotiseutuliiton pronssiset ansiomerkit \u00a0 \u00a0 \u00a0 Kalevi Salmi \u00a0 Aimo Kalmeenoja 17.6.2018 \u00a0 \u00a0 Suomen Kotiseutuliiton hopeiset ansiomerkit \u00a0 \u00a0 \u00a0 Kalevi Salmi,\u00a0no 1061 4.9.2012 Alpo Heino 9.8.2020 Liisa Yski 9.8.2020 Seija Ojala 9.8.2020 Pirjo &#8230; <a title=\"Ansiomerkit\" class=\"read-more\" href=\"https:\/\/koylio-seura.fi\/?page_id=5765\" aria-label=\"Lue lis\u00e4\u00e4 aiheesta Ansiomerkit\">Lue lis\u00e4\u00e4<\/a><\/p>\n","protected":false},"author":1,"featured_media":0,"parent":7660,"menu_order":0,"comment_status":"closed","ping_status":"closed","template":"","meta":{"footnotes":""},"class_list":{"0":"post-5765","1":"page","2":"type-page","3":"status-publish","5":"infinite-scroll-item"},"yoast_head":"<!-- This site is optimized with the Yoast SEO plugin v26.6 - https:\/\/yoast.com\/wordpress\/plugins\/seo\/ -->\n<title>Ansiomerkit - K\u00f6yli\u00f6-seura<\/title>\n<meta name=\"robots\" content=\"index, follow, max-snippet:-1, max-image-preview:large, max-video-preview:-1\" \/>\n<link rel=\"canonical\" href=\"https:\/\/koylio-seura.fi\/?page_id=5765\" \/>\n<meta property=\"og:locale\" content=\"fi_FI\" \/>\n<meta property=\"og:type\" content=\"article\" \/>\n<meta property=\"og:title\" content=\"Ansiomerkit - K\u00f6yli\u00f6-seura\" \/>\n<meta property=\"og:description\" content=\"K\u00f6yli\u00f6-seuran j\u00e4senilleen anomat ansiomerkit Suomen Kotiseutuliiton pronssiset ansiomerkit \u00a0 \u00a0 \u00a0 Kalevi Salmi \u00a0 Aimo Kalmeenoja 17.6.2018 \u00a0 \u00a0 Suomen Kotiseutuliiton hopeiset ansiomerkit \u00a0 \u00a0 \u00a0 Kalevi Salmi,\u00a0no 1061 4.9.2012 Alpo Heino 9.8.2020 Liisa Yski 9.8.2020 Seija Ojala 9.8.2020 Pirjo ... Lue lis\u00e4\u00e4\" \/>\n<meta property=\"og:url\" content=\"https:\/\/koylio-seura.fi\/?page_id=5765\" \/>\n<meta property=\"og:site_name\" content=\"K\u00f6yli\u00f6-seura\" \/>\n<meta property=\"article:modified_time\" content=\"2025-07-14T08:44:47+00:00\" \/>\n<meta name=\"twitter:card\" content=\"summary_large_image\" \/>\n<meta name=\"twitter:label1\" content=\"Arvioitu lukuaika\" \/>\n\t<meta name=\"twitter:data1\" content=\"1 minuutti\" \/>\n<script type=\"application\/ld+json\" class=\"yoast-schema-graph\">{\"@context\":\"https:\/\/schema.org\",\"@graph\":[{\"@type\":\"WebPage\",\"@id\":\"https:\/\/koylio-seura.fi\/?page_id=5765\",\"url\":\"https:\/\/koylio-seura.fi\/?page_id=5765\",\"name\":\"Ansiomerkit - K\u00f6yli\u00f6-seura\",\"isPartOf\":{\"@id\":\"https:\/\/koylio-seura.fi\/#website\"},\"datePublished\":\"2024-01-09T16:36:04+00:00\",\"dateModified\":\"2025-07-14T08:44:47+00:00\",\"breadcrumb\":{\"@id\":\"https:\/\/koylio-seura.fi\/?page_id=5765#breadcrumb\"},\"inLanguage\":\"fi\",\"potentialAction\":[{\"@type\":\"ReadAction\",\"target\":[\"https:\/\/koylio-seura.fi\/?page_id=5765\"]}]},{\"@type\":\"BreadcrumbList\",\"@id\":\"https:\/\/koylio-seura.fi\/?page_id=5765#breadcrumb\",\"itemListElement\":[{\"@type\":\"ListItem\",\"position\":1,\"name\":\"Etusivu\",\"item\":\"https:\/\/koylio-seura.fi\/\"},{\"@type\":\"ListItem\",\"position\":2,\"name\":\"Palkitsemiset ja muistamiset\",\"item\":\"https:\/\/koylio-seura.fi\/?page_id=7660\"},{\"@type\":\"ListItem\",\"position\":3,\"name\":\"Ansiomerkit\"}]},{\"@type\":\"WebSite\",\"@id\":\"https:\/\/koylio-seura.fi\/#website\",\"url\":\"https:\/\/koylio-seura.fi\/\",\"name\":\"K\u00f6yli\u00f6-seura\",\"description\":\"\",\"publisher\":{\"@id\":\"https:\/\/koylio-seura.fi\/#organization\"},\"potentialAction\":[{\"@type\":\"SearchAction\",\"target\":{\"@type\":\"EntryPoint\",\"urlTemplate\":\"https:\/\/koylio-seura.fi\/?s={search_term_string}\"},\"query-input\":{\"@type\":\"PropertyValueSpecification\",\"valueRequired\":true,\"valueName\":\"search_term_string\"}}],\"inLanguage\":\"fi\"},{\"@type\":\"Organization\",\"@id\":\"https:\/\/koylio-seura.fi\/#organization\",\"name\":\"K\u00f6yli\u00f6-seura\",\"url\":\"https:\/\/koylio-seura.fi\/\",\"logo\":{\"@type\":\"ImageObject\",\"inLanguage\":\"fi\",\"@id\":\"https:\/\/koylio-seura.fi\/#\/schema\/logo\/image\/\",\"url\":\"https:\/\/koylio-seura.fi\/wp-content\/uploads\/2023\/07\/cropped-KS-logo-23.png\",\"contentUrl\":\"https:\/\/koylio-seura.fi\/wp-content\/uploads\/2023\/07\/cropped-KS-logo-23.png\",\"width\":530,\"height\":619,\"caption\":\"K\u00f6yli\u00f6-seura\"},\"image\":{\"@id\":\"https:\/\/koylio-seura.fi\/#\/schema\/logo\/image\/\"}}]}<\/script>\n<!-- \/ Yoast SEO plugin. -->","yoast_head_json":{"title":"Ansiomerkit - K\u00f6yli\u00f6-seura","robots":{"index":"index","follow":"follow","max-snippet":"max-snippet:-1","max-image-preview":"max-image-preview:large","max-video-preview":"max-video-preview:-1"},"canonical":"https:\/\/koylio-seura.fi\/?page_id=5765","og_locale":"fi_FI","og_type":"article","og_title":"Ansiomerkit - K\u00f6yli\u00f6-seura","og_description":"K\u00f6yli\u00f6-seuran j\u00e4senilleen anomat ansiomerkit Suomen Kotiseutuliiton pronssiset ansiomerkit \u00a0 \u00a0 \u00a0 Kalevi Salmi \u00a0 Aimo Kalmeenoja 17.6.2018 \u00a0 \u00a0 Suomen Kotiseutuliiton hopeiset ansiomerkit \u00a0 \u00a0 \u00a0 Kalevi Salmi,\u00a0no 1061 4.9.2012 Alpo Heino 9.8.2020 Liisa Yski 9.8.2020 Seija Ojala 9.8.2020 Pirjo ... Lue lis\u00e4\u00e4","og_url":"https:\/\/koylio-seura.fi\/?page_id=5765","og_site_name":"K\u00f6yli\u00f6-seura","article_modified_time":"2025-07-14T08:44:47+00:00","twitter_card":"summary_large_image","twitter_misc":{"Arvioitu lukuaika":"1 minuutti"},"schema":{"@context":"https:\/\/schema.org","@graph":[{"@type":"WebPage","@id":"https:\/\/koylio-seura.fi\/?page_id=5765","url":"https:\/\/koylio-seura.fi\/?page_id=5765","name":"Ansiomerkit - K\u00f6yli\u00f6-seura","isPartOf":{"@id":"https:\/\/koylio-seura.fi\/#website"},"datePublished":"2024-01-09T16:36:04+00:00","dateModified":"2025-07-14T08:44:47+00:00","breadcrumb":{"@id":"https:\/\/koylio-seura.fi\/?page_id=5765#breadcrumb"},"inLanguage":"fi","potentialAction":[{"@type":"ReadAction","target":["https:\/\/koylio-seura.fi\/?page_id=5765"]}]},{"@type":"BreadcrumbList","@id":"https:\/\/koylio-seura.fi\/?page_id=5765#breadcrumb","itemListElement":[{"@type":"ListItem","position":1,"name":"Etusivu","item":"https:\/\/koylio-seura.fi\/"},{"@type":"ListItem","position":2,"name":"Palkitsemiset ja muistamiset","item":"https:\/\/koylio-seura.fi\/?page_id=7660"},{"@type":"ListItem","position":3,"name":"Ansiomerkit"}]},{"@type":"WebSite","@id":"https:\/\/koylio-seura.fi\/#website","url":"https:\/\/koylio-seura.fi\/","name":"K\u00f6yli\u00f6-seura","description":"","publisher":{"@id":"https:\/\/koylio-seura.fi\/#organization"},"potentialAction":[{"@type":"SearchAction","target":{"@type":"EntryPoint","urlTemplate":"https:\/\/koylio-seura.fi\/?s={search_term_string}"},"query-input":{"@type":"PropertyValueSpecification","valueRequired":true,"valueName":"search_term_string"}}],"inLanguage":"fi"},{"@type":"Organization","@id":"https:\/\/koylio-seura.fi\/#organization","name":"K\u00f6yli\u00f6-seura","url":"https:\/\/koylio-seura.fi\/","logo":{"@type":"ImageObject","inLanguage":"fi","@id":"https:\/\/koylio-seura.fi\/#\/schema\/logo\/image\/","url":"https:\/\/koylio-seura.fi\/wp-content\/uploads\/2023\/07\/cropped-KS-logo-23.png","contentUrl":"https:\/\/koylio-seura.fi\/wp-content\/uploads\/2023\/07\/cropped-KS-logo-23.png","width":530,"height":619,"caption":"K\u00f6yli\u00f6-seura"},"image":{"@id":"https:\/\/koylio-seura.fi\/#\/schema\/logo\/image\/"}}]}},"_links":{"self":[{"href":"https:\/\/koylio-seura.fi\/index.php?rest_route=\/wp\/v2\/pages\/5765","targetHints":{"allow":["GET"]}}],"collection":[{"href":"https:\/\/koylio-seura.fi\/index.php?rest_route=\/wp\/v2\/pages"}],"about":[{"href":"https:\/\/koylio-seura.fi\/index.php?rest_route=\/wp\/v2\/types\/page"}],"author":[{"embeddable":true,"href":"https:\/\/koylio-seura.fi\/index.php?rest_route=\/wp\/v2\/users\/1"}],"replies":[{"embeddable":true,"href":"https:\/\/koylio-seura.fi\/index.php?rest_route=%2Fwp%2Fv2%2Fcomments&post=5765"}],"version-history":[{"count":16,"href":"https:\/\/koylio-seura.fi\/index.php?rest_route=\/wp\/v2\/pages\/5765\/revisions"}],"predecessor-version":[{"id":14585,"href":"https:\/\/koylio-seura.fi\/index.php?rest_route=\/wp\/v2\/pages\/5765\/revisions\/14585"}],"up":[{"embeddable":true,"href":"https:\/\/koylio-seura.fi\/index.php?rest_route=\/wp\/v2\/pages\/7660"}],"wp:attachment":[{"href":"https:\/\/koylio-seura.fi\/index.php?rest_route=%2Fwp%2Fv2%2Fmedia&parent=5765"}],"curies":[{"name":"wp","href":"https:\/\/api.w.org\/{rel}","templated":true}]}}