{"id":419,"date":"2023-09-17T06:27:33","date_gmt":"2023-09-17T06:27:33","guid":{"rendered":"https:\/\/koylio-seura.eitcon.com\/?page_id=419"},"modified":"2024-09-18T06:09:40","modified_gmt":"2024-09-18T06:09:40","slug":"tiedotussuunnitelma","status":"publish","type":"page","link":"https:\/\/koylio-seura.fi\/?page_id=419","title":{"rendered":"Tiedotussuunnitelma"},"content":{"rendered":"\t\t<div data-elementor-type=\"wp-page\" data-elementor-id=\"419\" class=\"elementor elementor-419\" data-elementor-post-type=\"page\">\n\t\t\t\t\t\t<section class=\"elementor-section elementor-top-section elementor-element elementor-element-23cd48c elementor-section-boxed elementor-section-height-default elementor-section-height-default\" data-id=\"23cd48c\" data-element_type=\"section\">\n\t\t\t\t\t\t<div class=\"elementor-container elementor-column-gap-default\">\n\t\t\t\t\t<div class=\"elementor-column elementor-col-100 elementor-top-column elementor-element elementor-element-19139aa\" data-id=\"19139aa\" data-element_type=\"column\">\n\t\t\t<div class=\"elementor-widget-wrap elementor-element-populated\">\n\t\t\t\t\t\t<div class=\"elementor-element elementor-element-80b39b6 elementor-widget elementor-widget-heading\" data-id=\"80b39b6\" data-element_type=\"widget\" data-widget_type=\"heading.default\">\n\t\t\t\t<div class=\"elementor-widget-container\">\n\t\t\t\t\t<h2 class=\"elementor-heading-title elementor-size-default\">Viestint\u00e4suunnitelma<\/h2>\t\t\t\t<\/div>\n\t\t\t\t<\/div>\n\t\t\t\t\t<\/div>\n\t\t<\/div>\n\t\t\t\t\t<\/div>\n\t\t<\/section>\n\t\t\t\t<section class=\"elementor-section elementor-top-section elementor-element elementor-element-287a70d elementor-section-boxed elementor-section-height-default elementor-section-height-default\" data-id=\"287a70d\" data-element_type=\"section\">\n\t\t\t\t\t\t<div class=\"elementor-container elementor-column-gap-default\">\n\t\t\t\t\t<div class=\"elementor-column elementor-col-100 elementor-top-column elementor-element elementor-element-d487c5f\" data-id=\"d487c5f\" data-element_type=\"column\">\n\t\t\t<div class=\"elementor-widget-wrap elementor-element-populated\">\n\t\t\t\t\t\t<div class=\"elementor-element elementor-element-16e3f1e elementor-widget elementor-widget-text-editor\" data-id=\"16e3f1e\" data-element_type=\"widget\" data-widget_type=\"text-editor.default\">\n\t\t\t\t<div class=\"elementor-widget-container\">\n\t\t\t\t\t\t\t\t\t<div>\u00a0<\/div><div><strong>VIESTINT\u00c4SUUNNITELMA <a href=\"https:\/\/koylio-seura.fi\/wp-content\/uploads\/2023\/07\/cropped-KS-logo-23-1.png\"><img decoding=\"async\" class=\"alignleft size-thumbnail wp-image-128\" src=\"https:\/\/koylio-seura.fi\/wp-content\/uploads\/2023\/07\/cropped-KS-logo-23-1-150x150.png\" alt=\"\" width=\"150\" height=\"150\" srcset=\"https:\/\/koylio-seura.fi\/wp-content\/uploads\/2023\/07\/cropped-KS-logo-23-1-150x150.png 150w, https:\/\/koylio-seura.fi\/wp-content\/uploads\/2023\/07\/cropped-KS-logo-23-1-300x300.png 300w, https:\/\/koylio-seura.fi\/wp-content\/uploads\/2023\/07\/cropped-KS-logo-23-1-270x270.png 270w, https:\/\/koylio-seura.fi\/wp-content\/uploads\/2023\/07\/cropped-KS-logo-23-1-192x192.png 192w, https:\/\/koylio-seura.fi\/wp-content\/uploads\/2023\/07\/cropped-KS-logo-23-1-180x180.png 180w, https:\/\/koylio-seura.fi\/wp-content\/uploads\/2023\/07\/cropped-KS-logo-23-1-32x32.png 32w, https:\/\/koylio-seura.fi\/wp-content\/uploads\/2023\/07\/cropped-KS-logo-23-1.png 512w\" sizes=\"(max-width: 150px) 100vw, 150px\" \/><\/a><\/strong><\/div><div>K\u00f6yli\u00f6-seura ry Y-tunnus 1775816-8<\/div><div>\u00a0<\/div><div>K\u00f6yli\u00f6-seuran hallitus hyv\u00e4ksyi suunnitelman k\u00e4ytt\u00f6\u00f6n 5.9.2024<\/div><div>\u00a0<\/div><div>Viestint\u00e4suunnitelma l\u00f6ytyy my\u00f6s <a href=\"https:\/\/koylio-seura.fi\/wp-content\/uploads\/2024\/09\/KS-VIESTINTASUUNNITELMA-27.7.-2024-SVa_MHo-1-1.pdf\" target=\"_blank\" rel=\"noopener\">t\u00e4st\u00e4 linkist\u00e4.<\/a><\/div><div>\u00a0<\/div><div>YLEIST\u00c4: Viestint\u00e4suunnitelma on ohje, miten, kenelle, miss\u00e4 ja mill\u00e4 tavalla K\u00f6yli\u00f6-seura viestii. Se auttaa seuran viestinn\u00e4n parissa ty\u00f6skentelevi\u00e4 saamaan viestin l\u00e4pi ja saavuttamaan viestinn\u00e4lle asetetut tavoitteet.\u00a0<\/div><div>\u00a0<\/div><div>TAVOITTEET: Tiedottamisen perustan muodostavat s\u00e4\u00e4nn\u00f6t seuran teht\u00e4vist\u00e4 ja toiminnasta \u2013 viestit\u00e4\u00e4n K\u00f6yli\u00f6-seuran imagoa ja arvopohjaa kunnioittaen.\u00a0 Tiedottamisen tulee kulloinkin kohdistua oikeille kohderyhmille, olla oikea-aikaista ja nopeaa. Tiedottaminen jakautuu kohderyhmien perusteella sis\u00e4iseen ja ulkoiseen tiedottamiseen.<\/div><div>\u00a0<\/div><div>TIEDOTTAMISESTA VASTAAVAT: Seuran tiedottamisesta vastaa puheenjohtaja ja hallitus apunaan tiedottaja, somevastaavat ja kotisivuvastaavat, jotka nimet\u00e4\u00e4n seuran vuosittaisessa hallituksen j\u00e4rjest\u00e4ytymiskokouksessa. Viestinn\u00e4st\u00e4 vastaavien tulee luoda toimivat suhteet seudun tiedotusv\u00e4lineisiin sek\u00e4 tarvittaessa laatia seuran toimintaa ja tapahtumia k\u00e4sittelevi\u00e4 kirjoituksia julkaistavaksi. Kotisivu- ja somevastaavat ovat my\u00f6s julkaisujaoston j\u00e4seni\u00e4.\u00a0\u00a0<\/div><div>\u00a0<\/div><div>KOHDERYHM\u00c4T:<\/div><div><strong>Sis\u00e4inen tiedottaminen:<\/strong>\u00a0<\/div><div>Sis\u00e4iset kohderyhm\u00e4t ovat\u00a0<\/div><div>j\u00e4senet\u00a0<\/div><div>hallitus ja muu hallinto\u00a0<\/div><div>jaostot\u00a0<\/div><div>henkil\u00f6t, joiden teht\u00e4v\u00e4ksi jokin suorite on annettu\u00a0<\/div><div>*K\u00f6yli\u00f6n yst\u00e4vien ei-j\u00e4senet, riippuen viestitt\u00e4v\u00e4st\u00e4 asiasta (*hallitus p\u00e4\u00e4tt\u00e4\u00e4, vain s\u00e4hk\u00f6postin omaaville)\u00a0<\/div><div>\u00a0<\/div><div>Sis\u00e4iset viestint\u00e4kanavat ovat\u00a0<\/div><div>koti- ja Facebook-sivut<\/div><div>s\u00e4hk\u00f6posti<\/div><div>tiedotteet\/ j\u00e4senkirjeet<\/div><div>puhelin\/henkil\u00f6kohtaiset tapaamiset\u00a0<\/div><div>\u00a0<\/div><div>Syys- ja kev\u00e4tkokousten p\u00f6yt\u00e4kirjat, hallituksen p\u00f6yt\u00e4kirjat ja jaostojen muistiot postitetaan s\u00e4hk\u00f6postina hallituksen j\u00e4senille, jaostojen puheenjohtajille sek\u00e4 niille, joita p\u00f6yt\u00e4kirjojen p\u00e4\u00e4t\u00f6kset koskevat.\u00a0<\/div><div>\u00a0<\/div><div><strong>Ulkoinen tiedottaminen<\/strong>\u00a0<\/div><div>Ulkoiset kohderyhm\u00e4t ovat\u00a0<\/div><div>yhteisty\u00f6kumppanit<\/div><div>tiedotusv\u00e4lineet\u00a0<\/div><div>oman kunnan asukkaat\u00a0<\/div><div>kes\u00e4k\u00f6yli\u00f6l\u00e4iset\u00a0<\/div><div>suuri yleis\u00f6<\/div><div>\u00a0<\/div><div>Ulkoisen tiedottamisen viestint\u00e4kanavat ovat\u00a0<\/div><div>seuran koti- ja Facebook-sivut<\/div><div>Alasatakunta-lehti<\/div><div>lehdist\u00f6tiedotteet\/lehdist\u00f6tilaisuudet\u00a0<\/div><div>lehtiartikkelit\u00a0<\/div><div>buffit\u00a0<\/div><div>s\u00e4hk\u00f6posti\u00a0<\/div><div>tiedotteet\u00a0<\/div><div>lehti-ilmoitukset\u00a0<\/div><div>alueen lehtien kes\u00e4lehdet\u00a0<\/div><div>kylien tiedotteet\u00a0\u00a0<\/div><div>kylien ilmoitustaulut<\/div><div>matkailuportaalit\u00a0<\/div><div>(valitaan tarvittavat riippuen viestitt\u00e4v\u00e4st\u00e4 asiasta\/kohderyhm\u00e4st\u00e4)\u00a0<\/div><div>\u00a0<\/div><div>KRIISITIEDOTTAMINEN: Kriisitiedottamisesta vastaavat seuran puheenjohtaja, hallitus, tiedottaja, kotisivu- ja somevastaavat.<\/div><div>\u00a0<\/div><div>OHJEITA:<\/div><div>Tammi-helmikuun aikana j\u00e4senille l\u00e4hetet\u00e4\u00e4n tiedote tai s\u00e4hk\u00f6postiviesti\/kirje, miss\u00e4 kerrotaan syyskokouksen henkil\u00f6valinnoista ja muista p\u00e4\u00e4t\u00f6ksist\u00e4, esitet\u00e4\u00e4n kutsu seuran maaliskuiseen vuosikokoukseen ja kerrotaan muistakin tulevista tapahtumista (esim. kirkkopyh\u00e4). Tiedote sis\u00e4lt\u00e4\u00e4 my\u00f6s j\u00e4senmaksulomakkeen.\u00a0<\/div><div>Touko-kes\u00e4kuun tiedotteessa tai s\u00e4hk\u00f6postiviestiss\u00e4\/kirjeess\u00e4 kerrotaan K\u00f6yli\u00f6-p\u00e4ivien ohjelmasta ja tulevista tapahtumista sek\u00e4 muistutetaan j\u00e4senmaksusta.<\/div><div>Syys-lokakuun j\u00e4sentiedotteessa tai s\u00e4hk\u00f6postiviestiss\u00e4\/kirjeess\u00e4 kerrotaan tulevista tapahtumista ja kutsutaan j\u00e4senet syyskokoukseen. Kirjeess\u00e4 voidaan my\u00f6s informoida alustavasti tulossa olevasta K\u00f6yliist-kirjasta. Kaikissa j\u00e4sentiedotteissa mainostetaan K\u00f6yliist-kirjoja ja koruja ja muita myyntituotteita.<\/div><div>J\u00e4sentiedotteet l\u00e4hetet\u00e4\u00e4n postilaatikkojakeluna K\u00f6yli\u00f6n alueelle, muualla asuville s\u00e4hk\u00f6postina tai tavallisena kirjepostina. Seuran koti- ja Fb-sivulle tiivistettyn\u00e4 laitetaan aina kaikki em. tavalla tiedotettu. K\u00f6yli\u00f6n yst\u00e4vien ei-j\u00e4senille l\u00e4hetet\u00e4\u00e4n em. posti hallituksen harkinnan mukaan.\u00a0<\/div><div>Sek\u00e4 syys- ett\u00e4 kev\u00e4tkokouksen t\u00e4rkeimmist\u00e4 p\u00e4\u00e4t\u00f6ksist\u00e4 tehd\u00e4\u00e4n lehdist\u00f6tiedotteet.\u00a0<\/div><div>\u00a0<\/div><div>Seuran kaikessa tiedottamisessa k\u00e4ytett\u00e4viin valokuviin on saatava kuvaajan lupa.<\/div><div>\u00a0<\/div><div>Seuran tiedottaja tekee julkaisujaoston osuuteen lyhyen vuosikertomuksen viestinn\u00e4st\u00e4, johon liitet\u00e4\u00e4n somevastaavan vuosiraportti.<\/div><div>\u00a0<\/div><div>SOMESUUNNITELMA:<br \/>\u00a0<\/div><div>TAVOITTEET: Seuran koti- ja Facebook-sivujen kautta tapahtuvan tiedottamisen tavoitteet, kohderyhm\u00e4t ja arvot ovat samoja kuin seuran muussakin tiedottamisessa. Someviestinn\u00e4n kautta voidaan t\u00e4ydent\u00e4\u00e4 seuran tiedotteita, s\u00e4hk\u00f6posteja tai kirjeit\u00e4. Tiedottamisen p\u00e4\u00e4paino on seuran j\u00e4rjest\u00e4m\u00e4ss\u00e4 toiminnassa, mutta someviestinn\u00e4ll\u00e4 voidaan kertoa my\u00f6s S\u00e4kyl\u00e4-K\u00f6yli\u00f6n alueen kulttuuritapahtumista tai muusta seuran tavoitteiden mukaisesta toiminnasta.\u00a0<br \/>\u00a0\u00a0<\/div><div>OHJEITA: Seuran koti- ja Facebook-sivuja t\u00e4ydennet\u00e4\u00e4n aina tarpeen ilmaantuessa. Facebook-sivuilla olisi hyv\u00e4 olla uutta tarjottavaa ainakin kerran kuukaudessa.\u00a0<\/div><div>Facebook-sivuvastaavan harkinnan mukaan tyk\u00e4t\u00e4\u00e4n ja jaetaan seuran yhteisty\u00f6kumppaneiden toimintaa tukevia Facebook-julkaisuja, jotka ovat sopusoinnussa K\u00f6yli\u00f6-seuran s\u00e4\u00e4nt\u00f6jen mukaisten tavoitteiden kanssa.\u00a0<\/div><div>Kannustetaan K\u00f6yli\u00f6-seuran j\u00e4seni\u00e4 jakamaan K\u00f6yli\u00f6-seuran tapahtumia koskevia viestej\u00e4 omilla Facebook-sivuillaan.<\/div><div>Huomioidaan seuran Facebook-sivulla toivotuksin: Suomen itsen\u00e4isyysp\u00e4iv\u00e4, joulu, p\u00e4\u00e4si\u00e4inen, vappu, \u00e4itienp\u00e4iv\u00e4, juhannus, ja is\u00e4np\u00e4iv\u00e4.<br \/><br \/><\/div><div>TOIVEITA: Seuran koti- ja Facebook-sivujen yll\u00e4pidosta vastaavat tarvitsevat tilaisuuksiin ja tapahtumiin osallistuneilta digikuvia ja palautetta tiedottamista varten.<\/div><div>\u00a0<\/div><div>SOMEPALAUTE:<\/div><div>Somevastaava tuo seuran hallitukselle tiedoksi, jos someviestinn\u00e4n kautta tulee ilmi asioita, joihin seuran hallituksen tulisi reagoida. Somevastaava tekee seuran vuosikertomukseen lyhyen raportin someviestinn\u00e4n keskeisist\u00e4 esiin nousseista aiheista.<\/div><div>\u00a0<\/div><p><span style=\"color: #1e73be; background-color: var(--base-3);\">\u00a0 \u00a0 \u00a0 \u00a0 \u00a0 \u00a0 \u00a0 \u00a0 \u00a0 \u00a0 \u00a0 \u00a0 \u00a0 \u00a0 \u00a0 \u00a0 \u00a0 <\/span><\/p><p><span style=\"color: #1e73be; background-color: var(--base-3);\">\u00a0<\/span><span style=\"color: #1e73be; font-size: inherit;\"><br \/><\/span><span style=\"color: #1e73be; font-size: inherit;\"><br \/><\/span><span style=\"color: #1e73be; font-size: inherit;\"><br \/><\/span><span style=\"color: #1e73be; font-size: inherit;\"><br \/><\/span><span style=\"color: #1e73be; font-size: inherit;\"><br \/><\/span><span style=\"color: #1e73be; font-size: inherit;\"><br \/><\/span><\/p>\t\t\t\t\t\t\t\t<\/div>\n\t\t\t\t<\/div>\n\t\t\t\t\t<\/div>\n\t\t<\/div>\n\t\t\t\t\t<\/div>\n\t\t<\/section>\n\t\t\t\t<\/div>\n\t\t","protected":false},"excerpt":{"rendered":"<p>Viestint\u00e4suunnitelma \u00a0VIESTINT\u00c4SUUNNITELMA K\u00f6yli\u00f6-seura ry Y-tunnus 1775816-8\u00a0K\u00f6yli\u00f6-seuran hallitus hyv\u00e4ksyi suunnitelman k\u00e4ytt\u00f6\u00f6n 5.9.2024\u00a0Viestint\u00e4suunnitelma l\u00f6ytyy my\u00f6s t\u00e4st\u00e4 linkist\u00e4.\u00a0YLEIST\u00c4: Viestint\u00e4suunnitelma on ohje, miten, kenelle, miss\u00e4 ja mill\u00e4 tavalla K\u00f6yli\u00f6-seura viestii. Se auttaa seuran viestinn\u00e4n parissa ty\u00f6skentelevi\u00e4 saamaan viestin l\u00e4pi ja saavuttamaan viestinn\u00e4lle asetetut tavoitteet.\u00a0\u00a0TAVOITTEET: &#8230; <a title=\"Tiedotussuunnitelma\" class=\"read-more\" href=\"https:\/\/koylio-seura.fi\/?page_id=419\" aria-label=\"Lue lis\u00e4\u00e4 aiheesta Tiedotussuunnitelma\">Lue lis\u00e4\u00e4<\/a><\/p>\n","protected":false},"author":1,"featured_media":0,"parent":417,"menu_order":0,"comment_status":"closed","ping_status":"closed","template":"","meta":{"footnotes":""},"class_list":{"0":"post-419","1":"page","2":"type-page","3":"status-publish","5":"infinite-scroll-item"},"yoast_head":"<!-- This site is optimized with the Yoast SEO plugin v26.6 - https:\/\/yoast.com\/wordpress\/plugins\/seo\/ -->\n<title>Tiedotussuunnitelma - K\u00f6yli\u00f6-seura<\/title>\n<meta name=\"robots\" content=\"index, follow, max-snippet:-1, max-image-preview:large, max-video-preview:-1\" \/>\n<link rel=\"canonical\" href=\"https:\/\/koylio-seura.fi\/?page_id=419\" \/>\n<meta property=\"og:locale\" content=\"fi_FI\" \/>\n<meta property=\"og:type\" content=\"article\" \/>\n<meta property=\"og:title\" content=\"Tiedotussuunnitelma - K\u00f6yli\u00f6-seura\" \/>\n<meta property=\"og:description\" content=\"Viestint\u00e4suunnitelma \u00a0VIESTINT\u00c4SUUNNITELMA K\u00f6yli\u00f6-seura ry Y-tunnus 1775816-8\u00a0K\u00f6yli\u00f6-seuran hallitus hyv\u00e4ksyi suunnitelman k\u00e4ytt\u00f6\u00f6n 5.9.2024\u00a0Viestint\u00e4suunnitelma l\u00f6ytyy my\u00f6s t\u00e4st\u00e4 linkist\u00e4.\u00a0YLEIST\u00c4: Viestint\u00e4suunnitelma on ohje, miten, kenelle, miss\u00e4 ja mill\u00e4 tavalla K\u00f6yli\u00f6-seura viestii. Se auttaa seuran viestinn\u00e4n parissa ty\u00f6skentelevi\u00e4 saamaan viestin l\u00e4pi ja saavuttamaan viestinn\u00e4lle asetetut tavoitteet.\u00a0\u00a0TAVOITTEET: ... Lue lis\u00e4\u00e4\" \/>\n<meta property=\"og:url\" content=\"https:\/\/koylio-seura.fi\/?page_id=419\" \/>\n<meta property=\"og:site_name\" content=\"K\u00f6yli\u00f6-seura\" \/>\n<meta property=\"article:modified_time\" content=\"2024-09-18T06:09:40+00:00\" \/>\n<meta property=\"og:image\" content=\"https:\/\/koylio-seura.fi\/wp-content\/uploads\/2023\/07\/cropped-KS-logo-23-1-150x150.png\" \/>\n<meta name=\"twitter:card\" content=\"summary_large_image\" \/>\n<meta name=\"twitter:label1\" content=\"Arvioitu lukuaika\" \/>\n\t<meta name=\"twitter:data1\" content=\"4 minuuttia\" \/>\n<script type=\"application\/ld+json\" class=\"yoast-schema-graph\">{\"@context\":\"https:\/\/schema.org\",\"@graph\":[{\"@type\":\"WebPage\",\"@id\":\"https:\/\/koylio-seura.fi\/?page_id=419\",\"url\":\"https:\/\/koylio-seura.fi\/?page_id=419\",\"name\":\"Tiedotussuunnitelma - K\u00f6yli\u00f6-seura\",\"isPartOf\":{\"@id\":\"https:\/\/koylio-seura.fi\/#website\"},\"primaryImageOfPage\":{\"@id\":\"https:\/\/koylio-seura.fi\/?page_id=419#primaryimage\"},\"image\":{\"@id\":\"https:\/\/koylio-seura.fi\/?page_id=419#primaryimage\"},\"thumbnailUrl\":\"https:\/\/koylio-seura.fi\/wp-content\/uploads\/2023\/07\/cropped-KS-logo-23-1-150x150.png\",\"datePublished\":\"2023-09-17T06:27:33+00:00\",\"dateModified\":\"2024-09-18T06:09:40+00:00\",\"breadcrumb\":{\"@id\":\"https:\/\/koylio-seura.fi\/?page_id=419#breadcrumb\"},\"inLanguage\":\"fi\",\"potentialAction\":[{\"@type\":\"ReadAction\",\"target\":[\"https:\/\/koylio-seura.fi\/?page_id=419\"]}]},{\"@type\":\"ImageObject\",\"inLanguage\":\"fi\",\"@id\":\"https:\/\/koylio-seura.fi\/?page_id=419#primaryimage\",\"url\":\"https:\/\/koylio-seura.fi\/wp-content\/uploads\/2023\/07\/cropped-KS-logo-23-1.png\",\"contentUrl\":\"https:\/\/koylio-seura.fi\/wp-content\/uploads\/2023\/07\/cropped-KS-logo-23-1.png\",\"width\":512,\"height\":512},{\"@type\":\"BreadcrumbList\",\"@id\":\"https:\/\/koylio-seura.fi\/?page_id=419#breadcrumb\",\"itemListElement\":[{\"@type\":\"ListItem\",\"position\":1,\"name\":\"Etusivu\",\"item\":\"https:\/\/koylio-seura.fi\/\"},{\"@type\":\"ListItem\",\"position\":2,\"name\":\"K\u00f6yli\u00f6-seura\",\"item\":\"https:\/\/koylio-seura.fi\/\"},{\"@type\":\"ListItem\",\"position\":3,\"name\":\"Jaostot\",\"item\":\"https:\/\/koylio-seura.fi\/?page_id=57\"},{\"@type\":\"ListItem\",\"position\":4,\"name\":\"Julkaisujaosto\",\"item\":\"https:\/\/koylio-seura.fi\/?page_id=417\"},{\"@type\":\"ListItem\",\"position\":5,\"name\":\"Tiedotussuunnitelma\"}]},{\"@type\":\"WebSite\",\"@id\":\"https:\/\/koylio-seura.fi\/#website\",\"url\":\"https:\/\/koylio-seura.fi\/\",\"name\":\"K\u00f6yli\u00f6-seura\",\"description\":\"\",\"publisher\":{\"@id\":\"https:\/\/koylio-seura.fi\/#organization\"},\"potentialAction\":[{\"@type\":\"SearchAction\",\"target\":{\"@type\":\"EntryPoint\",\"urlTemplate\":\"https:\/\/koylio-seura.fi\/?s={search_term_string}\"},\"query-input\":{\"@type\":\"PropertyValueSpecification\",\"valueRequired\":true,\"valueName\":\"search_term_string\"}}],\"inLanguage\":\"fi\"},{\"@type\":\"Organization\",\"@id\":\"https:\/\/koylio-seura.fi\/#organization\",\"name\":\"K\u00f6yli\u00f6-seura\",\"url\":\"https:\/\/koylio-seura.fi\/\",\"logo\":{\"@type\":\"ImageObject\",\"inLanguage\":\"fi\",\"@id\":\"https:\/\/koylio-seura.fi\/#\/schema\/logo\/image\/\",\"url\":\"https:\/\/koylio-seura.fi\/wp-content\/uploads\/2023\/07\/cropped-KS-logo-23.png\",\"contentUrl\":\"https:\/\/koylio-seura.fi\/wp-content\/uploads\/2023\/07\/cropped-KS-logo-23.png\",\"width\":530,\"height\":619,\"caption\":\"K\u00f6yli\u00f6-seura\"},\"image\":{\"@id\":\"https:\/\/koylio-seura.fi\/#\/schema\/logo\/image\/\"}}]}<\/script>\n<!-- \/ Yoast SEO plugin. -->","yoast_head_json":{"title":"Tiedotussuunnitelma - K\u00f6yli\u00f6-seura","robots":{"index":"index","follow":"follow","max-snippet":"max-snippet:-1","max-image-preview":"max-image-preview:large","max-video-preview":"max-video-preview:-1"},"canonical":"https:\/\/koylio-seura.fi\/?page_id=419","og_locale":"fi_FI","og_type":"article","og_title":"Tiedotussuunnitelma - K\u00f6yli\u00f6-seura","og_description":"Viestint\u00e4suunnitelma \u00a0VIESTINT\u00c4SUUNNITELMA K\u00f6yli\u00f6-seura ry Y-tunnus 1775816-8\u00a0K\u00f6yli\u00f6-seuran hallitus hyv\u00e4ksyi suunnitelman k\u00e4ytt\u00f6\u00f6n 5.9.2024\u00a0Viestint\u00e4suunnitelma l\u00f6ytyy my\u00f6s t\u00e4st\u00e4 linkist\u00e4.\u00a0YLEIST\u00c4: Viestint\u00e4suunnitelma on ohje, miten, kenelle, miss\u00e4 ja mill\u00e4 tavalla K\u00f6yli\u00f6-seura viestii. Se auttaa seuran viestinn\u00e4n parissa ty\u00f6skentelevi\u00e4 saamaan viestin l\u00e4pi ja saavuttamaan viestinn\u00e4lle asetetut tavoitteet.\u00a0\u00a0TAVOITTEET: ... Lue lis\u00e4\u00e4","og_url":"https:\/\/koylio-seura.fi\/?page_id=419","og_site_name":"K\u00f6yli\u00f6-seura","article_modified_time":"2024-09-18T06:09:40+00:00","og_image":[{"url":"https:\/\/koylio-seura.fi\/wp-content\/uploads\/2023\/07\/cropped-KS-logo-23-1-150x150.png","type":"","width":"","height":""}],"twitter_card":"summary_large_image","twitter_misc":{"Arvioitu lukuaika":"4 minuuttia"},"schema":{"@context":"https:\/\/schema.org","@graph":[{"@type":"WebPage","@id":"https:\/\/koylio-seura.fi\/?page_id=419","url":"https:\/\/koylio-seura.fi\/?page_id=419","name":"Tiedotussuunnitelma - K\u00f6yli\u00f6-seura","isPartOf":{"@id":"https:\/\/koylio-seura.fi\/#website"},"primaryImageOfPage":{"@id":"https:\/\/koylio-seura.fi\/?page_id=419#primaryimage"},"image":{"@id":"https:\/\/koylio-seura.fi\/?page_id=419#primaryimage"},"thumbnailUrl":"https:\/\/koylio-seura.fi\/wp-content\/uploads\/2023\/07\/cropped-KS-logo-23-1-150x150.png","datePublished":"2023-09-17T06:27:33+00:00","dateModified":"2024-09-18T06:09:40+00:00","breadcrumb":{"@id":"https:\/\/koylio-seura.fi\/?page_id=419#breadcrumb"},"inLanguage":"fi","potentialAction":[{"@type":"ReadAction","target":["https:\/\/koylio-seura.fi\/?page_id=419"]}]},{"@type":"ImageObject","inLanguage":"fi","@id":"https:\/\/koylio-seura.fi\/?page_id=419#primaryimage","url":"https:\/\/koylio-seura.fi\/wp-content\/uploads\/2023\/07\/cropped-KS-logo-23-1.png","contentUrl":"https:\/\/koylio-seura.fi\/wp-content\/uploads\/2023\/07\/cropped-KS-logo-23-1.png","width":512,"height":512},{"@type":"BreadcrumbList","@id":"https:\/\/koylio-seura.fi\/?page_id=419#breadcrumb","itemListElement":[{"@type":"ListItem","position":1,"name":"Etusivu","item":"https:\/\/koylio-seura.fi\/"},{"@type":"ListItem","position":2,"name":"K\u00f6yli\u00f6-seura","item":"https:\/\/koylio-seura.fi\/"},{"@type":"ListItem","position":3,"name":"Jaostot","item":"https:\/\/koylio-seura.fi\/?page_id=57"},{"@type":"ListItem","position":4,"name":"Julkaisujaosto","item":"https:\/\/koylio-seura.fi\/?page_id=417"},{"@type":"ListItem","position":5,"name":"Tiedotussuunnitelma"}]},{"@type":"WebSite","@id":"https:\/\/koylio-seura.fi\/#website","url":"https:\/\/koylio-seura.fi\/","name":"K\u00f6yli\u00f6-seura","description":"","publisher":{"@id":"https:\/\/koylio-seura.fi\/#organization"},"potentialAction":[{"@type":"SearchAction","target":{"@type":"EntryPoint","urlTemplate":"https:\/\/koylio-seura.fi\/?s={search_term_string}"},"query-input":{"@type":"PropertyValueSpecification","valueRequired":true,"valueName":"search_term_string"}}],"inLanguage":"fi"},{"@type":"Organization","@id":"https:\/\/koylio-seura.fi\/#organization","name":"K\u00f6yli\u00f6-seura","url":"https:\/\/koylio-seura.fi\/","logo":{"@type":"ImageObject","inLanguage":"fi","@id":"https:\/\/koylio-seura.fi\/#\/schema\/logo\/image\/","url":"https:\/\/koylio-seura.fi\/wp-content\/uploads\/2023\/07\/cropped-KS-logo-23.png","contentUrl":"https:\/\/koylio-seura.fi\/wp-content\/uploads\/2023\/07\/cropped-KS-logo-23.png","width":530,"height":619,"caption":"K\u00f6yli\u00f6-seura"},"image":{"@id":"https:\/\/koylio-seura.fi\/#\/schema\/logo\/image\/"}}]}},"_links":{"self":[{"href":"https:\/\/koylio-seura.fi\/index.php?rest_route=\/wp\/v2\/pages\/419","targetHints":{"allow":["GET"]}}],"collection":[{"href":"https:\/\/koylio-seura.fi\/index.php?rest_route=\/wp\/v2\/pages"}],"about":[{"href":"https:\/\/koylio-seura.fi\/index.php?rest_route=\/wp\/v2\/types\/page"}],"author":[{"embeddable":true,"href":"https:\/\/koylio-seura.fi\/index.php?rest_route=\/wp\/v2\/users\/1"}],"replies":[{"embeddable":true,"href":"https:\/\/koylio-seura.fi\/index.php?rest_route=%2Fwp%2Fv2%2Fcomments&post=419"}],"version-history":[{"count":46,"href":"https:\/\/koylio-seura.fi\/index.php?rest_route=\/wp\/v2\/pages\/419\/revisions"}],"predecessor-version":[{"id":11107,"href":"https:\/\/koylio-seura.fi\/index.php?rest_route=\/wp\/v2\/pages\/419\/revisions\/11107"}],"up":[{"embeddable":true,"href":"https:\/\/koylio-seura.fi\/index.php?rest_route=\/wp\/v2\/pages\/417"}],"wp:attachment":[{"href":"https:\/\/koylio-seura.fi\/index.php?rest_route=%2Fwp%2Fv2%2Fmedia&parent=419"}],"curies":[{"name":"wp","href":"https:\/\/api.w.org\/{rel}","templated":true}]}}