{"id":417,"date":"2023-09-17T06:26:13","date_gmt":"2023-09-17T06:26:13","guid":{"rendered":"https:\/\/koylio-seura.eitcon.com\/?page_id=417"},"modified":"2024-02-10T11:34:47","modified_gmt":"2024-02-10T11:34:47","slug":"julkaisujaosto","status":"publish","type":"page","link":"https:\/\/koylio-seura.fi\/?page_id=417","title":{"rendered":"Julkaisujaosto"},"content":{"rendered":"\t\t<div data-elementor-type=\"wp-page\" data-elementor-id=\"417\" class=\"elementor elementor-417\" data-elementor-post-type=\"page\">\n\t\t\t\t\t\t<section class=\"elementor-section elementor-top-section elementor-element elementor-element-dee4641 elementor-section-boxed elementor-section-height-default elementor-section-height-default\" data-id=\"dee4641\" data-element_type=\"section\">\n\t\t\t\t\t\t<div class=\"elementor-container elementor-column-gap-default\">\n\t\t\t\t\t<div class=\"elementor-column elementor-col-100 elementor-top-column elementor-element elementor-element-e2bb1a9\" data-id=\"e2bb1a9\" data-element_type=\"column\">\n\t\t\t<div class=\"elementor-widget-wrap elementor-element-populated\">\n\t\t\t\t\t\t<div class=\"elementor-element elementor-element-9a701fa elementor-widget elementor-widget-heading\" data-id=\"9a701fa\" data-element_type=\"widget\" data-widget_type=\"heading.default\">\n\t\t\t\t<div class=\"elementor-widget-container\">\n\t\t\t\t\t<h2 class=\"elementor-heading-title elementor-size-default\">Julkaisujaosto<\/h2>\t\t\t\t<\/div>\n\t\t\t\t<\/div>\n\t\t\t\t\t<\/div>\n\t\t<\/div>\n\t\t\t\t\t<\/div>\n\t\t<\/section>\n\t\t\t\t<section class=\"elementor-section elementor-top-section elementor-element elementor-element-1aeeb2f elementor-section-boxed elementor-section-height-default elementor-section-height-default\" data-id=\"1aeeb2f\" data-element_type=\"section\">\n\t\t\t\t\t\t<div class=\"elementor-container elementor-column-gap-default\">\n\t\t\t\t\t<div class=\"elementor-column elementor-col-100 elementor-top-column elementor-element elementor-element-75c7e3b\" data-id=\"75c7e3b\" data-element_type=\"column\">\n\t\t\t<div class=\"elementor-widget-wrap elementor-element-populated\">\n\t\t\t\t\t\t<div class=\"elementor-element elementor-element-4f262ee elementor-widget elementor-widget-text-editor\" data-id=\"4f262ee\" data-element_type=\"widget\" data-widget_type=\"text-editor.default\">\n\t\t\t\t<div class=\"elementor-widget-container\">\n\t\t\t\t\t\t\t\t\t<figure id=\"attachment_5152\" aria-describedby=\"caption-attachment-5152\" style=\"width: 290px\" class=\"wp-caption alignright\"><img fetchpriority=\"high\" decoding=\"async\" class=\"wp-image-5152 size-medium\" src=\"https:\/\/koylio-seura.eitcon.com\/wp-content\/uploads\/2023\/12\/koyliist_18-300x246.jpg\" alt=\"\" width=\"300\" height=\"246\" srcset=\"https:\/\/koylio-seura.fi\/wp-content\/uploads\/2023\/12\/koyliist_18-300x246.jpg 300w, https:\/\/koylio-seura.fi\/wp-content\/uploads\/2023\/12\/koyliist_18.jpg 600w\" sizes=\"(max-width: 300px) 100vw, 300px\" \/><figcaption id=\"caption-attachment-5152\" class=\"wp-caption-text\">Legendaarinen Lallis<\/figcaption><\/figure><p>Julkaisujaoston teht\u00e4v\u00e4n\u00e4 on tallentaa k\u00f6yli\u00f6l\u00e4ist\u00e4 perinnett\u00e4 ja kulttuuria julkaisemalla kirjoja tai muita painotuotteita. Ensimm\u00e4inen kirja nimell\u00e4 K\u00d6YLIIST-K\u00f6yli\u00f6l\u00e4isi\u00e4 tarinoita ja kertomuksia numero 1 julkaistiin jo vuonna 2000 ja lis\u00e4painos kirjasta otettiin 2001. Vuonna 2023 kirjapainosta tullut uusin teos on numeroltaan kahdeksantoista ja nimelt\u00e4\u00e4n Legendaarinen Lallis. <a href=\"https:\/\/koylio-seura.fi\/?page_id=1015\">Katso kaikki julkaisut.<\/a><\/p><p><a href=\"https:\/\/koylio-seura.fi\/?page_id=95\" target=\"_blank\" rel=\"noopener\">Katso Julkaisujaoston j\u00e4senet ja yhteystiedot.<\/a><\/p>\t\t\t\t\t\t\t\t<\/div>\n\t\t\t\t<\/div>\n\t\t\t\t\t<\/div>\n\t\t<\/div>\n\t\t\t\t\t<\/div>\n\t\t<\/section>\n\t\t\t\t<\/div>\n\t\t","protected":false},"excerpt":{"rendered":"<p>Julkaisujaosto Julkaisujaoston teht\u00e4v\u00e4n\u00e4 on tallentaa k\u00f6yli\u00f6l\u00e4ist\u00e4 perinnett\u00e4 ja kulttuuria julkaisemalla kirjoja tai muita painotuotteita. Ensimm\u00e4inen kirja nimell\u00e4 K\u00d6YLIIST-K\u00f6yli\u00f6l\u00e4isi\u00e4 tarinoita ja kertomuksia numero 1 julkaistiin jo vuonna 2000 ja lis\u00e4painos kirjasta otettiin 2001. Vuonna 2023 kirjapainosta tullut uusin teos on numeroltaan &#8230; <a title=\"Julkaisujaosto\" class=\"read-more\" href=\"https:\/\/koylio-seura.fi\/?page_id=417\" aria-label=\"Lue lis\u00e4\u00e4 aiheesta Julkaisujaosto\">Lue lis\u00e4\u00e4<\/a><\/p>\n","protected":false},"author":1,"featured_media":0,"parent":57,"menu_order":0,"comment_status":"closed","ping_status":"closed","template":"","meta":{"footnotes":""},"class_list":{"0":"post-417","1":"page","2":"type-page","3":"status-publish","5":"infinite-scroll-item"},"yoast_head":"<!-- This site is optimized with the Yoast SEO plugin v26.6 - https:\/\/yoast.com\/wordpress\/plugins\/seo\/ -->\n<title>Julkaisujaosto - K\u00f6yli\u00f6-seura<\/title>\n<meta name=\"robots\" content=\"index, follow, max-snippet:-1, max-image-preview:large, max-video-preview:-1\" \/>\n<link rel=\"canonical\" href=\"https:\/\/koylio-seura.fi\/?page_id=417\" \/>\n<meta property=\"og:locale\" content=\"fi_FI\" \/>\n<meta property=\"og:type\" content=\"article\" \/>\n<meta property=\"og:title\" content=\"Julkaisujaosto - K\u00f6yli\u00f6-seura\" \/>\n<meta property=\"og:description\" content=\"Julkaisujaosto Julkaisujaoston teht\u00e4v\u00e4n\u00e4 on tallentaa k\u00f6yli\u00f6l\u00e4ist\u00e4 perinnett\u00e4 ja kulttuuria julkaisemalla kirjoja tai muita painotuotteita. Ensimm\u00e4inen kirja nimell\u00e4 K\u00d6YLIIST-K\u00f6yli\u00f6l\u00e4isi\u00e4 tarinoita ja kertomuksia numero 1 julkaistiin jo vuonna 2000 ja lis\u00e4painos kirjasta otettiin 2001. Vuonna 2023 kirjapainosta tullut uusin teos on numeroltaan ... Lue lis\u00e4\u00e4\" \/>\n<meta property=\"og:url\" content=\"https:\/\/koylio-seura.fi\/?page_id=417\" \/>\n<meta property=\"og:site_name\" content=\"K\u00f6yli\u00f6-seura\" \/>\n<meta property=\"article:modified_time\" content=\"2024-02-10T11:34:47+00:00\" \/>\n<meta property=\"og:image\" content=\"https:\/\/koylio-seura.eitcon.com\/wp-content\/uploads\/2023\/12\/koyliist_18-300x246.jpg\" \/>\n<meta name=\"twitter:card\" content=\"summary_large_image\" \/>\n<meta name=\"twitter:label1\" content=\"Arvioitu lukuaika\" \/>\n\t<meta name=\"twitter:data1\" content=\"1 minuutti\" \/>\n<script type=\"application\/ld+json\" class=\"yoast-schema-graph\">{\"@context\":\"https:\/\/schema.org\",\"@graph\":[{\"@type\":\"WebPage\",\"@id\":\"https:\/\/koylio-seura.fi\/?page_id=417\",\"url\":\"https:\/\/koylio-seura.fi\/?page_id=417\",\"name\":\"Julkaisujaosto - K\u00f6yli\u00f6-seura\",\"isPartOf\":{\"@id\":\"https:\/\/koylio-seura.fi\/#website\"},\"primaryImageOfPage\":{\"@id\":\"https:\/\/koylio-seura.fi\/?page_id=417#primaryimage\"},\"image\":{\"@id\":\"https:\/\/koylio-seura.fi\/?page_id=417#primaryimage\"},\"thumbnailUrl\":\"https:\/\/koylio-seura.eitcon.com\/wp-content\/uploads\/2023\/12\/koyliist_18-300x246.jpg\",\"datePublished\":\"2023-09-17T06:26:13+00:00\",\"dateModified\":\"2024-02-10T11:34:47+00:00\",\"breadcrumb\":{\"@id\":\"https:\/\/koylio-seura.fi\/?page_id=417#breadcrumb\"},\"inLanguage\":\"fi\",\"potentialAction\":[{\"@type\":\"ReadAction\",\"target\":[\"https:\/\/koylio-seura.fi\/?page_id=417\"]}]},{\"@type\":\"ImageObject\",\"inLanguage\":\"fi\",\"@id\":\"https:\/\/koylio-seura.fi\/?page_id=417#primaryimage\",\"url\":\"https:\/\/koylio-seura.eitcon.com\/wp-content\/uploads\/2023\/12\/koyliist_18-300x246.jpg\",\"contentUrl\":\"https:\/\/koylio-seura.eitcon.com\/wp-content\/uploads\/2023\/12\/koyliist_18-300x246.jpg\"},{\"@type\":\"BreadcrumbList\",\"@id\":\"https:\/\/koylio-seura.fi\/?page_id=417#breadcrumb\",\"itemListElement\":[{\"@type\":\"ListItem\",\"position\":1,\"name\":\"Etusivu\",\"item\":\"https:\/\/koylio-seura.fi\/\"},{\"@type\":\"ListItem\",\"position\":2,\"name\":\"K\u00f6yli\u00f6-seura\",\"item\":\"https:\/\/koylio-seura.fi\/\"},{\"@type\":\"ListItem\",\"position\":3,\"name\":\"Jaostot\",\"item\":\"https:\/\/koylio-seura.fi\/?page_id=57\"},{\"@type\":\"ListItem\",\"position\":4,\"name\":\"Julkaisujaosto\"}]},{\"@type\":\"WebSite\",\"@id\":\"https:\/\/koylio-seura.fi\/#website\",\"url\":\"https:\/\/koylio-seura.fi\/\",\"name\":\"K\u00f6yli\u00f6-seura\",\"description\":\"\",\"publisher\":{\"@id\":\"https:\/\/koylio-seura.fi\/#organization\"},\"potentialAction\":[{\"@type\":\"SearchAction\",\"target\":{\"@type\":\"EntryPoint\",\"urlTemplate\":\"https:\/\/koylio-seura.fi\/?s={search_term_string}\"},\"query-input\":{\"@type\":\"PropertyValueSpecification\",\"valueRequired\":true,\"valueName\":\"search_term_string\"}}],\"inLanguage\":\"fi\"},{\"@type\":\"Organization\",\"@id\":\"https:\/\/koylio-seura.fi\/#organization\",\"name\":\"K\u00f6yli\u00f6-seura\",\"url\":\"https:\/\/koylio-seura.fi\/\",\"logo\":{\"@type\":\"ImageObject\",\"inLanguage\":\"fi\",\"@id\":\"https:\/\/koylio-seura.fi\/#\/schema\/logo\/image\/\",\"url\":\"https:\/\/koylio-seura.fi\/wp-content\/uploads\/2023\/07\/cropped-KS-logo-23.png\",\"contentUrl\":\"https:\/\/koylio-seura.fi\/wp-content\/uploads\/2023\/07\/cropped-KS-logo-23.png\",\"width\":530,\"height\":619,\"caption\":\"K\u00f6yli\u00f6-seura\"},\"image\":{\"@id\":\"https:\/\/koylio-seura.fi\/#\/schema\/logo\/image\/\"}}]}<\/script>\n<!-- \/ Yoast SEO plugin. -->","yoast_head_json":{"title":"Julkaisujaosto - K\u00f6yli\u00f6-seura","robots":{"index":"index","follow":"follow","max-snippet":"max-snippet:-1","max-image-preview":"max-image-preview:large","max-video-preview":"max-video-preview:-1"},"canonical":"https:\/\/koylio-seura.fi\/?page_id=417","og_locale":"fi_FI","og_type":"article","og_title":"Julkaisujaosto - K\u00f6yli\u00f6-seura","og_description":"Julkaisujaosto Julkaisujaoston teht\u00e4v\u00e4n\u00e4 on tallentaa k\u00f6yli\u00f6l\u00e4ist\u00e4 perinnett\u00e4 ja kulttuuria julkaisemalla kirjoja tai muita painotuotteita. Ensimm\u00e4inen kirja nimell\u00e4 K\u00d6YLIIST-K\u00f6yli\u00f6l\u00e4isi\u00e4 tarinoita ja kertomuksia numero 1 julkaistiin jo vuonna 2000 ja lis\u00e4painos kirjasta otettiin 2001. Vuonna 2023 kirjapainosta tullut uusin teos on numeroltaan ... Lue lis\u00e4\u00e4","og_url":"https:\/\/koylio-seura.fi\/?page_id=417","og_site_name":"K\u00f6yli\u00f6-seura","article_modified_time":"2024-02-10T11:34:47+00:00","og_image":[{"url":"https:\/\/koylio-seura.eitcon.com\/wp-content\/uploads\/2023\/12\/koyliist_18-300x246.jpg","type":"","width":"","height":""}],"twitter_card":"summary_large_image","twitter_misc":{"Arvioitu lukuaika":"1 minuutti"},"schema":{"@context":"https:\/\/schema.org","@graph":[{"@type":"WebPage","@id":"https:\/\/koylio-seura.fi\/?page_id=417","url":"https:\/\/koylio-seura.fi\/?page_id=417","name":"Julkaisujaosto - K\u00f6yli\u00f6-seura","isPartOf":{"@id":"https:\/\/koylio-seura.fi\/#website"},"primaryImageOfPage":{"@id":"https:\/\/koylio-seura.fi\/?page_id=417#primaryimage"},"image":{"@id":"https:\/\/koylio-seura.fi\/?page_id=417#primaryimage"},"thumbnailUrl":"https:\/\/koylio-seura.eitcon.com\/wp-content\/uploads\/2023\/12\/koyliist_18-300x246.jpg","datePublished":"2023-09-17T06:26:13+00:00","dateModified":"2024-02-10T11:34:47+00:00","breadcrumb":{"@id":"https:\/\/koylio-seura.fi\/?page_id=417#breadcrumb"},"inLanguage":"fi","potentialAction":[{"@type":"ReadAction","target":["https:\/\/koylio-seura.fi\/?page_id=417"]}]},{"@type":"ImageObject","inLanguage":"fi","@id":"https:\/\/koylio-seura.fi\/?page_id=417#primaryimage","url":"https:\/\/koylio-seura.eitcon.com\/wp-content\/uploads\/2023\/12\/koyliist_18-300x246.jpg","contentUrl":"https:\/\/koylio-seura.eitcon.com\/wp-content\/uploads\/2023\/12\/koyliist_18-300x246.jpg"},{"@type":"BreadcrumbList","@id":"https:\/\/koylio-seura.fi\/?page_id=417#breadcrumb","itemListElement":[{"@type":"ListItem","position":1,"name":"Etusivu","item":"https:\/\/koylio-seura.fi\/"},{"@type":"ListItem","position":2,"name":"K\u00f6yli\u00f6-seura","item":"https:\/\/koylio-seura.fi\/"},{"@type":"ListItem","position":3,"name":"Jaostot","item":"https:\/\/koylio-seura.fi\/?page_id=57"},{"@type":"ListItem","position":4,"name":"Julkaisujaosto"}]},{"@type":"WebSite","@id":"https:\/\/koylio-seura.fi\/#website","url":"https:\/\/koylio-seura.fi\/","name":"K\u00f6yli\u00f6-seura","description":"","publisher":{"@id":"https:\/\/koylio-seura.fi\/#organization"},"potentialAction":[{"@type":"SearchAction","target":{"@type":"EntryPoint","urlTemplate":"https:\/\/koylio-seura.fi\/?s={search_term_string}"},"query-input":{"@type":"PropertyValueSpecification","valueRequired":true,"valueName":"search_term_string"}}],"inLanguage":"fi"},{"@type":"Organization","@id":"https:\/\/koylio-seura.fi\/#organization","name":"K\u00f6yli\u00f6-seura","url":"https:\/\/koylio-seura.fi\/","logo":{"@type":"ImageObject","inLanguage":"fi","@id":"https:\/\/koylio-seura.fi\/#\/schema\/logo\/image\/","url":"https:\/\/koylio-seura.fi\/wp-content\/uploads\/2023\/07\/cropped-KS-logo-23.png","contentUrl":"https:\/\/koylio-seura.fi\/wp-content\/uploads\/2023\/07\/cropped-KS-logo-23.png","width":530,"height":619,"caption":"K\u00f6yli\u00f6-seura"},"image":{"@id":"https:\/\/koylio-seura.fi\/#\/schema\/logo\/image\/"}}]}},"_links":{"self":[{"href":"https:\/\/koylio-seura.fi\/index.php?rest_route=\/wp\/v2\/pages\/417","targetHints":{"allow":["GET"]}}],"collection":[{"href":"https:\/\/koylio-seura.fi\/index.php?rest_route=\/wp\/v2\/pages"}],"about":[{"href":"https:\/\/koylio-seura.fi\/index.php?rest_route=\/wp\/v2\/types\/page"}],"author":[{"embeddable":true,"href":"https:\/\/koylio-seura.fi\/index.php?rest_route=\/wp\/v2\/users\/1"}],"replies":[{"embeddable":true,"href":"https:\/\/koylio-seura.fi\/index.php?rest_route=%2Fwp%2Fv2%2Fcomments&post=417"}],"version-history":[{"count":40,"href":"https:\/\/koylio-seura.fi\/index.php?rest_route=\/wp\/v2\/pages\/417\/revisions"}],"predecessor-version":[{"id":6987,"href":"https:\/\/koylio-seura.fi\/index.php?rest_route=\/wp\/v2\/pages\/417\/revisions\/6987"}],"up":[{"embeddable":true,"href":"https:\/\/koylio-seura.fi\/index.php?rest_route=\/wp\/v2\/pages\/57"}],"wp:attachment":[{"href":"https:\/\/koylio-seura.fi\/index.php?rest_route=%2Fwp%2Fv2%2Fmedia&parent=417"}],"curies":[{"name":"wp","href":"https:\/\/api.w.org\/{rel}","templated":true}]}}