{"id":412,"date":"2023-09-17T06:23:21","date_gmt":"2023-09-17T06:23:21","guid":{"rendered":"https:\/\/koylio-seura.eitcon.com\/?page_id=412"},"modified":"2024-09-04T15:35:53","modified_gmt":"2024-09-04T15:35:53","slug":"maisemanhoitoalue","status":"publish","type":"page","link":"https:\/\/koylio-seura.fi\/?page_id=412","title":{"rendered":"Maisemanhoitoalue"},"content":{"rendered":"\t\t<div data-elementor-type=\"wp-page\" data-elementor-id=\"412\" class=\"elementor elementor-412\" data-elementor-post-type=\"page\">\n\t\t\t\t\t\t<section class=\"elementor-section elementor-top-section elementor-element elementor-element-d16f0b8 elementor-section-boxed elementor-section-height-default elementor-section-height-default\" data-id=\"d16f0b8\" data-element_type=\"section\">\n\t\t\t\t\t\t<div class=\"elementor-container elementor-column-gap-default\">\n\t\t\t\t\t<div class=\"elementor-column elementor-col-100 elementor-top-column elementor-element elementor-element-c94fb70\" data-id=\"c94fb70\" data-element_type=\"column\">\n\t\t\t<div class=\"elementor-widget-wrap elementor-element-populated\">\n\t\t\t\t\t\t<div class=\"elementor-element elementor-element-5242d2f elementor-widget elementor-widget-heading\" data-id=\"5242d2f\" data-element_type=\"widget\" data-widget_type=\"heading.default\">\n\t\t\t\t<div class=\"elementor-widget-container\">\n\t\t\t\t\t<h2 class=\"elementor-heading-title elementor-size-default\">K\u00f6yli\u00f6\u00f6n suunniteltiin maisemanhoitoaluetta<\/h2>\t\t\t\t<\/div>\n\t\t\t\t<\/div>\n\t\t\t\t\t<\/div>\n\t\t<\/div>\n\t\t\t\t\t<\/div>\n\t\t<\/section>\n\t\t\t\t<section class=\"elementor-section elementor-top-section elementor-element elementor-element-3693c2e elementor-section-boxed elementor-section-height-default elementor-section-height-default\" data-id=\"3693c2e\" data-element_type=\"section\">\n\t\t\t\t\t\t<div class=\"elementor-container elementor-column-gap-default\">\n\t\t\t\t\t<div class=\"elementor-column elementor-col-100 elementor-top-column elementor-element elementor-element-a909260\" data-id=\"a909260\" data-element_type=\"column\">\n\t\t\t<div class=\"elementor-widget-wrap elementor-element-populated\">\n\t\t\t\t\t\t<div class=\"elementor-element elementor-element-14ba02d elementor-widget elementor-widget-text-editor\" data-id=\"14ba02d\" data-element_type=\"widget\" data-widget_type=\"text-editor.default\">\n\t\t\t\t<div class=\"elementor-widget-container\">\n\t\t\t\t\t\t\t\t\t<p>Suunnittelu oli perinpohjaista ja siit\u00e4 vastasi Niina Uusi-Sepp\u00e4 Satakunnan museosta. K\u00f6yli\u00f6ss\u00e4 j\u00e4rjestettiin 2.12.2019 kokous , johon kutsuttiin tahot, joita asia koski. Niina Uusi-Sepp\u00e4 esitteli\u00a0 suunnittelun tuloksia ja ajatuksena oli p\u00e4\u00e4tt\u00e4\u00e4 perustamisesta. Keskustelusta vedettiin johtop\u00e4\u00e4t\u00f6s, ettei misemanhoitoalueen perustamiselle ollut edellytyksi\u00e4.<\/p><p><a href=\"https:\/\/koylio-seura.fi\/wp-content\/uploads\/2024\/09\/Maisemanhoitoaluehanke-Koylio-kokous-2.12.2019.pdf\" target=\"_blank\" rel=\"noopener\">Katso t\u00e4st\u00e4 Niina Uusi-Sep\u00e4n esitys<\/a><\/p>\t\t\t\t\t\t\t\t<\/div>\n\t\t\t\t<\/div>\n\t\t\t\t\t<\/div>\n\t\t<\/div>\n\t\t\t\t\t<\/div>\n\t\t<\/section>\n\t\t\t\t<\/div>\n\t\t","protected":false},"excerpt":{"rendered":"<p>K\u00f6yli\u00f6\u00f6n suunniteltiin maisemanhoitoaluetta Suunnittelu oli perinpohjaista ja siit\u00e4 vastasi Niina Uusi-Sepp\u00e4 Satakunnan museosta. K\u00f6yli\u00f6ss\u00e4 j\u00e4rjestettiin 2.12.2019 kokous , johon kutsuttiin tahot, joita asia koski. Niina Uusi-Sepp\u00e4 esitteli\u00a0 suunnittelun tuloksia ja ajatuksena oli p\u00e4\u00e4tt\u00e4\u00e4 perustamisesta. Keskustelusta vedettiin johtop\u00e4\u00e4t\u00f6s, ettei misemanhoitoalueen perustamiselle &#8230; <a title=\"Maisemanhoitoalue\" class=\"read-more\" href=\"https:\/\/koylio-seura.fi\/?page_id=412\" aria-label=\"Lue lis\u00e4\u00e4 aiheesta Maisemanhoitoalue\">Lue lis\u00e4\u00e4<\/a><\/p>\n","protected":false},"author":1,"featured_media":0,"parent":408,"menu_order":0,"comment_status":"closed","ping_status":"closed","template":"","meta":{"footnotes":""},"class_list":{"0":"post-412","1":"page","2":"type-page","3":"status-publish","5":"infinite-scroll-item"},"yoast_head":"<!-- This site is optimized with the Yoast SEO plugin v26.6 - https:\/\/yoast.com\/wordpress\/plugins\/seo\/ -->\n<title>Maisemanhoitoalue - K\u00f6yli\u00f6-seura<\/title>\n<meta name=\"robots\" content=\"index, follow, max-snippet:-1, max-image-preview:large, max-video-preview:-1\" \/>\n<link rel=\"canonical\" href=\"https:\/\/koylio-seura.fi\/?page_id=412\" \/>\n<meta property=\"og:locale\" content=\"fi_FI\" \/>\n<meta property=\"og:type\" content=\"article\" \/>\n<meta property=\"og:title\" content=\"Maisemanhoitoalue - K\u00f6yli\u00f6-seura\" \/>\n<meta property=\"og:description\" content=\"K\u00f6yli\u00f6\u00f6n suunniteltiin maisemanhoitoaluetta Suunnittelu oli perinpohjaista ja siit\u00e4 vastasi Niina Uusi-Sepp\u00e4 Satakunnan museosta. K\u00f6yli\u00f6ss\u00e4 j\u00e4rjestettiin 2.12.2019 kokous , johon kutsuttiin tahot, joita asia koski. Niina Uusi-Sepp\u00e4 esitteli\u00a0 suunnittelun tuloksia ja ajatuksena oli p\u00e4\u00e4tt\u00e4\u00e4 perustamisesta. Keskustelusta vedettiin johtop\u00e4\u00e4t\u00f6s, ettei misemanhoitoalueen perustamiselle ... Lue lis\u00e4\u00e4\" \/>\n<meta property=\"og:url\" content=\"https:\/\/koylio-seura.fi\/?page_id=412\" \/>\n<meta property=\"og:site_name\" content=\"K\u00f6yli\u00f6-seura\" \/>\n<meta property=\"article:modified_time\" content=\"2024-09-04T15:35:53+00:00\" \/>\n<meta name=\"twitter:card\" content=\"summary_large_image\" \/>\n<meta name=\"twitter:label1\" content=\"Arvioitu lukuaika\" \/>\n\t<meta name=\"twitter:data1\" content=\"1 minuutti\" \/>\n<script type=\"application\/ld+json\" class=\"yoast-schema-graph\">{\"@context\":\"https:\/\/schema.org\",\"@graph\":[{\"@type\":\"WebPage\",\"@id\":\"https:\/\/koylio-seura.fi\/?page_id=412\",\"url\":\"https:\/\/koylio-seura.fi\/?page_id=412\",\"name\":\"Maisemanhoitoalue - K\u00f6yli\u00f6-seura\",\"isPartOf\":{\"@id\":\"https:\/\/koylio-seura.fi\/#website\"},\"datePublished\":\"2023-09-17T06:23:21+00:00\",\"dateModified\":\"2024-09-04T15:35:53+00:00\",\"breadcrumb\":{\"@id\":\"https:\/\/koylio-seura.fi\/?page_id=412#breadcrumb\"},\"inLanguage\":\"fi\",\"potentialAction\":[{\"@type\":\"ReadAction\",\"target\":[\"https:\/\/koylio-seura.fi\/?page_id=412\"]}]},{\"@type\":\"BreadcrumbList\",\"@id\":\"https:\/\/koylio-seura.fi\/?page_id=412#breadcrumb\",\"itemListElement\":[{\"@type\":\"ListItem\",\"position\":1,\"name\":\"Etusivu\",\"item\":\"https:\/\/koylio-seura.fi\/\"},{\"@type\":\"ListItem\",\"position\":2,\"name\":\"K\u00f6yli\u00f6-seura\",\"item\":\"https:\/\/koylio-seura.fi\/\"},{\"@type\":\"ListItem\",\"position\":3,\"name\":\"Jaostot\",\"item\":\"https:\/\/koylio-seura.fi\/?page_id=57\"},{\"@type\":\"ListItem\",\"position\":4,\"name\":\"Ymp\u00e4rist\u00f6jaosto\",\"item\":\"https:\/\/koylio-seura.fi\/?page_id=408\"},{\"@type\":\"ListItem\",\"position\":5,\"name\":\"Maisemanhoitoalue\"}]},{\"@type\":\"WebSite\",\"@id\":\"https:\/\/koylio-seura.fi\/#website\",\"url\":\"https:\/\/koylio-seura.fi\/\",\"name\":\"K\u00f6yli\u00f6-seura\",\"description\":\"\",\"publisher\":{\"@id\":\"https:\/\/koylio-seura.fi\/#organization\"},\"potentialAction\":[{\"@type\":\"SearchAction\",\"target\":{\"@type\":\"EntryPoint\",\"urlTemplate\":\"https:\/\/koylio-seura.fi\/?s={search_term_string}\"},\"query-input\":{\"@type\":\"PropertyValueSpecification\",\"valueRequired\":true,\"valueName\":\"search_term_string\"}}],\"inLanguage\":\"fi\"},{\"@type\":\"Organization\",\"@id\":\"https:\/\/koylio-seura.fi\/#organization\",\"name\":\"K\u00f6yli\u00f6-seura\",\"url\":\"https:\/\/koylio-seura.fi\/\",\"logo\":{\"@type\":\"ImageObject\",\"inLanguage\":\"fi\",\"@id\":\"https:\/\/koylio-seura.fi\/#\/schema\/logo\/image\/\",\"url\":\"https:\/\/koylio-seura.fi\/wp-content\/uploads\/2023\/07\/cropped-KS-logo-23.png\",\"contentUrl\":\"https:\/\/koylio-seura.fi\/wp-content\/uploads\/2023\/07\/cropped-KS-logo-23.png\",\"width\":530,\"height\":619,\"caption\":\"K\u00f6yli\u00f6-seura\"},\"image\":{\"@id\":\"https:\/\/koylio-seura.fi\/#\/schema\/logo\/image\/\"}}]}<\/script>\n<!-- \/ Yoast SEO plugin. -->","yoast_head_json":{"title":"Maisemanhoitoalue - K\u00f6yli\u00f6-seura","robots":{"index":"index","follow":"follow","max-snippet":"max-snippet:-1","max-image-preview":"max-image-preview:large","max-video-preview":"max-video-preview:-1"},"canonical":"https:\/\/koylio-seura.fi\/?page_id=412","og_locale":"fi_FI","og_type":"article","og_title":"Maisemanhoitoalue - K\u00f6yli\u00f6-seura","og_description":"K\u00f6yli\u00f6\u00f6n suunniteltiin maisemanhoitoaluetta Suunnittelu oli perinpohjaista ja siit\u00e4 vastasi Niina Uusi-Sepp\u00e4 Satakunnan museosta. K\u00f6yli\u00f6ss\u00e4 j\u00e4rjestettiin 2.12.2019 kokous , johon kutsuttiin tahot, joita asia koski. Niina Uusi-Sepp\u00e4 esitteli\u00a0 suunnittelun tuloksia ja ajatuksena oli p\u00e4\u00e4tt\u00e4\u00e4 perustamisesta. Keskustelusta vedettiin johtop\u00e4\u00e4t\u00f6s, ettei misemanhoitoalueen perustamiselle ... Lue lis\u00e4\u00e4","og_url":"https:\/\/koylio-seura.fi\/?page_id=412","og_site_name":"K\u00f6yli\u00f6-seura","article_modified_time":"2024-09-04T15:35:53+00:00","twitter_card":"summary_large_image","twitter_misc":{"Arvioitu lukuaika":"1 minuutti"},"schema":{"@context":"https:\/\/schema.org","@graph":[{"@type":"WebPage","@id":"https:\/\/koylio-seura.fi\/?page_id=412","url":"https:\/\/koylio-seura.fi\/?page_id=412","name":"Maisemanhoitoalue - K\u00f6yli\u00f6-seura","isPartOf":{"@id":"https:\/\/koylio-seura.fi\/#website"},"datePublished":"2023-09-17T06:23:21+00:00","dateModified":"2024-09-04T15:35:53+00:00","breadcrumb":{"@id":"https:\/\/koylio-seura.fi\/?page_id=412#breadcrumb"},"inLanguage":"fi","potentialAction":[{"@type":"ReadAction","target":["https:\/\/koylio-seura.fi\/?page_id=412"]}]},{"@type":"BreadcrumbList","@id":"https:\/\/koylio-seura.fi\/?page_id=412#breadcrumb","itemListElement":[{"@type":"ListItem","position":1,"name":"Etusivu","item":"https:\/\/koylio-seura.fi\/"},{"@type":"ListItem","position":2,"name":"K\u00f6yli\u00f6-seura","item":"https:\/\/koylio-seura.fi\/"},{"@type":"ListItem","position":3,"name":"Jaostot","item":"https:\/\/koylio-seura.fi\/?page_id=57"},{"@type":"ListItem","position":4,"name":"Ymp\u00e4rist\u00f6jaosto","item":"https:\/\/koylio-seura.fi\/?page_id=408"},{"@type":"ListItem","position":5,"name":"Maisemanhoitoalue"}]},{"@type":"WebSite","@id":"https:\/\/koylio-seura.fi\/#website","url":"https:\/\/koylio-seura.fi\/","name":"K\u00f6yli\u00f6-seura","description":"","publisher":{"@id":"https:\/\/koylio-seura.fi\/#organization"},"potentialAction":[{"@type":"SearchAction","target":{"@type":"EntryPoint","urlTemplate":"https:\/\/koylio-seura.fi\/?s={search_term_string}"},"query-input":{"@type":"PropertyValueSpecification","valueRequired":true,"valueName":"search_term_string"}}],"inLanguage":"fi"},{"@type":"Organization","@id":"https:\/\/koylio-seura.fi\/#organization","name":"K\u00f6yli\u00f6-seura","url":"https:\/\/koylio-seura.fi\/","logo":{"@type":"ImageObject","inLanguage":"fi","@id":"https:\/\/koylio-seura.fi\/#\/schema\/logo\/image\/","url":"https:\/\/koylio-seura.fi\/wp-content\/uploads\/2023\/07\/cropped-KS-logo-23.png","contentUrl":"https:\/\/koylio-seura.fi\/wp-content\/uploads\/2023\/07\/cropped-KS-logo-23.png","width":530,"height":619,"caption":"K\u00f6yli\u00f6-seura"},"image":{"@id":"https:\/\/koylio-seura.fi\/#\/schema\/logo\/image\/"}}]}},"_links":{"self":[{"href":"https:\/\/koylio-seura.fi\/index.php?rest_route=\/wp\/v2\/pages\/412","targetHints":{"allow":["GET"]}}],"collection":[{"href":"https:\/\/koylio-seura.fi\/index.php?rest_route=\/wp\/v2\/pages"}],"about":[{"href":"https:\/\/koylio-seura.fi\/index.php?rest_route=\/wp\/v2\/types\/page"}],"author":[{"embeddable":true,"href":"https:\/\/koylio-seura.fi\/index.php?rest_route=\/wp\/v2\/users\/1"}],"replies":[{"embeddable":true,"href":"https:\/\/koylio-seura.fi\/index.php?rest_route=%2Fwp%2Fv2%2Fcomments&post=412"}],"version-history":[{"count":22,"href":"https:\/\/koylio-seura.fi\/index.php?rest_route=\/wp\/v2\/pages\/412\/revisions"}],"predecessor-version":[{"id":10124,"href":"https:\/\/koylio-seura.fi\/index.php?rest_route=\/wp\/v2\/pages\/412\/revisions\/10124"}],"up":[{"embeddable":true,"href":"https:\/\/koylio-seura.fi\/index.php?rest_route=\/wp\/v2\/pages\/408"}],"wp:attachment":[{"href":"https:\/\/koylio-seura.fi\/index.php?rest_route=%2Fwp%2Fv2%2Fmedia&parent=412"}],"curies":[{"name":"wp","href":"https:\/\/api.w.org\/{rel}","templated":true}]}}