{"id":410,"date":"2023-09-17T06:22:46","date_gmt":"2023-09-17T06:22:46","guid":{"rendered":"https:\/\/koylio-seura.eitcon.com\/?page_id=410"},"modified":"2024-09-04T15:00:10","modified_gmt":"2024-09-04T15:00:10","slug":"vieraslajit","status":"publish","type":"page","link":"https:\/\/koylio-seura.fi\/?page_id=410","title":{"rendered":"Vieraslajit"},"content":{"rendered":"\t\t<div data-elementor-type=\"wp-page\" data-elementor-id=\"410\" class=\"elementor elementor-410\" data-elementor-post-type=\"page\">\n\t\t\t\t\t\t<section class=\"elementor-section elementor-top-section elementor-element elementor-element-b9cf5f5 elementor-section-boxed elementor-section-height-default elementor-section-height-default\" data-id=\"b9cf5f5\" data-element_type=\"section\">\n\t\t\t\t\t\t<div class=\"elementor-container elementor-column-gap-default\">\n\t\t\t\t\t<div class=\"elementor-column elementor-col-100 elementor-top-column elementor-element elementor-element-ede1265\" data-id=\"ede1265\" data-element_type=\"column\">\n\t\t\t<div class=\"elementor-widget-wrap elementor-element-populated\">\n\t\t\t\t\t\t<div class=\"elementor-element elementor-element-2bdf819 elementor-widget elementor-widget-text-editor\" data-id=\"2bdf819\" data-element_type=\"widget\" data-widget_type=\"text-editor.default\">\n\t\t\t\t<div class=\"elementor-widget-container\">\n\t\t\t\t\t\t\t\t\t<p>ETSINT\u00c4KUULUTUS:<\/p><p>Villisti levi\u00e4v\u00e4 vieraslaji!<\/p><p>Jokainen voi osallistua perinteisi\u00e4 kasvilajeja ahdistavien vieraslajien torjumiseen! Kuvia ja ohjeita torjuntaan l\u00f6ytyy mm. osoitteesta www.vieraslajit.fi. Yhdess\u00e4 voimme hillit\u00e4 esimerkiksi j\u00e4ttipalsamin, lupiinin, piiskujen ja j\u00e4ttiputkien levi\u00e4mist\u00e4. Nyt ennen siementen kypsymist\u00e4 on hyv\u00e4 aika tarttua toimeen.<\/p><p><br \/><strong>J\u00e4ttipalsami<\/strong><\/p><p>Puutarhoista luontoon levinnyt j\u00e4ttipalsami on yksivuotinen, jopa kolmemetriseksi kasvava vaaleanpunakukkainen kasvi. Palsami muodostaa<br \/>tihe\u00e4n kasvuston, joka tukahduttaa alleen alkuper\u00e4isen kasvillisuuden muuttaen siten paikallista kasvi- ja el\u00e4inlajistoa. Palsami kukkii ja<br \/>siement\u00e4\u00e4 my\u00f6s pienen\u00e4, alle kymmensenttisen\u00e4.<br \/>Mik\u00e4\u00e4n ei rajoita j\u00e4ttipalsamin levi\u00e4mist\u00e4 Suomessa. Luontaisia vihollisia ei ole. Ainoastaan kuivilla, karuilla kasvupaikoilla se ei menesty.<\/p><p>Pieni, lehdist\u00f6lt\u00e4\u00e4n saman n\u00e4k\u00f6inen lehtopalsami (Impatiens nolitangere L.) kasvaa meill\u00e4 luonnonvaraisena.<\/p><p>H\u00e4vitt\u00e4minen<\/p><p>J\u00e4ttipalsami uudistuu vain siemenist\u00e4. Yksi kukka tuottaa niit\u00e4 satoja ja voi singota ne siemenkodan avautuessa jopa 7 metrin p\u00e4\u00e4h\u00e4n. Uusille<br \/>kasvupaikoille siemeni\u00e4 kulkeutuu etenkin veden ja ihmisen siirt\u00e4mien maa-ainesten mukana. Suurin osa siemenist\u00e4 it\u00e4\u00e4 heti seuraavana<br \/>vuonna, mik\u00e4 helpottaa torjuntaa.<\/p><p>Palsamikasvustot on helppo h\u00e4vitt\u00e4\u00e4 kitkem\u00e4ll\u00e4. Versot irtoavat maasta helposti, eik\u00e4 erityisi\u00e4 suojavarusteita tarvita. Ty\u00f6 on teht\u00e4v\u00e4<br \/>viimeist\u00e4\u00e4n kukinta-aikana, ennen siementen kypsymist\u00e4. Kun siement\u00e4vi\u00e4 yksil\u00f6it\u00e4 ei p\u00e4\u00e4stet\u00e4 syntym\u00e4\u00e4n, kasvi h\u00e4vi\u00e4\u00e4 paikalta nopeasti.<\/p><p>Laajoja (aarien kokoisia) kasvustoja voi yritt\u00e4\u00e4 niitt\u00e4\u00e4 mahdollisimman alhaalta. Matalaankin varteen voi kuitenkin kasvaa uusia kukintoja.<\/p><p>Kukintoja ja juuria ei voi laittaa kompostiin. Polttamalla siemenet tuhoutuvat varmasti.<\/p><p><br \/><strong>Lupiini<\/strong><\/p><p>Teiden varsilta tuttu komealupiini (Lupinus polyphyllus) vie luonnossa tilaa monilta niittykasveilta. Hernekasvina lupiini sitoo typpe\u00e4 ja<br \/>rehev\u00f6itt\u00e4\u00e4 kasvualustaa, jossa k\u00f6yh\u00e4n maan alkuper\u00e4iset kasvit eiv\u00e4t en\u00e4\u00e4 viihdy.<\/p><p>Kukinnot voi katkaista ennen siementen kehittymist\u00e4 saksilla tai niitt\u00e4m\u00e4ll\u00e4 pari kertaa kes\u00e4ss\u00e4. Niittoj\u00e4te kannattaa korjata pois.<br \/>Pienet, yksitt\u00e4iset taimet voi kaivaa juurineen maasta ja h\u00e4vitt\u00e4\u00e4 kompostoimalla.<\/p><p><br \/><strong>J\u00e4ttiputki<\/strong><\/p><p>Parimetriseksi kasvava vaaleakukkainen j\u00e4ttiputki levi\u00e4\u00e4 tehokkaasti juuriversojen ja siementen avulla. J\u00e4ttiputken kasvineste voi aiheuttaa hengitys- ja silm\u00e4oireita sek\u00e4 palorakkuloiden kaltaista ihottumaa. Myrkyllisyyden vuoksi torjuntaan ei pid\u00e4 ryhty\u00e4 ilman tarkempia ohjeita ja suojavarusteita.<\/p>\t\t\t\t\t\t\t\t<\/div>\n\t\t\t\t<\/div>\n\t\t\t\t\t<\/div>\n\t\t<\/div>\n\t\t\t\t\t<\/div>\n\t\t<\/section>\n\t\t\t\t<\/div>\n\t\t","protected":false},"excerpt":{"rendered":"<p>ETSINT\u00c4KUULUTUS: Villisti levi\u00e4v\u00e4 vieraslaji! Jokainen voi osallistua perinteisi\u00e4 kasvilajeja ahdistavien vieraslajien torjumiseen! Kuvia ja ohjeita torjuntaan l\u00f6ytyy mm. osoitteesta www.vieraslajit.fi. Yhdess\u00e4 voimme hillit\u00e4 esimerkiksi j\u00e4ttipalsamin, lupiinin, piiskujen ja j\u00e4ttiputkien levi\u00e4mist\u00e4. Nyt ennen siementen kypsymist\u00e4 on hyv\u00e4 aika tarttua toimeen. J\u00e4ttipalsami &#8230; <a title=\"Vieraslajit\" class=\"read-more\" href=\"https:\/\/koylio-seura.fi\/?page_id=410\" aria-label=\"Lue lis\u00e4\u00e4 aiheesta Vieraslajit\">Lue lis\u00e4\u00e4<\/a><\/p>\n","protected":false},"author":1,"featured_media":0,"parent":408,"menu_order":0,"comment_status":"closed","ping_status":"closed","template":"","meta":{"footnotes":""},"class_list":{"0":"post-410","1":"page","2":"type-page","3":"status-publish","5":"infinite-scroll-item"},"yoast_head":"<!-- This site is optimized with the Yoast SEO plugin v26.6 - https:\/\/yoast.com\/wordpress\/plugins\/seo\/ -->\n<title>Vieraslajit - K\u00f6yli\u00f6-seura<\/title>\n<meta name=\"robots\" content=\"index, follow, max-snippet:-1, max-image-preview:large, max-video-preview:-1\" \/>\n<link rel=\"canonical\" href=\"https:\/\/koylio-seura.fi\/?page_id=410\" \/>\n<meta property=\"og:locale\" content=\"fi_FI\" \/>\n<meta property=\"og:type\" content=\"article\" \/>\n<meta property=\"og:title\" content=\"Vieraslajit - K\u00f6yli\u00f6-seura\" \/>\n<meta property=\"og:description\" content=\"ETSINT\u00c4KUULUTUS: Villisti levi\u00e4v\u00e4 vieraslaji! Jokainen voi osallistua perinteisi\u00e4 kasvilajeja ahdistavien vieraslajien torjumiseen! Kuvia ja ohjeita torjuntaan l\u00f6ytyy mm. osoitteesta www.vieraslajit.fi. Yhdess\u00e4 voimme hillit\u00e4 esimerkiksi j\u00e4ttipalsamin, lupiinin, piiskujen ja j\u00e4ttiputkien levi\u00e4mist\u00e4. Nyt ennen siementen kypsymist\u00e4 on hyv\u00e4 aika tarttua toimeen. J\u00e4ttipalsami ... Lue lis\u00e4\u00e4\" \/>\n<meta property=\"og:url\" content=\"https:\/\/koylio-seura.fi\/?page_id=410\" \/>\n<meta property=\"og:site_name\" content=\"K\u00f6yli\u00f6-seura\" \/>\n<meta property=\"article:modified_time\" content=\"2024-09-04T15:00:10+00:00\" \/>\n<meta name=\"twitter:card\" content=\"summary_large_image\" \/>\n<meta name=\"twitter:label1\" content=\"Arvioitu lukuaika\" \/>\n\t<meta name=\"twitter:data1\" content=\"2 minuuttia\" \/>\n<script type=\"application\/ld+json\" class=\"yoast-schema-graph\">{\"@context\":\"https:\/\/schema.org\",\"@graph\":[{\"@type\":\"WebPage\",\"@id\":\"https:\/\/koylio-seura.fi\/?page_id=410\",\"url\":\"https:\/\/koylio-seura.fi\/?page_id=410\",\"name\":\"Vieraslajit - K\u00f6yli\u00f6-seura\",\"isPartOf\":{\"@id\":\"https:\/\/koylio-seura.fi\/#website\"},\"datePublished\":\"2023-09-17T06:22:46+00:00\",\"dateModified\":\"2024-09-04T15:00:10+00:00\",\"breadcrumb\":{\"@id\":\"https:\/\/koylio-seura.fi\/?page_id=410#breadcrumb\"},\"inLanguage\":\"fi\",\"potentialAction\":[{\"@type\":\"ReadAction\",\"target\":[\"https:\/\/koylio-seura.fi\/?page_id=410\"]}]},{\"@type\":\"BreadcrumbList\",\"@id\":\"https:\/\/koylio-seura.fi\/?page_id=410#breadcrumb\",\"itemListElement\":[{\"@type\":\"ListItem\",\"position\":1,\"name\":\"Etusivu\",\"item\":\"https:\/\/koylio-seura.fi\/\"},{\"@type\":\"ListItem\",\"position\":2,\"name\":\"K\u00f6yli\u00f6-seura\",\"item\":\"https:\/\/koylio-seura.fi\/\"},{\"@type\":\"ListItem\",\"position\":3,\"name\":\"Jaostot\",\"item\":\"https:\/\/koylio-seura.fi\/?page_id=57\"},{\"@type\":\"ListItem\",\"position\":4,\"name\":\"Ymp\u00e4rist\u00f6jaosto\",\"item\":\"https:\/\/koylio-seura.fi\/?page_id=408\"},{\"@type\":\"ListItem\",\"position\":5,\"name\":\"Vieraslajit\"}]},{\"@type\":\"WebSite\",\"@id\":\"https:\/\/koylio-seura.fi\/#website\",\"url\":\"https:\/\/koylio-seura.fi\/\",\"name\":\"K\u00f6yli\u00f6-seura\",\"description\":\"\",\"publisher\":{\"@id\":\"https:\/\/koylio-seura.fi\/#organization\"},\"potentialAction\":[{\"@type\":\"SearchAction\",\"target\":{\"@type\":\"EntryPoint\",\"urlTemplate\":\"https:\/\/koylio-seura.fi\/?s={search_term_string}\"},\"query-input\":{\"@type\":\"PropertyValueSpecification\",\"valueRequired\":true,\"valueName\":\"search_term_string\"}}],\"inLanguage\":\"fi\"},{\"@type\":\"Organization\",\"@id\":\"https:\/\/koylio-seura.fi\/#organization\",\"name\":\"K\u00f6yli\u00f6-seura\",\"url\":\"https:\/\/koylio-seura.fi\/\",\"logo\":{\"@type\":\"ImageObject\",\"inLanguage\":\"fi\",\"@id\":\"https:\/\/koylio-seura.fi\/#\/schema\/logo\/image\/\",\"url\":\"https:\/\/koylio-seura.fi\/wp-content\/uploads\/2023\/07\/cropped-KS-logo-23.png\",\"contentUrl\":\"https:\/\/koylio-seura.fi\/wp-content\/uploads\/2023\/07\/cropped-KS-logo-23.png\",\"width\":530,\"height\":619,\"caption\":\"K\u00f6yli\u00f6-seura\"},\"image\":{\"@id\":\"https:\/\/koylio-seura.fi\/#\/schema\/logo\/image\/\"}}]}<\/script>\n<!-- \/ Yoast SEO plugin. -->","yoast_head_json":{"title":"Vieraslajit - K\u00f6yli\u00f6-seura","robots":{"index":"index","follow":"follow","max-snippet":"max-snippet:-1","max-image-preview":"max-image-preview:large","max-video-preview":"max-video-preview:-1"},"canonical":"https:\/\/koylio-seura.fi\/?page_id=410","og_locale":"fi_FI","og_type":"article","og_title":"Vieraslajit - K\u00f6yli\u00f6-seura","og_description":"ETSINT\u00c4KUULUTUS: Villisti levi\u00e4v\u00e4 vieraslaji! Jokainen voi osallistua perinteisi\u00e4 kasvilajeja ahdistavien vieraslajien torjumiseen! Kuvia ja ohjeita torjuntaan l\u00f6ytyy mm. osoitteesta www.vieraslajit.fi. Yhdess\u00e4 voimme hillit\u00e4 esimerkiksi j\u00e4ttipalsamin, lupiinin, piiskujen ja j\u00e4ttiputkien levi\u00e4mist\u00e4. Nyt ennen siementen kypsymist\u00e4 on hyv\u00e4 aika tarttua toimeen. J\u00e4ttipalsami ... Lue lis\u00e4\u00e4","og_url":"https:\/\/koylio-seura.fi\/?page_id=410","og_site_name":"K\u00f6yli\u00f6-seura","article_modified_time":"2024-09-04T15:00:10+00:00","twitter_card":"summary_large_image","twitter_misc":{"Arvioitu lukuaika":"2 minuuttia"},"schema":{"@context":"https:\/\/schema.org","@graph":[{"@type":"WebPage","@id":"https:\/\/koylio-seura.fi\/?page_id=410","url":"https:\/\/koylio-seura.fi\/?page_id=410","name":"Vieraslajit - K\u00f6yli\u00f6-seura","isPartOf":{"@id":"https:\/\/koylio-seura.fi\/#website"},"datePublished":"2023-09-17T06:22:46+00:00","dateModified":"2024-09-04T15:00:10+00:00","breadcrumb":{"@id":"https:\/\/koylio-seura.fi\/?page_id=410#breadcrumb"},"inLanguage":"fi","potentialAction":[{"@type":"ReadAction","target":["https:\/\/koylio-seura.fi\/?page_id=410"]}]},{"@type":"BreadcrumbList","@id":"https:\/\/koylio-seura.fi\/?page_id=410#breadcrumb","itemListElement":[{"@type":"ListItem","position":1,"name":"Etusivu","item":"https:\/\/koylio-seura.fi\/"},{"@type":"ListItem","position":2,"name":"K\u00f6yli\u00f6-seura","item":"https:\/\/koylio-seura.fi\/"},{"@type":"ListItem","position":3,"name":"Jaostot","item":"https:\/\/koylio-seura.fi\/?page_id=57"},{"@type":"ListItem","position":4,"name":"Ymp\u00e4rist\u00f6jaosto","item":"https:\/\/koylio-seura.fi\/?page_id=408"},{"@type":"ListItem","position":5,"name":"Vieraslajit"}]},{"@type":"WebSite","@id":"https:\/\/koylio-seura.fi\/#website","url":"https:\/\/koylio-seura.fi\/","name":"K\u00f6yli\u00f6-seura","description":"","publisher":{"@id":"https:\/\/koylio-seura.fi\/#organization"},"potentialAction":[{"@type":"SearchAction","target":{"@type":"EntryPoint","urlTemplate":"https:\/\/koylio-seura.fi\/?s={search_term_string}"},"query-input":{"@type":"PropertyValueSpecification","valueRequired":true,"valueName":"search_term_string"}}],"inLanguage":"fi"},{"@type":"Organization","@id":"https:\/\/koylio-seura.fi\/#organization","name":"K\u00f6yli\u00f6-seura","url":"https:\/\/koylio-seura.fi\/","logo":{"@type":"ImageObject","inLanguage":"fi","@id":"https:\/\/koylio-seura.fi\/#\/schema\/logo\/image\/","url":"https:\/\/koylio-seura.fi\/wp-content\/uploads\/2023\/07\/cropped-KS-logo-23.png","contentUrl":"https:\/\/koylio-seura.fi\/wp-content\/uploads\/2023\/07\/cropped-KS-logo-23.png","width":530,"height":619,"caption":"K\u00f6yli\u00f6-seura"},"image":{"@id":"https:\/\/koylio-seura.fi\/#\/schema\/logo\/image\/"}}]}},"_links":{"self":[{"href":"https:\/\/koylio-seura.fi\/index.php?rest_route=\/wp\/v2\/pages\/410","targetHints":{"allow":["GET"]}}],"collection":[{"href":"https:\/\/koylio-seura.fi\/index.php?rest_route=\/wp\/v2\/pages"}],"about":[{"href":"https:\/\/koylio-seura.fi\/index.php?rest_route=\/wp\/v2\/types\/page"}],"author":[{"embeddable":true,"href":"https:\/\/koylio-seura.fi\/index.php?rest_route=\/wp\/v2\/users\/1"}],"replies":[{"embeddable":true,"href":"https:\/\/koylio-seura.fi\/index.php?rest_route=%2Fwp%2Fv2%2Fcomments&post=410"}],"version-history":[{"count":7,"href":"https:\/\/koylio-seura.fi\/index.php?rest_route=\/wp\/v2\/pages\/410\/revisions"}],"predecessor-version":[{"id":10101,"href":"https:\/\/koylio-seura.fi\/index.php?rest_route=\/wp\/v2\/pages\/410\/revisions\/10101"}],"up":[{"embeddable":true,"href":"https:\/\/koylio-seura.fi\/index.php?rest_route=\/wp\/v2\/pages\/408"}],"wp:attachment":[{"href":"https:\/\/koylio-seura.fi\/index.php?rest_route=%2Fwp%2Fv2%2Fmedia&parent=410"}],"curies":[{"name":"wp","href":"https:\/\/api.w.org\/{rel}","templated":true}]}}