{"id":408,"date":"2023-09-17T06:21:37","date_gmt":"2023-09-17T06:21:37","guid":{"rendered":"https:\/\/koylio-seura.eitcon.com\/?page_id=408"},"modified":"2024-02-10T11:37:34","modified_gmt":"2024-02-10T11:37:34","slug":"ymparistojaosto","status":"publish","type":"page","link":"https:\/\/koylio-seura.fi\/?page_id=408","title":{"rendered":"Ymp\u00e4rist\u00f6jaosto"},"content":{"rendered":"\t\t<div data-elementor-type=\"wp-page\" data-elementor-id=\"408\" class=\"elementor elementor-408\" data-elementor-post-type=\"page\">\n\t\t\t\t\t\t<section class=\"elementor-section elementor-top-section elementor-element elementor-element-db06bdb elementor-section-boxed elementor-section-height-default elementor-section-height-default\" data-id=\"db06bdb\" data-element_type=\"section\">\n\t\t\t\t\t\t<div class=\"elementor-container elementor-column-gap-default\">\n\t\t\t\t\t<div class=\"elementor-column elementor-col-100 elementor-top-column elementor-element elementor-element-ff41a0a\" data-id=\"ff41a0a\" data-element_type=\"column\">\n\t\t\t<div class=\"elementor-widget-wrap elementor-element-populated\">\n\t\t\t\t\t\t<div class=\"elementor-element elementor-element-78ac240 elementor-widget elementor-widget-heading\" data-id=\"78ac240\" data-element_type=\"widget\" data-widget_type=\"heading.default\">\n\t\t\t\t<div class=\"elementor-widget-container\">\n\t\t\t\t\t<h2 class=\"elementor-heading-title elementor-size-default\">Ymp\u00e4rist\u00f6jaosto<\/h2>\t\t\t\t<\/div>\n\t\t\t\t<\/div>\n\t\t\t\t<div class=\"elementor-element elementor-element-b069a2e elementor-widget elementor-widget-text-editor\" data-id=\"b069a2e\" data-element_type=\"widget\" data-widget_type=\"text-editor.default\">\n\t\t\t\t<div class=\"elementor-widget-container\">\n\t\t\t\t\t\t\t\t\t<p>Ymp\u00e4rist\u00f6jaosto ei t\u00e4ll\u00e4 hetkell\u00e4 ole toiminnassa.<\/p><p>Ymp\u00e4rist\u00f6asioiden yhteyshenkil\u00f6t Kristiina Ala-Ristaniemi, Tapio Putko ja Raimo Savioja tarkkailevat ymp\u00e4rist\u00f6asioita ja informoivat niist\u00e4 seuralle. Seura tarvittaessa my\u00f6s pyyt\u00e4\u00e4 heilt\u00e4 mielipiteit\u00e4.<br \/><span style=\"background-color: var(--base-3); color: var(--contrast);\"><br \/><a href=\"https:\/\/koylio-seura.fi\/?page_id=103\">Yhteyshenkil\u00f6iden puhelinnumerot ja s\u00e4hk\u00f6postiosoitteet<\/a><\/span><\/p>\t\t\t\t\t\t\t\t<\/div>\n\t\t\t\t<\/div>\n\t\t\t\t\t<\/div>\n\t\t<\/div>\n\t\t\t\t\t<\/div>\n\t\t<\/section>\n\t\t\t\t<section class=\"elementor-section elementor-top-section elementor-element elementor-element-0285eb5 elementor-section-boxed elementor-section-height-default elementor-section-height-default\" data-id=\"0285eb5\" data-element_type=\"section\">\n\t\t\t\t\t\t<div class=\"elementor-container elementor-column-gap-default\">\n\t\t\t\t\t<div class=\"elementor-column elementor-col-100 elementor-top-column elementor-element elementor-element-d5c113d\" data-id=\"d5c113d\" data-element_type=\"column\">\n\t\t\t<div class=\"elementor-widget-wrap elementor-element-populated\">\n\t\t\t\t\t\t<div class=\"elementor-element elementor-element-be61a7e elementor-widget elementor-widget-heading\" data-id=\"be61a7e\" data-element_type=\"widget\" data-widget_type=\"heading.default\">\n\t\t\t\t<div class=\"elementor-widget-container\">\n\t\t\t\t\t<h3 class=\"elementor-heading-title elementor-size-default\">Tietoja vieraslajeista ja niiden h\u00e4vitt\u00e4misohjeita<\/h3>\t\t\t\t<\/div>\n\t\t\t\t<\/div>\n\t\t\t\t<div class=\"elementor-element elementor-element-421cb68 elementor-widget__width-initial elementor-widget elementor-widget-text-editor\" data-id=\"421cb68\" data-element_type=\"widget\" data-widget_type=\"text-editor.default\">\n\t\t\t\t<div class=\"elementor-widget-container\">\n\t\t\t\t\t\t\t\t\t<p>Ymp\u00e4rist\u00f6jaosto on koonnut sivuilleen teksti\u00e4 joistakin &#8221;vaarallisimmista&#8221;, villisti levi\u00e4vist\u00e4\u00a0 vieraslajeista.<br \/>Jokainen voi osallistua perinteisi\u00e4 kasvilajeja ahdistavien vieraslajien torjuntaan. Kuvia ja ohjeita torjuntaan l\u00f6ytyy mm. osoitteesta www.vieraslajit.fi. Oikea aika tarttua toimeen on ennen siementen kypsymist\u00e4.<\/p><p><strong>J<\/strong><b>\u00e4ttipalsami<br \/><\/b>Puutarhoista luontoon levinnyt j\u00e4ttipalsami on yksivuotinen, jopa kolmemetriseksi kasvava vaaleanpunakukkainen kasvi. Palsami muodostaa tihe\u00e4n kasvuston, joka tukahduttaa alleen alkuper\u00e4isen kasvillisuuden muuttaen siten paikallista kasvi- ja el\u00e4inlajistoa. Palsami kukkii ja siement\u00e4\u00e4 my\u00f6s pienen\u00e4, alle kymmensenttisen\u00e4. Mik\u00e4\u00e4n ei rajoita j\u00e4ttipalsamin levi\u00e4mist\u00e4 Suomessa. Luontaisia vihollisia ei ole. Ainoastaan kuivilla, karuilla kasvupaikoilla se ei menesty. Pieni, lehdist\u00f6lt\u00e4\u00e4n saman n\u00e4k\u00f6inen lehtopalsami (Impatiens nolitangere L.) kasvaa meill\u00e4 luonnonvaraisena.<\/p><p>H\u00e4vitt\u00e4minen<br \/>J\u00e4ttipalsami uudistuu vain siemenist\u00e4. Yksi kukka tuottaa niit\u00e4 satojaja voi singota ne siemenkodan avautuessa jopa 7 metrin p\u00e4\u00e4h\u00e4n. Uusille kasvupaikoille siemeni\u00e4 kulkeutuu etenkin veden ja ihmisen siirt\u00e4mien maa-ainesten mukana. Suurin osa siemenist\u00e4 it\u00e4\u00e4 heti seuraavana vuonna, mik\u00e4 helpottaa torjuntaa. Palsamikasvustot on helppo h\u00e4vitt\u00e4\u00e4 kitkem\u00e4ll\u00e4. Versot irtoavat maasta<br \/>helposti, eik\u00e4 erityisi\u00e4 suojavarusteita tarvita. Ty\u00f6 on teht\u00e4v\u00e4 viimeist\u00e4\u00e4n kukinta-aikana, ennen siementen kypsymist\u00e4. Kun siement\u00e4vi\u00e4 yksil\u00f6it\u00e4 ei p\u00e4\u00e4stet\u00e4 syntym\u00e4\u00e4n, kasvi h\u00e4vi\u00e4\u00e4 paikalta<br \/>nopeasti.Laajoja (aarien kokoisia) kasvustoja voi yritt\u00e4\u00e4 niitt\u00e4\u00e4<br \/>mahdollisimman alhaalta. Matalaankin varteen voi kuitenkin kasvaa uusia kukintoja. Kukintoja ja juuria ei voi laittaa kompostiin. Polttamalla siemenet tuhoutuvat varmasti.<\/p><p><strong>Lupiini<br \/><\/strong>Teiden varsilta tuttu komealupiini, arkikieless\u00e4 usein pelkk\u00e4 lupiini (Lupinus polyphyllus) vie luonnossa tilaa monilta niittykasveilta. Hernekasvina lupiini sitoo typpe\u00e4 ja rehev\u00f6itt\u00e4\u00e4 kasvualustaa, jossa k\u00f6yh\u00e4n maan alkuper\u00e4iset kasvit eiv\u00e4t en\u00e4\u00e4 viihdy. Kukinnot voi katkaista ennen siementen kehittymist\u00e4 saksilla tai niitt\u00e4m\u00e4ll\u00e4 pari kertaa kes\u00e4ss\u00e4. Niittoj\u00e4te kannattaa korjata pois. Pienet, yksitt\u00e4iset taimet voi kaivaa juurineen maasta ja h\u00e4vitt\u00e4\u00e4 kompostoimalla.<\/p><p><strong>J\u00e4ttiputki<br \/><\/strong>Parimetriseksi kasvava vaaleakukkainen j\u00e4ttiputki levi\u00e4\u00e4 tehokkaasti juuriversojen ja siementen avulla. J\u00e4ttiputken kasvineste voi aiheuttaa hengitys- ja silm\u00e4oireita sek\u00e4 palorakkuloiden kaltaista<br \/>ihottumaa. Myrkyllisyyden vuoksi torjuntaan ei pid\u00e4 ryhty\u00e4 ilman tarkempia ohjeita ja suojavarusteita.<\/p><p>\u00a0<\/p>\t\t\t\t\t\t\t\t<\/div>\n\t\t\t\t<\/div>\n\t\t\t\t\t<\/div>\n\t\t<\/div>\n\t\t\t\t\t<\/div>\n\t\t<\/section>\n\t\t\t\t<\/div>\n\t\t","protected":false},"excerpt":{"rendered":"<p>Ymp\u00e4rist\u00f6jaosto Ymp\u00e4rist\u00f6jaosto ei t\u00e4ll\u00e4 hetkell\u00e4 ole toiminnassa. Ymp\u00e4rist\u00f6asioiden yhteyshenkil\u00f6t Kristiina Ala-Ristaniemi, Tapio Putko ja Raimo Savioja tarkkailevat ymp\u00e4rist\u00f6asioita ja informoivat niist\u00e4 seuralle. Seura tarvittaessa my\u00f6s pyyt\u00e4\u00e4 heilt\u00e4 mielipiteit\u00e4. Yhteyshenkil\u00f6iden puhelinnumerot ja s\u00e4hk\u00f6postiosoitteet Tietoja vieraslajeista ja niiden h\u00e4vitt\u00e4misohjeita Ymp\u00e4rist\u00f6jaosto on koonnut &#8230; <a title=\"Ymp\u00e4rist\u00f6jaosto\" class=\"read-more\" href=\"https:\/\/koylio-seura.fi\/?page_id=408\" aria-label=\"Lue lis\u00e4\u00e4 aiheesta Ymp\u00e4rist\u00f6jaosto\">Lue lis\u00e4\u00e4<\/a><\/p>\n","protected":false},"author":1,"featured_media":0,"parent":57,"menu_order":0,"comment_status":"closed","ping_status":"closed","template":"","meta":{"footnotes":""},"class_list":{"0":"post-408","1":"page","2":"type-page","3":"status-publish","5":"infinite-scroll-item"},"yoast_head":"<!-- This site is optimized with the Yoast SEO plugin v26.6 - https:\/\/yoast.com\/wordpress\/plugins\/seo\/ -->\n<title>Ymp\u00e4rist\u00f6jaosto - K\u00f6yli\u00f6-seura<\/title>\n<meta name=\"robots\" content=\"index, follow, max-snippet:-1, max-image-preview:large, max-video-preview:-1\" \/>\n<link rel=\"canonical\" href=\"https:\/\/koylio-seura.fi\/?page_id=408\" \/>\n<meta property=\"og:locale\" content=\"fi_FI\" \/>\n<meta property=\"og:type\" content=\"article\" \/>\n<meta property=\"og:title\" content=\"Ymp\u00e4rist\u00f6jaosto - K\u00f6yli\u00f6-seura\" \/>\n<meta property=\"og:description\" content=\"Ymp\u00e4rist\u00f6jaosto Ymp\u00e4rist\u00f6jaosto ei t\u00e4ll\u00e4 hetkell\u00e4 ole toiminnassa. Ymp\u00e4rist\u00f6asioiden yhteyshenkil\u00f6t Kristiina Ala-Ristaniemi, Tapio Putko ja Raimo Savioja tarkkailevat ymp\u00e4rist\u00f6asioita ja informoivat niist\u00e4 seuralle. Seura tarvittaessa my\u00f6s pyyt\u00e4\u00e4 heilt\u00e4 mielipiteit\u00e4. Yhteyshenkil\u00f6iden puhelinnumerot ja s\u00e4hk\u00f6postiosoitteet Tietoja vieraslajeista ja niiden h\u00e4vitt\u00e4misohjeita Ymp\u00e4rist\u00f6jaosto on koonnut ... Lue lis\u00e4\u00e4\" \/>\n<meta property=\"og:url\" content=\"https:\/\/koylio-seura.fi\/?page_id=408\" \/>\n<meta property=\"og:site_name\" content=\"K\u00f6yli\u00f6-seura\" \/>\n<meta property=\"article:modified_time\" content=\"2024-02-10T11:37:34+00:00\" \/>\n<meta name=\"twitter:card\" content=\"summary_large_image\" \/>\n<meta name=\"twitter:label1\" content=\"Arvioitu lukuaika\" \/>\n\t<meta name=\"twitter:data1\" content=\"2 minuuttia\" \/>\n<script type=\"application\/ld+json\" class=\"yoast-schema-graph\">{\"@context\":\"https:\/\/schema.org\",\"@graph\":[{\"@type\":\"WebPage\",\"@id\":\"https:\/\/koylio-seura.fi\/?page_id=408\",\"url\":\"https:\/\/koylio-seura.fi\/?page_id=408\",\"name\":\"Ymp\u00e4rist\u00f6jaosto - K\u00f6yli\u00f6-seura\",\"isPartOf\":{\"@id\":\"https:\/\/koylio-seura.fi\/#website\"},\"datePublished\":\"2023-09-17T06:21:37+00:00\",\"dateModified\":\"2024-02-10T11:37:34+00:00\",\"breadcrumb\":{\"@id\":\"https:\/\/koylio-seura.fi\/?page_id=408#breadcrumb\"},\"inLanguage\":\"fi\",\"potentialAction\":[{\"@type\":\"ReadAction\",\"target\":[\"https:\/\/koylio-seura.fi\/?page_id=408\"]}]},{\"@type\":\"BreadcrumbList\",\"@id\":\"https:\/\/koylio-seura.fi\/?page_id=408#breadcrumb\",\"itemListElement\":[{\"@type\":\"ListItem\",\"position\":1,\"name\":\"Etusivu\",\"item\":\"https:\/\/koylio-seura.fi\/\"},{\"@type\":\"ListItem\",\"position\":2,\"name\":\"K\u00f6yli\u00f6-seura\",\"item\":\"https:\/\/koylio-seura.fi\/\"},{\"@type\":\"ListItem\",\"position\":3,\"name\":\"Jaostot\",\"item\":\"https:\/\/koylio-seura.fi\/?page_id=57\"},{\"@type\":\"ListItem\",\"position\":4,\"name\":\"Ymp\u00e4rist\u00f6jaosto\"}]},{\"@type\":\"WebSite\",\"@id\":\"https:\/\/koylio-seura.fi\/#website\",\"url\":\"https:\/\/koylio-seura.fi\/\",\"name\":\"K\u00f6yli\u00f6-seura\",\"description\":\"\",\"publisher\":{\"@id\":\"https:\/\/koylio-seura.fi\/#organization\"},\"potentialAction\":[{\"@type\":\"SearchAction\",\"target\":{\"@type\":\"EntryPoint\",\"urlTemplate\":\"https:\/\/koylio-seura.fi\/?s={search_term_string}\"},\"query-input\":{\"@type\":\"PropertyValueSpecification\",\"valueRequired\":true,\"valueName\":\"search_term_string\"}}],\"inLanguage\":\"fi\"},{\"@type\":\"Organization\",\"@id\":\"https:\/\/koylio-seura.fi\/#organization\",\"name\":\"K\u00f6yli\u00f6-seura\",\"url\":\"https:\/\/koylio-seura.fi\/\",\"logo\":{\"@type\":\"ImageObject\",\"inLanguage\":\"fi\",\"@id\":\"https:\/\/koylio-seura.fi\/#\/schema\/logo\/image\/\",\"url\":\"https:\/\/koylio-seura.fi\/wp-content\/uploads\/2023\/07\/cropped-KS-logo-23.png\",\"contentUrl\":\"https:\/\/koylio-seura.fi\/wp-content\/uploads\/2023\/07\/cropped-KS-logo-23.png\",\"width\":530,\"height\":619,\"caption\":\"K\u00f6yli\u00f6-seura\"},\"image\":{\"@id\":\"https:\/\/koylio-seura.fi\/#\/schema\/logo\/image\/\"}}]}<\/script>\n<!-- \/ Yoast SEO plugin. -->","yoast_head_json":{"title":"Ymp\u00e4rist\u00f6jaosto - K\u00f6yli\u00f6-seura","robots":{"index":"index","follow":"follow","max-snippet":"max-snippet:-1","max-image-preview":"max-image-preview:large","max-video-preview":"max-video-preview:-1"},"canonical":"https:\/\/koylio-seura.fi\/?page_id=408","og_locale":"fi_FI","og_type":"article","og_title":"Ymp\u00e4rist\u00f6jaosto - K\u00f6yli\u00f6-seura","og_description":"Ymp\u00e4rist\u00f6jaosto Ymp\u00e4rist\u00f6jaosto ei t\u00e4ll\u00e4 hetkell\u00e4 ole toiminnassa. Ymp\u00e4rist\u00f6asioiden yhteyshenkil\u00f6t Kristiina Ala-Ristaniemi, Tapio Putko ja Raimo Savioja tarkkailevat ymp\u00e4rist\u00f6asioita ja informoivat niist\u00e4 seuralle. Seura tarvittaessa my\u00f6s pyyt\u00e4\u00e4 heilt\u00e4 mielipiteit\u00e4. Yhteyshenkil\u00f6iden puhelinnumerot ja s\u00e4hk\u00f6postiosoitteet Tietoja vieraslajeista ja niiden h\u00e4vitt\u00e4misohjeita Ymp\u00e4rist\u00f6jaosto on koonnut ... Lue lis\u00e4\u00e4","og_url":"https:\/\/koylio-seura.fi\/?page_id=408","og_site_name":"K\u00f6yli\u00f6-seura","article_modified_time":"2024-02-10T11:37:34+00:00","twitter_card":"summary_large_image","twitter_misc":{"Arvioitu lukuaika":"2 minuuttia"},"schema":{"@context":"https:\/\/schema.org","@graph":[{"@type":"WebPage","@id":"https:\/\/koylio-seura.fi\/?page_id=408","url":"https:\/\/koylio-seura.fi\/?page_id=408","name":"Ymp\u00e4rist\u00f6jaosto - K\u00f6yli\u00f6-seura","isPartOf":{"@id":"https:\/\/koylio-seura.fi\/#website"},"datePublished":"2023-09-17T06:21:37+00:00","dateModified":"2024-02-10T11:37:34+00:00","breadcrumb":{"@id":"https:\/\/koylio-seura.fi\/?page_id=408#breadcrumb"},"inLanguage":"fi","potentialAction":[{"@type":"ReadAction","target":["https:\/\/koylio-seura.fi\/?page_id=408"]}]},{"@type":"BreadcrumbList","@id":"https:\/\/koylio-seura.fi\/?page_id=408#breadcrumb","itemListElement":[{"@type":"ListItem","position":1,"name":"Etusivu","item":"https:\/\/koylio-seura.fi\/"},{"@type":"ListItem","position":2,"name":"K\u00f6yli\u00f6-seura","item":"https:\/\/koylio-seura.fi\/"},{"@type":"ListItem","position":3,"name":"Jaostot","item":"https:\/\/koylio-seura.fi\/?page_id=57"},{"@type":"ListItem","position":4,"name":"Ymp\u00e4rist\u00f6jaosto"}]},{"@type":"WebSite","@id":"https:\/\/koylio-seura.fi\/#website","url":"https:\/\/koylio-seura.fi\/","name":"K\u00f6yli\u00f6-seura","description":"","publisher":{"@id":"https:\/\/koylio-seura.fi\/#organization"},"potentialAction":[{"@type":"SearchAction","target":{"@type":"EntryPoint","urlTemplate":"https:\/\/koylio-seura.fi\/?s={search_term_string}"},"query-input":{"@type":"PropertyValueSpecification","valueRequired":true,"valueName":"search_term_string"}}],"inLanguage":"fi"},{"@type":"Organization","@id":"https:\/\/koylio-seura.fi\/#organization","name":"K\u00f6yli\u00f6-seura","url":"https:\/\/koylio-seura.fi\/","logo":{"@type":"ImageObject","inLanguage":"fi","@id":"https:\/\/koylio-seura.fi\/#\/schema\/logo\/image\/","url":"https:\/\/koylio-seura.fi\/wp-content\/uploads\/2023\/07\/cropped-KS-logo-23.png","contentUrl":"https:\/\/koylio-seura.fi\/wp-content\/uploads\/2023\/07\/cropped-KS-logo-23.png","width":530,"height":619,"caption":"K\u00f6yli\u00f6-seura"},"image":{"@id":"https:\/\/koylio-seura.fi\/#\/schema\/logo\/image\/"}}]}},"_links":{"self":[{"href":"https:\/\/koylio-seura.fi\/index.php?rest_route=\/wp\/v2\/pages\/408","targetHints":{"allow":["GET"]}}],"collection":[{"href":"https:\/\/koylio-seura.fi\/index.php?rest_route=\/wp\/v2\/pages"}],"about":[{"href":"https:\/\/koylio-seura.fi\/index.php?rest_route=\/wp\/v2\/types\/page"}],"author":[{"embeddable":true,"href":"https:\/\/koylio-seura.fi\/index.php?rest_route=\/wp\/v2\/users\/1"}],"replies":[{"embeddable":true,"href":"https:\/\/koylio-seura.fi\/index.php?rest_route=%2Fwp%2Fv2%2Fcomments&post=408"}],"version-history":[{"count":60,"href":"https:\/\/koylio-seura.fi\/index.php?rest_route=\/wp\/v2\/pages\/408\/revisions"}],"predecessor-version":[{"id":6993,"href":"https:\/\/koylio-seura.fi\/index.php?rest_route=\/wp\/v2\/pages\/408\/revisions\/6993"}],"up":[{"embeddable":true,"href":"https:\/\/koylio-seura.fi\/index.php?rest_route=\/wp\/v2\/pages\/57"}],"wp:attachment":[{"href":"https:\/\/koylio-seura.fi\/index.php?rest_route=%2Fwp%2Fv2%2Fmedia&parent=408"}],"curies":[{"name":"wp","href":"https:\/\/api.w.org\/{rel}","templated":true}]}}