{"id":403,"date":"2023-09-17T06:17:44","date_gmt":"2023-09-17T06:17:44","guid":{"rendered":"https:\/\/koylio-seura.eitcon.com\/?page_id=403"},"modified":"2025-02-02T10:59:20","modified_gmt":"2025-02-02T10:59:20","slug":"koylion-nahtavyyskohteet","status":"publish","type":"page","link":"https:\/\/koylio-seura.fi\/?page_id=403","title":{"rendered":"K\u00f6yli\u00f6n n\u00e4ht\u00e4vyyskohteet"},"content":{"rendered":"\t\t<div data-elementor-type=\"wp-page\" data-elementor-id=\"403\" class=\"elementor elementor-403\" data-elementor-post-type=\"page\">\n\t\t\t\t\t\t<section class=\"elementor-section elementor-top-section elementor-element elementor-element-289c959 elementor-section-boxed elementor-section-height-default elementor-section-height-default\" data-id=\"289c959\" data-element_type=\"section\">\n\t\t\t\t\t\t<div class=\"elementor-container elementor-column-gap-default\">\n\t\t\t\t\t<div class=\"elementor-column elementor-col-100 elementor-top-column elementor-element elementor-element-5ff9b41\" data-id=\"5ff9b41\" data-element_type=\"column\">\n\t\t\t<div class=\"elementor-widget-wrap elementor-element-populated\">\n\t\t\t\t\t\t<div class=\"elementor-element elementor-element-de6835e elementor-widget elementor-widget-heading\" data-id=\"de6835e\" data-element_type=\"widget\" data-widget_type=\"heading.default\">\n\t\t\t\t<div class=\"elementor-widget-container\">\n\t\t\t\t\t<h2 class=\"elementor-heading-title elementor-size-default\">K\u00f6yli\u00f6n n\u00e4ht\u00e4vyyskohteet-infotaulusarja<\/h2>\t\t\t\t<\/div>\n\t\t\t\t<\/div>\n\t\t\t\t<div class=\"elementor-element elementor-element-1c4b5d2 elementor-widget elementor-widget-text-editor\" data-id=\"1c4b5d2\" data-element_type=\"widget\" data-widget_type=\"text-editor.default\">\n\t\t\t\t<div class=\"elementor-widget-container\">\n\t\t\t\t\t\t\t\t\t<p>Yttil\u00e4n Otta Tutuksi- hankkeen aikana ideoitiin ja toteutettiin K\u00f6yli\u00f6n merkitt\u00e4vien kulttuuri- ja n\u00e4ht\u00e4vyyskohteiden esittelyyn infotaulut. Tauluja on eri puolilla K\u00f6yli\u00f6t\u00e4, yhteens\u00e4 21.<\/p><p>Alla on aiemmin muihin tarkoituksiin luotu kartta, johon on numeroitu 29 K\u00f6yli\u00f6n t\u00e4rke\u00e4t\u00e4 tai merkitt\u00e4v\u00e4\u00e4 kohdetta. Infotaulu-sarjan kohteiden numeroinnit vastaavat t\u00e4t\u00e4 karttaa. Tauluja ei ole kaikissa kohteissa, jonka vuoksi kartassa on k\u00e4ytetty keltaista v\u00e4ri\u00e4 kertomaan taulun olemassaolosta. T\u00e4m\u00e4 kartta on vuodelta 2015 eik\u00e4 kaikilta osin vastaa taulujen sijainnin nykytilannetta. Kartta uusitaan pian.<\/p><p><img fetchpriority=\"high\" decoding=\"async\" class=\"aligncenter size-full wp-image-10788\" src=\"https:\/\/koylio-seura.fi\/wp-content\/uploads\/2024\/09\/opastaulut2015.jpg\" alt=\"\" width=\"1160\" height=\"844\" srcset=\"https:\/\/koylio-seura.fi\/wp-content\/uploads\/2024\/09\/opastaulut2015.jpg 1160w, https:\/\/koylio-seura.fi\/wp-content\/uploads\/2024\/09\/opastaulut2015-300x218.jpg 300w, https:\/\/koylio-seura.fi\/wp-content\/uploads\/2024\/09\/opastaulut2015-1024x745.jpg 1024w, https:\/\/koylio-seura.fi\/wp-content\/uploads\/2024\/09\/opastaulut2015-768x559.jpg 768w\" sizes=\"(max-width: 1160px) 100vw, 1160px\" \/><\/p><p>K\u00f6yli\u00f6-seura lahjoitti taulusarjan my\u00f6hemmin K\u00f6yli\u00f6n kunnalle. Kunta ja K\u00f6yli\u00f6-seura solmivat t\u00e4ll\u00f6in yhteisty\u00f6sopimuksen, jonka mukaan K\u00f6yli\u00f6-seura huolehtii taulusarjan huollosta ja ajan tasalla pit\u00e4misest\u00e4 ja kustannuksista vastaa kunta.<\/p><p>Taulusarjan luovutustilaisuudessa K\u00f6yli\u00f6-seuran edustaja toivoi ja uskoi, ett\u00e4 my\u00f6s t\u00e4t\u00e4 infotaulusarjaa k\u00e4ytett\u00e4isiin K\u00f6yli\u00f6n markkinointiin ja K\u00f6yli\u00f6\u00f6n saapuvien matkailijoiden iloksi ja hy\u00f6dyksi. Vaikka taulut ovatkin katsottavissa netin kautta, haluamme kannustaa tutustumaan miihin my\u00f6s luonnossa. Reitin tai osan siit\u00e4 kiert\u00e4minen onnistuu k\u00e4tev\u00e4sti py\u00f6r\u00e4ll\u00e4 tai autolla. Tehk\u00e4\u00e4p\u00e4 jonain kauniina p\u00e4iv\u00e4n\u00e4 piknik- retki K\u00f6yli\u00f6ss\u00e4, mukaan hyv\u00e4t ev\u00e4\u00e4t, aikaa ja oma rakas.<\/p>\t\t\t\t\t\t\t\t<\/div>\n\t\t\t\t<\/div>\n\t\t\t\t<div class=\"elementor-element elementor-element-2fe795d elementor-widget elementor-widget-text-editor\" data-id=\"2fe795d\" data-element_type=\"widget\" data-widget_type=\"text-editor.default\">\n\t\t\t\t<div class=\"elementor-widget-container\">\n\t\t\t\t\t\t\t\t\t<p><a href=\"https:\/\/koylio-seura.fi\/wp-content\/uploads\/2024\/10\/Kohde-1-ystavykset.pdf\" target=\"_blank\" rel=\"noopener\">Kohde 1: Yst\u00e4vykset-patsas<\/a><br \/><a href=\"https:\/\/koylio-seura.fi\/wp-content\/uploads\/2024\/10\/Kohde-2-Lallin-patsas.pdf\" target=\"_blank\" rel=\"noopener\">Kohde 2: Lallin patsas<\/a><br \/><a href=\"https:\/\/koylio-seura.fi\/wp-content\/uploads\/2024\/09\/Kohde-5-Papin-portaat.pdf\" target=\"_blank\" rel=\"noopener\">Kohde 5: Papin portaat<\/a><br \/><a href=\"https:\/\/koylio-seura.fi\/wp-content\/uploads\/2024\/10\/Kohde-7-kirkkokari.pdf\" target=\"_blank\" rel=\"noopener\">Kohde 7: Kirkkokari<\/a><br \/><a href=\"https:\/\/koylio-seura.fi\/wp-content\/uploads\/2024\/09\/Kohde-9-1-Torpparimuseo.pdf\" target=\"_blank\" rel=\"noopener\">Kohde 9\/1: Tuiskulan torpparimuseo<\/a><br \/><a href=\"https:\/\/koylio-seura.fi\/wp-content\/uploads\/2024\/10\/Kohde-9-2-Jussilan-kiviaita.pdf\" target=\"_blank\" rel=\"noopener\">Kohde 9\/2: Jussilan kiviaita<\/a><br \/><a href=\"https:\/\/koylio-seura.fi\/wp-content\/uploads\/2024\/10\/Kohde-10-Kukninkaan-manty.pdf\" target=\"_blank\" rel=\"noopener\">Kohde 10: Kuninkaan m\u00e4nty<\/a><br \/><a href=\"https:\/\/koylio-seura.fi\/wp-content\/uploads\/2024\/10\/Kohde-12-kansallismaisema.pdf\" target=\"_blank\" rel=\"noopener\">Kohde 12: K\u00f6yli\u00f6nj\u00e4rven kansallismaisema<\/a><br \/><a href=\"https:\/\/koylio-seura.fi\/wp-content\/uploads\/2024\/09\/Kohde-13-Heikkilan-tuulimylly.pdf\" target=\"_blank\" rel=\"noopener\">Kohde 13: Heikkil\u00e4n tuulimylly<\/a><br \/><a href=\"https:\/\/koylio-seura.fi\/wp-content\/uploads\/2024\/10\/Kohde-15-sotavankien-hautausmaa.pdf\" target=\"_blank\" rel=\"noopener\">Kohde 15: Sotavankien hautausmaa<\/a><br \/><a href=\"https:\/\/koylio-seura.fi\/wp-content\/uploads\/2024\/09\/Kohde-16-Ullan-risti.pdf\" target=\"_blank\" rel=\"noopener\">Kohde 16: Ullan risti<\/a><br \/><a href=\"https:\/\/koylio-seura.fi\/wp-content\/uploads\/2024\/10\/Kohde-18-1-Ottan-kulttuuripolku.pdf\" target=\"_blank\" rel=\"noopener\">Kohde 18\/1: Yttil\u00e4n Ottan kulttuuripolku<\/a><br \/><a href=\"https:\/\/koylio-seura.fi\/wp-content\/uploads\/2024\/09\/Kohde-18-2.pdf\" target=\"_blank\" rel=\"noopener\">Kohde 18\/2: Yttil\u00e4n Ottan kulttuuripolku<\/a><br \/><a href=\"https:\/\/koylio-seura.fi\/wp-content\/uploads\/2024\/09\/Kohde-18-3.pdf\" target=\"_blank\" rel=\"noopener\">Kohde 18\/3: Yttil\u00e4n Ottan kulttuuripolku<\/a><br \/><a href=\"https:\/\/koylio-seura.fi\/wp-content\/uploads\/2024\/09\/Kohde-18-4.pdf\" target=\"_blank\" rel=\"noopener\">Kohde 18\/4: Yttil\u00e4n Ottan kulttuuripolku<\/a><br \/><a href=\"https:\/\/koylio-seura.fi\/wp-content\/uploads\/2024\/09\/Kohde-18-5.pdf\" target=\"_blank\" rel=\"noopener\">Kohde 18\/5: Yttil\u00e4n Ottan kulttuuripolku<\/a><br \/><a href=\"https:\/\/koylio-seura.fi\/wp-content\/uploads\/2024\/09\/Kohde-18-6.pdf\" target=\"_blank\" rel=\"noopener\">Kohde 18\/6: Yttil\u00e4n Ottan kulttuuripolku<\/a><br \/><a href=\"https:\/\/koylio-seura.fi\/wp-content\/uploads\/2024\/09\/Kohde-18-7.pdf\" target=\"_blank\" rel=\"noopener\">Kohde 18\/7: Yttil\u00e4n Ottan kulttuuripolku<\/a><br \/><a href=\"https:\/\/koylio-seura.fi\/wp-content\/uploads\/2024\/09\/Kohde-18-8.pdf\" target=\"_blank\" rel=\"noopener\">Kohde 18\/8: Yttil\u00e4n Ottan kulttuuripolku<\/a><br \/><a href=\"https:\/\/koylio-seura.fi\/wp-content\/uploads\/2024\/09\/Kohde-19-Museokoulu.pdf\" target=\"_blank\" rel=\"noopener\">Kohde 19: <\/a><a href=\"https:\/\/koylio-seura.fi\/wp-content\/uploads\/2024\/10\/Kohde-19-Museokoulu.pdf\" target=\"_blank\" rel=\"noopener\">Yttil\u00e4n museokoulu<\/a><br \/><a href=\"https:\/\/koylio-seura.fi\/wp-content\/uploads\/2024\/10\/Kohde-20-Lallin-asumus.pdf\" target=\"_blank\" rel=\"noopener\">Kohde 20: Lallin asumus<\/a><\/p>\t\t\t\t\t\t\t\t<\/div>\n\t\t\t\t<\/div>\n\t\t\t\t\t<\/div>\n\t\t<\/div>\n\t\t\t\t\t<\/div>\n\t\t<\/section>\n\t\t\t\t<\/div>\n\t\t","protected":false},"excerpt":{"rendered":"<p>K\u00f6yli\u00f6n n\u00e4ht\u00e4vyyskohteet-infotaulusarja Yttil\u00e4n Otta Tutuksi- hankkeen aikana ideoitiin ja toteutettiin K\u00f6yli\u00f6n merkitt\u00e4vien kulttuuri- ja n\u00e4ht\u00e4vyyskohteiden esittelyyn infotaulut. Tauluja on eri puolilla K\u00f6yli\u00f6t\u00e4, yhteens\u00e4 21. Alla on aiemmin muihin tarkoituksiin luotu kartta, johon on numeroitu 29 K\u00f6yli\u00f6n t\u00e4rke\u00e4t\u00e4 tai merkitt\u00e4v\u00e4\u00e4 kohdetta. &#8230; <a title=\"K\u00f6yli\u00f6n n\u00e4ht\u00e4vyyskohteet\" class=\"read-more\" href=\"https:\/\/koylio-seura.fi\/?page_id=403\" aria-label=\"Lue lis\u00e4\u00e4 aiheesta K\u00f6yli\u00f6n n\u00e4ht\u00e4vyyskohteet\">Lue lis\u00e4\u00e4<\/a><\/p>\n","protected":false},"author":1,"featured_media":0,"parent":394,"menu_order":0,"comment_status":"closed","ping_status":"closed","template":"","meta":{"footnotes":""},"class_list":{"0":"post-403","1":"page","2":"type-page","3":"status-publish","5":"infinite-scroll-item"},"yoast_head":"<!-- This site is optimized with the Yoast SEO plugin v26.6 - https:\/\/yoast.com\/wordpress\/plugins\/seo\/ -->\n<title>K\u00f6yli\u00f6n n\u00e4ht\u00e4vyyskohteet - K\u00f6yli\u00f6-seura<\/title>\n<meta name=\"robots\" content=\"index, follow, max-snippet:-1, max-image-preview:large, max-video-preview:-1\" \/>\n<link rel=\"canonical\" href=\"https:\/\/koylio-seura.fi\/?page_id=403\" \/>\n<meta property=\"og:locale\" content=\"fi_FI\" \/>\n<meta property=\"og:type\" content=\"article\" \/>\n<meta property=\"og:title\" content=\"K\u00f6yli\u00f6n n\u00e4ht\u00e4vyyskohteet - K\u00f6yli\u00f6-seura\" \/>\n<meta property=\"og:description\" content=\"K\u00f6yli\u00f6n n\u00e4ht\u00e4vyyskohteet-infotaulusarja Yttil\u00e4n Otta Tutuksi- hankkeen aikana ideoitiin ja toteutettiin K\u00f6yli\u00f6n merkitt\u00e4vien kulttuuri- ja n\u00e4ht\u00e4vyyskohteiden esittelyyn infotaulut. Tauluja on eri puolilla K\u00f6yli\u00f6t\u00e4, yhteens\u00e4 21. Alla on aiemmin muihin tarkoituksiin luotu kartta, johon on numeroitu 29 K\u00f6yli\u00f6n t\u00e4rke\u00e4t\u00e4 tai merkitt\u00e4v\u00e4\u00e4 kohdetta. ... Lue lis\u00e4\u00e4\" \/>\n<meta property=\"og:url\" content=\"https:\/\/koylio-seura.fi\/?page_id=403\" \/>\n<meta property=\"og:site_name\" content=\"K\u00f6yli\u00f6-seura\" \/>\n<meta property=\"article:modified_time\" content=\"2025-02-02T10:59:20+00:00\" \/>\n<meta property=\"og:image\" content=\"https:\/\/koylio-seura.fi\/wp-content\/uploads\/2024\/09\/opastaulut2015.jpg\" \/>\n<meta name=\"twitter:card\" content=\"summary_large_image\" \/>\n<meta name=\"twitter:label1\" content=\"Arvioitu lukuaika\" \/>\n\t<meta name=\"twitter:data1\" content=\"2 minuuttia\" \/>\n<script type=\"application\/ld+json\" class=\"yoast-schema-graph\">{\"@context\":\"https:\/\/schema.org\",\"@graph\":[{\"@type\":\"WebPage\",\"@id\":\"https:\/\/koylio-seura.fi\/?page_id=403\",\"url\":\"https:\/\/koylio-seura.fi\/?page_id=403\",\"name\":\"K\u00f6yli\u00f6n n\u00e4ht\u00e4vyyskohteet - K\u00f6yli\u00f6-seura\",\"isPartOf\":{\"@id\":\"https:\/\/koylio-seura.fi\/#website\"},\"primaryImageOfPage\":{\"@id\":\"https:\/\/koylio-seura.fi\/?page_id=403#primaryimage\"},\"image\":{\"@id\":\"https:\/\/koylio-seura.fi\/?page_id=403#primaryimage\"},\"thumbnailUrl\":\"https:\/\/koylio-seura.fi\/wp-content\/uploads\/2024\/09\/opastaulut2015.jpg\",\"datePublished\":\"2023-09-17T06:17:44+00:00\",\"dateModified\":\"2025-02-02T10:59:20+00:00\",\"breadcrumb\":{\"@id\":\"https:\/\/koylio-seura.fi\/?page_id=403#breadcrumb\"},\"inLanguage\":\"fi\",\"potentialAction\":[{\"@type\":\"ReadAction\",\"target\":[\"https:\/\/koylio-seura.fi\/?page_id=403\"]}]},{\"@type\":\"ImageObject\",\"inLanguage\":\"fi\",\"@id\":\"https:\/\/koylio-seura.fi\/?page_id=403#primaryimage\",\"url\":\"https:\/\/koylio-seura.fi\/wp-content\/uploads\/2024\/09\/opastaulut2015.jpg\",\"contentUrl\":\"https:\/\/koylio-seura.fi\/wp-content\/uploads\/2024\/09\/opastaulut2015.jpg\",\"width\":1160,\"height\":844},{\"@type\":\"BreadcrumbList\",\"@id\":\"https:\/\/koylio-seura.fi\/?page_id=403#breadcrumb\",\"itemListElement\":[{\"@type\":\"ListItem\",\"position\":1,\"name\":\"Etusivu\",\"item\":\"https:\/\/koylio-seura.fi\/\"},{\"@type\":\"ListItem\",\"position\":2,\"name\":\"K\u00f6yli\u00f6-seura\",\"item\":\"https:\/\/koylio-seura.fi\/\"},{\"@type\":\"ListItem\",\"position\":3,\"name\":\"Jaostot\",\"item\":\"https:\/\/koylio-seura.fi\/?page_id=57\"},{\"@type\":\"ListItem\",\"position\":4,\"name\":\"Perinnejaosto\",\"item\":\"https:\/\/koylio-seura.fi\/?page_id=394\"},{\"@type\":\"ListItem\",\"position\":5,\"name\":\"K\u00f6yli\u00f6n n\u00e4ht\u00e4vyyskohteet\"}]},{\"@type\":\"WebSite\",\"@id\":\"https:\/\/koylio-seura.fi\/#website\",\"url\":\"https:\/\/koylio-seura.fi\/\",\"name\":\"K\u00f6yli\u00f6-seura\",\"description\":\"\",\"publisher\":{\"@id\":\"https:\/\/koylio-seura.fi\/#organization\"},\"potentialAction\":[{\"@type\":\"SearchAction\",\"target\":{\"@type\":\"EntryPoint\",\"urlTemplate\":\"https:\/\/koylio-seura.fi\/?s={search_term_string}\"},\"query-input\":{\"@type\":\"PropertyValueSpecification\",\"valueRequired\":true,\"valueName\":\"search_term_string\"}}],\"inLanguage\":\"fi\"},{\"@type\":\"Organization\",\"@id\":\"https:\/\/koylio-seura.fi\/#organization\",\"name\":\"K\u00f6yli\u00f6-seura\",\"url\":\"https:\/\/koylio-seura.fi\/\",\"logo\":{\"@type\":\"ImageObject\",\"inLanguage\":\"fi\",\"@id\":\"https:\/\/koylio-seura.fi\/#\/schema\/logo\/image\/\",\"url\":\"https:\/\/koylio-seura.fi\/wp-content\/uploads\/2023\/07\/cropped-KS-logo-23.png\",\"contentUrl\":\"https:\/\/koylio-seura.fi\/wp-content\/uploads\/2023\/07\/cropped-KS-logo-23.png\",\"width\":530,\"height\":619,\"caption\":\"K\u00f6yli\u00f6-seura\"},\"image\":{\"@id\":\"https:\/\/koylio-seura.fi\/#\/schema\/logo\/image\/\"}}]}<\/script>\n<!-- \/ Yoast SEO plugin. -->","yoast_head_json":{"title":"K\u00f6yli\u00f6n n\u00e4ht\u00e4vyyskohteet - K\u00f6yli\u00f6-seura","robots":{"index":"index","follow":"follow","max-snippet":"max-snippet:-1","max-image-preview":"max-image-preview:large","max-video-preview":"max-video-preview:-1"},"canonical":"https:\/\/koylio-seura.fi\/?page_id=403","og_locale":"fi_FI","og_type":"article","og_title":"K\u00f6yli\u00f6n n\u00e4ht\u00e4vyyskohteet - K\u00f6yli\u00f6-seura","og_description":"K\u00f6yli\u00f6n n\u00e4ht\u00e4vyyskohteet-infotaulusarja Yttil\u00e4n Otta Tutuksi- hankkeen aikana ideoitiin ja toteutettiin K\u00f6yli\u00f6n merkitt\u00e4vien kulttuuri- ja n\u00e4ht\u00e4vyyskohteiden esittelyyn infotaulut. Tauluja on eri puolilla K\u00f6yli\u00f6t\u00e4, yhteens\u00e4 21. Alla on aiemmin muihin tarkoituksiin luotu kartta, johon on numeroitu 29 K\u00f6yli\u00f6n t\u00e4rke\u00e4t\u00e4 tai merkitt\u00e4v\u00e4\u00e4 kohdetta. ... Lue lis\u00e4\u00e4","og_url":"https:\/\/koylio-seura.fi\/?page_id=403","og_site_name":"K\u00f6yli\u00f6-seura","article_modified_time":"2025-02-02T10:59:20+00:00","og_image":[{"url":"https:\/\/koylio-seura.fi\/wp-content\/uploads\/2024\/09\/opastaulut2015.jpg","type":"","width":"","height":""}],"twitter_card":"summary_large_image","twitter_misc":{"Arvioitu lukuaika":"2 minuuttia"},"schema":{"@context":"https:\/\/schema.org","@graph":[{"@type":"WebPage","@id":"https:\/\/koylio-seura.fi\/?page_id=403","url":"https:\/\/koylio-seura.fi\/?page_id=403","name":"K\u00f6yli\u00f6n n\u00e4ht\u00e4vyyskohteet - K\u00f6yli\u00f6-seura","isPartOf":{"@id":"https:\/\/koylio-seura.fi\/#website"},"primaryImageOfPage":{"@id":"https:\/\/koylio-seura.fi\/?page_id=403#primaryimage"},"image":{"@id":"https:\/\/koylio-seura.fi\/?page_id=403#primaryimage"},"thumbnailUrl":"https:\/\/koylio-seura.fi\/wp-content\/uploads\/2024\/09\/opastaulut2015.jpg","datePublished":"2023-09-17T06:17:44+00:00","dateModified":"2025-02-02T10:59:20+00:00","breadcrumb":{"@id":"https:\/\/koylio-seura.fi\/?page_id=403#breadcrumb"},"inLanguage":"fi","potentialAction":[{"@type":"ReadAction","target":["https:\/\/koylio-seura.fi\/?page_id=403"]}]},{"@type":"ImageObject","inLanguage":"fi","@id":"https:\/\/koylio-seura.fi\/?page_id=403#primaryimage","url":"https:\/\/koylio-seura.fi\/wp-content\/uploads\/2024\/09\/opastaulut2015.jpg","contentUrl":"https:\/\/koylio-seura.fi\/wp-content\/uploads\/2024\/09\/opastaulut2015.jpg","width":1160,"height":844},{"@type":"BreadcrumbList","@id":"https:\/\/koylio-seura.fi\/?page_id=403#breadcrumb","itemListElement":[{"@type":"ListItem","position":1,"name":"Etusivu","item":"https:\/\/koylio-seura.fi\/"},{"@type":"ListItem","position":2,"name":"K\u00f6yli\u00f6-seura","item":"https:\/\/koylio-seura.fi\/"},{"@type":"ListItem","position":3,"name":"Jaostot","item":"https:\/\/koylio-seura.fi\/?page_id=57"},{"@type":"ListItem","position":4,"name":"Perinnejaosto","item":"https:\/\/koylio-seura.fi\/?page_id=394"},{"@type":"ListItem","position":5,"name":"K\u00f6yli\u00f6n n\u00e4ht\u00e4vyyskohteet"}]},{"@type":"WebSite","@id":"https:\/\/koylio-seura.fi\/#website","url":"https:\/\/koylio-seura.fi\/","name":"K\u00f6yli\u00f6-seura","description":"","publisher":{"@id":"https:\/\/koylio-seura.fi\/#organization"},"potentialAction":[{"@type":"SearchAction","target":{"@type":"EntryPoint","urlTemplate":"https:\/\/koylio-seura.fi\/?s={search_term_string}"},"query-input":{"@type":"PropertyValueSpecification","valueRequired":true,"valueName":"search_term_string"}}],"inLanguage":"fi"},{"@type":"Organization","@id":"https:\/\/koylio-seura.fi\/#organization","name":"K\u00f6yli\u00f6-seura","url":"https:\/\/koylio-seura.fi\/","logo":{"@type":"ImageObject","inLanguage":"fi","@id":"https:\/\/koylio-seura.fi\/#\/schema\/logo\/image\/","url":"https:\/\/koylio-seura.fi\/wp-content\/uploads\/2023\/07\/cropped-KS-logo-23.png","contentUrl":"https:\/\/koylio-seura.fi\/wp-content\/uploads\/2023\/07\/cropped-KS-logo-23.png","width":530,"height":619,"caption":"K\u00f6yli\u00f6-seura"},"image":{"@id":"https:\/\/koylio-seura.fi\/#\/schema\/logo\/image\/"}}]}},"_links":{"self":[{"href":"https:\/\/koylio-seura.fi\/index.php?rest_route=\/wp\/v2\/pages\/403","targetHints":{"allow":["GET"]}}],"collection":[{"href":"https:\/\/koylio-seura.fi\/index.php?rest_route=\/wp\/v2\/pages"}],"about":[{"href":"https:\/\/koylio-seura.fi\/index.php?rest_route=\/wp\/v2\/types\/page"}],"author":[{"embeddable":true,"href":"https:\/\/koylio-seura.fi\/index.php?rest_route=\/wp\/v2\/users\/1"}],"replies":[{"embeddable":true,"href":"https:\/\/koylio-seura.fi\/index.php?rest_route=%2Fwp%2Fv2%2Fcomments&post=403"}],"version-history":[{"count":220,"href":"https:\/\/koylio-seura.fi\/index.php?rest_route=\/wp\/v2\/pages\/403\/revisions"}],"predecessor-version":[{"id":12510,"href":"https:\/\/koylio-seura.fi\/index.php?rest_route=\/wp\/v2\/pages\/403\/revisions\/12510"}],"up":[{"embeddable":true,"href":"https:\/\/koylio-seura.fi\/index.php?rest_route=\/wp\/v2\/pages\/394"}],"wp:attachment":[{"href":"https:\/\/koylio-seura.fi\/index.php?rest_route=%2Fwp%2Fv2%2Fmedia&parent=403"}],"curies":[{"name":"wp","href":"https:\/\/api.w.org\/{rel}","templated":true}]}}