{"id":399,"date":"2023-09-17T06:15:56","date_gmt":"2023-09-17T06:15:56","guid":{"rendered":"https:\/\/koylio-seura.eitcon.com\/?page_id=399"},"modified":"2024-11-18T17:03:27","modified_gmt":"2024-11-18T17:03:27","slug":"perinnejaoston-poytakirjat","status":"publish","type":"page","link":"https:\/\/koylio-seura.fi\/?page_id=399","title":{"rendered":"Perinnejaoston p\u00f6yt\u00e4kirjat"},"content":{"rendered":"\t\t<div data-elementor-type=\"wp-page\" data-elementor-id=\"399\" class=\"elementor elementor-399\" data-elementor-post-type=\"page\">\n\t\t\t\t\t\t<section class=\"elementor-section elementor-top-section elementor-element elementor-element-e077e53 elementor-section-boxed elementor-section-height-default elementor-section-height-default\" data-id=\"e077e53\" data-element_type=\"section\">\n\t\t\t\t\t\t<div class=\"elementor-container elementor-column-gap-default\">\n\t\t\t\t\t<div class=\"elementor-column elementor-col-100 elementor-top-column elementor-element elementor-element-5637e70\" data-id=\"5637e70\" data-element_type=\"column\">\n\t\t\t<div class=\"elementor-widget-wrap elementor-element-populated\">\n\t\t\t\t\t\t<div class=\"elementor-element elementor-element-377d4a8 elementor-widget elementor-widget-text-editor\" data-id=\"377d4a8\" data-element_type=\"widget\" data-widget_type=\"text-editor.default\">\n\t\t\t\t<div class=\"elementor-widget-container\">\n\t\t\t\t\t\t\t\t\t<p>Perinnejaoston p\u00f6yt\u00e4kirjat vuosilta 2001-2012 ovat tallessa ja luettavissa. <a href=\"https:\/\/koylio-seura.fi\/wp-content\/uploads\/2024\/09\/Perinnejaosto-poytakirjat-alkaen-vuodesta2001.pdf\" target=\"_blank\" rel=\"noopener\">Niit\u00e4 voit lukea t\u00e4st\u00e4.<\/a><\/p><p>Alla p\u00f6yt\u00e4kirjat vuodesta 2013 alkaen:\u00a0 <br \/>\u00a0 *Kokous p\u00e4iv\u00e4lt\u00e4 16.12.2013<br \/>\u00a0 *Kokous p\u00e4iv\u00e4lt\u00e4 19.10.2021\u00a0<br \/>\u00a0 *Kokous p\u00e4iv\u00e4lt\u00e4 4.11.2024<\/p>\t\t\t\t\t\t\t\t<\/div>\n\t\t\t\t<\/div>\n\t\t\t\t\t<\/div>\n\t\t<\/div>\n\t\t\t\t\t<\/div>\n\t\t<\/section>\n\t\t\t\t<\/div>\n\t\t","protected":false},"excerpt":{"rendered":"<p>Perinnejaoston p\u00f6yt\u00e4kirjat vuosilta 2001-2012 ovat tallessa ja luettavissa. Niit\u00e4 voit lukea t\u00e4st\u00e4. Alla p\u00f6yt\u00e4kirjat vuodesta 2013 alkaen:\u00a0 \u00a0 *Kokous p\u00e4iv\u00e4lt\u00e4 16.12.2013\u00a0 *Kokous p\u00e4iv\u00e4lt\u00e4 19.10.2021\u00a0\u00a0 *Kokous p\u00e4iv\u00e4lt\u00e4 4.11.2024<\/p>\n","protected":false},"author":1,"featured_media":0,"parent":394,"menu_order":0,"comment_status":"closed","ping_status":"closed","template":"","meta":{"footnotes":""},"class_list":{"0":"post-399","1":"page","2":"type-page","3":"status-publish","5":"infinite-scroll-item"},"yoast_head":"<!-- This site is optimized with the Yoast SEO plugin v26.6 - https:\/\/yoast.com\/wordpress\/plugins\/seo\/ -->\n<title>Perinnejaoston p\u00f6yt\u00e4kirjat - K\u00f6yli\u00f6-seura<\/title>\n<meta name=\"robots\" content=\"index, follow, max-snippet:-1, max-image-preview:large, max-video-preview:-1\" \/>\n<link rel=\"canonical\" href=\"https:\/\/koylio-seura.fi\/?page_id=399\" \/>\n<meta property=\"og:locale\" content=\"fi_FI\" \/>\n<meta property=\"og:type\" content=\"article\" \/>\n<meta property=\"og:title\" content=\"Perinnejaoston p\u00f6yt\u00e4kirjat - K\u00f6yli\u00f6-seura\" \/>\n<meta property=\"og:description\" content=\"Perinnejaoston p\u00f6yt\u00e4kirjat vuosilta 2001-2012 ovat tallessa ja luettavissa. Niit\u00e4 voit lukea t\u00e4st\u00e4. Alla p\u00f6yt\u00e4kirjat vuodesta 2013 alkaen:\u00a0 \u00a0 *Kokous p\u00e4iv\u00e4lt\u00e4 16.12.2013\u00a0 *Kokous p\u00e4iv\u00e4lt\u00e4 19.10.2021\u00a0\u00a0 *Kokous p\u00e4iv\u00e4lt\u00e4 4.11.2024\" \/>\n<meta property=\"og:url\" content=\"https:\/\/koylio-seura.fi\/?page_id=399\" \/>\n<meta property=\"og:site_name\" content=\"K\u00f6yli\u00f6-seura\" \/>\n<meta property=\"article:modified_time\" content=\"2024-11-18T17:03:27+00:00\" \/>\n<meta name=\"twitter:card\" content=\"summary_large_image\" \/>\n<meta name=\"twitter:label1\" content=\"Arvioitu lukuaika\" \/>\n\t<meta name=\"twitter:data1\" content=\"1 minuutti\" \/>\n<script type=\"application\/ld+json\" class=\"yoast-schema-graph\">{\"@context\":\"https:\/\/schema.org\",\"@graph\":[{\"@type\":\"WebPage\",\"@id\":\"https:\/\/koylio-seura.fi\/?page_id=399\",\"url\":\"https:\/\/koylio-seura.fi\/?page_id=399\",\"name\":\"Perinnejaoston p\u00f6yt\u00e4kirjat - K\u00f6yli\u00f6-seura\",\"isPartOf\":{\"@id\":\"https:\/\/koylio-seura.fi\/#website\"},\"datePublished\":\"2023-09-17T06:15:56+00:00\",\"dateModified\":\"2024-11-18T17:03:27+00:00\",\"breadcrumb\":{\"@id\":\"https:\/\/koylio-seura.fi\/?page_id=399#breadcrumb\"},\"inLanguage\":\"fi\",\"potentialAction\":[{\"@type\":\"ReadAction\",\"target\":[\"https:\/\/koylio-seura.fi\/?page_id=399\"]}]},{\"@type\":\"BreadcrumbList\",\"@id\":\"https:\/\/koylio-seura.fi\/?page_id=399#breadcrumb\",\"itemListElement\":[{\"@type\":\"ListItem\",\"position\":1,\"name\":\"Etusivu\",\"item\":\"https:\/\/koylio-seura.fi\/\"},{\"@type\":\"ListItem\",\"position\":2,\"name\":\"K\u00f6yli\u00f6-seura\",\"item\":\"https:\/\/koylio-seura.fi\/\"},{\"@type\":\"ListItem\",\"position\":3,\"name\":\"Jaostot\",\"item\":\"https:\/\/koylio-seura.fi\/?page_id=57\"},{\"@type\":\"ListItem\",\"position\":4,\"name\":\"Perinnejaosto\",\"item\":\"https:\/\/koylio-seura.fi\/?page_id=394\"},{\"@type\":\"ListItem\",\"position\":5,\"name\":\"Perinnejaoston p\u00f6yt\u00e4kirjat\"}]},{\"@type\":\"WebSite\",\"@id\":\"https:\/\/koylio-seura.fi\/#website\",\"url\":\"https:\/\/koylio-seura.fi\/\",\"name\":\"K\u00f6yli\u00f6-seura\",\"description\":\"\",\"publisher\":{\"@id\":\"https:\/\/koylio-seura.fi\/#organization\"},\"potentialAction\":[{\"@type\":\"SearchAction\",\"target\":{\"@type\":\"EntryPoint\",\"urlTemplate\":\"https:\/\/koylio-seura.fi\/?s={search_term_string}\"},\"query-input\":{\"@type\":\"PropertyValueSpecification\",\"valueRequired\":true,\"valueName\":\"search_term_string\"}}],\"inLanguage\":\"fi\"},{\"@type\":\"Organization\",\"@id\":\"https:\/\/koylio-seura.fi\/#organization\",\"name\":\"K\u00f6yli\u00f6-seura\",\"url\":\"https:\/\/koylio-seura.fi\/\",\"logo\":{\"@type\":\"ImageObject\",\"inLanguage\":\"fi\",\"@id\":\"https:\/\/koylio-seura.fi\/#\/schema\/logo\/image\/\",\"url\":\"https:\/\/koylio-seura.fi\/wp-content\/uploads\/2023\/07\/cropped-KS-logo-23.png\",\"contentUrl\":\"https:\/\/koylio-seura.fi\/wp-content\/uploads\/2023\/07\/cropped-KS-logo-23.png\",\"width\":530,\"height\":619,\"caption\":\"K\u00f6yli\u00f6-seura\"},\"image\":{\"@id\":\"https:\/\/koylio-seura.fi\/#\/schema\/logo\/image\/\"}}]}<\/script>\n<!-- \/ Yoast SEO plugin. -->","yoast_head_json":{"title":"Perinnejaoston p\u00f6yt\u00e4kirjat - K\u00f6yli\u00f6-seura","robots":{"index":"index","follow":"follow","max-snippet":"max-snippet:-1","max-image-preview":"max-image-preview:large","max-video-preview":"max-video-preview:-1"},"canonical":"https:\/\/koylio-seura.fi\/?page_id=399","og_locale":"fi_FI","og_type":"article","og_title":"Perinnejaoston p\u00f6yt\u00e4kirjat - K\u00f6yli\u00f6-seura","og_description":"Perinnejaoston p\u00f6yt\u00e4kirjat vuosilta 2001-2012 ovat tallessa ja luettavissa. Niit\u00e4 voit lukea t\u00e4st\u00e4. Alla p\u00f6yt\u00e4kirjat vuodesta 2013 alkaen:\u00a0 \u00a0 *Kokous p\u00e4iv\u00e4lt\u00e4 16.12.2013\u00a0 *Kokous p\u00e4iv\u00e4lt\u00e4 19.10.2021\u00a0\u00a0 *Kokous p\u00e4iv\u00e4lt\u00e4 4.11.2024","og_url":"https:\/\/koylio-seura.fi\/?page_id=399","og_site_name":"K\u00f6yli\u00f6-seura","article_modified_time":"2024-11-18T17:03:27+00:00","twitter_card":"summary_large_image","twitter_misc":{"Arvioitu lukuaika":"1 minuutti"},"schema":{"@context":"https:\/\/schema.org","@graph":[{"@type":"WebPage","@id":"https:\/\/koylio-seura.fi\/?page_id=399","url":"https:\/\/koylio-seura.fi\/?page_id=399","name":"Perinnejaoston p\u00f6yt\u00e4kirjat - K\u00f6yli\u00f6-seura","isPartOf":{"@id":"https:\/\/koylio-seura.fi\/#website"},"datePublished":"2023-09-17T06:15:56+00:00","dateModified":"2024-11-18T17:03:27+00:00","breadcrumb":{"@id":"https:\/\/koylio-seura.fi\/?page_id=399#breadcrumb"},"inLanguage":"fi","potentialAction":[{"@type":"ReadAction","target":["https:\/\/koylio-seura.fi\/?page_id=399"]}]},{"@type":"BreadcrumbList","@id":"https:\/\/koylio-seura.fi\/?page_id=399#breadcrumb","itemListElement":[{"@type":"ListItem","position":1,"name":"Etusivu","item":"https:\/\/koylio-seura.fi\/"},{"@type":"ListItem","position":2,"name":"K\u00f6yli\u00f6-seura","item":"https:\/\/koylio-seura.fi\/"},{"@type":"ListItem","position":3,"name":"Jaostot","item":"https:\/\/koylio-seura.fi\/?page_id=57"},{"@type":"ListItem","position":4,"name":"Perinnejaosto","item":"https:\/\/koylio-seura.fi\/?page_id=394"},{"@type":"ListItem","position":5,"name":"Perinnejaoston p\u00f6yt\u00e4kirjat"}]},{"@type":"WebSite","@id":"https:\/\/koylio-seura.fi\/#website","url":"https:\/\/koylio-seura.fi\/","name":"K\u00f6yli\u00f6-seura","description":"","publisher":{"@id":"https:\/\/koylio-seura.fi\/#organization"},"potentialAction":[{"@type":"SearchAction","target":{"@type":"EntryPoint","urlTemplate":"https:\/\/koylio-seura.fi\/?s={search_term_string}"},"query-input":{"@type":"PropertyValueSpecification","valueRequired":true,"valueName":"search_term_string"}}],"inLanguage":"fi"},{"@type":"Organization","@id":"https:\/\/koylio-seura.fi\/#organization","name":"K\u00f6yli\u00f6-seura","url":"https:\/\/koylio-seura.fi\/","logo":{"@type":"ImageObject","inLanguage":"fi","@id":"https:\/\/koylio-seura.fi\/#\/schema\/logo\/image\/","url":"https:\/\/koylio-seura.fi\/wp-content\/uploads\/2023\/07\/cropped-KS-logo-23.png","contentUrl":"https:\/\/koylio-seura.fi\/wp-content\/uploads\/2023\/07\/cropped-KS-logo-23.png","width":530,"height":619,"caption":"K\u00f6yli\u00f6-seura"},"image":{"@id":"https:\/\/koylio-seura.fi\/#\/schema\/logo\/image\/"}}]}},"_links":{"self":[{"href":"https:\/\/koylio-seura.fi\/index.php?rest_route=\/wp\/v2\/pages\/399","targetHints":{"allow":["GET"]}}],"collection":[{"href":"https:\/\/koylio-seura.fi\/index.php?rest_route=\/wp\/v2\/pages"}],"about":[{"href":"https:\/\/koylio-seura.fi\/index.php?rest_route=\/wp\/v2\/types\/page"}],"author":[{"embeddable":true,"href":"https:\/\/koylio-seura.fi\/index.php?rest_route=\/wp\/v2\/users\/1"}],"replies":[{"embeddable":true,"href":"https:\/\/koylio-seura.fi\/index.php?rest_route=%2Fwp%2Fv2%2Fcomments&post=399"}],"version-history":[{"count":25,"href":"https:\/\/koylio-seura.fi\/index.php?rest_route=\/wp\/v2\/pages\/399\/revisions"}],"predecessor-version":[{"id":11943,"href":"https:\/\/koylio-seura.fi\/index.php?rest_route=\/wp\/v2\/pages\/399\/revisions\/11943"}],"up":[{"embeddable":true,"href":"https:\/\/koylio-seura.fi\/index.php?rest_route=\/wp\/v2\/pages\/394"}],"wp:attachment":[{"href":"https:\/\/koylio-seura.fi\/index.php?rest_route=%2Fwp%2Fv2%2Fmedia&parent=399"}],"curies":[{"name":"wp","href":"https:\/\/api.w.org\/{rel}","templated":true}]}}