{"id":3772,"date":"2023-12-04T07:55:38","date_gmt":"2023-12-04T07:55:38","guid":{"rendered":"https:\/\/koylio-seura.eitcon.com\/?page_id=3772"},"modified":"2026-03-07T16:34:10","modified_gmt":"2026-03-07T16:34:10","slug":"koylion-ystavat","status":"publish","type":"page","link":"https:\/\/koylio-seura.fi\/?page_id=3772","title":{"rendered":"K\u00f6yli\u00f6n Yst\u00e4v\u00e4t"},"content":{"rendered":"\t\t<div data-elementor-type=\"wp-page\" data-elementor-id=\"3772\" class=\"elementor elementor-3772\" data-elementor-post-type=\"page\">\n\t\t\t\t\t\t<section class=\"elementor-section elementor-top-section elementor-element elementor-element-b71da0a elementor-section-boxed elementor-section-height-default elementor-section-height-default\" data-id=\"b71da0a\" data-element_type=\"section\">\n\t\t\t\t\t\t<div class=\"elementor-container elementor-column-gap-default\">\n\t\t\t\t\t<div class=\"elementor-column elementor-col-100 elementor-top-column elementor-element elementor-element-389ce73\" data-id=\"389ce73\" data-element_type=\"column\">\n\t\t\t<div class=\"elementor-widget-wrap elementor-element-populated\">\n\t\t\t\t\t\t<div class=\"elementor-element elementor-element-326ab04 elementor-widget elementor-widget-heading\" data-id=\"326ab04\" data-element_type=\"widget\" data-widget_type=\"heading.default\">\n\t\t\t\t<div class=\"elementor-widget-container\">\n\t\t\t\t\t<h2 class=\"elementor-heading-title elementor-size-default\">K\u00f6yli\u00f6n yst\u00e4v\u00e4t-jaosto<\/h2>\t\t\t\t<\/div>\n\t\t\t\t<\/div>\n\t\t\t\t\t<\/div>\n\t\t<\/div>\n\t\t\t\t\t<\/div>\n\t\t<\/section>\n\t\t\t\t<section class=\"elementor-section elementor-top-section elementor-element elementor-element-2dd515c elementor-section-boxed elementor-section-height-default elementor-section-height-default\" data-id=\"2dd515c\" data-element_type=\"section\">\n\t\t\t\t\t\t<div class=\"elementor-container elementor-column-gap-default\">\n\t\t\t\t\t<div class=\"elementor-column elementor-col-100 elementor-top-column elementor-element elementor-element-6c17b06\" data-id=\"6c17b06\" data-element_type=\"column\">\n\t\t\t<div class=\"elementor-widget-wrap elementor-element-populated\">\n\t\t\t\t\t\t<div class=\"elementor-element elementor-element-55e6b46 elementor-widget__width-initial elementor-widget elementor-widget-accordion\" data-id=\"55e6b46\" data-element_type=\"widget\" data-widget_type=\"accordion.default\">\n\t\t\t\t<div class=\"elementor-widget-container\">\n\t\t\t\t\t\t\t<div class=\"elementor-accordion\">\n\t\t\t\t\t\t\t<div class=\"elementor-accordion-item\">\n\t\t\t\t\t<div id=\"elementor-tab-title-9001\" class=\"elementor-tab-title\" data-tab=\"1\" role=\"button\" aria-controls=\"elementor-tab-content-9001\" aria-expanded=\"false\">\n\t\t\t\t\t\t\t\t\t\t\t\t\t<span class=\"elementor-accordion-icon elementor-accordion-icon-left\" aria-hidden=\"true\">\n\t\t\t\t\t\t\t\t\t\t\t\t\t\t\t<span class=\"elementor-accordion-icon-closed\"><i class=\"fas fa-plus\"><\/i><\/span>\n\t\t\t\t\t\t\t\t<span class=\"elementor-accordion-icon-opened\"><i class=\"fas fa-minus\"><\/i><\/span>\n\t\t\t\t\t\t\t\t\t\t\t\t\t\t<\/span>\n\t\t\t\t\t\t\t\t\t\t\t\t<a class=\"elementor-accordion-title\" tabindex=\"0\">K\u00f6yli\u00f6n yst\u00e4v\u00e4t-jaoston toimintaa ja yhteystiedot<\/a>\n\t\t\t\t\t<\/div>\n\t\t\t\t\t<div id=\"elementor-tab-content-9001\" class=\"elementor-tab-content elementor-clearfix\" data-tab=\"1\" role=\"region\" aria-labelledby=\"elementor-tab-title-9001\"><p>K\u00f6yli\u00f6n yst\u00e4v\u00e4t-jaoston to<a href=\"https:\/\/koylio-seura.fi\/wp-content\/uploads\/2023\/10\/ystavat10historiikki.pdf\" target=\"_blank\" rel=\"noopener\">iminnan kuvaus vuosilta 2009-2019 l\u00f6ytyy t\u00e4st\u00e4 linkist\u00e4.<\/a>\u00a0Historiikin on koonnut Helena Santala.<\/p><p><span style=\"background-color: var(--base-3);\">K\u00f6yli\u00f6n yst\u00e4vien 10-vu<\/span><span style=\"background-color: var(--base-3);\">otisjuhlan 31.8.2019\u00a0<a href=\"https:\/\/koylio-seura.fi\/wp-content\/uploads\/2024\/01\/Kuvakertomus-Koylion-ystavien-10-vuotisjuhlista-pienennetty.pdf\" target=\"_blank\" rel=\"noopener\">kuvakertomus l\u00f6ytyy t\u00e4st\u00e4 linkist\u00e4.<\/a><\/span><\/p><p>K\u00f6yli\u00f6n yst\u00e4vien 15-vuotisjuhlan 31.8.2024 <a href=\"https:\/\/koylio-seura.fi\/?page_id=1487\" target=\"_blank\" rel=\"noopener\">muistio l\u00f6ytyy t\u00e4st\u00e4 linkist\u00e4.<\/a><\/p><p><span style=\"background-color: var(--base-3);\">Uusimmat tiedot yst\u00e4v\u00e4toiminnasta n\u00e4kyv\u00e4t n\u00e4ist\u00e4 linkeist\u00e4 <\/span><a href=\"https:\/\/koylio-seura.fi\/?page_id=1873\" target=\"_blank\" rel=\"noopener\">Ajankohtaisissa<\/a><span style=\"background-color: var(--base-3); color: var(--contrast);\">\u00a0<\/span><span style=\"background-color: var(--base-3); color: var(--contrast); font-size: inherit;\">ja <a href=\"https:\/\/koylio-seura.fi\/?page_id=22\" target=\"_blank\" rel=\"noopener\">K\u00f6yli\u00f6n yst\u00e4v\u00e4t<\/a> katso <a href=\"https:\/\/koylio-seura.fi\/?page_id=1485\" target=\"_blank\" rel=\"noopener\">Alueilla tapahtunutta<\/a><\/span><\/p><p>K\u00f6yli\u00f6n yst\u00e4vill\u00e4 tarkoitetaan kaikkia ulkok\u00f6yli\u00f6l\u00e4isi\u00e4 ja muita K\u00f6yli\u00f6-sidonnaisia henkil\u00f6it\u00e4, jotka ovat ilmoittaneet halukkuutensa olla mukana K\u00f6yli\u00f6-seura ry:n ja sen Yst\u00e4v\u00e4t-jaoston toiminnassa.\u00a0 K\u00f6yli\u00f6n yst\u00e4v\u00e4t voivat halutessaan liitty\u00e4 K\u00f6yli\u00f6-seuran j\u00e4seniksi. Yst\u00e4v\u00e4toimintaa toteuttaa k\u00e4yt\u00e4nn\u00f6ss\u00e4 seuran K\u00f6yli\u00f6n yst\u00e4v\u00e4t-jaosto, joka on organisoitunut alueittain: Helsingin seutu, Pori-Rauma, Tampere, Turku, K\u00f6yli\u00f6n l\u00e4hipit\u00e4j\u00e4t ja muu Suomi. Aluevastaavat l\u00f6ytyv\u00e4t yhteystiedoista.<br \/><a href=\"https:\/\/koylio-seura.fi\/?page_id=98\" target=\"_blank\" rel=\"noopener\">Yhteystiedot<\/a><\/p><p><a href=\"https:\/\/koylio-seura.fi\/?page_id=98\" target=\"_blank\" rel=\"noopener\"><br \/><\/a><b>K\u00f6yli\u00f6n yst\u00e4v\u00e4t-jaosto pit\u00e4\u00e4 jaostokokouksia noin kaksi kertaa vuodessa.<br \/><\/b>Muistio K\u00f6yli\u00f6n yst\u00e4v\u00e4t -jaoston kokouksesta 8.2.2026 K\u00f6yli\u00f6n seurakuntatalossa, <a href=\"https:\/\/koylio-seura.fi\/wp-content\/uploads\/2026\/03\/Koylion-ystavat-jaoston-jaostokokouksen-muistio-10.2.2026.pdf\" target=\"_blank\" rel=\"noopener\">t\u00e4ss\u00e4 linkki muistioon<\/a><br \/>Muistio K\u00f6yli\u00f6n yst\u00e4v\u00e4t -jaoston kokouksesta 13.7.2025 Lallin koululla. <a href=\"https:\/\/koylio-seura.fi\/wp-content\/uploads\/2025\/07\/Koylion-ystavat-jaoston-kokousmuistio-20.7.2025.pdf\" target=\"_blank\" rel=\"noopener\">Kokousmuistio l\u00f6ytyy t\u00e4st\u00e4 linkist\u00e4.<\/a><br \/>Muistio K\u00f6yli\u00f6n yst\u00e4v\u00e4t-jaoston kokouksesta 23.2.2025, <a href=\"https:\/\/koylio-seura.fi\/wp-content\/uploads\/2025\/02\/Muistio-Koylion-ystavat-jaoston-kokouksesta-23.2.2025-Koyliossa.pdf\" target=\"_blank\" rel=\"noopener\">t\u00e4ss\u00e4 linkki muistioon.<\/a><br \/>Muistio K\u00f6yli\u00f6n yst\u00e4v\u00e4t-jaoston jaostokokouksesta <a href=\"https:\/\/koylio-seura.fi\/wp-content\/uploads\/2024\/09\/Muistio-Koylion-ystavat-jaoston-kokouksesta-31.8.2024-Koyliossa.pdf\" target=\"_blank\" rel=\"noopener\">31.8.2024, t\u00e4ss\u00e4 linkki muistioon.<\/a><br \/><a href=\"https:\/\/koylio-seura.fi\/wp-content\/uploads\/2024\/03\/Muistio-Koylion-ystavat-jaoston-kokouksesta-11.2.2024-Koyliossa-1.pdf\" target=\"_blank\" rel=\"noopener\">Muistio K\u00f6yli\u00f6n yst\u00e4v\u00e4t-jaoston jaostokokouksesta 11.2.2024 l\u00f6ytyy t\u00e4st\u00e4 linkist\u00e4.<\/a><br \/><span style=\"color: var(--contrast); background-color: var(--base-3);\">Muistio K\u00f6yli\u00f6n yst\u00e4v\u00e4t-jaoston jaostokokouksesta <\/span><a href=\"https:\/\/koylio-seura.fi\/wp-content\/uploads\/2024\/03\/Muistio-Koylion-ystavat-jaoston-kokouksesta18.6.2023-Koyliossa.pdf\" target=\"_blank\" rel=\"noopener\">18.6.2023, t\u00e4ss\u00e4 linkki muistioon.<\/a><br \/><span style=\"color: var(--contrast); background-color: var(--base-3);\">Muistio K\u00f6yli\u00f6n yst\u00e4v\u00e4t-jaoston jaostokokouksesta <\/span><a href=\"https:\/\/koylio-seura.fi\/wp-content\/uploads\/2024\/03\/Muistio-Koylion-ystavat-jaoston-kokouksesta-12.2.2023-Koyliossa.pdf\" target=\"_blank\" rel=\"noopener\">12.2.2023, t\u00e4ss\u00e4 linkki muoistioon.<\/a><br \/><span style=\"color: var(--contrast); background-color: var(--base-3);\">Muistio K\u00f6yli\u00f6n yst\u00e4v\u00e4t-jaoston jaostokokouksesta <\/span><a href=\"https:\/\/koylio-seura.fi\/wp-content\/uploads\/2024\/03\/Muistio-Koylion-ystavat-jaoston-kokouksesta-3.7.2022.pdf\" target=\"_blank\" rel=\"noopener\">3.7.2022, t\u00e4ss\u00e4 linkki muistioon.<\/a><br \/><span style=\"color: var(--contrast); background-color: var(--base-3);\">Muistio K\u00f6yli\u00f6n yst\u00e4v\u00e4t-jaoston jaostokokouksesta <\/span><a href=\"https:\/\/koylio-seura.fi\/wp-content\/uploads\/2024\/03\/Muistio-Koylion-ystavat-jaoston-kokouksesta-13.2.2022-Koyliossa.pdf\" target=\"_blank\" rel=\"noopener\">13.2.2022, t\u00e4ss\u00e4 linkki muistioon.<\/a><br \/><span style=\"color: var(--contrast); background-color: var(--base-3);\">Muistio K\u00f6yli\u00f6n yst\u00e4v\u00e4t-jaoston jaostokokouksesta\u00a0 <\/span><a href=\"https:\/\/koylio-seura.fi\/wp-content\/uploads\/2024\/03\/Muistio-Koylion-ystavat-jaoston-kokouksesta-23.2.2020-Koyliossa.pdf\" target=\"_blank\" rel=\"noopener\">23.2.2020, t\u00e4ss\u00e4 linkki muistioon<\/a><span style=\"color: var(--contrast); background-color: var(--base-3);\">.<br \/><\/span><span style=\"color: var(--contrast); background-color: var(--base-3);\">Muistio juhlavuoden 2019 toiminnasta ja tapahtumista lyhyesti, <\/span><a href=\"https:\/\/koylio-seura.fi\/wp-content\/uploads\/2024\/03\/Koylion-Ystavat-jaoston-toimintaa-ja-tapahtumia-v.-2019.pdf\" target=\"_blank\" rel=\"noopener\">t\u00e4ss\u00e4 linkki muistioon.<\/a><br \/><span style=\"color: var(--contrast); background-color: var(--base-3);\">Muistio K\u00f6yli\u00f6n yst\u00e4v\u00e4t-jaoston jaostokokouksesta <\/span><a href=\"https:\/\/koylio-seura.fi\/wp-content\/uploads\/2024\/09\/muistio_koylio_24.2.2019.pdf\" target=\"_blank\" rel=\"noopener\">24.2.2019, t\u00e4ss\u00e4 linkki muistioon.<\/a><\/p><\/div>\n\t\t\t\t<\/div>\n\t\t\t\t\t\t\t\t<\/div>\n\t\t\t\t\t\t<\/div>\n\t\t\t\t<\/div>\n\t\t\t\t\t<\/div>\n\t\t<\/div>\n\t\t\t\t\t<\/div>\n\t\t<\/section>\n\t\t\t\t<\/div>\n\t\t","protected":false},"excerpt":{"rendered":"<p>K\u00f6yli\u00f6n yst\u00e4v\u00e4t-jaosto K\u00f6yli\u00f6n yst\u00e4v\u00e4t-jaoston toimintaa ja yhteystiedot K\u00f6yli\u00f6n yst\u00e4v\u00e4t-jaoston toiminnan kuvaus vuosilta 2009-2019 l\u00f6ytyy t\u00e4st\u00e4 linkist\u00e4.\u00a0Historiikin on koonnut Helena Santala. K\u00f6yli\u00f6n yst\u00e4vien 10-vuotisjuhlan 31.8.2019\u00a0kuvakertomus l\u00f6ytyy t\u00e4st\u00e4 linkist\u00e4. K\u00f6yli\u00f6n yst\u00e4vien 15-vuotisjuhlan 31.8.2024 muistio l\u00f6ytyy t\u00e4st\u00e4 linkist\u00e4. Uusimmat tiedot yst\u00e4v\u00e4toiminnasta n\u00e4kyv\u00e4t n\u00e4ist\u00e4 &#8230; <a title=\"K\u00f6yli\u00f6n Yst\u00e4v\u00e4t\" class=\"read-more\" href=\"https:\/\/koylio-seura.fi\/?page_id=3772\" aria-label=\"Lue lis\u00e4\u00e4 aiheesta K\u00f6yli\u00f6n Yst\u00e4v\u00e4t\">Lue lis\u00e4\u00e4<\/a><\/p>\n","protected":false},"author":1,"featured_media":0,"parent":57,"menu_order":0,"comment_status":"closed","ping_status":"closed","template":"","meta":{"footnotes":""},"class_list":{"0":"post-3772","1":"page","2":"type-page","3":"status-publish","5":"infinite-scroll-item"},"yoast_head":"<!-- This site is optimized with the Yoast SEO plugin v26.6 - https:\/\/yoast.com\/wordpress\/plugins\/seo\/ -->\n<title>K\u00f6yli\u00f6n Yst\u00e4v\u00e4t - K\u00f6yli\u00f6-seura<\/title>\n<meta name=\"robots\" content=\"index, follow, max-snippet:-1, max-image-preview:large, max-video-preview:-1\" \/>\n<link rel=\"canonical\" href=\"https:\/\/koylio-seura.fi\/?page_id=3772\" \/>\n<meta property=\"og:locale\" content=\"fi_FI\" \/>\n<meta property=\"og:type\" content=\"article\" \/>\n<meta property=\"og:title\" content=\"K\u00f6yli\u00f6n Yst\u00e4v\u00e4t - K\u00f6yli\u00f6-seura\" \/>\n<meta property=\"og:description\" content=\"K\u00f6yli\u00f6n yst\u00e4v\u00e4t-jaosto K\u00f6yli\u00f6n yst\u00e4v\u00e4t-jaoston toimintaa ja yhteystiedot K\u00f6yli\u00f6n yst\u00e4v\u00e4t-jaoston toiminnan kuvaus vuosilta 2009-2019 l\u00f6ytyy t\u00e4st\u00e4 linkist\u00e4.\u00a0Historiikin on koonnut Helena Santala. K\u00f6yli\u00f6n yst\u00e4vien 10-vuotisjuhlan 31.8.2019\u00a0kuvakertomus l\u00f6ytyy t\u00e4st\u00e4 linkist\u00e4. K\u00f6yli\u00f6n yst\u00e4vien 15-vuotisjuhlan 31.8.2024 muistio l\u00f6ytyy t\u00e4st\u00e4 linkist\u00e4. Uusimmat tiedot yst\u00e4v\u00e4toiminnasta n\u00e4kyv\u00e4t n\u00e4ist\u00e4 ... Lue lis\u00e4\u00e4\" \/>\n<meta property=\"og:url\" content=\"https:\/\/koylio-seura.fi\/?page_id=3772\" \/>\n<meta property=\"og:site_name\" content=\"K\u00f6yli\u00f6-seura\" \/>\n<meta property=\"article:modified_time\" content=\"2026-03-07T16:34:10+00:00\" \/>\n<meta name=\"twitter:card\" content=\"summary_large_image\" \/>\n<meta name=\"twitter:label1\" content=\"Arvioitu lukuaika\" \/>\n\t<meta name=\"twitter:data1\" content=\"2 minuuttia\" \/>\n<script type=\"application\/ld+json\" class=\"yoast-schema-graph\">{\"@context\":\"https:\/\/schema.org\",\"@graph\":[{\"@type\":\"WebPage\",\"@id\":\"https:\/\/koylio-seura.fi\/?page_id=3772\",\"url\":\"https:\/\/koylio-seura.fi\/?page_id=3772\",\"name\":\"K\u00f6yli\u00f6n Yst\u00e4v\u00e4t - K\u00f6yli\u00f6-seura\",\"isPartOf\":{\"@id\":\"https:\/\/koylio-seura.fi\/#website\"},\"datePublished\":\"2023-12-04T07:55:38+00:00\",\"dateModified\":\"2026-03-07T16:34:10+00:00\",\"breadcrumb\":{\"@id\":\"https:\/\/koylio-seura.fi\/?page_id=3772#breadcrumb\"},\"inLanguage\":\"fi\",\"potentialAction\":[{\"@type\":\"ReadAction\",\"target\":[\"https:\/\/koylio-seura.fi\/?page_id=3772\"]}]},{\"@type\":\"BreadcrumbList\",\"@id\":\"https:\/\/koylio-seura.fi\/?page_id=3772#breadcrumb\",\"itemListElement\":[{\"@type\":\"ListItem\",\"position\":1,\"name\":\"Etusivu\",\"item\":\"https:\/\/koylio-seura.fi\/\"},{\"@type\":\"ListItem\",\"position\":2,\"name\":\"K\u00f6yli\u00f6-seura\",\"item\":\"https:\/\/koylio-seura.fi\/\"},{\"@type\":\"ListItem\",\"position\":3,\"name\":\"Jaostot\",\"item\":\"https:\/\/koylio-seura.fi\/?page_id=57\"},{\"@type\":\"ListItem\",\"position\":4,\"name\":\"K\u00f6yli\u00f6n Yst\u00e4v\u00e4t\"}]},{\"@type\":\"WebSite\",\"@id\":\"https:\/\/koylio-seura.fi\/#website\",\"url\":\"https:\/\/koylio-seura.fi\/\",\"name\":\"K\u00f6yli\u00f6-seura\",\"description\":\"\",\"publisher\":{\"@id\":\"https:\/\/koylio-seura.fi\/#organization\"},\"potentialAction\":[{\"@type\":\"SearchAction\",\"target\":{\"@type\":\"EntryPoint\",\"urlTemplate\":\"https:\/\/koylio-seura.fi\/?s={search_term_string}\"},\"query-input\":{\"@type\":\"PropertyValueSpecification\",\"valueRequired\":true,\"valueName\":\"search_term_string\"}}],\"inLanguage\":\"fi\"},{\"@type\":\"Organization\",\"@id\":\"https:\/\/koylio-seura.fi\/#organization\",\"name\":\"K\u00f6yli\u00f6-seura\",\"url\":\"https:\/\/koylio-seura.fi\/\",\"logo\":{\"@type\":\"ImageObject\",\"inLanguage\":\"fi\",\"@id\":\"https:\/\/koylio-seura.fi\/#\/schema\/logo\/image\/\",\"url\":\"https:\/\/koylio-seura.fi\/wp-content\/uploads\/2023\/07\/cropped-KS-logo-23.png\",\"contentUrl\":\"https:\/\/koylio-seura.fi\/wp-content\/uploads\/2023\/07\/cropped-KS-logo-23.png\",\"width\":530,\"height\":619,\"caption\":\"K\u00f6yli\u00f6-seura\"},\"image\":{\"@id\":\"https:\/\/koylio-seura.fi\/#\/schema\/logo\/image\/\"}}]}<\/script>\n<!-- \/ Yoast SEO plugin. -->","yoast_head_json":{"title":"K\u00f6yli\u00f6n Yst\u00e4v\u00e4t - K\u00f6yli\u00f6-seura","robots":{"index":"index","follow":"follow","max-snippet":"max-snippet:-1","max-image-preview":"max-image-preview:large","max-video-preview":"max-video-preview:-1"},"canonical":"https:\/\/koylio-seura.fi\/?page_id=3772","og_locale":"fi_FI","og_type":"article","og_title":"K\u00f6yli\u00f6n Yst\u00e4v\u00e4t - K\u00f6yli\u00f6-seura","og_description":"K\u00f6yli\u00f6n yst\u00e4v\u00e4t-jaosto K\u00f6yli\u00f6n yst\u00e4v\u00e4t-jaoston toimintaa ja yhteystiedot K\u00f6yli\u00f6n yst\u00e4v\u00e4t-jaoston toiminnan kuvaus vuosilta 2009-2019 l\u00f6ytyy t\u00e4st\u00e4 linkist\u00e4.\u00a0Historiikin on koonnut Helena Santala. K\u00f6yli\u00f6n yst\u00e4vien 10-vuotisjuhlan 31.8.2019\u00a0kuvakertomus l\u00f6ytyy t\u00e4st\u00e4 linkist\u00e4. K\u00f6yli\u00f6n yst\u00e4vien 15-vuotisjuhlan 31.8.2024 muistio l\u00f6ytyy t\u00e4st\u00e4 linkist\u00e4. Uusimmat tiedot yst\u00e4v\u00e4toiminnasta n\u00e4kyv\u00e4t n\u00e4ist\u00e4 ... Lue lis\u00e4\u00e4","og_url":"https:\/\/koylio-seura.fi\/?page_id=3772","og_site_name":"K\u00f6yli\u00f6-seura","article_modified_time":"2026-03-07T16:34:10+00:00","twitter_card":"summary_large_image","twitter_misc":{"Arvioitu lukuaika":"2 minuuttia"},"schema":{"@context":"https:\/\/schema.org","@graph":[{"@type":"WebPage","@id":"https:\/\/koylio-seura.fi\/?page_id=3772","url":"https:\/\/koylio-seura.fi\/?page_id=3772","name":"K\u00f6yli\u00f6n Yst\u00e4v\u00e4t - K\u00f6yli\u00f6-seura","isPartOf":{"@id":"https:\/\/koylio-seura.fi\/#website"},"datePublished":"2023-12-04T07:55:38+00:00","dateModified":"2026-03-07T16:34:10+00:00","breadcrumb":{"@id":"https:\/\/koylio-seura.fi\/?page_id=3772#breadcrumb"},"inLanguage":"fi","potentialAction":[{"@type":"ReadAction","target":["https:\/\/koylio-seura.fi\/?page_id=3772"]}]},{"@type":"BreadcrumbList","@id":"https:\/\/koylio-seura.fi\/?page_id=3772#breadcrumb","itemListElement":[{"@type":"ListItem","position":1,"name":"Etusivu","item":"https:\/\/koylio-seura.fi\/"},{"@type":"ListItem","position":2,"name":"K\u00f6yli\u00f6-seura","item":"https:\/\/koylio-seura.fi\/"},{"@type":"ListItem","position":3,"name":"Jaostot","item":"https:\/\/koylio-seura.fi\/?page_id=57"},{"@type":"ListItem","position":4,"name":"K\u00f6yli\u00f6n Yst\u00e4v\u00e4t"}]},{"@type":"WebSite","@id":"https:\/\/koylio-seura.fi\/#website","url":"https:\/\/koylio-seura.fi\/","name":"K\u00f6yli\u00f6-seura","description":"","publisher":{"@id":"https:\/\/koylio-seura.fi\/#organization"},"potentialAction":[{"@type":"SearchAction","target":{"@type":"EntryPoint","urlTemplate":"https:\/\/koylio-seura.fi\/?s={search_term_string}"},"query-input":{"@type":"PropertyValueSpecification","valueRequired":true,"valueName":"search_term_string"}}],"inLanguage":"fi"},{"@type":"Organization","@id":"https:\/\/koylio-seura.fi\/#organization","name":"K\u00f6yli\u00f6-seura","url":"https:\/\/koylio-seura.fi\/","logo":{"@type":"ImageObject","inLanguage":"fi","@id":"https:\/\/koylio-seura.fi\/#\/schema\/logo\/image\/","url":"https:\/\/koylio-seura.fi\/wp-content\/uploads\/2023\/07\/cropped-KS-logo-23.png","contentUrl":"https:\/\/koylio-seura.fi\/wp-content\/uploads\/2023\/07\/cropped-KS-logo-23.png","width":530,"height":619,"caption":"K\u00f6yli\u00f6-seura"},"image":{"@id":"https:\/\/koylio-seura.fi\/#\/schema\/logo\/image\/"}}]}},"_links":{"self":[{"href":"https:\/\/koylio-seura.fi\/index.php?rest_route=\/wp\/v2\/pages\/3772","targetHints":{"allow":["GET"]}}],"collection":[{"href":"https:\/\/koylio-seura.fi\/index.php?rest_route=\/wp\/v2\/pages"}],"about":[{"href":"https:\/\/koylio-seura.fi\/index.php?rest_route=\/wp\/v2\/types\/page"}],"author":[{"embeddable":true,"href":"https:\/\/koylio-seura.fi\/index.php?rest_route=\/wp\/v2\/users\/1"}],"replies":[{"embeddable":true,"href":"https:\/\/koylio-seura.fi\/index.php?rest_route=%2Fwp%2Fv2%2Fcomments&post=3772"}],"version-history":[{"count":154,"href":"https:\/\/koylio-seura.fi\/index.php?rest_route=\/wp\/v2\/pages\/3772\/revisions"}],"predecessor-version":[{"id":16400,"href":"https:\/\/koylio-seura.fi\/index.php?rest_route=\/wp\/v2\/pages\/3772\/revisions\/16400"}],"up":[{"embeddable":true,"href":"https:\/\/koylio-seura.fi\/index.php?rest_route=\/wp\/v2\/pages\/57"}],"wp:attachment":[{"href":"https:\/\/koylio-seura.fi\/index.php?rest_route=%2Fwp%2Fv2%2Fmedia&parent=3772"}],"curies":[{"name":"wp","href":"https:\/\/api.w.org\/{rel}","templated":true}]}}