{"id":30,"date":"2023-07-17T10:25:17","date_gmt":"2023-07-17T10:25:17","guid":{"rendered":"https:\/\/koylio-seura.eitcon.com\/?page_id=30"},"modified":"2024-05-24T13:58:25","modified_gmt":"2024-05-24T13:58:25","slug":"yhteistyo","status":"publish","type":"page","link":"https:\/\/koylio-seura.fi\/?page_id=30","title":{"rendered":"Yhteisty\u00f6"},"content":{"rendered":"\t\t<div data-elementor-type=\"wp-page\" data-elementor-id=\"30\" class=\"elementor elementor-30\" data-elementor-post-type=\"page\">\n\t\t\t\t\t\t<section class=\"elementor-section elementor-top-section elementor-element elementor-element-b8366a1 elementor-section-boxed elementor-section-height-default elementor-section-height-default\" data-id=\"b8366a1\" data-element_type=\"section\">\n\t\t\t\t\t\t<div class=\"elementor-container elementor-column-gap-default\">\n\t\t\t\t\t<div class=\"elementor-column elementor-col-100 elementor-top-column elementor-element elementor-element-9524828\" data-id=\"9524828\" data-element_type=\"column\">\n\t\t\t<div class=\"elementor-widget-wrap elementor-element-populated\">\n\t\t\t\t\t\t<div class=\"elementor-element elementor-element-76f9f4f elementor-widget elementor-widget-text-editor\" data-id=\"76f9f4f\" data-element_type=\"widget\" data-widget_type=\"text-editor.default\">\n\t\t\t\t<div class=\"elementor-widget-container\">\n\t\t\t\t\t\t\t\t\t<p>Yhteisty\u00f6tahoja:<\/p><p><a href=\"https:\/\/www.sakyla.fi\/\" target=\"_blank\" rel=\"noopener\">S\u00e4kyl\u00e4n kunta<\/a><\/p><p><a href=\"https:\/\/www.sakyla-koylionseurakunta.fi\/\" target=\"_blank\" rel=\"noopener\">S\u00e4kyl\u00e4-K\u00f6yli\u00f6n seurakunta<\/a><\/p><p><a href=\"https:\/\/kankaanpaankyla.net\/\" target=\"_blank\" rel=\"noopener\">Kankaanp\u00e4\u00e4n kyl\u00e4yhdistys<\/a><br \/><a href=\"https:\/\/www.facebook.com\/groups\/kepolankyla\/?locale=fi_FI\" target=\"_blank\" rel=\"noopener\">Kepolan kyl\u00e4yhdistys<\/a><br \/><a href=\"https:\/\/www.facebook.com\/ristolankylayhdistys\/?locale=fi_FI\" target=\"_blank\" rel=\"noopener\">Ristolan kyl\u00e4yhdistys<\/a><br \/><a href=\"https:\/\/tuiskula.info\/\" target=\"_blank\" rel=\"noopener\">Tuiskulan kyl\u00e4yhdistys<\/a><br \/><a href=\"https:\/\/www.facebook.com\/groups\/626586617352685?locale=fi_FI\" target=\"_blank\" rel=\"noopener\">Voitoisten kyl\u00e4yhdistys<\/a><br \/><a href=\"https:\/\/www.facebook.com\/vuorenmaa\" target=\"_blank\" rel=\"noopener\">Vuorenmaan kyl\u00e4yhdistys<\/a><br \/><a href=\"https:\/\/yttilankylayhdistys.fi\/\" target=\"_blank\" rel=\"noopener\">Yttil\u00e4n kyl\u00e4yhdistys<\/a><\/p><p><a href=\"https:\/\/sakyla-seura.fi\/\">S\u00e4kyl\u00e4-seura<\/a><\/p><p><a href=\"https:\/\/www.henrikinvaellus.fi\/\" target=\"_blank\" rel=\"noopener\">Pyh\u00e4n Henrikin Pyhiinvaellusyhdistys<\/a><\/p><p><a href=\"https:\/\/kotiseutuliitto.fi\/\" target=\"_blank\" rel=\"noopener\">Suomen kotiseutuliitto<\/a><\/p>\t\t\t\t\t\t\t\t<\/div>\n\t\t\t\t<\/div>\n\t\t\t\t\t<\/div>\n\t\t<\/div>\n\t\t\t\t\t<\/div>\n\t\t<\/section>\n\t\t\t\t<\/div>\n\t\t","protected":false},"excerpt":{"rendered":"<p>Yhteisty\u00f6tahoja: S\u00e4kyl\u00e4n kunta S\u00e4kyl\u00e4-K\u00f6yli\u00f6n seurakunta Kankaanp\u00e4\u00e4n kyl\u00e4yhdistysKepolan kyl\u00e4yhdistysRistolan kyl\u00e4yhdistysTuiskulan kyl\u00e4yhdistysVoitoisten kyl\u00e4yhdistysVuorenmaan kyl\u00e4yhdistysYttil\u00e4n kyl\u00e4yhdistys S\u00e4kyl\u00e4-seura Pyh\u00e4n Henrikin Pyhiinvaellusyhdistys Suomen kotiseutuliitto<\/p>\n","protected":false},"author":1,"featured_media":0,"parent":8915,"menu_order":0,"comment_status":"closed","ping_status":"closed","template":"","meta":{"footnotes":""},"class_list":{"0":"post-30","1":"page","2":"type-page","3":"status-publish","5":"infinite-scroll-item"},"yoast_head":"<!-- This site is optimized with the Yoast SEO plugin v26.6 - https:\/\/yoast.com\/wordpress\/plugins\/seo\/ -->\n<title>Yhteisty\u00f6 - K\u00f6yli\u00f6-seura<\/title>\n<meta name=\"robots\" content=\"index, follow, max-snippet:-1, max-image-preview:large, max-video-preview:-1\" \/>\n<link rel=\"canonical\" href=\"https:\/\/koylio-seura.fi\/?page_id=30\" \/>\n<meta property=\"og:locale\" content=\"fi_FI\" \/>\n<meta property=\"og:type\" content=\"article\" \/>\n<meta property=\"og:title\" content=\"Yhteisty\u00f6 - K\u00f6yli\u00f6-seura\" \/>\n<meta property=\"og:description\" content=\"Yhteisty\u00f6tahoja: S\u00e4kyl\u00e4n kunta S\u00e4kyl\u00e4-K\u00f6yli\u00f6n seurakunta Kankaanp\u00e4\u00e4n kyl\u00e4yhdistysKepolan kyl\u00e4yhdistysRistolan kyl\u00e4yhdistysTuiskulan kyl\u00e4yhdistysVoitoisten kyl\u00e4yhdistysVuorenmaan kyl\u00e4yhdistysYttil\u00e4n kyl\u00e4yhdistys S\u00e4kyl\u00e4-seura Pyh\u00e4n Henrikin Pyhiinvaellusyhdistys Suomen kotiseutuliitto\" \/>\n<meta property=\"og:url\" content=\"https:\/\/koylio-seura.fi\/?page_id=30\" \/>\n<meta property=\"og:site_name\" content=\"K\u00f6yli\u00f6-seura\" \/>\n<meta property=\"article:modified_time\" content=\"2024-05-24T13:58:25+00:00\" \/>\n<meta name=\"twitter:card\" content=\"summary_large_image\" \/>\n<meta name=\"twitter:label1\" content=\"Arvioitu lukuaika\" \/>\n\t<meta name=\"twitter:data1\" content=\"1 minuutti\" \/>\n<script type=\"application\/ld+json\" class=\"yoast-schema-graph\">{\"@context\":\"https:\/\/schema.org\",\"@graph\":[{\"@type\":\"WebPage\",\"@id\":\"https:\/\/koylio-seura.fi\/?page_id=30\",\"url\":\"https:\/\/koylio-seura.fi\/?page_id=30\",\"name\":\"Yhteisty\u00f6 - K\u00f6yli\u00f6-seura\",\"isPartOf\":{\"@id\":\"https:\/\/koylio-seura.fi\/#website\"},\"datePublished\":\"2023-07-17T10:25:17+00:00\",\"dateModified\":\"2024-05-24T13:58:25+00:00\",\"breadcrumb\":{\"@id\":\"https:\/\/koylio-seura.fi\/?page_id=30#breadcrumb\"},\"inLanguage\":\"fi\",\"potentialAction\":[{\"@type\":\"ReadAction\",\"target\":[\"https:\/\/koylio-seura.fi\/?page_id=30\"]}]},{\"@type\":\"BreadcrumbList\",\"@id\":\"https:\/\/koylio-seura.fi\/?page_id=30#breadcrumb\",\"itemListElement\":[{\"@type\":\"ListItem\",\"position\":1,\"name\":\"Etusivu\",\"item\":\"https:\/\/koylio-seura.fi\/\"},{\"@type\":\"ListItem\",\"position\":2,\"name\":\"Linkit\",\"item\":\"https:\/\/koylio-seura.fi\/?page_id=8915\"},{\"@type\":\"ListItem\",\"position\":3,\"name\":\"Yhteisty\u00f6\"}]},{\"@type\":\"WebSite\",\"@id\":\"https:\/\/koylio-seura.fi\/#website\",\"url\":\"https:\/\/koylio-seura.fi\/\",\"name\":\"K\u00f6yli\u00f6-seura\",\"description\":\"\",\"publisher\":{\"@id\":\"https:\/\/koylio-seura.fi\/#organization\"},\"potentialAction\":[{\"@type\":\"SearchAction\",\"target\":{\"@type\":\"EntryPoint\",\"urlTemplate\":\"https:\/\/koylio-seura.fi\/?s={search_term_string}\"},\"query-input\":{\"@type\":\"PropertyValueSpecification\",\"valueRequired\":true,\"valueName\":\"search_term_string\"}}],\"inLanguage\":\"fi\"},{\"@type\":\"Organization\",\"@id\":\"https:\/\/koylio-seura.fi\/#organization\",\"name\":\"K\u00f6yli\u00f6-seura\",\"url\":\"https:\/\/koylio-seura.fi\/\",\"logo\":{\"@type\":\"ImageObject\",\"inLanguage\":\"fi\",\"@id\":\"https:\/\/koylio-seura.fi\/#\/schema\/logo\/image\/\",\"url\":\"https:\/\/koylio-seura.fi\/wp-content\/uploads\/2023\/07\/cropped-KS-logo-23.png\",\"contentUrl\":\"https:\/\/koylio-seura.fi\/wp-content\/uploads\/2023\/07\/cropped-KS-logo-23.png\",\"width\":530,\"height\":619,\"caption\":\"K\u00f6yli\u00f6-seura\"},\"image\":{\"@id\":\"https:\/\/koylio-seura.fi\/#\/schema\/logo\/image\/\"}}]}<\/script>\n<!-- \/ Yoast SEO plugin. -->","yoast_head_json":{"title":"Yhteisty\u00f6 - K\u00f6yli\u00f6-seura","robots":{"index":"index","follow":"follow","max-snippet":"max-snippet:-1","max-image-preview":"max-image-preview:large","max-video-preview":"max-video-preview:-1"},"canonical":"https:\/\/koylio-seura.fi\/?page_id=30","og_locale":"fi_FI","og_type":"article","og_title":"Yhteisty\u00f6 - K\u00f6yli\u00f6-seura","og_description":"Yhteisty\u00f6tahoja: S\u00e4kyl\u00e4n kunta S\u00e4kyl\u00e4-K\u00f6yli\u00f6n seurakunta Kankaanp\u00e4\u00e4n kyl\u00e4yhdistysKepolan kyl\u00e4yhdistysRistolan kyl\u00e4yhdistysTuiskulan kyl\u00e4yhdistysVoitoisten kyl\u00e4yhdistysVuorenmaan kyl\u00e4yhdistysYttil\u00e4n kyl\u00e4yhdistys S\u00e4kyl\u00e4-seura Pyh\u00e4n Henrikin Pyhiinvaellusyhdistys Suomen kotiseutuliitto","og_url":"https:\/\/koylio-seura.fi\/?page_id=30","og_site_name":"K\u00f6yli\u00f6-seura","article_modified_time":"2024-05-24T13:58:25+00:00","twitter_card":"summary_large_image","twitter_misc":{"Arvioitu lukuaika":"1 minuutti"},"schema":{"@context":"https:\/\/schema.org","@graph":[{"@type":"WebPage","@id":"https:\/\/koylio-seura.fi\/?page_id=30","url":"https:\/\/koylio-seura.fi\/?page_id=30","name":"Yhteisty\u00f6 - K\u00f6yli\u00f6-seura","isPartOf":{"@id":"https:\/\/koylio-seura.fi\/#website"},"datePublished":"2023-07-17T10:25:17+00:00","dateModified":"2024-05-24T13:58:25+00:00","breadcrumb":{"@id":"https:\/\/koylio-seura.fi\/?page_id=30#breadcrumb"},"inLanguage":"fi","potentialAction":[{"@type":"ReadAction","target":["https:\/\/koylio-seura.fi\/?page_id=30"]}]},{"@type":"BreadcrumbList","@id":"https:\/\/koylio-seura.fi\/?page_id=30#breadcrumb","itemListElement":[{"@type":"ListItem","position":1,"name":"Etusivu","item":"https:\/\/koylio-seura.fi\/"},{"@type":"ListItem","position":2,"name":"Linkit","item":"https:\/\/koylio-seura.fi\/?page_id=8915"},{"@type":"ListItem","position":3,"name":"Yhteisty\u00f6"}]},{"@type":"WebSite","@id":"https:\/\/koylio-seura.fi\/#website","url":"https:\/\/koylio-seura.fi\/","name":"K\u00f6yli\u00f6-seura","description":"","publisher":{"@id":"https:\/\/koylio-seura.fi\/#organization"},"potentialAction":[{"@type":"SearchAction","target":{"@type":"EntryPoint","urlTemplate":"https:\/\/koylio-seura.fi\/?s={search_term_string}"},"query-input":{"@type":"PropertyValueSpecification","valueRequired":true,"valueName":"search_term_string"}}],"inLanguage":"fi"},{"@type":"Organization","@id":"https:\/\/koylio-seura.fi\/#organization","name":"K\u00f6yli\u00f6-seura","url":"https:\/\/koylio-seura.fi\/","logo":{"@type":"ImageObject","inLanguage":"fi","@id":"https:\/\/koylio-seura.fi\/#\/schema\/logo\/image\/","url":"https:\/\/koylio-seura.fi\/wp-content\/uploads\/2023\/07\/cropped-KS-logo-23.png","contentUrl":"https:\/\/koylio-seura.fi\/wp-content\/uploads\/2023\/07\/cropped-KS-logo-23.png","width":530,"height":619,"caption":"K\u00f6yli\u00f6-seura"},"image":{"@id":"https:\/\/koylio-seura.fi\/#\/schema\/logo\/image\/"}}]}},"_links":{"self":[{"href":"https:\/\/koylio-seura.fi\/index.php?rest_route=\/wp\/v2\/pages\/30","targetHints":{"allow":["GET"]}}],"collection":[{"href":"https:\/\/koylio-seura.fi\/index.php?rest_route=\/wp\/v2\/pages"}],"about":[{"href":"https:\/\/koylio-seura.fi\/index.php?rest_route=\/wp\/v2\/types\/page"}],"author":[{"embeddable":true,"href":"https:\/\/koylio-seura.fi\/index.php?rest_route=\/wp\/v2\/users\/1"}],"replies":[{"embeddable":true,"href":"https:\/\/koylio-seura.fi\/index.php?rest_route=%2Fwp%2Fv2%2Fcomments&post=30"}],"version-history":[{"count":25,"href":"https:\/\/koylio-seura.fi\/index.php?rest_route=\/wp\/v2\/pages\/30\/revisions"}],"predecessor-version":[{"id":7167,"href":"https:\/\/koylio-seura.fi\/index.php?rest_route=\/wp\/v2\/pages\/30\/revisions\/7167"}],"up":[{"embeddable":true,"href":"https:\/\/koylio-seura.fi\/index.php?rest_route=\/wp\/v2\/pages\/8915"}],"wp:attachment":[{"href":"https:\/\/koylio-seura.fi\/index.php?rest_route=%2Fwp%2Fv2%2Fmedia&parent=30"}],"curies":[{"name":"wp","href":"https:\/\/api.w.org\/{rel}","templated":true}]}}