{"id":26,"date":"2023-07-17T10:24:41","date_gmt":"2023-07-17T10:24:41","guid":{"rendered":"https:\/\/koylio-seura.eitcon.com\/?page_id=26"},"modified":"2026-02-27T15:12:20","modified_gmt":"2026-02-27T15:12:20","slug":"medialle","status":"publish","type":"page","link":"https:\/\/koylio-seura.fi\/?page_id=26","title":{"rendered":"Medialle"},"content":{"rendered":"\t\t<div data-elementor-type=\"wp-page\" data-elementor-id=\"26\" class=\"elementor elementor-26\" data-elementor-post-type=\"page\">\n\t\t\t\t\t\t<section class=\"elementor-section elementor-top-section elementor-element elementor-element-6fa15ac elementor-section-boxed elementor-section-height-default elementor-section-height-default\" data-id=\"6fa15ac\" data-element_type=\"section\">\n\t\t\t\t\t\t<div class=\"elementor-container elementor-column-gap-default\">\n\t\t\t\t\t<div class=\"elementor-column elementor-col-100 elementor-top-column elementor-element elementor-element-6253c68\" data-id=\"6253c68\" data-element_type=\"column\">\n\t\t\t<div class=\"elementor-widget-wrap elementor-element-populated\">\n\t\t\t\t\t\t<div class=\"elementor-element elementor-element-04098c2 elementor-widget elementor-widget-heading\" data-id=\"04098c2\" data-element_type=\"widget\" data-widget_type=\"heading.default\">\n\t\t\t\t<div class=\"elementor-widget-container\">\n\t\t\t\t\t<h2 class=\"elementor-heading-title elementor-size-default\">Medialle <\/h2>\t\t\t\t<\/div>\n\t\t\t\t<\/div>\n\t\t\t\t\t<\/div>\n\t\t<\/div>\n\t\t\t\t\t<\/div>\n\t\t<\/section>\n\t\t\t\t<section class=\"elementor-section elementor-top-section elementor-element elementor-element-fcf801b elementor-section-boxed elementor-section-height-default elementor-section-height-default\" data-id=\"fcf801b\" data-element_type=\"section\">\n\t\t\t\t\t\t<div class=\"elementor-container elementor-column-gap-default\">\n\t\t\t\t\t<div class=\"elementor-column elementor-col-100 elementor-top-column elementor-element elementor-element-cc2616c\" data-id=\"cc2616c\" data-element_type=\"column\">\n\t\t\t<div class=\"elementor-widget-wrap elementor-element-populated\">\n\t\t\t\t\t\t<div class=\"elementor-element elementor-element-fe138c1 elementor-widget elementor-widget-text-editor\" data-id=\"fe138c1\" data-element_type=\"widget\" data-widget_type=\"text-editor.default\">\n\t\t\t\t<div class=\"elementor-widget-container\">\n\t\t\t\t\t\t\t\t\t<p>N\u00e4m\u00e4 kuvat ovat vapaaseen k\u00e4ytt\u00f6\u00f6n medialle. Hiiren vasemman n\u00e4pp\u00e4imen painaminen avaa kuvan suurena ja samalla tulee n\u00e4kyviin kuvateksti. Klikkaa Ison kuvan p\u00e4\u00e4ll\u00e4 hiiren oikealla ja talleta nimell\u00e4.<\/p>\t\t\t\t\t\t\t\t<\/div>\n\t\t\t\t<\/div>\n\t\t\t\t\t<\/div>\n\t\t<\/div>\n\t\t\t\t\t<\/div>\n\t\t<\/section>\n\t\t\t\t<section class=\"elementor-section elementor-top-section elementor-element elementor-element-f06cd5a elementor-section-boxed elementor-section-height-default elementor-section-height-default\" data-id=\"f06cd5a\" data-element_type=\"section\">\n\t\t\t\t\t\t<div class=\"elementor-container elementor-column-gap-default\">\n\t\t\t\t\t<div class=\"elementor-column elementor-col-100 elementor-top-column elementor-element elementor-element-a905f5b\" data-id=\"a905f5b\" data-element_type=\"column\">\n\t\t\t<div class=\"elementor-widget-wrap elementor-element-populated\">\n\t\t\t\t\t\t<div class=\"elementor-element elementor-element-06ecbc1 elementor-widget elementor-widget-gallery\" data-id=\"06ecbc1\" data-element_type=\"widget\" data-settings=\"{&quot;gallery_layout&quot;:&quot;justified&quot;,&quot;ideal_row_height&quot;:{&quot;unit&quot;:&quot;px&quot;,&quot;size&quot;:196,&quot;sizes&quot;:[]},&quot;gap&quot;:{&quot;unit&quot;:&quot;px&quot;,&quot;size&quot;:16,&quot;sizes&quot;:[]},&quot;lazyload&quot;:&quot;yes&quot;,&quot;ideal_row_height_tablet&quot;:{&quot;unit&quot;:&quot;px&quot;,&quot;size&quot;:150,&quot;sizes&quot;:[]},&quot;ideal_row_height_mobile&quot;:{&quot;unit&quot;:&quot;px&quot;,&quot;size&quot;:150,&quot;sizes&quot;:[]},&quot;gap_tablet&quot;:{&quot;unit&quot;:&quot;px&quot;,&quot;size&quot;:10,&quot;sizes&quot;:[]},&quot;gap_mobile&quot;:{&quot;unit&quot;:&quot;px&quot;,&quot;size&quot;:10,&quot;sizes&quot;:[]},&quot;link_to&quot;:&quot;file&quot;,&quot;overlay_background&quot;:&quot;yes&quot;,&quot;content_hover_animation&quot;:&quot;fade-in&quot;}\" data-widget_type=\"gallery.default\">\n\t\t\t\t<div class=\"elementor-widget-container\">\n\t\t\t\t\t\t\t<div class=\"elementor-gallery__container\">\n\t\t\t\t\t\t\t<a class=\"e-gallery-item elementor-gallery-item elementor-animated-content\" href=\"https:\/\/koylio-seura.fi\/wp-content\/uploads\/2026\/01\/Koylio-seuran-hallitus-Kuva-Ari-Stahlman.jpg\" data-elementor-open-lightbox=\"yes\" data-elementor-lightbox-slideshow=\"06ecbc1\" data-elementor-lightbox-title=\"K\u00f6yli\u00f6-seuran hallitus 2026. Vasemmalta Jaakko Laine (varaj\u00e4sen), Samuli Vahteristo (tiedottaja), Merja Mikkola (varaj\u00e4sen), Liisa Yski (j\u00e4sen), Heikki Saarinen (j\u00e4sen), Merja Nummi (j\u00e4sen), Tuula Kyt\u00f6vuori (varapuheenjohtaja), Helena Santala (j\u00e4sen), Pirkko Peltola (puheenjohtaja), Lassi Kauko (j\u00e4sen), Sari Minkovitsch (j\u00e4sen), Pirjo Sulin (j\u00e4sen), Pirjo Eloranta (j\u00e4sen), Marita Holkeri (varaj\u00e4sen ja K\u00f6yli\u00f6n yst\u00e4v\u00e4t jaoston puheenjohtaja).  Kuvasta puuttuvat varaj\u00e4senet Axel Cedercreutz, Jaakko Parkkila, Anne Reunanen, Satu V\u00e4h\u00e4talo-Virtanen, Pirjo Kotiranta ja Juha Honkanen. Kuva Ari St\u00e5hlman\" data-e-action-hash=\"#elementor-action%3Aaction%3Dlightbox%26settings%3DeyJpZCI6MTYwMTcsInVybCI6Imh0dHBzOlwvXC9rb3lsaW8tc2V1cmEuZmlcL3dwLWNvbnRlbnRcL3VwbG9hZHNcLzIwMjZcLzAxXC9Lb3lsaW8tc2V1cmFuLWhhbGxpdHVzLUt1dmEtQXJpLVN0YWhsbWFuLmpwZyIsInNsaWRlc2hvdyI6IjA2ZWNiYzEifQ%3D%3D\">\n\t\t\t\t\t<div class=\"e-gallery-image elementor-gallery-item__image\" data-thumbnail=\"https:\/\/koylio-seura.fi\/wp-content\/uploads\/2026\/01\/Koylio-seuran-hallitus-Kuva-Ari-Stahlman-300x200.jpg\" data-width=\"300\" data-height=\"200\" aria-label=\"\" role=\"img\" ><\/div>\n\t\t\t\t\t\t\t\t\t\t\t<div class=\"elementor-gallery-item__overlay\"><\/div>\n\t\t\t\t\t\t\t\t\t\t\t\t\t\t<\/a>\n\t\t\t\t\t\t\t<a class=\"e-gallery-item elementor-gallery-item elementor-animated-content\" href=\"https:\/\/koylio-seura.fi\/wp-content\/uploads\/2025\/06\/Koyliist-19_3757-1-Kansi.jpg\" data-elementor-open-lightbox=\"yes\" data-elementor-lightbox-slideshow=\"06ecbc1\" data-elementor-lightbox-title=\"Ko\u0308yliist 19_3757 (1) Kansi\" data-e-action-hash=\"#elementor-action%3Aaction%3Dlightbox%26settings%3DeyJpZCI6MTQzMDQsInVybCI6Imh0dHBzOlwvXC9rb3lsaW8tc2V1cmEuZmlcL3dwLWNvbnRlbnRcL3VwbG9hZHNcLzIwMjVcLzA2XC9Lb3lsaWlzdC0xOV8zNzU3LTEtS2Fuc2kuanBnIiwic2xpZGVzaG93IjoiMDZlY2JjMSJ9\">\n\t\t\t\t\t<div class=\"e-gallery-image elementor-gallery-item__image\" data-thumbnail=\"https:\/\/koylio-seura.fi\/wp-content\/uploads\/2025\/06\/Koyliist-19_3757-1-Kansi-300x258.jpg\" data-width=\"300\" data-height=\"258\" aria-label=\"\" role=\"img\" ><\/div>\n\t\t\t\t\t\t\t\t\t\t\t<div class=\"elementor-gallery-item__overlay\"><\/div>\n\t\t\t\t\t\t\t\t\t\t\t\t\t\t<\/a>\n\t\t\t\t\t\t\t<a class=\"e-gallery-item elementor-gallery-item elementor-animated-content\" href=\"https:\/\/koylio-seura.fi\/wp-content\/uploads\/2025\/05\/Arns-Gabriel-Grynerin-miekka--scaled.jpg\" data-elementor-open-lightbox=\"yes\" data-elementor-lightbox-slideshow=\"06ecbc1\" data-elementor-lightbox-title=\"Arns Gabriel Gr\u00fcnerin miekka\" data-e-action-hash=\"#elementor-action%3Aaction%3Dlightbox%26settings%3DeyJpZCI6MTQwMjIsInVybCI6Imh0dHBzOlwvXC9rb3lsaW8tc2V1cmEuZmlcL3dwLWNvbnRlbnRcL3VwbG9hZHNcLzIwMjVcLzA1XC9Bcm5zLUdhYnJpZWwtR3J5bmVyaW4tbWlla2thLS1zY2FsZWQuanBnIiwic2xpZGVzaG93IjoiMDZlY2JjMSJ9\">\n\t\t\t\t\t<div class=\"e-gallery-image elementor-gallery-item__image\" data-thumbnail=\"https:\/\/koylio-seura.fi\/wp-content\/uploads\/2025\/05\/Arns-Gabriel-Grynerin-miekka--300x207.jpg\" data-width=\"300\" data-height=\"207\" aria-label=\"\" role=\"img\" ><\/div>\n\t\t\t\t\t\t\t\t\t\t\t<div class=\"elementor-gallery-item__overlay\"><\/div>\n\t\t\t\t\t\t\t\t\t\t\t\t\t\t<\/a>\n\t\t\t\t\t\t\t<a class=\"e-gallery-item elementor-gallery-item elementor-animated-content\" href=\"https:\/\/koylio-seura.fi\/wp-content\/uploads\/2025\/02\/Koylio-seuran-ensimmainen-hallitus-vuonna-2000-scaled.jpg\" data-elementor-open-lightbox=\"yes\" data-elementor-lightbox-slideshow=\"06ecbc1\" data-elementor-lightbox-title=\"K\u00f6yli\u00f6-seuran ensimm\u00e4inen hallitus vuonna 2000\" data-e-action-hash=\"#elementor-action%3Aaction%3Dlightbox%26settings%3DeyJpZCI6MTI0ODksInVybCI6Imh0dHBzOlwvXC9rb3lsaW8tc2V1cmEuZmlcL3dwLWNvbnRlbnRcL3VwbG9hZHNcLzIwMjVcLzAyXC9Lb3lsaW8tc2V1cmFuLWVuc2ltbWFpbmVuLWhhbGxpdHVzLXZ1b25uYS0yMDAwLXNjYWxlZC5qcGciLCJzbGlkZXNob3ciOiIwNmVjYmMxIn0%3D\">\n\t\t\t\t\t<div class=\"e-gallery-image elementor-gallery-item__image\" data-thumbnail=\"https:\/\/koylio-seura.fi\/wp-content\/uploads\/2025\/02\/Koylio-seuran-ensimmainen-hallitus-vuonna-2000-300x201.jpg\" data-width=\"300\" data-height=\"201\" aria-label=\"\" role=\"img\" ><\/div>\n\t\t\t\t\t\t\t\t\t\t\t<div class=\"elementor-gallery-item__overlay\"><\/div>\n\t\t\t\t\t\t\t\t\t\t\t\t\t\t<\/a>\n\t\t\t\t\t\t\t<a class=\"e-gallery-item elementor-gallery-item elementor-animated-content\" href=\"https:\/\/koylio-seura.fi\/wp-content\/uploads\/2025\/02\/Koylion-naisen-koru-scaled.jpg\" data-elementor-open-lightbox=\"yes\" data-elementor-lightbox-slideshow=\"06ecbc1\" data-elementor-lightbox-title=\"K\u00f6yli\u00f6n naisen koru\" data-e-action-hash=\"#elementor-action%3Aaction%3Dlightbox%26settings%3DeyJpZCI6MTI0ODgsInVybCI6Imh0dHBzOlwvXC9rb3lsaW8tc2V1cmEuZmlcL3dwLWNvbnRlbnRcL3VwbG9hZHNcLzIwMjVcLzAyXC9Lb3lsaW9uLW5haXNlbi1rb3J1LXNjYWxlZC5qcGciLCJzbGlkZXNob3ciOiIwNmVjYmMxIn0%3D\">\n\t\t\t\t\t<div class=\"e-gallery-image elementor-gallery-item__image\" data-thumbnail=\"https:\/\/koylio-seura.fi\/wp-content\/uploads\/2025\/02\/Koylion-naisen-koru-219x300.jpg\" data-width=\"219\" data-height=\"300\" aria-label=\"\" role=\"img\" ><\/div>\n\t\t\t\t\t\t\t\t\t\t\t<div class=\"elementor-gallery-item__overlay\"><\/div>\n\t\t\t\t\t\t\t\t\t\t\t\t\t\t<\/a>\n\t\t\t\t\t\t\t<a class=\"e-gallery-item elementor-gallery-item elementor-animated-content\" href=\"https:\/\/koylio-seura.fi\/wp-content\/uploads\/2025\/01\/Lallin-patasa-2004-scaled.jpg\" data-elementor-open-lightbox=\"yes\" data-elementor-lightbox-slideshow=\"06ecbc1\" data-elementor-lightbox-title=\"Lallin patsas 2004\" data-e-action-hash=\"#elementor-action%3Aaction%3Dlightbox%26settings%3DeyJpZCI6MTI0MzcsInVybCI6Imh0dHBzOlwvXC9rb3lsaW8tc2V1cmEuZmlcL3dwLWNvbnRlbnRcL3VwbG9hZHNcLzIwMjVcLzAxXC9MYWxsaW4tcGF0YXNhLTIwMDQtc2NhbGVkLmpwZyIsInNsaWRlc2hvdyI6IjA2ZWNiYzEifQ%3D%3D\">\n\t\t\t\t\t<div class=\"e-gallery-image elementor-gallery-item__image\" data-thumbnail=\"https:\/\/koylio-seura.fi\/wp-content\/uploads\/2025\/01\/Lallin-patasa-2004-200x300.jpg\" data-width=\"200\" data-height=\"300\" aria-label=\"\" role=\"img\" ><\/div>\n\t\t\t\t\t\t\t\t\t\t\t<div class=\"elementor-gallery-item__overlay\"><\/div>\n\t\t\t\t\t\t\t\t\t\t\t\t\t\t<\/a>\n\t\t\t\t\t\t\t<a class=\"e-gallery-item elementor-gallery-item elementor-animated-content\" href=\"https:\/\/koylio-seura.fi\/wp-content\/uploads\/2025\/01\/Ystavykset-patsas-jalustalleen-8.7.2004-scaled.jpg\" data-elementor-open-lightbox=\"yes\" data-elementor-lightbox-slideshow=\"06ecbc1\" data-elementor-lightbox-title=\"Yst\u00e4vykset patsas jalustalleen -8.7.2004\" data-e-action-hash=\"#elementor-action%3Aaction%3Dlightbox%26settings%3DeyJpZCI6MTI0NDAsInVybCI6Imh0dHBzOlwvXC9rb3lsaW8tc2V1cmEuZmlcL3dwLWNvbnRlbnRcL3VwbG9hZHNcLzIwMjVcLzAxXC9Zc3Rhdnlrc2V0LXBhdHNhcy1qYWx1c3RhbGxlZW4tOC43LjIwMDQtc2NhbGVkLmpwZyIsInNsaWRlc2hvdyI6IjA2ZWNiYzEifQ%3D%3D\">\n\t\t\t\t\t<div class=\"e-gallery-image elementor-gallery-item__image\" data-thumbnail=\"https:\/\/koylio-seura.fi\/wp-content\/uploads\/2025\/01\/Ystavykset-patsas-jalustalleen-8.7.2004-300x200.jpg\" data-width=\"300\" data-height=\"200\" aria-label=\"\" role=\"img\" ><\/div>\n\t\t\t\t\t\t\t\t\t\t\t<div class=\"elementor-gallery-item__overlay\"><\/div>\n\t\t\t\t\t\t\t\t\t\t\t\t\t\t<\/a>\n\t\t\t\t\t\t\t<a class=\"e-gallery-item elementor-gallery-item elementor-animated-content\" href=\"https:\/\/koylio-seura.fi\/wp-content\/uploads\/2025\/01\/Lallin-kellari-11.7.2004.jpg\" data-elementor-open-lightbox=\"yes\" data-elementor-lightbox-slideshow=\"06ecbc1\" data-elementor-lightbox-title=\"Lallin kellari 2004\" data-e-action-hash=\"#elementor-action%3Aaction%3Dlightbox%26settings%3DeyJpZCI6MTI0MzYsInVybCI6Imh0dHBzOlwvXC9rb3lsaW8tc2V1cmEuZmlcL3dwLWNvbnRlbnRcL3VwbG9hZHNcLzIwMjVcLzAxXC9MYWxsaW4ta2VsbGFyaS0xMS43LjIwMDQuanBnIiwic2xpZGVzaG93IjoiMDZlY2JjMSJ9\">\n\t\t\t\t\t<div class=\"e-gallery-image elementor-gallery-item__image\" data-thumbnail=\"https:\/\/koylio-seura.fi\/wp-content\/uploads\/2025\/01\/Lallin-kellari-11.7.2004-300x225.jpg\" data-width=\"300\" data-height=\"225\" aria-label=\"\" role=\"img\" ><\/div>\n\t\t\t\t\t\t\t\t\t\t\t<div class=\"elementor-gallery-item__overlay\"><\/div>\n\t\t\t\t\t\t\t\t\t\t\t\t\t\t<\/a>\n\t\t\t\t\t\t\t<a class=\"e-gallery-item elementor-gallery-item elementor-animated-content\" href=\"https:\/\/koylio-seura.fi\/wp-content\/uploads\/2025\/01\/Torpparivapautuksesta-on-vuonna-2004-kulunut-80-vuotta-scaled.jpg\" data-elementor-open-lightbox=\"yes\" data-elementor-lightbox-slideshow=\"06ecbc1\" data-elementor-lightbox-title=\"Torpparivapautuksesta on vuonna 2004 kulunut 80 vuotta\" data-e-action-hash=\"#elementor-action%3Aaction%3Dlightbox%26settings%3DeyJpZCI6MTI0MzksInVybCI6Imh0dHBzOlwvXC9rb3lsaW8tc2V1cmEuZmlcL3dwLWNvbnRlbnRcL3VwbG9hZHNcLzIwMjVcLzAxXC9Ub3JwcGFyaXZhcGF1dHVrc2VzdGEtb24tdnVvbm5hLTIwMDQta3VsdW51dC04MC12dW90dGEtc2NhbGVkLmpwZyIsInNsaWRlc2hvdyI6IjA2ZWNiYzEifQ%3D%3D\">\n\t\t\t\t\t<div class=\"e-gallery-image elementor-gallery-item__image\" data-thumbnail=\"https:\/\/koylio-seura.fi\/wp-content\/uploads\/2025\/01\/Torpparivapautuksesta-on-vuonna-2004-kulunut-80-vuotta-300x200.jpg\" data-width=\"300\" data-height=\"200\" aria-label=\"\" role=\"img\" ><\/div>\n\t\t\t\t\t\t\t\t\t\t\t<div class=\"elementor-gallery-item__overlay\"><\/div>\n\t\t\t\t\t\t\t\t\t\t\t\t\t\t<\/a>\n\t\t\t\t\t\t\t<a class=\"e-gallery-item elementor-gallery-item elementor-animated-content\" href=\"https:\/\/koylio-seura.fi\/wp-content\/uploads\/2025\/01\/Koylion-nuoret-muusikot-vuonna-2012.jpg\" data-elementor-open-lightbox=\"yes\" data-elementor-lightbox-slideshow=\"06ecbc1\" data-elementor-lightbox-title=\"K\u00f6yli\u00f6n nuoret muusikot vuonna 2012\" data-e-action-hash=\"#elementor-action%3Aaction%3Dlightbox%26settings%3DeyJpZCI6MTI0MzIsInVybCI6Imh0dHBzOlwvXC9rb3lsaW8tc2V1cmEuZmlcL3dwLWNvbnRlbnRcL3VwbG9hZHNcLzIwMjVcLzAxXC9Lb3lsaW9uLW51b3JldC1tdXVzaWtvdC12dW9ubmEtMjAxMi5qcGciLCJzbGlkZXNob3ciOiIwNmVjYmMxIn0%3D\">\n\t\t\t\t\t<div class=\"e-gallery-image elementor-gallery-item__image\" data-thumbnail=\"https:\/\/koylio-seura.fi\/wp-content\/uploads\/2025\/01\/Koylion-nuoret-muusikot-vuonna-2012-300x210.jpg\" data-width=\"300\" data-height=\"210\" aria-label=\"\" role=\"img\" ><\/div>\n\t\t\t\t\t\t\t\t\t\t\t<div class=\"elementor-gallery-item__overlay\"><\/div>\n\t\t\t\t\t\t\t\t\t\t\t\t\t\t<\/a>\n\t\t\t\t\t\t\t<a class=\"e-gallery-item elementor-gallery-item elementor-animated-content\" href=\"https:\/\/koylio-seura.fi\/wp-content\/uploads\/2025\/01\/Koylion-kodeista-valokuvia-keranneita-vuonna-2012.jpg\" data-elementor-open-lightbox=\"yes\" data-elementor-lightbox-slideshow=\"06ecbc1\" data-elementor-lightbox-title=\"K\u00f6yli\u00f6n kodeista valokuvia ker\u00e4nneit\u00e4 vuonna 2012\" data-e-action-hash=\"#elementor-action%3Aaction%3Dlightbox%26settings%3DeyJpZCI6MTI0MzAsInVybCI6Imh0dHBzOlwvXC9rb3lsaW8tc2V1cmEuZmlcL3dwLWNvbnRlbnRcL3VwbG9hZHNcLzIwMjVcLzAxXC9Lb3lsaW9uLWtvZGVpc3RhLXZhbG9rdXZpYS1rZXJhbm5laXRhLXZ1b25uYS0yMDEyLmpwZyIsInNsaWRlc2hvdyI6IjA2ZWNiYzEifQ%3D%3D\">\n\t\t\t\t\t<div class=\"e-gallery-image elementor-gallery-item__image\" data-thumbnail=\"https:\/\/koylio-seura.fi\/wp-content\/uploads\/2025\/01\/Koylion-kodeista-valokuvia-keranneita-vuonna-2012-300x202.jpg\" data-width=\"300\" data-height=\"202\" aria-label=\"\" role=\"img\" ><\/div>\n\t\t\t\t\t\t\t\t\t\t\t<div class=\"elementor-gallery-item__overlay\"><\/div>\n\t\t\t\t\t\t\t\t\t\t\t\t\t\t<\/a>\n\t\t\t\t\t\t\t<a class=\"e-gallery-item elementor-gallery-item elementor-animated-content\" href=\"https:\/\/koylio-seura.fi\/wp-content\/uploads\/2025\/01\/Surmavirsi-esitys-Tuiskulassa-17.1.2016-scaled.jpg\" data-elementor-open-lightbox=\"yes\" data-elementor-lightbox-slideshow=\"06ecbc1\" data-elementor-lightbox-title=\"Surmavirsi-esitys Tuiskulassa 17.1.2016\" data-e-action-hash=\"#elementor-action%3Aaction%3Dlightbox%26settings%3DeyJpZCI6MTI0MzgsInVybCI6Imh0dHBzOlwvXC9rb3lsaW8tc2V1cmEuZmlcL3dwLWNvbnRlbnRcL3VwbG9hZHNcLzIwMjVcLzAxXC9TdXJtYXZpcnNpLWVzaXR5cy1UdWlza3VsYXNzYS0xNy4xLjIwMTYtc2NhbGVkLmpwZyIsInNsaWRlc2hvdyI6IjA2ZWNiYzEifQ%3D%3D\">\n\t\t\t\t\t<div class=\"e-gallery-image elementor-gallery-item__image\" data-thumbnail=\"https:\/\/koylio-seura.fi\/wp-content\/uploads\/2025\/01\/Surmavirsi-esitys-Tuiskulassa-17.1.2016-300x200.jpg\" data-width=\"300\" data-height=\"200\" aria-label=\"\" role=\"img\" ><\/div>\n\t\t\t\t\t\t\t\t\t\t\t<div class=\"elementor-gallery-item__overlay\"><\/div>\n\t\t\t\t\t\t\t\t\t\t\t\t\t\t<\/a>\n\t\t\t\t\t\t\t<a class=\"e-gallery-item elementor-gallery-item elementor-animated-content\" href=\"https:\/\/koylio-seura.fi\/wp-content\/uploads\/2025\/01\/Koylio-seura-20-vuotta-vuonna-2020-mitalisadetta-scaled.jpg\" data-elementor-open-lightbox=\"yes\" data-elementor-lightbox-slideshow=\"06ecbc1\" data-elementor-lightbox-title=\"K\u00f6yli\u00f6-seura 20 vuotta vuonna 2020-mitalisadetta\" data-e-action-hash=\"#elementor-action%3Aaction%3Dlightbox%26settings%3DeyJpZCI6MTI0MzMsInVybCI6Imh0dHBzOlwvXC9rb3lsaW8tc2V1cmEuZmlcL3dwLWNvbnRlbnRcL3VwbG9hZHNcLzIwMjVcLzAxXC9Lb3lsaW8tc2V1cmEtMjAtdnVvdHRhLXZ1b25uYS0yMDIwLW1pdGFsaXNhZGV0dGEtc2NhbGVkLmpwZyIsInNsaWRlc2hvdyI6IjA2ZWNiYzEifQ%3D%3D\">\n\t\t\t\t\t<div class=\"e-gallery-image elementor-gallery-item__image\" data-thumbnail=\"https:\/\/koylio-seura.fi\/wp-content\/uploads\/2025\/01\/Koylio-seura-20-vuotta-vuonna-2020-mitalisadetta-300x200.jpg\" data-width=\"300\" data-height=\"200\" aria-label=\"\" role=\"img\" ><\/div>\n\t\t\t\t\t\t\t\t\t\t\t<div class=\"elementor-gallery-item__overlay\"><\/div>\n\t\t\t\t\t\t\t\t\t\t\t\t\t\t<\/a>\n\t\t\t\t\t\t\t<a class=\"e-gallery-item elementor-gallery-item elementor-animated-content\" href=\"https:\/\/koylio-seura.fi\/wp-content\/uploads\/2025\/01\/Koylio-seura-taytti-20-vuotta-vuonna-2020.jpeg\" data-elementor-open-lightbox=\"yes\" data-elementor-lightbox-slideshow=\"06ecbc1\" data-elementor-lightbox-title=\"K\u00f6yli\u00f6-seura t\u00e4ytti 20 vuotta vuonna 2020\" data-e-action-hash=\"#elementor-action%3Aaction%3Dlightbox%26settings%3DeyJpZCI6MTI0MzQsInVybCI6Imh0dHBzOlwvXC9rb3lsaW8tc2V1cmEuZmlcL3dwLWNvbnRlbnRcL3VwbG9hZHNcLzIwMjVcLzAxXC9Lb3lsaW8tc2V1cmEtdGF5dHRpLTIwLXZ1b3R0YS12dW9ubmEtMjAyMC5qcGVnIiwic2xpZGVzaG93IjoiMDZlY2JjMSJ9\">\n\t\t\t\t\t<div class=\"e-gallery-image elementor-gallery-item__image\" data-thumbnail=\"https:\/\/koylio-seura.fi\/wp-content\/uploads\/2025\/01\/Koylio-seura-taytti-20-vuotta-vuonna-2020-300x169.jpeg\" data-width=\"300\" data-height=\"169\" aria-label=\"\" role=\"img\" ><\/div>\n\t\t\t\t\t\t\t\t\t\t\t<div class=\"elementor-gallery-item__overlay\"><\/div>\n\t\t\t\t\t\t\t\t\t\t\t\t\t\t<\/a>\n\t\t\t\t\t<\/div>\n\t\t\t\t\t<\/div>\n\t\t\t\t<\/div>\n\t\t\t\t\t<\/div>\n\t\t<\/div>\n\t\t\t\t\t<\/div>\n\t\t<\/section>\n\t\t\t\t<\/div>\n\t\t","protected":false},"excerpt":{"rendered":"<p>Medialle N\u00e4m\u00e4 kuvat ovat vapaaseen k\u00e4ytt\u00f6\u00f6n medialle. Hiiren vasemman n\u00e4pp\u00e4imen painaminen avaa kuvan suurena ja samalla tulee n\u00e4kyviin kuvateksti. Klikkaa Ison kuvan p\u00e4\u00e4ll\u00e4 hiiren oikealla ja talleta nimell\u00e4.<\/p>\n","protected":false},"author":1,"featured_media":0,"parent":0,"menu_order":0,"comment_status":"closed","ping_status":"closed","template":"","meta":{"footnotes":""},"class_list":{"0":"post-26","1":"page","2":"type-page","3":"status-publish","5":"infinite-scroll-item"},"yoast_head":"<!-- This site is optimized with the Yoast SEO plugin v26.6 - https:\/\/yoast.com\/wordpress\/plugins\/seo\/ -->\n<title>Medialle - K\u00f6yli\u00f6-seura<\/title>\n<meta name=\"robots\" content=\"index, follow, max-snippet:-1, max-image-preview:large, max-video-preview:-1\" \/>\n<link rel=\"canonical\" href=\"https:\/\/koylio-seura.fi\/?page_id=26\" \/>\n<meta property=\"og:locale\" content=\"fi_FI\" \/>\n<meta property=\"og:type\" content=\"article\" \/>\n<meta property=\"og:title\" content=\"Medialle - K\u00f6yli\u00f6-seura\" \/>\n<meta property=\"og:description\" content=\"Medialle N\u00e4m\u00e4 kuvat ovat vapaaseen k\u00e4ytt\u00f6\u00f6n medialle. Hiiren vasemman n\u00e4pp\u00e4imen painaminen avaa kuvan suurena ja samalla tulee n\u00e4kyviin kuvateksti. Klikkaa Ison kuvan p\u00e4\u00e4ll\u00e4 hiiren oikealla ja talleta nimell\u00e4.\" \/>\n<meta property=\"og:url\" content=\"https:\/\/koylio-seura.fi\/?page_id=26\" \/>\n<meta property=\"og:site_name\" content=\"K\u00f6yli\u00f6-seura\" \/>\n<meta property=\"article:modified_time\" content=\"2026-02-27T15:12:20+00:00\" \/>\n<meta name=\"twitter:card\" content=\"summary_large_image\" \/>\n<meta name=\"twitter:label1\" content=\"Arvioitu lukuaika\" \/>\n\t<meta name=\"twitter:data1\" content=\"1 minuutti\" \/>\n<script type=\"application\/ld+json\" class=\"yoast-schema-graph\">{\"@context\":\"https:\/\/schema.org\",\"@graph\":[{\"@type\":\"WebPage\",\"@id\":\"https:\/\/koylio-seura.fi\/?page_id=26\",\"url\":\"https:\/\/koylio-seura.fi\/?page_id=26\",\"name\":\"Medialle - K\u00f6yli\u00f6-seura\",\"isPartOf\":{\"@id\":\"https:\/\/koylio-seura.fi\/#website\"},\"datePublished\":\"2023-07-17T10:24:41+00:00\",\"dateModified\":\"2026-02-27T15:12:20+00:00\",\"breadcrumb\":{\"@id\":\"https:\/\/koylio-seura.fi\/?page_id=26#breadcrumb\"},\"inLanguage\":\"fi\",\"potentialAction\":[{\"@type\":\"ReadAction\",\"target\":[\"https:\/\/koylio-seura.fi\/?page_id=26\"]}]},{\"@type\":\"BreadcrumbList\",\"@id\":\"https:\/\/koylio-seura.fi\/?page_id=26#breadcrumb\",\"itemListElement\":[{\"@type\":\"ListItem\",\"position\":1,\"name\":\"Etusivu\",\"item\":\"https:\/\/koylio-seura.fi\/\"},{\"@type\":\"ListItem\",\"position\":2,\"name\":\"Medialle\"}]},{\"@type\":\"WebSite\",\"@id\":\"https:\/\/koylio-seura.fi\/#website\",\"url\":\"https:\/\/koylio-seura.fi\/\",\"name\":\"K\u00f6yli\u00f6-seura\",\"description\":\"\",\"publisher\":{\"@id\":\"https:\/\/koylio-seura.fi\/#organization\"},\"potentialAction\":[{\"@type\":\"SearchAction\",\"target\":{\"@type\":\"EntryPoint\",\"urlTemplate\":\"https:\/\/koylio-seura.fi\/?s={search_term_string}\"},\"query-input\":{\"@type\":\"PropertyValueSpecification\",\"valueRequired\":true,\"valueName\":\"search_term_string\"}}],\"inLanguage\":\"fi\"},{\"@type\":\"Organization\",\"@id\":\"https:\/\/koylio-seura.fi\/#organization\",\"name\":\"K\u00f6yli\u00f6-seura\",\"url\":\"https:\/\/koylio-seura.fi\/\",\"logo\":{\"@type\":\"ImageObject\",\"inLanguage\":\"fi\",\"@id\":\"https:\/\/koylio-seura.fi\/#\/schema\/logo\/image\/\",\"url\":\"https:\/\/koylio-seura.fi\/wp-content\/uploads\/2023\/07\/cropped-KS-logo-23.png\",\"contentUrl\":\"https:\/\/koylio-seura.fi\/wp-content\/uploads\/2023\/07\/cropped-KS-logo-23.png\",\"width\":530,\"height\":619,\"caption\":\"K\u00f6yli\u00f6-seura\"},\"image\":{\"@id\":\"https:\/\/koylio-seura.fi\/#\/schema\/logo\/image\/\"}}]}<\/script>\n<!-- \/ Yoast SEO plugin. -->","yoast_head_json":{"title":"Medialle - K\u00f6yli\u00f6-seura","robots":{"index":"index","follow":"follow","max-snippet":"max-snippet:-1","max-image-preview":"max-image-preview:large","max-video-preview":"max-video-preview:-1"},"canonical":"https:\/\/koylio-seura.fi\/?page_id=26","og_locale":"fi_FI","og_type":"article","og_title":"Medialle - K\u00f6yli\u00f6-seura","og_description":"Medialle N\u00e4m\u00e4 kuvat ovat vapaaseen k\u00e4ytt\u00f6\u00f6n medialle. Hiiren vasemman n\u00e4pp\u00e4imen painaminen avaa kuvan suurena ja samalla tulee n\u00e4kyviin kuvateksti. Klikkaa Ison kuvan p\u00e4\u00e4ll\u00e4 hiiren oikealla ja talleta nimell\u00e4.","og_url":"https:\/\/koylio-seura.fi\/?page_id=26","og_site_name":"K\u00f6yli\u00f6-seura","article_modified_time":"2026-02-27T15:12:20+00:00","twitter_card":"summary_large_image","twitter_misc":{"Arvioitu lukuaika":"1 minuutti"},"schema":{"@context":"https:\/\/schema.org","@graph":[{"@type":"WebPage","@id":"https:\/\/koylio-seura.fi\/?page_id=26","url":"https:\/\/koylio-seura.fi\/?page_id=26","name":"Medialle - K\u00f6yli\u00f6-seura","isPartOf":{"@id":"https:\/\/koylio-seura.fi\/#website"},"datePublished":"2023-07-17T10:24:41+00:00","dateModified":"2026-02-27T15:12:20+00:00","breadcrumb":{"@id":"https:\/\/koylio-seura.fi\/?page_id=26#breadcrumb"},"inLanguage":"fi","potentialAction":[{"@type":"ReadAction","target":["https:\/\/koylio-seura.fi\/?page_id=26"]}]},{"@type":"BreadcrumbList","@id":"https:\/\/koylio-seura.fi\/?page_id=26#breadcrumb","itemListElement":[{"@type":"ListItem","position":1,"name":"Etusivu","item":"https:\/\/koylio-seura.fi\/"},{"@type":"ListItem","position":2,"name":"Medialle"}]},{"@type":"WebSite","@id":"https:\/\/koylio-seura.fi\/#website","url":"https:\/\/koylio-seura.fi\/","name":"K\u00f6yli\u00f6-seura","description":"","publisher":{"@id":"https:\/\/koylio-seura.fi\/#organization"},"potentialAction":[{"@type":"SearchAction","target":{"@type":"EntryPoint","urlTemplate":"https:\/\/koylio-seura.fi\/?s={search_term_string}"},"query-input":{"@type":"PropertyValueSpecification","valueRequired":true,"valueName":"search_term_string"}}],"inLanguage":"fi"},{"@type":"Organization","@id":"https:\/\/koylio-seura.fi\/#organization","name":"K\u00f6yli\u00f6-seura","url":"https:\/\/koylio-seura.fi\/","logo":{"@type":"ImageObject","inLanguage":"fi","@id":"https:\/\/koylio-seura.fi\/#\/schema\/logo\/image\/","url":"https:\/\/koylio-seura.fi\/wp-content\/uploads\/2023\/07\/cropped-KS-logo-23.png","contentUrl":"https:\/\/koylio-seura.fi\/wp-content\/uploads\/2023\/07\/cropped-KS-logo-23.png","width":530,"height":619,"caption":"K\u00f6yli\u00f6-seura"},"image":{"@id":"https:\/\/koylio-seura.fi\/#\/schema\/logo\/image\/"}}]}},"_links":{"self":[{"href":"https:\/\/koylio-seura.fi\/index.php?rest_route=\/wp\/v2\/pages\/26","targetHints":{"allow":["GET"]}}],"collection":[{"href":"https:\/\/koylio-seura.fi\/index.php?rest_route=\/wp\/v2\/pages"}],"about":[{"href":"https:\/\/koylio-seura.fi\/index.php?rest_route=\/wp\/v2\/types\/page"}],"author":[{"embeddable":true,"href":"https:\/\/koylio-seura.fi\/index.php?rest_route=\/wp\/v2\/users\/1"}],"replies":[{"embeddable":true,"href":"https:\/\/koylio-seura.fi\/index.php?rest_route=%2Fwp%2Fv2%2Fcomments&post=26"}],"version-history":[{"count":103,"href":"https:\/\/koylio-seura.fi\/index.php?rest_route=\/wp\/v2\/pages\/26\/revisions"}],"predecessor-version":[{"id":16377,"href":"https:\/\/koylio-seura.fi\/index.php?rest_route=\/wp\/v2\/pages\/26\/revisions\/16377"}],"wp:attachment":[{"href":"https:\/\/koylio-seura.fi\/index.php?rest_route=%2Fwp%2Fv2%2Fmedia&parent=26"}],"curies":[{"name":"wp","href":"https:\/\/api.w.org\/{rel}","templated":true}]}}