{"id":2,"date":"2023-05-08T13:26:48","date_gmt":"2023-05-08T13:26:48","guid":{"rendered":"https:\/\/koylio-seura.eitcon.com\/?page_id=2"},"modified":"2026-05-05T06:47:50","modified_gmt":"2026-05-05T06:47:50","slug":"sample-page","status":"publish","type":"page","link":"https:\/\/koylio-seura.fi\/","title":{"rendered":"K\u00f6yli\u00f6-seura"},"content":{"rendered":"\t\t<div data-elementor-type=\"wp-page\" data-elementor-id=\"2\" class=\"elementor elementor-2\" data-elementor-post-type=\"page\">\n\t\t\t\t\t\t<section class=\"elementor-section elementor-top-section elementor-element elementor-element-c45708d elementor-section-boxed elementor-section-height-default elementor-section-height-default\" data-id=\"c45708d\" data-element_type=\"section\">\n\t\t\t\t\t\t<div class=\"elementor-container elementor-column-gap-default\">\n\t\t\t\t\t<div class=\"elementor-column elementor-col-100 elementor-top-column elementor-element elementor-element-07908cd\" data-id=\"07908cd\" data-element_type=\"column\">\n\t\t\t<div class=\"elementor-widget-wrap elementor-element-populated\">\n\t\t\t\t\t\t<div class=\"elementor-element elementor-element-7429e94 elementor-align-center elementor-widget elementor-widget-button\" data-id=\"7429e94\" data-element_type=\"widget\" data-widget_type=\"button.default\">\n\t\t\t\t<div class=\"elementor-widget-container\">\n\t\t\t\t\t\t\t\t\t<div class=\"elementor-button-wrapper\">\n\t\t\t\t\t<a class=\"elementor-button elementor-button-link elementor-size-lg\" href=\"https:\/\/koylio-seura.fi\/?page_id=1873\">\n\t\t\t\t\t\t<span class=\"elementor-button-content-wrapper\">\n\t\t\t\t\t\t\t\t\t<span class=\"elementor-button-text\">Ajankohtaista<\/span>\n\t\t\t\t\t<\/span>\n\t\t\t\t\t<\/a>\n\t\t\t\t<\/div>\n\t\t\t\t\t\t\t\t<\/div>\n\t\t\t\t<\/div>\n\t\t\t\t<div class=\"elementor-element elementor-element-1fd8b90 elementor-widget elementor-widget-heading\" data-id=\"1fd8b90\" data-element_type=\"widget\" data-widget_type=\"heading.default\">\n\t\t\t\t<div class=\"elementor-widget-container\">\n\t\t\t\t\t<h2 class=\"elementor-heading-title elementor-size-default\">K\u00f6yli\u00f6-seura \n<\/h2>\t\t\t\t<\/div>\n\t\t\t\t<\/div>\n\t\t\t\t<div class=\"elementor-element elementor-element-ca7012a elementor-widget elementor-widget-text-editor\" data-id=\"ca7012a\" data-element_type=\"widget\" data-widget_type=\"text-editor.default\">\n\t\t\t\t<div class=\"elementor-widget-container\">\n\t\t\t\t\t\t\t\t\t<p><a href=\"https:\/\/koylio-seura.fi\/wp-content\/uploads\/2026\/05\/Valkovuokot-2026-scaled.jpg\"><img fetchpriority=\"high\" decoding=\"async\" class=\"aligncenter size-large wp-image-16807\" src=\"https:\/\/koylio-seura.fi\/wp-content\/uploads\/2026\/05\/Valkovuokot-2026-1024x823.jpg\" alt=\"\" width=\"1024\" height=\"823\" srcset=\"https:\/\/koylio-seura.fi\/wp-content\/uploads\/2026\/05\/Valkovuokot-2026-1024x823.jpg 1024w, https:\/\/koylio-seura.fi\/wp-content\/uploads\/2026\/05\/Valkovuokot-2026-300x241.jpg 300w, https:\/\/koylio-seura.fi\/wp-content\/uploads\/2026\/05\/Valkovuokot-2026-768x617.jpg 768w, https:\/\/koylio-seura.fi\/wp-content\/uploads\/2026\/05\/Valkovuokot-2026-1536x1235.jpg 1536w, https:\/\/koylio-seura.fi\/wp-content\/uploads\/2026\/05\/Valkovuokot-2026-2048x1646.jpg 2048w\" sizes=\"(max-width: 1024px) 100vw, 1024px\" \/><\/a><\/p>\t\t\t\t\t\t\t\t<\/div>\n\t\t\t\t<\/div>\n\t\t\t\t\t<\/div>\n\t\t<\/div>\n\t\t\t\t\t<\/div>\n\t\t<\/section>\n\t\t\t\t<section class=\"elementor-section elementor-top-section elementor-element elementor-element-8d9681f elementor-section-boxed elementor-section-height-default elementor-section-height-default\" data-id=\"8d9681f\" data-element_type=\"section\">\n\t\t\t\t\t\t<div class=\"elementor-container elementor-column-gap-default\">\n\t\t\t\t\t<div class=\"elementor-column elementor-col-100 elementor-top-column elementor-element elementor-element-b202d9c\" data-id=\"b202d9c\" data-element_type=\"column\">\n\t\t\t<div class=\"elementor-widget-wrap elementor-element-populated\">\n\t\t\t\t\t\t<div class=\"elementor-element elementor-element-1020a7d elementor-widget elementor-widget-text-editor\" data-id=\"1020a7d\" data-element_type=\"widget\" data-widget_type=\"text-editor.default\">\n\t\t\t\t<div class=\"elementor-widget-container\">\n\t\t\t\t\t\t\t\t\t<p>\u00a0<\/p><p><a href=\"https:\/\/koylio-seura.fi\/wp-content\/uploads\/2024\/05\/Koylio-seura-perustava-kokous-7.5.2000.pdf\" target=\"_blank\" rel=\"noopener\">K\u00f6yli\u00f6-seura on perustettu vuonna 2000<\/a> ja rekister\u00f6ity 29.11.2000<\/p><p><strong>Yhdistyksen tarkoituksena on<\/strong><\/p><ul><li>kotiseudun kehitt\u00e4minen ja viihtyvyyden lis\u00e4\u00e4minen<\/li><li>\u00a0menneisyyden vaaliminen<\/li><li>tulevaisuuden turvaaminen<\/li><li>kotiseututietoisuuden lis\u00e4\u00e4minen<\/li><li>kotiseutuhengen yll\u00e4pit\u00e4minen<\/li><\/ul><p><strong>Tarkoituksensa toteuttamiseksi yhdistys<\/strong><\/p><ul><li>seuraa kotiseudun kehityst\u00e4, tekee esityksi\u00e4, aloitteita ja antaa lausuntoja<\/li><li>j\u00e4rjest\u00e4\u00e4 mm. kokouksia, koulutusta, kotiseutup\u00e4ivi\u00e4, kulttuuritilaisuuksia ja retki\u00e4<\/li><li>edist\u00e4\u00e4 perinteiden, historian ja nykyp\u00e4iv\u00e4n tallentamista<\/li><li>toimittaa kotiseutuaiheisia julkaisuja<\/li><\/ul><p><strong>Toimintansa tukemiseksi yhdistys<\/strong><\/p><ul><li>kantaa j\u00e4senmaksua<\/li><li>suorittaa varojen ker\u00e4yst\u00e4<\/li><li>ottaa vastaan lahjoituksia ja testamentteja<\/li><li>hakee avustuksia<\/li><\/ul><p><a href=\"https:\/\/koylio-seura.fi\/?page_id=20\">J\u00e4seneksi<\/a> voi s\u00e4\u00e4nt\u00f6jen mukaan liitty\u00e4 henkil\u00f6, yhdistys tai yhteis\u00f6, joka hyv\u00e4ksyy yhdistyksen tarkoituksen ja suorittaa kalenterivuosittain peritt\u00e4v\u00e4n j\u00e4senmaksun.\u00a0<\/p><p>Yhdistyksen asioita hoitaa <a href=\"https:\/\/koylio-seura.fi\/?page_id=59\">hallitus<\/a>, johon kuuluu syyskokouksessa valitut puheenjohtaja ja 9 j\u00e4sent\u00e4, joilla on henkil\u00f6kohtaiset varaj\u00e4senet.\u00a0 Yhdistyksen toimintaa toteuttamaan on perustettu nelj\u00e4 jaostoa: <a href=\"https:\/\/koylio-seura.fi\/?page_id=394\">perinnejaosto<\/a>, <a href=\"https:\/\/koylio-seura.fi\/?page_id=408\">ymp\u00e4rist\u00f6jaosto<\/a>, <a href=\"https:\/\/koylio-seura.fi\/?page_id=417\">julkaisujaosto<\/a> sek\u00e4 uusin, 2008 perustettu <a href=\"https:\/\/koylio-seura.fi\/?page_id=22\">K\u00f6yli\u00f6n yst\u00e4v\u00e4t-jaosto.<\/a><\/p><p>Yhdistyksen toiminnasta tiedotetaan seuran kotisivuilla , j\u00e4senkirjeill\u00e4, s\u00e4hk\u00f6postiviesteill\u00e4 tai yhdistyksen kotipaikkakunnalla ilmestyv\u00e4ss\u00e4 sanomalehdess\u00e4 sek\u00e4 K\u00f6yli\u00f6-seuran <a href=\"https:\/\/www.facebook.com\/profile.php?id=100064455229293\" target=\"_blank\" rel=\"noopener\">Facebook-sivulla<\/a>.<\/p><p>Yhdistyksen toteutuneen toiminnan p\u00e4\u00e4paino on viime vuosina ollut:<br \/>K\u00f6yli\u00f6n kaikenlaisen historiatiedot ker\u00e4\u00e4minen, tallennus ja <a href=\"https:\/\/koylio-seura.fi\/?page_id=1015\">K\u00f6yliist-kirjaksi<\/a> saattaminen, jossa vauhti on ollut l\u00e4hes henke\u00e4salpaava- K\u00f6yliist-kirja per vuosi.<\/p><p>Ota yhteytt\u00e4<br \/>Facebook-p\u00e4ivityksiin liittyen Marita Holkeriin, puh. <a href=\"tel:+358503426466\">050 342 6466<\/a> tai e-mail <a href=\"mailto:marita.holkeri@gmail.com\">marita.holkeri(at)gmail.com<\/a><br \/>Kotisivujen p\u00e4ivityksiin liittyen Kalevi Salmiin, puh.<a href=\"tel:+358405855292\"> 040 585 5292<\/a> tai e-mail <a href=\"mailto:kalevi.salmi@fimnet.fi\">kalevi.salmi(at)fimnet.fi<\/a><\/p>\t\t\t\t\t\t\t\t<\/div>\n\t\t\t\t<\/div>\n\t\t\t\t\t<\/div>\n\t\t<\/div>\n\t\t\t\t\t<\/div>\n\t\t<\/section>\n\t\t\t\t<\/div>\n\t\t","protected":false},"excerpt":{"rendered":"<p>Ajankohtaista K\u00f6yli\u00f6-seura \u00a0 K\u00f6yli\u00f6-seura on perustettu vuonna 2000 ja rekister\u00f6ity 29.11.2000 Yhdistyksen tarkoituksena on kotiseudun kehitt\u00e4minen ja viihtyvyyden lis\u00e4\u00e4minen \u00a0menneisyyden vaaliminen tulevaisuuden turvaaminen kotiseututietoisuuden lis\u00e4\u00e4minen kotiseutuhengen yll\u00e4pit\u00e4minen Tarkoituksensa toteuttamiseksi yhdistys seuraa kotiseudun kehityst\u00e4, tekee esityksi\u00e4, aloitteita ja antaa lausuntoja j\u00e4rjest\u00e4\u00e4 &#8230; <a title=\"K\u00f6yli\u00f6-seura\" class=\"read-more\" href=\"https:\/\/koylio-seura.fi\/\" aria-label=\"Lue lis\u00e4\u00e4 aiheesta K\u00f6yli\u00f6-seura\">Lue lis\u00e4\u00e4<\/a><\/p>\n","protected":false},"author":1,"featured_media":0,"parent":0,"menu_order":0,"comment_status":"closed","ping_status":"closed","template":"","meta":{"footnotes":""},"class_list":{"0":"post-2","1":"page","2":"type-page","3":"status-publish","5":"infinite-scroll-item"},"yoast_head":"<!-- This site is optimized with the Yoast SEO plugin v26.6 - https:\/\/yoast.com\/wordpress\/plugins\/seo\/ -->\n<title>K\u00f6yli\u00f6-seura - K\u00f6yli\u00f6-seura<\/title>\n<meta name=\"robots\" content=\"index, follow, max-snippet:-1, max-image-preview:large, max-video-preview:-1\" \/>\n<link rel=\"canonical\" href=\"https:\/\/koylio-seura.fi\/\" \/>\n<meta property=\"og:locale\" content=\"fi_FI\" \/>\n<meta property=\"og:type\" content=\"article\" \/>\n<meta property=\"og:title\" content=\"K\u00f6yli\u00f6-seura - K\u00f6yli\u00f6-seura\" \/>\n<meta property=\"og:description\" content=\"Ajankohtaista K\u00f6yli\u00f6-seura \u00a0 K\u00f6yli\u00f6-seura on perustettu vuonna 2000 ja rekister\u00f6ity 29.11.2000 Yhdistyksen tarkoituksena on kotiseudun kehitt\u00e4minen ja viihtyvyyden lis\u00e4\u00e4minen \u00a0menneisyyden vaaliminen tulevaisuuden turvaaminen kotiseututietoisuuden lis\u00e4\u00e4minen kotiseutuhengen yll\u00e4pit\u00e4minen Tarkoituksensa toteuttamiseksi yhdistys seuraa kotiseudun kehityst\u00e4, tekee esityksi\u00e4, aloitteita ja antaa lausuntoja j\u00e4rjest\u00e4\u00e4 ... Lue lis\u00e4\u00e4\" \/>\n<meta property=\"og:url\" content=\"https:\/\/koylio-seura.fi\/\" \/>\n<meta property=\"og:site_name\" content=\"K\u00f6yli\u00f6-seura\" \/>\n<meta property=\"article:modified_time\" content=\"2026-05-05T06:47:50+00:00\" \/>\n<meta property=\"og:image\" content=\"https:\/\/koylio-seura.fi\/wp-content\/uploads\/2026\/05\/Valkovuokot-2026-1024x823.jpg\" \/>\n<meta name=\"twitter:card\" content=\"summary_large_image\" \/>\n<meta name=\"twitter:label1\" content=\"Arvioitu lukuaika\" \/>\n\t<meta name=\"twitter:data1\" content=\"2 minuuttia\" \/>\n<script type=\"application\/ld+json\" class=\"yoast-schema-graph\">{\"@context\":\"https:\/\/schema.org\",\"@graph\":[{\"@type\":\"WebPage\",\"@id\":\"https:\/\/koylio-seura.fi\/\",\"url\":\"https:\/\/koylio-seura.fi\/\",\"name\":\"K\u00f6yli\u00f6-seura - K\u00f6yli\u00f6-seura\",\"isPartOf\":{\"@id\":\"https:\/\/koylio-seura.fi\/#website\"},\"primaryImageOfPage\":{\"@id\":\"https:\/\/koylio-seura.fi\/#primaryimage\"},\"image\":{\"@id\":\"https:\/\/koylio-seura.fi\/#primaryimage\"},\"thumbnailUrl\":\"https:\/\/koylio-seura.fi\/wp-content\/uploads\/2026\/05\/Valkovuokot-2026-1024x823.jpg\",\"datePublished\":\"2023-05-08T13:26:48+00:00\",\"dateModified\":\"2026-05-05T06:47:50+00:00\",\"breadcrumb\":{\"@id\":\"https:\/\/koylio-seura.fi\/#breadcrumb\"},\"inLanguage\":\"fi\",\"potentialAction\":[{\"@type\":\"ReadAction\",\"target\":[\"https:\/\/koylio-seura.fi\/\"]}]},{\"@type\":\"ImageObject\",\"inLanguage\":\"fi\",\"@id\":\"https:\/\/koylio-seura.fi\/#primaryimage\",\"url\":\"https:\/\/koylio-seura.fi\/wp-content\/uploads\/2026\/05\/Valkovuokot-2026-scaled.jpg\",\"contentUrl\":\"https:\/\/koylio-seura.fi\/wp-content\/uploads\/2026\/05\/Valkovuokot-2026-scaled.jpg\",\"width\":2560,\"height\":2058},{\"@type\":\"BreadcrumbList\",\"@id\":\"https:\/\/koylio-seura.fi\/#breadcrumb\",\"itemListElement\":[{\"@type\":\"ListItem\",\"position\":1,\"name\":\"Etusivu\",\"item\":\"https:\/\/koylio-seura.fi\/\"},{\"@type\":\"ListItem\",\"position\":2,\"name\":\"K\u00f6yli\u00f6-seura\"}]},{\"@type\":\"WebSite\",\"@id\":\"https:\/\/koylio-seura.fi\/#website\",\"url\":\"https:\/\/koylio-seura.fi\/\",\"name\":\"K\u00f6yli\u00f6-seura\",\"description\":\"\",\"publisher\":{\"@id\":\"https:\/\/koylio-seura.fi\/#organization\"},\"potentialAction\":[{\"@type\":\"SearchAction\",\"target\":{\"@type\":\"EntryPoint\",\"urlTemplate\":\"https:\/\/koylio-seura.fi\/?s={search_term_string}\"},\"query-input\":{\"@type\":\"PropertyValueSpecification\",\"valueRequired\":true,\"valueName\":\"search_term_string\"}}],\"inLanguage\":\"fi\"},{\"@type\":\"Organization\",\"@id\":\"https:\/\/koylio-seura.fi\/#organization\",\"name\":\"K\u00f6yli\u00f6-seura\",\"url\":\"https:\/\/koylio-seura.fi\/\",\"logo\":{\"@type\":\"ImageObject\",\"inLanguage\":\"fi\",\"@id\":\"https:\/\/koylio-seura.fi\/#\/schema\/logo\/image\/\",\"url\":\"https:\/\/koylio-seura.fi\/wp-content\/uploads\/2023\/07\/cropped-KS-logo-23.png\",\"contentUrl\":\"https:\/\/koylio-seura.fi\/wp-content\/uploads\/2023\/07\/cropped-KS-logo-23.png\",\"width\":530,\"height\":619,\"caption\":\"K\u00f6yli\u00f6-seura\"},\"image\":{\"@id\":\"https:\/\/koylio-seura.fi\/#\/schema\/logo\/image\/\"}}]}<\/script>\n<!-- \/ Yoast SEO plugin. -->","yoast_head_json":{"title":"K\u00f6yli\u00f6-seura - K\u00f6yli\u00f6-seura","robots":{"index":"index","follow":"follow","max-snippet":"max-snippet:-1","max-image-preview":"max-image-preview:large","max-video-preview":"max-video-preview:-1"},"canonical":"https:\/\/koylio-seura.fi\/","og_locale":"fi_FI","og_type":"article","og_title":"K\u00f6yli\u00f6-seura - K\u00f6yli\u00f6-seura","og_description":"Ajankohtaista K\u00f6yli\u00f6-seura \u00a0 K\u00f6yli\u00f6-seura on perustettu vuonna 2000 ja rekister\u00f6ity 29.11.2000 Yhdistyksen tarkoituksena on kotiseudun kehitt\u00e4minen ja viihtyvyyden lis\u00e4\u00e4minen \u00a0menneisyyden vaaliminen tulevaisuuden turvaaminen kotiseututietoisuuden lis\u00e4\u00e4minen kotiseutuhengen yll\u00e4pit\u00e4minen Tarkoituksensa toteuttamiseksi yhdistys seuraa kotiseudun kehityst\u00e4, tekee esityksi\u00e4, aloitteita ja antaa lausuntoja j\u00e4rjest\u00e4\u00e4 ... Lue lis\u00e4\u00e4","og_url":"https:\/\/koylio-seura.fi\/","og_site_name":"K\u00f6yli\u00f6-seura","article_modified_time":"2026-05-05T06:47:50+00:00","og_image":[{"url":"https:\/\/koylio-seura.fi\/wp-content\/uploads\/2026\/05\/Valkovuokot-2026-1024x823.jpg","type":"","width":"","height":""}],"twitter_card":"summary_large_image","twitter_misc":{"Arvioitu lukuaika":"2 minuuttia"},"schema":{"@context":"https:\/\/schema.org","@graph":[{"@type":"WebPage","@id":"https:\/\/koylio-seura.fi\/","url":"https:\/\/koylio-seura.fi\/","name":"K\u00f6yli\u00f6-seura - K\u00f6yli\u00f6-seura","isPartOf":{"@id":"https:\/\/koylio-seura.fi\/#website"},"primaryImageOfPage":{"@id":"https:\/\/koylio-seura.fi\/#primaryimage"},"image":{"@id":"https:\/\/koylio-seura.fi\/#primaryimage"},"thumbnailUrl":"https:\/\/koylio-seura.fi\/wp-content\/uploads\/2026\/05\/Valkovuokot-2026-1024x823.jpg","datePublished":"2023-05-08T13:26:48+00:00","dateModified":"2026-05-05T06:47:50+00:00","breadcrumb":{"@id":"https:\/\/koylio-seura.fi\/#breadcrumb"},"inLanguage":"fi","potentialAction":[{"@type":"ReadAction","target":["https:\/\/koylio-seura.fi\/"]}]},{"@type":"ImageObject","inLanguage":"fi","@id":"https:\/\/koylio-seura.fi\/#primaryimage","url":"https:\/\/koylio-seura.fi\/wp-content\/uploads\/2026\/05\/Valkovuokot-2026-scaled.jpg","contentUrl":"https:\/\/koylio-seura.fi\/wp-content\/uploads\/2026\/05\/Valkovuokot-2026-scaled.jpg","width":2560,"height":2058},{"@type":"BreadcrumbList","@id":"https:\/\/koylio-seura.fi\/#breadcrumb","itemListElement":[{"@type":"ListItem","position":1,"name":"Etusivu","item":"https:\/\/koylio-seura.fi\/"},{"@type":"ListItem","position":2,"name":"K\u00f6yli\u00f6-seura"}]},{"@type":"WebSite","@id":"https:\/\/koylio-seura.fi\/#website","url":"https:\/\/koylio-seura.fi\/","name":"K\u00f6yli\u00f6-seura","description":"","publisher":{"@id":"https:\/\/koylio-seura.fi\/#organization"},"potentialAction":[{"@type":"SearchAction","target":{"@type":"EntryPoint","urlTemplate":"https:\/\/koylio-seura.fi\/?s={search_term_string}"},"query-input":{"@type":"PropertyValueSpecification","valueRequired":true,"valueName":"search_term_string"}}],"inLanguage":"fi"},{"@type":"Organization","@id":"https:\/\/koylio-seura.fi\/#organization","name":"K\u00f6yli\u00f6-seura","url":"https:\/\/koylio-seura.fi\/","logo":{"@type":"ImageObject","inLanguage":"fi","@id":"https:\/\/koylio-seura.fi\/#\/schema\/logo\/image\/","url":"https:\/\/koylio-seura.fi\/wp-content\/uploads\/2023\/07\/cropped-KS-logo-23.png","contentUrl":"https:\/\/koylio-seura.fi\/wp-content\/uploads\/2023\/07\/cropped-KS-logo-23.png","width":530,"height":619,"caption":"K\u00f6yli\u00f6-seura"},"image":{"@id":"https:\/\/koylio-seura.fi\/#\/schema\/logo\/image\/"}}]}},"_links":{"self":[{"href":"https:\/\/koylio-seura.fi\/index.php?rest_route=\/wp\/v2\/pages\/2","targetHints":{"allow":["GET"]}}],"collection":[{"href":"https:\/\/koylio-seura.fi\/index.php?rest_route=\/wp\/v2\/pages"}],"about":[{"href":"https:\/\/koylio-seura.fi\/index.php?rest_route=\/wp\/v2\/types\/page"}],"author":[{"embeddable":true,"href":"https:\/\/koylio-seura.fi\/index.php?rest_route=\/wp\/v2\/users\/1"}],"replies":[{"embeddable":true,"href":"https:\/\/koylio-seura.fi\/index.php?rest_route=%2Fwp%2Fv2%2Fcomments&post=2"}],"version-history":[{"count":1207,"href":"https:\/\/koylio-seura.fi\/index.php?rest_route=\/wp\/v2\/pages\/2\/revisions"}],"predecessor-version":[{"id":16810,"href":"https:\/\/koylio-seura.fi\/index.php?rest_route=\/wp\/v2\/pages\/2\/revisions\/16810"}],"wp:attachment":[{"href":"https:\/\/koylio-seura.fi\/index.php?rest_route=%2Fwp%2Fv2%2Fmedia&parent=2"}],"curies":[{"name":"wp","href":"https:\/\/api.w.org\/{rel}","templated":true}]}}