{"id":1873,"date":"2023-11-05T19:05:44","date_gmt":"2023-11-05T19:05:44","guid":{"rendered":"https:\/\/koylio-seura.eitcon.com\/?page_id=1873"},"modified":"2023-12-09T15:37:30","modified_gmt":"2023-12-09T15:37:30","slug":"ajankohtaista","status":"publish","type":"page","link":"https:\/\/koylio-seura.fi\/?page_id=1873","title":{"rendered":"Ajankohtaista"},"content":{"rendered":"\n<p>9.1.2024 Turun lukupiiti kokoontuu Cafe Artissa<\/p>\n\n\n\n<p>Tervetuloa Turun lukupiiriin tiistaina 9.1.2024 klo 17 Caf\u00e9 Artiin! <\/p>\n\n\n\n<p>Kirjaksi olemme valinneet Helena Varjus-J\u00e4rvisen ehdottaman Sakari Siltalan kirjoittaman tietokirjan Korkea peli: teollisuustitaani Walter Ahlstr\u00f6min el\u00e4m\u00e4. Kirja kertoo Ahlstr\u00f6min teollisuuskonsernin syntym\u00e4st\u00e4 ja erityisesti vuorineuvos W. Ahlstr\u00f6min el\u00e4m\u00e4st\u00e4. Suku on l\u00e4ht\u00f6isin Satakunnasta. Seppo Holkeri esittelee kirjailijan ja kirjan.<\/p>\n","protected":false},"excerpt":{"rendered":"<p>9.1.2024 Turun lukupiiti kokoontuu Cafe Artissa Tervetuloa Turun lukupiiriin tiistaina 9.1.2024 klo 17 Caf\u00e9 Artiin! Kirjaksi olemme valinneet Helena Varjus-J\u00e4rvisen ehdottaman Sakari Siltalan kirjoittaman tietokirjan Korkea peli: teollisuustitaani Walter Ahlstr\u00f6min el\u00e4m\u00e4. Kirja kertoo Ahlstr\u00f6min teollisuuskonsernin syntym\u00e4st\u00e4 ja erityisesti vuorineuvos W. &#8230; <a title=\"Ajankohtaista\" class=\"read-more\" href=\"https:\/\/koylio-seura.fi\/?page_id=1873\" aria-label=\"Lue lis\u00e4\u00e4 aiheesta Ajankohtaista\">Lue lis\u00e4\u00e4<\/a><\/p>\n","protected":false},"author":1,"featured_media":0,"parent":0,"menu_order":0,"comment_status":"closed","ping_status":"closed","template":"","meta":{"footnotes":""},"class_list":{"0":"post-1873","1":"page","2":"type-page","3":"status-publish","5":"infinite-scroll-item"},"yoast_head":"<!-- This site is optimized with the Yoast SEO plugin v26.6 - https:\/\/yoast.com\/wordpress\/plugins\/seo\/ -->\n<title>Ajankohtaista - K\u00f6yli\u00f6-seura<\/title>\n<meta name=\"robots\" content=\"index, follow, max-snippet:-1, max-image-preview:large, max-video-preview:-1\" \/>\n<link rel=\"canonical\" href=\"https:\/\/koylio-seura.fi\/?page_id=1873\" \/>\n<meta property=\"og:locale\" content=\"fi_FI\" \/>\n<meta property=\"og:type\" content=\"article\" \/>\n<meta property=\"og:title\" content=\"Ajankohtaista - K\u00f6yli\u00f6-seura\" \/>\n<meta property=\"og:description\" content=\"9.1.2024 Turun lukupiiti kokoontuu Cafe Artissa Tervetuloa Turun lukupiiriin tiistaina 9.1.2024 klo 17 Caf\u00e9 Artiin! Kirjaksi olemme valinneet Helena Varjus-J\u00e4rvisen ehdottaman Sakari Siltalan kirjoittaman tietokirjan Korkea peli: teollisuustitaani Walter Ahlstr\u00f6min el\u00e4m\u00e4. Kirja kertoo Ahlstr\u00f6min teollisuuskonsernin syntym\u00e4st\u00e4 ja erityisesti vuorineuvos W. ... Lue lis\u00e4\u00e4\" \/>\n<meta property=\"og:url\" content=\"https:\/\/koylio-seura.fi\/?page_id=1873\" \/>\n<meta property=\"og:site_name\" content=\"K\u00f6yli\u00f6-seura\" \/>\n<meta property=\"article:modified_time\" content=\"2023-12-09T15:37:30+00:00\" \/>\n<meta name=\"twitter:card\" content=\"summary_large_image\" \/>\n<meta name=\"twitter:label1\" content=\"Arvioitu lukuaika\" \/>\n\t<meta name=\"twitter:data1\" content=\"1 minuutti\" \/>\n<script type=\"application\/ld+json\" class=\"yoast-schema-graph\">{\"@context\":\"https:\/\/schema.org\",\"@graph\":[{\"@type\":[\"WebPage\",\"CollectionPage\"],\"@id\":\"https:\/\/koylio-seura.fi\/?page_id=1873\",\"url\":\"https:\/\/koylio-seura.fi\/?page_id=1873\",\"name\":\"Ajankohtaista - K\u00f6yli\u00f6-seura\",\"isPartOf\":{\"@id\":\"https:\/\/koylio-seura.fi\/#website\"},\"datePublished\":\"2023-11-05T19:05:44+00:00\",\"dateModified\":\"2023-12-09T15:37:30+00:00\",\"breadcrumb\":{\"@id\":\"https:\/\/koylio-seura.fi\/?page_id=1873#breadcrumb\"},\"inLanguage\":\"fi\"},{\"@type\":\"BreadcrumbList\",\"@id\":\"https:\/\/koylio-seura.fi\/?page_id=1873#breadcrumb\",\"itemListElement\":[{\"@type\":\"ListItem\",\"position\":1,\"name\":\"Etusivu\",\"item\":\"https:\/\/koylio-seura.fi\/\"},{\"@type\":\"ListItem\",\"position\":2,\"name\":\"Ajankohtaista\"}]},{\"@type\":\"WebSite\",\"@id\":\"https:\/\/koylio-seura.fi\/#website\",\"url\":\"https:\/\/koylio-seura.fi\/\",\"name\":\"K\u00f6yli\u00f6-seura\",\"description\":\"\",\"publisher\":{\"@id\":\"https:\/\/koylio-seura.fi\/#organization\"},\"potentialAction\":[{\"@type\":\"SearchAction\",\"target\":{\"@type\":\"EntryPoint\",\"urlTemplate\":\"https:\/\/koylio-seura.fi\/?s={search_term_string}\"},\"query-input\":{\"@type\":\"PropertyValueSpecification\",\"valueRequired\":true,\"valueName\":\"search_term_string\"}}],\"inLanguage\":\"fi\"},{\"@type\":\"Organization\",\"@id\":\"https:\/\/koylio-seura.fi\/#organization\",\"name\":\"K\u00f6yli\u00f6-seura\",\"url\":\"https:\/\/koylio-seura.fi\/\",\"logo\":{\"@type\":\"ImageObject\",\"inLanguage\":\"fi\",\"@id\":\"https:\/\/koylio-seura.fi\/#\/schema\/logo\/image\/\",\"url\":\"https:\/\/koylio-seura.fi\/wp-content\/uploads\/2023\/07\/cropped-KS-logo-23.png\",\"contentUrl\":\"https:\/\/koylio-seura.fi\/wp-content\/uploads\/2023\/07\/cropped-KS-logo-23.png\",\"width\":530,\"height\":619,\"caption\":\"K\u00f6yli\u00f6-seura\"},\"image\":{\"@id\":\"https:\/\/koylio-seura.fi\/#\/schema\/logo\/image\/\"}}]}<\/script>\n<!-- \/ Yoast SEO plugin. -->","yoast_head_json":{"title":"Ajankohtaista - K\u00f6yli\u00f6-seura","robots":{"index":"index","follow":"follow","max-snippet":"max-snippet:-1","max-image-preview":"max-image-preview:large","max-video-preview":"max-video-preview:-1"},"canonical":"https:\/\/koylio-seura.fi\/?page_id=1873","og_locale":"fi_FI","og_type":"article","og_title":"Ajankohtaista - K\u00f6yli\u00f6-seura","og_description":"9.1.2024 Turun lukupiiti kokoontuu Cafe Artissa Tervetuloa Turun lukupiiriin tiistaina 9.1.2024 klo 17 Caf\u00e9 Artiin! Kirjaksi olemme valinneet Helena Varjus-J\u00e4rvisen ehdottaman Sakari Siltalan kirjoittaman tietokirjan Korkea peli: teollisuustitaani Walter Ahlstr\u00f6min el\u00e4m\u00e4. Kirja kertoo Ahlstr\u00f6min teollisuuskonsernin syntym\u00e4st\u00e4 ja erityisesti vuorineuvos W. ... Lue lis\u00e4\u00e4","og_url":"https:\/\/koylio-seura.fi\/?page_id=1873","og_site_name":"K\u00f6yli\u00f6-seura","article_modified_time":"2023-12-09T15:37:30+00:00","twitter_card":"summary_large_image","twitter_misc":{"Arvioitu lukuaika":"1 minuutti"},"schema":{"@context":"https:\/\/schema.org","@graph":[{"@type":["WebPage","CollectionPage"],"@id":"https:\/\/koylio-seura.fi\/?page_id=1873","url":"https:\/\/koylio-seura.fi\/?page_id=1873","name":"Ajankohtaista - K\u00f6yli\u00f6-seura","isPartOf":{"@id":"https:\/\/koylio-seura.fi\/#website"},"datePublished":"2023-11-05T19:05:44+00:00","dateModified":"2023-12-09T15:37:30+00:00","breadcrumb":{"@id":"https:\/\/koylio-seura.fi\/?page_id=1873#breadcrumb"},"inLanguage":"fi"},{"@type":"BreadcrumbList","@id":"https:\/\/koylio-seura.fi\/?page_id=1873#breadcrumb","itemListElement":[{"@type":"ListItem","position":1,"name":"Etusivu","item":"https:\/\/koylio-seura.fi\/"},{"@type":"ListItem","position":2,"name":"Ajankohtaista"}]},{"@type":"WebSite","@id":"https:\/\/koylio-seura.fi\/#website","url":"https:\/\/koylio-seura.fi\/","name":"K\u00f6yli\u00f6-seura","description":"","publisher":{"@id":"https:\/\/koylio-seura.fi\/#organization"},"potentialAction":[{"@type":"SearchAction","target":{"@type":"EntryPoint","urlTemplate":"https:\/\/koylio-seura.fi\/?s={search_term_string}"},"query-input":{"@type":"PropertyValueSpecification","valueRequired":true,"valueName":"search_term_string"}}],"inLanguage":"fi"},{"@type":"Organization","@id":"https:\/\/koylio-seura.fi\/#organization","name":"K\u00f6yli\u00f6-seura","url":"https:\/\/koylio-seura.fi\/","logo":{"@type":"ImageObject","inLanguage":"fi","@id":"https:\/\/koylio-seura.fi\/#\/schema\/logo\/image\/","url":"https:\/\/koylio-seura.fi\/wp-content\/uploads\/2023\/07\/cropped-KS-logo-23.png","contentUrl":"https:\/\/koylio-seura.fi\/wp-content\/uploads\/2023\/07\/cropped-KS-logo-23.png","width":530,"height":619,"caption":"K\u00f6yli\u00f6-seura"},"image":{"@id":"https:\/\/koylio-seura.fi\/#\/schema\/logo\/image\/"}}]}},"_links":{"self":[{"href":"https:\/\/koylio-seura.fi\/index.php?rest_route=\/wp\/v2\/pages\/1873","targetHints":{"allow":["GET"]}}],"collection":[{"href":"https:\/\/koylio-seura.fi\/index.php?rest_route=\/wp\/v2\/pages"}],"about":[{"href":"https:\/\/koylio-seura.fi\/index.php?rest_route=\/wp\/v2\/types\/page"}],"author":[{"embeddable":true,"href":"https:\/\/koylio-seura.fi\/index.php?rest_route=\/wp\/v2\/users\/1"}],"replies":[{"embeddable":true,"href":"https:\/\/koylio-seura.fi\/index.php?rest_route=%2Fwp%2Fv2%2Fcomments&post=1873"}],"version-history":[{"count":2,"href":"https:\/\/koylio-seura.fi\/index.php?rest_route=\/wp\/v2\/pages\/1873\/revisions"}],"predecessor-version":[{"id":4243,"href":"https:\/\/koylio-seura.fi\/index.php?rest_route=\/wp\/v2\/pages\/1873\/revisions\/4243"}],"wp:attachment":[{"href":"https:\/\/koylio-seura.fi\/index.php?rest_route=%2Fwp%2Fv2%2Fmedia&parent=1873"}],"curies":[{"name":"wp","href":"https:\/\/api.w.org\/{rel}","templated":true}]}}