{"id":16287,"date":"2026-02-17T11:02:46","date_gmt":"2026-02-17T11:02:46","guid":{"rendered":"https:\/\/koylio-seura.fi\/?page_id=16287"},"modified":"2026-02-19T15:13:18","modified_gmt":"2026-02-19T15:13:18","slug":"hallituksen-tyoryhmat","status":"publish","type":"page","link":"https:\/\/koylio-seura.fi\/?page_id=16287","title":{"rendered":"Hallituksen ty\u00f6ryhm\u00e4t"},"content":{"rendered":"\t\t<div data-elementor-type=\"wp-page\" data-elementor-id=\"16287\" class=\"elementor elementor-16287\" data-elementor-post-type=\"page\">\n\t\t\t\t\t\t<section class=\"elementor-section elementor-top-section elementor-element elementor-element-cab00c5 elementor-section-boxed elementor-section-height-default elementor-section-height-default\" data-id=\"cab00c5\" data-element_type=\"section\">\n\t\t\t\t\t\t<div class=\"elementor-container elementor-column-gap-default\">\n\t\t\t\t\t<div class=\"elementor-column elementor-col-100 elementor-top-column elementor-element elementor-element-0420160\" data-id=\"0420160\" data-element_type=\"column\">\n\t\t\t<div class=\"elementor-widget-wrap elementor-element-populated\">\n\t\t\t\t\t\t<div class=\"elementor-element elementor-element-167cb01 elementor-widget elementor-widget-text-editor\" data-id=\"167cb01\" data-element_type=\"widget\" data-widget_type=\"text-editor.default\">\n\t\t\t\t<div class=\"elementor-widget-container\">\n\t\t\t\t\t\t\t\t\t<p>Sen lis\u00e4ksi, ett\u00e4 ty\u00f6valiokunta valmistelee hallitukselle asioita, hallituksen apuna on useita ty\u00f6ryhmi\u00e4.\u00a0\u00a0<\/p><p><strong>Kotisivuty\u00f6ryhm\u00e4<\/strong>: <br \/>\u00a0 \u00a0Puheenjohtaja Kalevi Salmi<br \/>\u00a0\u00a0 J\u00e4senet: Martti Erkkil\u00e4, Marita Holkeri, Tuula Kyt\u00f6vuori, Merja Nummi, Simo Nummi, Sari <br \/>\u00a0 \u00a0 Minkovitsch, Pirkko Peltola<\/p><p><strong>K\u00f6yli\u00f6n valokuvat-arkistoty\u00f6ryhm\u00e4<\/strong>: <br \/>\u00a0 \u00a0Puheenjohtaja Pentti Vuotila<br \/>\u00a0\u00a0 J\u00e4senet: Martti Erkkil\u00e4, Sanna Kinnunen, Kalevi Salmi, Mirkka Thessler<\/p><p><strong>Museoyhteisty\u00f6-ryhm\u00e4<\/strong>: <br \/>\u00a0 \u00a0Puheenjohtaja Mikko Eskola<br \/>\u00a0 \u00a0J\u00e4senet: Lassi Kauko (K\u00f6yli\u00f6-seura), Pirkko Peltola (K\u00f6yli\u00f6-seura), Anu Juva (S\u00e4kyl\u00e4-seura), Juhani <br \/>\u00a0 \u00a0Kauppi (S\u00e4kyl\u00e4-seura),\u00a0 Tuula V\u00e4tti (S\u00e4kyl\u00e4-seura), Laura Aalto (S\u00e4kyl\u00e4n kansalaisopisto), Akuliina <br \/>\u00a0 \u00a0Aartolahti (Satakunnan museo), Irina Kaukinen (S\u00e4kyl\u00e4-K\u00f6yli\u00f6n seurakunta). Paikallismuseoiden <br \/>\u00a0 \u00a0edustajilla on l\u00e4sn\u00e4olo-oikeus.<\/p><p><strong>Muistomerkkity\u00f6ryhm\u00e4<\/strong>: <br \/>\u00a0 \u00a0Puheenjohtaja Heikki Saarinen<br \/>\u00a0\u00a0 J\u00e4senet: Mikko Eskola, Lassi Kauko, Tuula Kyt\u00f6vuori, Pirkko Peltola. Ryhm\u00e4 on tauolla.<\/p><p><strong>Nuorisoty\u00f6ryhm\u00e4<\/strong>: <br \/>\u00a0 \u00a0Puheenjohtaja Anne Reunanen<br \/>\u00a0\u00a0 J\u00e4sen: Sirja Niinim\u00e4ki<\/p><p><strong>Viestint\u00e4ryhm\u00e4<\/strong>: <br \/>\u00a0 Puheenjohtaja Kalevi Saimi<br \/>\u00a0 J\u00e4senet: Marita Holkeri, Samuli Vahteristo<\/p><p><strong>Kotiseutuarkiston yhteisty\u00f6ryhm\u00e4<\/strong>: <br \/>\u00a0 \u00a0Puheenjohtaja Merja \u00c4\u00e4ri (S\u00e4kyl\u00e4n kunta)<br \/>\u00a0\u00a0 J\u00e4senet: Piia Haavisto (S\u00e4kyl\u00e4n kunta), Pirkko Peltola (K\u00f6yli\u00f6-seura), Heikki Saarinen (K\u00f6yli\u00f6-seura), <br \/>\u00a0\u00a0 Anu Juva (S\u00e4kyl\u00e4-seura), Tuula V\u00e4tti (S\u00e4kyl\u00e4-seura)<\/p>\t\t\t\t\t\t\t\t<\/div>\n\t\t\t\t<\/div>\n\t\t\t\t\t<\/div>\n\t\t<\/div>\n\t\t\t\t\t<\/div>\n\t\t<\/section>\n\t\t\t\t<\/div>\n\t\t","protected":false},"excerpt":{"rendered":"<p>Sen lis\u00e4ksi, ett\u00e4 ty\u00f6valiokunta valmistelee hallitukselle asioita, hallituksen apuna on useita ty\u00f6ryhmi\u00e4.\u00a0\u00a0 Kotisivuty\u00f6ryhm\u00e4: \u00a0 \u00a0Puheenjohtaja Kalevi Salmi\u00a0\u00a0 J\u00e4senet: Martti Erkkil\u00e4, Marita Holkeri, Tuula Kyt\u00f6vuori, Merja Nummi, Simo Nummi, Sari \u00a0 \u00a0 Minkovitsch, Pirkko Peltola K\u00f6yli\u00f6n valokuvat-arkistoty\u00f6ryhm\u00e4: \u00a0 \u00a0Puheenjohtaja Pentti Vuotila\u00a0\u00a0 &#8230; <a title=\"Hallituksen ty\u00f6ryhm\u00e4t\" class=\"read-more\" href=\"https:\/\/koylio-seura.fi\/?page_id=16287\" aria-label=\"Lue lis\u00e4\u00e4 aiheesta Hallituksen ty\u00f6ryhm\u00e4t\">Lue lis\u00e4\u00e4<\/a><\/p>\n","protected":false},"author":3,"featured_media":0,"parent":0,"menu_order":0,"comment_status":"closed","ping_status":"closed","template":"","meta":{"footnotes":""},"class_list":{"0":"post-16287","1":"page","2":"type-page","3":"status-publish","5":"infinite-scroll-item"},"yoast_head":"<!-- This site is optimized with the Yoast SEO plugin v26.6 - https:\/\/yoast.com\/wordpress\/plugins\/seo\/ -->\n<title>Hallituksen ty\u00f6ryhm\u00e4t - K\u00f6yli\u00f6-seura<\/title>\n<meta name=\"robots\" content=\"index, follow, max-snippet:-1, max-image-preview:large, max-video-preview:-1\" \/>\n<link rel=\"canonical\" href=\"https:\/\/koylio-seura.fi\/?page_id=16287\" \/>\n<meta property=\"og:locale\" content=\"fi_FI\" \/>\n<meta property=\"og:type\" content=\"article\" \/>\n<meta property=\"og:title\" content=\"Hallituksen ty\u00f6ryhm\u00e4t - K\u00f6yli\u00f6-seura\" \/>\n<meta property=\"og:description\" content=\"Sen lis\u00e4ksi, ett\u00e4 ty\u00f6valiokunta valmistelee hallitukselle asioita, hallituksen apuna on useita ty\u00f6ryhmi\u00e4.\u00a0\u00a0 Kotisivuty\u00f6ryhm\u00e4: \u00a0 \u00a0Puheenjohtaja Kalevi Salmi\u00a0\u00a0 J\u00e4senet: Martti Erkkil\u00e4, Marita Holkeri, Tuula Kyt\u00f6vuori, Merja Nummi, Simo Nummi, Sari \u00a0 \u00a0 Minkovitsch, Pirkko Peltola K\u00f6yli\u00f6n valokuvat-arkistoty\u00f6ryhm\u00e4: \u00a0 \u00a0Puheenjohtaja Pentti Vuotila\u00a0\u00a0 ... Lue lis\u00e4\u00e4\" \/>\n<meta property=\"og:url\" content=\"https:\/\/koylio-seura.fi\/?page_id=16287\" \/>\n<meta property=\"og:site_name\" content=\"K\u00f6yli\u00f6-seura\" \/>\n<meta property=\"article:modified_time\" content=\"2026-02-19T15:13:18+00:00\" \/>\n<meta name=\"twitter:card\" content=\"summary_large_image\" \/>\n<meta name=\"twitter:label1\" content=\"Arvioitu lukuaika\" \/>\n\t<meta name=\"twitter:data1\" content=\"1 minuutti\" \/>\n<script type=\"application\/ld+json\" class=\"yoast-schema-graph\">{\"@context\":\"https:\/\/schema.org\",\"@graph\":[{\"@type\":\"WebPage\",\"@id\":\"https:\/\/koylio-seura.fi\/?page_id=16287\",\"url\":\"https:\/\/koylio-seura.fi\/?page_id=16287\",\"name\":\"Hallituksen ty\u00f6ryhm\u00e4t - K\u00f6yli\u00f6-seura\",\"isPartOf\":{\"@id\":\"https:\/\/koylio-seura.fi\/#website\"},\"datePublished\":\"2026-02-17T11:02:46+00:00\",\"dateModified\":\"2026-02-19T15:13:18+00:00\",\"breadcrumb\":{\"@id\":\"https:\/\/koylio-seura.fi\/?page_id=16287#breadcrumb\"},\"inLanguage\":\"fi\",\"potentialAction\":[{\"@type\":\"ReadAction\",\"target\":[\"https:\/\/koylio-seura.fi\/?page_id=16287\"]}]},{\"@type\":\"BreadcrumbList\",\"@id\":\"https:\/\/koylio-seura.fi\/?page_id=16287#breadcrumb\",\"itemListElement\":[{\"@type\":\"ListItem\",\"position\":1,\"name\":\"Etusivu\",\"item\":\"https:\/\/koylio-seura.fi\/\"},{\"@type\":\"ListItem\",\"position\":2,\"name\":\"Hallituksen ty\u00f6ryhm\u00e4t\"}]},{\"@type\":\"WebSite\",\"@id\":\"https:\/\/koylio-seura.fi\/#website\",\"url\":\"https:\/\/koylio-seura.fi\/\",\"name\":\"K\u00f6yli\u00f6-seura\",\"description\":\"\",\"publisher\":{\"@id\":\"https:\/\/koylio-seura.fi\/#organization\"},\"potentialAction\":[{\"@type\":\"SearchAction\",\"target\":{\"@type\":\"EntryPoint\",\"urlTemplate\":\"https:\/\/koylio-seura.fi\/?s={search_term_string}\"},\"query-input\":{\"@type\":\"PropertyValueSpecification\",\"valueRequired\":true,\"valueName\":\"search_term_string\"}}],\"inLanguage\":\"fi\"},{\"@type\":\"Organization\",\"@id\":\"https:\/\/koylio-seura.fi\/#organization\",\"name\":\"K\u00f6yli\u00f6-seura\",\"url\":\"https:\/\/koylio-seura.fi\/\",\"logo\":{\"@type\":\"ImageObject\",\"inLanguage\":\"fi\",\"@id\":\"https:\/\/koylio-seura.fi\/#\/schema\/logo\/image\/\",\"url\":\"https:\/\/koylio-seura.fi\/wp-content\/uploads\/2023\/07\/cropped-KS-logo-23.png\",\"contentUrl\":\"https:\/\/koylio-seura.fi\/wp-content\/uploads\/2023\/07\/cropped-KS-logo-23.png\",\"width\":530,\"height\":619,\"caption\":\"K\u00f6yli\u00f6-seura\"},\"image\":{\"@id\":\"https:\/\/koylio-seura.fi\/#\/schema\/logo\/image\/\"}}]}<\/script>\n<!-- \/ Yoast SEO plugin. -->","yoast_head_json":{"title":"Hallituksen ty\u00f6ryhm\u00e4t - K\u00f6yli\u00f6-seura","robots":{"index":"index","follow":"follow","max-snippet":"max-snippet:-1","max-image-preview":"max-image-preview:large","max-video-preview":"max-video-preview:-1"},"canonical":"https:\/\/koylio-seura.fi\/?page_id=16287","og_locale":"fi_FI","og_type":"article","og_title":"Hallituksen ty\u00f6ryhm\u00e4t - K\u00f6yli\u00f6-seura","og_description":"Sen lis\u00e4ksi, ett\u00e4 ty\u00f6valiokunta valmistelee hallitukselle asioita, hallituksen apuna on useita ty\u00f6ryhmi\u00e4.\u00a0\u00a0 Kotisivuty\u00f6ryhm\u00e4: \u00a0 \u00a0Puheenjohtaja Kalevi Salmi\u00a0\u00a0 J\u00e4senet: Martti Erkkil\u00e4, Marita Holkeri, Tuula Kyt\u00f6vuori, Merja Nummi, Simo Nummi, Sari \u00a0 \u00a0 Minkovitsch, Pirkko Peltola K\u00f6yli\u00f6n valokuvat-arkistoty\u00f6ryhm\u00e4: \u00a0 \u00a0Puheenjohtaja Pentti Vuotila\u00a0\u00a0 ... Lue lis\u00e4\u00e4","og_url":"https:\/\/koylio-seura.fi\/?page_id=16287","og_site_name":"K\u00f6yli\u00f6-seura","article_modified_time":"2026-02-19T15:13:18+00:00","twitter_card":"summary_large_image","twitter_misc":{"Arvioitu lukuaika":"1 minuutti"},"schema":{"@context":"https:\/\/schema.org","@graph":[{"@type":"WebPage","@id":"https:\/\/koylio-seura.fi\/?page_id=16287","url":"https:\/\/koylio-seura.fi\/?page_id=16287","name":"Hallituksen ty\u00f6ryhm\u00e4t - K\u00f6yli\u00f6-seura","isPartOf":{"@id":"https:\/\/koylio-seura.fi\/#website"},"datePublished":"2026-02-17T11:02:46+00:00","dateModified":"2026-02-19T15:13:18+00:00","breadcrumb":{"@id":"https:\/\/koylio-seura.fi\/?page_id=16287#breadcrumb"},"inLanguage":"fi","potentialAction":[{"@type":"ReadAction","target":["https:\/\/koylio-seura.fi\/?page_id=16287"]}]},{"@type":"BreadcrumbList","@id":"https:\/\/koylio-seura.fi\/?page_id=16287#breadcrumb","itemListElement":[{"@type":"ListItem","position":1,"name":"Etusivu","item":"https:\/\/koylio-seura.fi\/"},{"@type":"ListItem","position":2,"name":"Hallituksen ty\u00f6ryhm\u00e4t"}]},{"@type":"WebSite","@id":"https:\/\/koylio-seura.fi\/#website","url":"https:\/\/koylio-seura.fi\/","name":"K\u00f6yli\u00f6-seura","description":"","publisher":{"@id":"https:\/\/koylio-seura.fi\/#organization"},"potentialAction":[{"@type":"SearchAction","target":{"@type":"EntryPoint","urlTemplate":"https:\/\/koylio-seura.fi\/?s={search_term_string}"},"query-input":{"@type":"PropertyValueSpecification","valueRequired":true,"valueName":"search_term_string"}}],"inLanguage":"fi"},{"@type":"Organization","@id":"https:\/\/koylio-seura.fi\/#organization","name":"K\u00f6yli\u00f6-seura","url":"https:\/\/koylio-seura.fi\/","logo":{"@type":"ImageObject","inLanguage":"fi","@id":"https:\/\/koylio-seura.fi\/#\/schema\/logo\/image\/","url":"https:\/\/koylio-seura.fi\/wp-content\/uploads\/2023\/07\/cropped-KS-logo-23.png","contentUrl":"https:\/\/koylio-seura.fi\/wp-content\/uploads\/2023\/07\/cropped-KS-logo-23.png","width":530,"height":619,"caption":"K\u00f6yli\u00f6-seura"},"image":{"@id":"https:\/\/koylio-seura.fi\/#\/schema\/logo\/image\/"}}]}},"_links":{"self":[{"href":"https:\/\/koylio-seura.fi\/index.php?rest_route=\/wp\/v2\/pages\/16287","targetHints":{"allow":["GET"]}}],"collection":[{"href":"https:\/\/koylio-seura.fi\/index.php?rest_route=\/wp\/v2\/pages"}],"about":[{"href":"https:\/\/koylio-seura.fi\/index.php?rest_route=\/wp\/v2\/types\/page"}],"author":[{"embeddable":true,"href":"https:\/\/koylio-seura.fi\/index.php?rest_route=\/wp\/v2\/users\/3"}],"replies":[{"embeddable":true,"href":"https:\/\/koylio-seura.fi\/index.php?rest_route=%2Fwp%2Fv2%2Fcomments&post=16287"}],"version-history":[{"count":13,"href":"https:\/\/koylio-seura.fi\/index.php?rest_route=\/wp\/v2\/pages\/16287\/revisions"}],"predecessor-version":[{"id":16311,"href":"https:\/\/koylio-seura.fi\/index.php?rest_route=\/wp\/v2\/pages\/16287\/revisions\/16311"}],"wp:attachment":[{"href":"https:\/\/koylio-seura.fi\/index.php?rest_route=%2Fwp%2Fv2%2Fmedia&parent=16287"}],"curies":[{"name":"wp","href":"https:\/\/api.w.org\/{rel}","templated":true}]}}