{"id":16,"date":"2023-07-17T10:21:57","date_gmt":"2023-07-17T10:21:57","guid":{"rendered":"https:\/\/koylio-seura.eitcon.com\/?page_id=16"},"modified":"2025-07-16T18:02:06","modified_gmt":"2025-07-16T18:02:06","slug":"koylio-paivat","status":"publish","type":"page","link":"https:\/\/koylio-seura.fi\/?page_id=16","title":{"rendered":"K\u00f6yli\u00f6-p\u00e4iv\u00e4t"},"content":{"rendered":"\t\t<div data-elementor-type=\"wp-page\" data-elementor-id=\"16\" class=\"elementor elementor-16\" data-elementor-post-type=\"page\">\n\t\t\t\t\t\t<section class=\"elementor-section elementor-top-section elementor-element elementor-element-1449dc8 elementor-section-boxed elementor-section-height-default elementor-section-height-default\" data-id=\"1449dc8\" data-element_type=\"section\">\n\t\t\t\t\t\t<div class=\"elementor-container elementor-column-gap-default\">\n\t\t\t\t\t<div class=\"elementor-column elementor-col-100 elementor-top-column elementor-element elementor-element-bc67e6c\" data-id=\"bc67e6c\" data-element_type=\"column\">\n\t\t\t<div class=\"elementor-widget-wrap elementor-element-populated\">\n\t\t\t\t\t\t<div class=\"elementor-element elementor-element-f78816a elementor-widget elementor-widget-heading\" data-id=\"f78816a\" data-element_type=\"widget\" data-widget_type=\"heading.default\">\n\t\t\t\t<div class=\"elementor-widget-container\">\n\t\t\t\t\t<h2 class=\"elementor-heading-title elementor-size-default\">Perustietoa K\u00f6yli\u00f6-p\u00e4ivist\u00e4  <\/h2>\t\t\t\t<\/div>\n\t\t\t\t<\/div>\n\t\t\t\t\t<\/div>\n\t\t<\/div>\n\t\t\t\t\t<\/div>\n\t\t<\/section>\n\t\t\t\t<section class=\"elementor-section elementor-top-section elementor-element elementor-element-b7abab7 elementor-section-boxed elementor-section-height-default elementor-section-height-default\" data-id=\"b7abab7\" data-element_type=\"section\">\n\t\t\t\t\t\t<div class=\"elementor-container elementor-column-gap-default\">\n\t\t\t\t\t<div class=\"elementor-column elementor-col-100 elementor-top-column elementor-element elementor-element-5d49ae5\" data-id=\"5d49ae5\" data-element_type=\"column\">\n\t\t\t<div class=\"elementor-widget-wrap elementor-element-populated\">\n\t\t\t\t\t\t<div class=\"elementor-element elementor-element-4c4a366 elementor-widget__width-initial elementor-widget elementor-widget-text-editor\" data-id=\"4c4a366\" data-element_type=\"widget\" data-widget_type=\"text-editor.default\">\n\t\t\t\t<div class=\"elementor-widget-container\">\n\t\t\t\t\t\t\t\t\t<p>K\u00f6yli\u00f6-p\u00e4iv\u00e4t j\u00e4rjestet\u00e4\u00e4n kerran vuodessa. P\u00e4\u00e4s\u00e4\u00e4nt\u00f6isesti ohjelmaa on kahtena p\u00e4iv\u00e4n\u00e4. P\u00e4\u00e4juhlasta k\u00e4ytet\u00e4\u00e4n nime\u00e4 K\u00f6yliin suvisunnuntai ja joskus ehk\u00e4 my\u00f6s Kotiseutujuhla. Toisen juhlap\u00e4iv\u00e4n nimi on K\u00f6yliin suvilauantai. P\u00e4iv\u00e4t eiv\u00e4t v\u00e4ltt\u00e4m\u00e4tt\u00e4 ole per\u00e4kk\u00e4isin\u00e4 p\u00e4ivin\u00e4 ja juhlapaikatkin vaihtelevat.<\/p><p>Suvisunnuntai on ohjelmaltaan juhlavampi ja jo vakiomuotoiseksi muodostunut. Suvilauantain ohjelma on yleens\u00e4 kevyemp\u00e4\u00e4 ja ohjelmatarjonta vaihtelee. Muun muassa on joinakin vuosina esitelty K\u00f6yli\u00f6n tutustumiskohteita pit\u00e4j\u00e4n pohjoiskolkasta etel\u00e4\u00e4n ja varmaan t\u00e4h\u00e4nkin teemaan viel\u00e4 jonakin vuonna palataan. <a href=\"https:\/\/koylio-seura.fi\/?page_id=401\">Voit katsella niit\u00e4 my\u00f6s t\u00e4\u00e4lt\u00e4<\/a><\/p><p>Huomatkaa, ett\u00e4 t\u00e4ll\u00e4 sivulla on K\u00f6yli\u00f6-p\u00e4ivist\u00e4 kyll\u00e4 joitakin tietoja, mutta kulloinenkin ty\u00f6n alla oleva ohjelma- versio ja aikanaan <strong>lopullinen ohjelma l\u00f6ytyy vain kohdasta Ajankohtaista<\/strong><\/p><p><strong>Vuoden 2026 K\u00f6yliin suvilauantain ja K\u00f6yliin suvisunnuntain ajakohdat p\u00e4\u00e4tet\u00e4\u00e4n vasta loppukev\u00e4\u00e4ll\u00e4 2026<\/strong><\/p>\t\t\t\t\t\t\t\t<\/div>\n\t\t\t\t<\/div>\n\t\t\t\t\t<\/div>\n\t\t<\/div>\n\t\t\t\t\t<\/div>\n\t\t<\/section>\n\t\t\t\t<\/div>\n\t\t","protected":false},"excerpt":{"rendered":"<p>Perustietoa K\u00f6yli\u00f6-p\u00e4ivist\u00e4 K\u00f6yli\u00f6-p\u00e4iv\u00e4t j\u00e4rjestet\u00e4\u00e4n kerran vuodessa. P\u00e4\u00e4s\u00e4\u00e4nt\u00f6isesti ohjelmaa on kahtena p\u00e4iv\u00e4n\u00e4. P\u00e4\u00e4juhlasta k\u00e4ytet\u00e4\u00e4n nime\u00e4 K\u00f6yliin suvisunnuntai ja joskus ehk\u00e4 my\u00f6s Kotiseutujuhla. Toisen juhlap\u00e4iv\u00e4n nimi on K\u00f6yliin suvilauantai. P\u00e4iv\u00e4t eiv\u00e4t v\u00e4ltt\u00e4m\u00e4tt\u00e4 ole per\u00e4kk\u00e4isin\u00e4 p\u00e4ivin\u00e4 ja juhlapaikatkin vaihtelevat. Suvisunnuntai on ohjelmaltaan juhlavampi &#8230; <a title=\"K\u00f6yli\u00f6-p\u00e4iv\u00e4t\" class=\"read-more\" href=\"https:\/\/koylio-seura.fi\/?page_id=16\" aria-label=\"Lue lis\u00e4\u00e4 aiheesta K\u00f6yli\u00f6-p\u00e4iv\u00e4t\">Lue lis\u00e4\u00e4<\/a><\/p>\n","protected":false},"author":1,"featured_media":0,"parent":0,"menu_order":0,"comment_status":"closed","ping_status":"closed","template":"","meta":{"footnotes":""},"class_list":{"0":"post-16","1":"page","2":"type-page","3":"status-publish","5":"infinite-scroll-item"},"yoast_head":"<!-- This site is optimized with the Yoast SEO plugin v26.6 - https:\/\/yoast.com\/wordpress\/plugins\/seo\/ -->\n<title>K\u00f6yli\u00f6-p\u00e4iv\u00e4t - K\u00f6yli\u00f6-seura<\/title>\n<meta name=\"robots\" content=\"index, follow, max-snippet:-1, max-image-preview:large, max-video-preview:-1\" \/>\n<link rel=\"canonical\" href=\"https:\/\/koylio-seura.fi\/?page_id=16\" \/>\n<meta property=\"og:locale\" content=\"fi_FI\" \/>\n<meta property=\"og:type\" content=\"article\" \/>\n<meta property=\"og:title\" content=\"K\u00f6yli\u00f6-p\u00e4iv\u00e4t - K\u00f6yli\u00f6-seura\" \/>\n<meta property=\"og:description\" content=\"Perustietoa K\u00f6yli\u00f6-p\u00e4ivist\u00e4 K\u00f6yli\u00f6-p\u00e4iv\u00e4t j\u00e4rjestet\u00e4\u00e4n kerran vuodessa. P\u00e4\u00e4s\u00e4\u00e4nt\u00f6isesti ohjelmaa on kahtena p\u00e4iv\u00e4n\u00e4. P\u00e4\u00e4juhlasta k\u00e4ytet\u00e4\u00e4n nime\u00e4 K\u00f6yliin suvisunnuntai ja joskus ehk\u00e4 my\u00f6s Kotiseutujuhla. Toisen juhlap\u00e4iv\u00e4n nimi on K\u00f6yliin suvilauantai. P\u00e4iv\u00e4t eiv\u00e4t v\u00e4ltt\u00e4m\u00e4tt\u00e4 ole per\u00e4kk\u00e4isin\u00e4 p\u00e4ivin\u00e4 ja juhlapaikatkin vaihtelevat. Suvisunnuntai on ohjelmaltaan juhlavampi ... Lue lis\u00e4\u00e4\" \/>\n<meta property=\"og:url\" content=\"https:\/\/koylio-seura.fi\/?page_id=16\" \/>\n<meta property=\"og:site_name\" content=\"K\u00f6yli\u00f6-seura\" \/>\n<meta property=\"article:modified_time\" content=\"2025-07-16T18:02:06+00:00\" \/>\n<meta name=\"twitter:card\" content=\"summary_large_image\" \/>\n<meta name=\"twitter:label1\" content=\"Arvioitu lukuaika\" \/>\n\t<meta name=\"twitter:data1\" content=\"1 minuutti\" \/>\n<script type=\"application\/ld+json\" class=\"yoast-schema-graph\">{\"@context\":\"https:\/\/schema.org\",\"@graph\":[{\"@type\":\"WebPage\",\"@id\":\"https:\/\/koylio-seura.fi\/?page_id=16\",\"url\":\"https:\/\/koylio-seura.fi\/?page_id=16\",\"name\":\"K\u00f6yli\u00f6-p\u00e4iv\u00e4t - K\u00f6yli\u00f6-seura\",\"isPartOf\":{\"@id\":\"https:\/\/koylio-seura.fi\/#website\"},\"datePublished\":\"2023-07-17T10:21:57+00:00\",\"dateModified\":\"2025-07-16T18:02:06+00:00\",\"breadcrumb\":{\"@id\":\"https:\/\/koylio-seura.fi\/?page_id=16#breadcrumb\"},\"inLanguage\":\"fi\",\"potentialAction\":[{\"@type\":\"ReadAction\",\"target\":[\"https:\/\/koylio-seura.fi\/?page_id=16\"]}]},{\"@type\":\"BreadcrumbList\",\"@id\":\"https:\/\/koylio-seura.fi\/?page_id=16#breadcrumb\",\"itemListElement\":[{\"@type\":\"ListItem\",\"position\":1,\"name\":\"Etusivu\",\"item\":\"https:\/\/koylio-seura.fi\/\"},{\"@type\":\"ListItem\",\"position\":2,\"name\":\"K\u00f6yli\u00f6-p\u00e4iv\u00e4t\"}]},{\"@type\":\"WebSite\",\"@id\":\"https:\/\/koylio-seura.fi\/#website\",\"url\":\"https:\/\/koylio-seura.fi\/\",\"name\":\"K\u00f6yli\u00f6-seura\",\"description\":\"\",\"publisher\":{\"@id\":\"https:\/\/koylio-seura.fi\/#organization\"},\"potentialAction\":[{\"@type\":\"SearchAction\",\"target\":{\"@type\":\"EntryPoint\",\"urlTemplate\":\"https:\/\/koylio-seura.fi\/?s={search_term_string}\"},\"query-input\":{\"@type\":\"PropertyValueSpecification\",\"valueRequired\":true,\"valueName\":\"search_term_string\"}}],\"inLanguage\":\"fi\"},{\"@type\":\"Organization\",\"@id\":\"https:\/\/koylio-seura.fi\/#organization\",\"name\":\"K\u00f6yli\u00f6-seura\",\"url\":\"https:\/\/koylio-seura.fi\/\",\"logo\":{\"@type\":\"ImageObject\",\"inLanguage\":\"fi\",\"@id\":\"https:\/\/koylio-seura.fi\/#\/schema\/logo\/image\/\",\"url\":\"https:\/\/koylio-seura.fi\/wp-content\/uploads\/2023\/07\/cropped-KS-logo-23.png\",\"contentUrl\":\"https:\/\/koylio-seura.fi\/wp-content\/uploads\/2023\/07\/cropped-KS-logo-23.png\",\"width\":530,\"height\":619,\"caption\":\"K\u00f6yli\u00f6-seura\"},\"image\":{\"@id\":\"https:\/\/koylio-seura.fi\/#\/schema\/logo\/image\/\"}}]}<\/script>\n<!-- \/ Yoast SEO plugin. -->","yoast_head_json":{"title":"K\u00f6yli\u00f6-p\u00e4iv\u00e4t - K\u00f6yli\u00f6-seura","robots":{"index":"index","follow":"follow","max-snippet":"max-snippet:-1","max-image-preview":"max-image-preview:large","max-video-preview":"max-video-preview:-1"},"canonical":"https:\/\/koylio-seura.fi\/?page_id=16","og_locale":"fi_FI","og_type":"article","og_title":"K\u00f6yli\u00f6-p\u00e4iv\u00e4t - K\u00f6yli\u00f6-seura","og_description":"Perustietoa K\u00f6yli\u00f6-p\u00e4ivist\u00e4 K\u00f6yli\u00f6-p\u00e4iv\u00e4t j\u00e4rjestet\u00e4\u00e4n kerran vuodessa. P\u00e4\u00e4s\u00e4\u00e4nt\u00f6isesti ohjelmaa on kahtena p\u00e4iv\u00e4n\u00e4. P\u00e4\u00e4juhlasta k\u00e4ytet\u00e4\u00e4n nime\u00e4 K\u00f6yliin suvisunnuntai ja joskus ehk\u00e4 my\u00f6s Kotiseutujuhla. Toisen juhlap\u00e4iv\u00e4n nimi on K\u00f6yliin suvilauantai. P\u00e4iv\u00e4t eiv\u00e4t v\u00e4ltt\u00e4m\u00e4tt\u00e4 ole per\u00e4kk\u00e4isin\u00e4 p\u00e4ivin\u00e4 ja juhlapaikatkin vaihtelevat. Suvisunnuntai on ohjelmaltaan juhlavampi ... Lue lis\u00e4\u00e4","og_url":"https:\/\/koylio-seura.fi\/?page_id=16","og_site_name":"K\u00f6yli\u00f6-seura","article_modified_time":"2025-07-16T18:02:06+00:00","twitter_card":"summary_large_image","twitter_misc":{"Arvioitu lukuaika":"1 minuutti"},"schema":{"@context":"https:\/\/schema.org","@graph":[{"@type":"WebPage","@id":"https:\/\/koylio-seura.fi\/?page_id=16","url":"https:\/\/koylio-seura.fi\/?page_id=16","name":"K\u00f6yli\u00f6-p\u00e4iv\u00e4t - K\u00f6yli\u00f6-seura","isPartOf":{"@id":"https:\/\/koylio-seura.fi\/#website"},"datePublished":"2023-07-17T10:21:57+00:00","dateModified":"2025-07-16T18:02:06+00:00","breadcrumb":{"@id":"https:\/\/koylio-seura.fi\/?page_id=16#breadcrumb"},"inLanguage":"fi","potentialAction":[{"@type":"ReadAction","target":["https:\/\/koylio-seura.fi\/?page_id=16"]}]},{"@type":"BreadcrumbList","@id":"https:\/\/koylio-seura.fi\/?page_id=16#breadcrumb","itemListElement":[{"@type":"ListItem","position":1,"name":"Etusivu","item":"https:\/\/koylio-seura.fi\/"},{"@type":"ListItem","position":2,"name":"K\u00f6yli\u00f6-p\u00e4iv\u00e4t"}]},{"@type":"WebSite","@id":"https:\/\/koylio-seura.fi\/#website","url":"https:\/\/koylio-seura.fi\/","name":"K\u00f6yli\u00f6-seura","description":"","publisher":{"@id":"https:\/\/koylio-seura.fi\/#organization"},"potentialAction":[{"@type":"SearchAction","target":{"@type":"EntryPoint","urlTemplate":"https:\/\/koylio-seura.fi\/?s={search_term_string}"},"query-input":{"@type":"PropertyValueSpecification","valueRequired":true,"valueName":"search_term_string"}}],"inLanguage":"fi"},{"@type":"Organization","@id":"https:\/\/koylio-seura.fi\/#organization","name":"K\u00f6yli\u00f6-seura","url":"https:\/\/koylio-seura.fi\/","logo":{"@type":"ImageObject","inLanguage":"fi","@id":"https:\/\/koylio-seura.fi\/#\/schema\/logo\/image\/","url":"https:\/\/koylio-seura.fi\/wp-content\/uploads\/2023\/07\/cropped-KS-logo-23.png","contentUrl":"https:\/\/koylio-seura.fi\/wp-content\/uploads\/2023\/07\/cropped-KS-logo-23.png","width":530,"height":619,"caption":"K\u00f6yli\u00f6-seura"},"image":{"@id":"https:\/\/koylio-seura.fi\/#\/schema\/logo\/image\/"}}]}},"_links":{"self":[{"href":"https:\/\/koylio-seura.fi\/index.php?rest_route=\/wp\/v2\/pages\/16","targetHints":{"allow":["GET"]}}],"collection":[{"href":"https:\/\/koylio-seura.fi\/index.php?rest_route=\/wp\/v2\/pages"}],"about":[{"href":"https:\/\/koylio-seura.fi\/index.php?rest_route=\/wp\/v2\/types\/page"}],"author":[{"embeddable":true,"href":"https:\/\/koylio-seura.fi\/index.php?rest_route=\/wp\/v2\/users\/1"}],"replies":[{"embeddable":true,"href":"https:\/\/koylio-seura.fi\/index.php?rest_route=%2Fwp%2Fv2%2Fcomments&post=16"}],"version-history":[{"count":97,"href":"https:\/\/koylio-seura.fi\/index.php?rest_route=\/wp\/v2\/pages\/16\/revisions"}],"predecessor-version":[{"id":14702,"href":"https:\/\/koylio-seura.fi\/index.php?rest_route=\/wp\/v2\/pages\/16\/revisions\/14702"}],"wp:attachment":[{"href":"https:\/\/koylio-seura.fi\/index.php?rest_route=%2Fwp%2Fv2%2Fmedia&parent=16"}],"curies":[{"name":"wp","href":"https:\/\/api.w.org\/{rel}","templated":true}]}}