{"id":1559,"date":"2023-10-22T12:15:56","date_gmt":"2023-10-22T12:15:56","guid":{"rendered":"https:\/\/koylio-seura.eitcon.com\/?page_id=1559"},"modified":"2024-02-10T11:25:01","modified_gmt":"2024-02-10T11:25:01","slug":"museotaksvarkki-hanke","status":"publish","type":"page","link":"https:\/\/koylio-seura.fi\/?page_id=1559","title":{"rendered":"Museotaksv\u00e4rkki-hanke"},"content":{"rendered":"\t\t<div data-elementor-type=\"wp-page\" data-elementor-id=\"1559\" class=\"elementor elementor-1559\" data-elementor-post-type=\"page\">\n\t\t\t\t\t\t<section class=\"elementor-section elementor-top-section elementor-element elementor-element-b745279 elementor-section-boxed elementor-section-height-default elementor-section-height-default\" data-id=\"b745279\" data-element_type=\"section\">\n\t\t\t\t\t\t<div class=\"elementor-container elementor-column-gap-default\">\n\t\t\t\t\t<div class=\"elementor-column elementor-col-100 elementor-top-column elementor-element elementor-element-3f69811\" data-id=\"3f69811\" data-element_type=\"column\">\n\t\t\t<div class=\"elementor-widget-wrap elementor-element-populated\">\n\t\t\t\t\t\t<div class=\"elementor-element elementor-element-82b7b68 elementor-widget elementor-widget-heading\" data-id=\"82b7b68\" data-element_type=\"widget\" data-widget_type=\"heading.default\">\n\t\t\t\t<div class=\"elementor-widget-container\">\n\t\t\t\t\t<h2 class=\"elementor-heading-title elementor-size-default\">Museotaksv\u00e4rkki-hanke 6.3.2017-toukokuu 2018<\/h2>\t\t\t\t<\/div>\n\t\t\t\t<\/div>\n\t\t\t\t\t<\/div>\n\t\t<\/div>\n\t\t\t\t\t<\/div>\n\t\t<\/section>\n\t\t\t\t<section class=\"elementor-section elementor-top-section elementor-element elementor-element-942c1e1 elementor-section-boxed elementor-section-height-default elementor-section-height-default\" data-id=\"942c1e1\" data-element_type=\"section\">\n\t\t\t\t\t\t<div class=\"elementor-container elementor-column-gap-default\">\n\t\t\t\t\t<div class=\"elementor-column elementor-col-100 elementor-top-column elementor-element elementor-element-8ae2a5d\" data-id=\"8ae2a5d\" data-element_type=\"column\">\n\t\t\t<div class=\"elementor-widget-wrap elementor-element-populated\">\n\t\t\t\t\t\t<div class=\"elementor-element elementor-element-2459977 elementor-widget elementor-widget-text-editor\" data-id=\"2459977\" data-element_type=\"widget\" data-widget_type=\"text-editor.default\">\n\t\t\t\t<div class=\"elementor-widget-container\">\n\t\t\t\t\t\t\t\t\t<p>Hankkeessa olivat mukana:<br \/>K\u00f6yli\u00f6-seura ry, <br \/>K\u00f6yli\u00f6n Museoyhdistys ry, <br \/>Yttil\u00e4n kyl\u00e4yhdistys ry, <br \/>R\u00e4is\u00e4l\u00e4museo, <br \/>K\u00f6yli\u00f6n kappeliseurakunta sek\u00e4 <br \/>Satakunnan Museo.<\/p><p>Hankkeessa ty\u00f6skenteliv\u00e4t:<br \/>Osaaikainen hankkeen johtaja DI, FM Mikko Eskola. <br \/>2.5.2017 hankkeessa aloitti kokoaikainen hankety\u00f6ntekij\u00e4 FM Hanna Jaakola. <br \/>Hankkeessa ty\u00f6skenteli my\u00f6s ammattivalokuvaaja Jaakko Ojala.<\/p><p><a href=\"https:\/\/koylio-seura.fi\/wp-content\/uploads\/2023\/12\/Museohankkeen-hankesuunnitelman-hakemus-23.3.2017.pdf\" target=\"_blank\" rel=\"noopener\">Hankesuunnitelman voit lukea t\u00e4\u00e4lt\u00e4<\/a><\/p><p>Voit tutustua Hanna Jaakolan yll\u00e4pit\u00e4m\u00e4\u00e4n blogiin https:\/\/museotaksvarkki.wordpress.com\/<\/p><p><a href=\"https:\/\/koylio-seura.fi\/wp-content\/uploads\/2023\/12\/Museotaksvarkin-raportti.pdf\" target=\"_blank\" rel=\"noopener\">Tustustu my\u00f6s hankkeen loppuraporttiin<\/a><\/p>\t\t\t\t\t\t\t\t<\/div>\n\t\t\t\t<\/div>\n\t\t\t\t\t<\/div>\n\t\t<\/div>\n\t\t\t\t\t<\/div>\n\t\t<\/section>\n\t\t\t\t<\/div>\n\t\t","protected":false},"excerpt":{"rendered":"<p>Museotaksv\u00e4rkki-hanke 6.3.2017-toukokuu 2018 Hankkeessa olivat mukana:K\u00f6yli\u00f6-seura ry, K\u00f6yli\u00f6n Museoyhdistys ry, Yttil\u00e4n kyl\u00e4yhdistys ry, R\u00e4is\u00e4l\u00e4museo, K\u00f6yli\u00f6n kappeliseurakunta sek\u00e4 Satakunnan Museo. Hankkeessa ty\u00f6skenteliv\u00e4t:Osaaikainen hankkeen johtaja DI, FM Mikko Eskola. 2.5.2017 hankkeessa aloitti kokoaikainen hankety\u00f6ntekij\u00e4 FM Hanna Jaakola. Hankkeessa ty\u00f6skenteli my\u00f6s ammattivalokuvaaja Jaakko &#8230; <a title=\"Museotaksv\u00e4rkki-hanke\" class=\"read-more\" href=\"https:\/\/koylio-seura.fi\/?page_id=1559\" aria-label=\"Lue lis\u00e4\u00e4 aiheesta Museotaksv\u00e4rkki-hanke\">Lue lis\u00e4\u00e4<\/a><\/p>\n","protected":false},"author":1,"featured_media":0,"parent":61,"menu_order":0,"comment_status":"closed","ping_status":"closed","template":"","meta":{"footnotes":""},"class_list":{"0":"post-1559","1":"page","2":"type-page","3":"status-publish","5":"infinite-scroll-item"},"yoast_head":"<!-- This site is optimized with the Yoast SEO plugin v26.6 - https:\/\/yoast.com\/wordpress\/plugins\/seo\/ -->\n<title>Museotaksv\u00e4rkki-hanke - K\u00f6yli\u00f6-seura<\/title>\n<meta name=\"robots\" content=\"index, follow, max-snippet:-1, max-image-preview:large, max-video-preview:-1\" \/>\n<link rel=\"canonical\" href=\"https:\/\/koylio-seura.fi\/?page_id=1559\" \/>\n<meta property=\"og:locale\" content=\"fi_FI\" \/>\n<meta property=\"og:type\" content=\"article\" \/>\n<meta property=\"og:title\" content=\"Museotaksv\u00e4rkki-hanke - K\u00f6yli\u00f6-seura\" \/>\n<meta property=\"og:description\" content=\"Museotaksv\u00e4rkki-hanke 6.3.2017-toukokuu 2018 Hankkeessa olivat mukana:K\u00f6yli\u00f6-seura ry, K\u00f6yli\u00f6n Museoyhdistys ry, Yttil\u00e4n kyl\u00e4yhdistys ry, R\u00e4is\u00e4l\u00e4museo, K\u00f6yli\u00f6n kappeliseurakunta sek\u00e4 Satakunnan Museo. Hankkeessa ty\u00f6skenteliv\u00e4t:Osaaikainen hankkeen johtaja DI, FM Mikko Eskola. 2.5.2017 hankkeessa aloitti kokoaikainen hankety\u00f6ntekij\u00e4 FM Hanna Jaakola. Hankkeessa ty\u00f6skenteli my\u00f6s ammattivalokuvaaja Jaakko ... Lue lis\u00e4\u00e4\" \/>\n<meta property=\"og:url\" content=\"https:\/\/koylio-seura.fi\/?page_id=1559\" \/>\n<meta property=\"og:site_name\" content=\"K\u00f6yli\u00f6-seura\" \/>\n<meta property=\"article:modified_time\" content=\"2024-02-10T11:25:01+00:00\" \/>\n<meta name=\"twitter:card\" content=\"summary_large_image\" \/>\n<meta name=\"twitter:label1\" content=\"Arvioitu lukuaika\" \/>\n\t<meta name=\"twitter:data1\" content=\"1 minuutti\" \/>\n<script type=\"application\/ld+json\" class=\"yoast-schema-graph\">{\"@context\":\"https:\/\/schema.org\",\"@graph\":[{\"@type\":\"WebPage\",\"@id\":\"https:\/\/koylio-seura.fi\/?page_id=1559\",\"url\":\"https:\/\/koylio-seura.fi\/?page_id=1559\",\"name\":\"Museotaksv\u00e4rkki-hanke - K\u00f6yli\u00f6-seura\",\"isPartOf\":{\"@id\":\"https:\/\/koylio-seura.fi\/#website\"},\"datePublished\":\"2023-10-22T12:15:56+00:00\",\"dateModified\":\"2024-02-10T11:25:01+00:00\",\"breadcrumb\":{\"@id\":\"https:\/\/koylio-seura.fi\/?page_id=1559#breadcrumb\"},\"inLanguage\":\"fi\",\"potentialAction\":[{\"@type\":\"ReadAction\",\"target\":[\"https:\/\/koylio-seura.fi\/?page_id=1559\"]}]},{\"@type\":\"BreadcrumbList\",\"@id\":\"https:\/\/koylio-seura.fi\/?page_id=1559#breadcrumb\",\"itemListElement\":[{\"@type\":\"ListItem\",\"position\":1,\"name\":\"Etusivu\",\"item\":\"https:\/\/koylio-seura.fi\/\"},{\"@type\":\"ListItem\",\"position\":2,\"name\":\"K\u00f6yli\u00f6-seura\",\"item\":\"https:\/\/koylio-seura.fi\/\"},{\"@type\":\"ListItem\",\"position\":3,\"name\":\"Hankkeet\",\"item\":\"https:\/\/koylio-seura.fi\/?page_id=61\"},{\"@type\":\"ListItem\",\"position\":4,\"name\":\"Museotaksv\u00e4rkki-hanke\"}]},{\"@type\":\"WebSite\",\"@id\":\"https:\/\/koylio-seura.fi\/#website\",\"url\":\"https:\/\/koylio-seura.fi\/\",\"name\":\"K\u00f6yli\u00f6-seura\",\"description\":\"\",\"publisher\":{\"@id\":\"https:\/\/koylio-seura.fi\/#organization\"},\"potentialAction\":[{\"@type\":\"SearchAction\",\"target\":{\"@type\":\"EntryPoint\",\"urlTemplate\":\"https:\/\/koylio-seura.fi\/?s={search_term_string}\"},\"query-input\":{\"@type\":\"PropertyValueSpecification\",\"valueRequired\":true,\"valueName\":\"search_term_string\"}}],\"inLanguage\":\"fi\"},{\"@type\":\"Organization\",\"@id\":\"https:\/\/koylio-seura.fi\/#organization\",\"name\":\"K\u00f6yli\u00f6-seura\",\"url\":\"https:\/\/koylio-seura.fi\/\",\"logo\":{\"@type\":\"ImageObject\",\"inLanguage\":\"fi\",\"@id\":\"https:\/\/koylio-seura.fi\/#\/schema\/logo\/image\/\",\"url\":\"https:\/\/koylio-seura.fi\/wp-content\/uploads\/2023\/07\/cropped-KS-logo-23.png\",\"contentUrl\":\"https:\/\/koylio-seura.fi\/wp-content\/uploads\/2023\/07\/cropped-KS-logo-23.png\",\"width\":530,\"height\":619,\"caption\":\"K\u00f6yli\u00f6-seura\"},\"image\":{\"@id\":\"https:\/\/koylio-seura.fi\/#\/schema\/logo\/image\/\"}}]}<\/script>\n<!-- \/ Yoast SEO plugin. -->","yoast_head_json":{"title":"Museotaksv\u00e4rkki-hanke - K\u00f6yli\u00f6-seura","robots":{"index":"index","follow":"follow","max-snippet":"max-snippet:-1","max-image-preview":"max-image-preview:large","max-video-preview":"max-video-preview:-1"},"canonical":"https:\/\/koylio-seura.fi\/?page_id=1559","og_locale":"fi_FI","og_type":"article","og_title":"Museotaksv\u00e4rkki-hanke - K\u00f6yli\u00f6-seura","og_description":"Museotaksv\u00e4rkki-hanke 6.3.2017-toukokuu 2018 Hankkeessa olivat mukana:K\u00f6yli\u00f6-seura ry, K\u00f6yli\u00f6n Museoyhdistys ry, Yttil\u00e4n kyl\u00e4yhdistys ry, R\u00e4is\u00e4l\u00e4museo, K\u00f6yli\u00f6n kappeliseurakunta sek\u00e4 Satakunnan Museo. Hankkeessa ty\u00f6skenteliv\u00e4t:Osaaikainen hankkeen johtaja DI, FM Mikko Eskola. 2.5.2017 hankkeessa aloitti kokoaikainen hankety\u00f6ntekij\u00e4 FM Hanna Jaakola. Hankkeessa ty\u00f6skenteli my\u00f6s ammattivalokuvaaja Jaakko ... Lue lis\u00e4\u00e4","og_url":"https:\/\/koylio-seura.fi\/?page_id=1559","og_site_name":"K\u00f6yli\u00f6-seura","article_modified_time":"2024-02-10T11:25:01+00:00","twitter_card":"summary_large_image","twitter_misc":{"Arvioitu lukuaika":"1 minuutti"},"schema":{"@context":"https:\/\/schema.org","@graph":[{"@type":"WebPage","@id":"https:\/\/koylio-seura.fi\/?page_id=1559","url":"https:\/\/koylio-seura.fi\/?page_id=1559","name":"Museotaksv\u00e4rkki-hanke - K\u00f6yli\u00f6-seura","isPartOf":{"@id":"https:\/\/koylio-seura.fi\/#website"},"datePublished":"2023-10-22T12:15:56+00:00","dateModified":"2024-02-10T11:25:01+00:00","breadcrumb":{"@id":"https:\/\/koylio-seura.fi\/?page_id=1559#breadcrumb"},"inLanguage":"fi","potentialAction":[{"@type":"ReadAction","target":["https:\/\/koylio-seura.fi\/?page_id=1559"]}]},{"@type":"BreadcrumbList","@id":"https:\/\/koylio-seura.fi\/?page_id=1559#breadcrumb","itemListElement":[{"@type":"ListItem","position":1,"name":"Etusivu","item":"https:\/\/koylio-seura.fi\/"},{"@type":"ListItem","position":2,"name":"K\u00f6yli\u00f6-seura","item":"https:\/\/koylio-seura.fi\/"},{"@type":"ListItem","position":3,"name":"Hankkeet","item":"https:\/\/koylio-seura.fi\/?page_id=61"},{"@type":"ListItem","position":4,"name":"Museotaksv\u00e4rkki-hanke"}]},{"@type":"WebSite","@id":"https:\/\/koylio-seura.fi\/#website","url":"https:\/\/koylio-seura.fi\/","name":"K\u00f6yli\u00f6-seura","description":"","publisher":{"@id":"https:\/\/koylio-seura.fi\/#organization"},"potentialAction":[{"@type":"SearchAction","target":{"@type":"EntryPoint","urlTemplate":"https:\/\/koylio-seura.fi\/?s={search_term_string}"},"query-input":{"@type":"PropertyValueSpecification","valueRequired":true,"valueName":"search_term_string"}}],"inLanguage":"fi"},{"@type":"Organization","@id":"https:\/\/koylio-seura.fi\/#organization","name":"K\u00f6yli\u00f6-seura","url":"https:\/\/koylio-seura.fi\/","logo":{"@type":"ImageObject","inLanguage":"fi","@id":"https:\/\/koylio-seura.fi\/#\/schema\/logo\/image\/","url":"https:\/\/koylio-seura.fi\/wp-content\/uploads\/2023\/07\/cropped-KS-logo-23.png","contentUrl":"https:\/\/koylio-seura.fi\/wp-content\/uploads\/2023\/07\/cropped-KS-logo-23.png","width":530,"height":619,"caption":"K\u00f6yli\u00f6-seura"},"image":{"@id":"https:\/\/koylio-seura.fi\/#\/schema\/logo\/image\/"}}]}},"_links":{"self":[{"href":"https:\/\/koylio-seura.fi\/index.php?rest_route=\/wp\/v2\/pages\/1559","targetHints":{"allow":["GET"]}}],"collection":[{"href":"https:\/\/koylio-seura.fi\/index.php?rest_route=\/wp\/v2\/pages"}],"about":[{"href":"https:\/\/koylio-seura.fi\/index.php?rest_route=\/wp\/v2\/types\/page"}],"author":[{"embeddable":true,"href":"https:\/\/koylio-seura.fi\/index.php?rest_route=\/wp\/v2\/users\/1"}],"replies":[{"embeddable":true,"href":"https:\/\/koylio-seura.fi\/index.php?rest_route=%2Fwp%2Fv2%2Fcomments&post=1559"}],"version-history":[{"count":19,"href":"https:\/\/koylio-seura.fi\/index.php?rest_route=\/wp\/v2\/pages\/1559\/revisions"}],"predecessor-version":[{"id":6969,"href":"https:\/\/koylio-seura.fi\/index.php?rest_route=\/wp\/v2\/pages\/1559\/revisions\/6969"}],"up":[{"embeddable":true,"href":"https:\/\/koylio-seura.fi\/index.php?rest_route=\/wp\/v2\/pages\/61"}],"wp:attachment":[{"href":"https:\/\/koylio-seura.fi\/index.php?rest_route=%2Fwp%2Fv2%2Fmedia&parent=1559"}],"curies":[{"name":"wp","href":"https:\/\/api.w.org\/{rel}","templated":true}]}}