{"id":1557,"date":"2023-10-22T12:15:17","date_gmt":"2023-10-22T12:15:17","guid":{"rendered":"https:\/\/koylio-seura.eitcon.com\/?page_id=1557"},"modified":"2024-09-07T06:48:55","modified_gmt":"2024-09-07T06:48:55","slug":"koylion-upeat-valokuvat-arkistoon-hanke","status":"publish","type":"page","link":"https:\/\/koylio-seura.fi\/?page_id=1557","title":{"rendered":"K\u00f6yli\u00f6n Upeat Valokuvat Arkistoon -hanke"},"content":{"rendered":"\t\t<div data-elementor-type=\"wp-page\" data-elementor-id=\"1557\" class=\"elementor elementor-1557\" data-elementor-post-type=\"page\">\n\t\t\t\t\t\t<section class=\"elementor-section elementor-top-section elementor-element elementor-element-08dda07 elementor-section-boxed elementor-section-height-default elementor-section-height-default\" data-id=\"08dda07\" data-element_type=\"section\">\n\t\t\t\t\t\t<div class=\"elementor-container elementor-column-gap-default\">\n\t\t\t\t\t<div class=\"elementor-column elementor-col-100 elementor-top-column elementor-element elementor-element-46bfc9b\" data-id=\"46bfc9b\" data-element_type=\"column\">\n\t\t\t<div class=\"elementor-widget-wrap elementor-element-populated\">\n\t\t\t\t\t\t<div class=\"elementor-element elementor-element-c49c530 elementor-widget elementor-widget-heading\" data-id=\"c49c530\" data-element_type=\"widget\" data-widget_type=\"heading.default\">\n\t\t\t\t<div class=\"elementor-widget-container\">\n\t\t\t\t\t<h2 class=\"elementor-heading-title elementor-size-default\">K\u00f6yli\u00f6n upeat valokuvat arkistoon- hanke 1.4.2008-31.10.2012<\/h2>\t\t\t\t<\/div>\n\t\t\t\t<\/div>\n\t\t\t\t\t<\/div>\n\t\t<\/div>\n\t\t\t\t\t<\/div>\n\t\t<\/section>\n\t\t\t\t<section class=\"elementor-section elementor-top-section elementor-element elementor-element-3c363c5 elementor-section-boxed elementor-section-height-default elementor-section-height-default\" data-id=\"3c363c5\" data-element_type=\"section\">\n\t\t\t\t\t\t<div class=\"elementor-container elementor-column-gap-default\">\n\t\t\t\t\t<div class=\"elementor-column elementor-col-100 elementor-top-column elementor-element elementor-element-9693475\" data-id=\"9693475\" data-element_type=\"column\">\n\t\t\t<div class=\"elementor-widget-wrap elementor-element-populated\">\n\t\t\t\t\t\t<div class=\"elementor-element elementor-element-b50e44d elementor-widget__width-initial elementor-widget elementor-widget-text-editor\" data-id=\"b50e44d\" data-element_type=\"widget\" data-widget_type=\"text-editor.default\">\n\t\t\t\t<div class=\"elementor-widget-container\">\n\t\t\t\t\t\t\t\t\t<p>Alkuper\u00e4inen hankesuunnitelma on p\u00e4iv\u00e4lt\u00e4 20.8.2008. Hanke l\u00e4hti, monista eri syist\u00e4 johtuen, etenem\u00e4\u00e4n hitaasti. T\u00e4st\u00e4 syyst\u00e4 alkuper\u00e4inen suunnitelma piti sek\u00e4 tekstien ett\u00e4 budjettimomenttien osalta p\u00e4ivitt\u00e4\u00e4. Kokonaisbudjetti s\u00e4ilyi kuitenkin entisen suuruisena, 32000 euroa.<\/p><figure id=\"attachment_10223\" aria-describedby=\"caption-attachment-10223\" style=\"width: 132px\" class=\"wp-caption alignleft\"><img decoding=\"async\" class=\"wp-image-10223 size-full\" src=\"https:\/\/koylio-seura.fi\/wp-content\/uploads\/2024\/09\/hanketunnus.jpg\" alt=\"\" width=\"142\" height=\"106\" \/><figcaption id=\"caption-attachment-10223\" class=\"wp-caption-text\">Hankkeelle luotiin my\u00f6s oma logo<\/figcaption><\/figure><p><a href=\"https:\/\/koylio-seura.fi\/wp-content\/uploads\/2023\/12\/Koylion-Upeat-Valokuvat-Arkistoon-hankesuunnitelma.pdf\" target=\"_blank\" rel=\"noopener\">P\u00e4ivitetty hankesuunnitelma- versio on p\u00e4iv\u00e4lt\u00e4 18.3.2010<\/a><br \/>T\u00e4m\u00e4nkin j\u00e4lkeen hankkeen toteutukseen haettiin pidennyst\u00e4 viel\u00e4 kerran, 31.10.2012 asti.<\/p><p>Hanke p\u00e4\u00e4ttyi 31.10.2012 ja loppujuhlallisuudet pidettiin siis viel\u00e4 hankkeen aikana, paikkana oli Lallin koulu K\u00f6yli\u00f6ss\u00e4. Juhlassa palkittiin talkoolaisia kunniakirjoin. Vain osa vapaaehtoisina hankkeessa mukana olleista ehti mukaan juhlallisuuksiin.<\/p><p><a href=\"https:\/\/koylio-seura.fi\/wp-content\/uploads\/2024\/09\/Kuva-hankkeen-loppujuhlallisuuksista-valokuvia-.pdf\" target=\"_blank\" rel=\"noopener\">T\u00e4st\u00e4 n\u00e4et muutaman valokuvan hankkeen talkoolaisista ja yhteisty\u00f6kumppaneista.<\/a><\/p><p><br \/>Hankkeen johtaja Kalevi Salmi kertoi powerpoint- esityksen avulla hankkeen kulusta. Tosin hanke sis\u00e4lsi niin paljon tapahtumia, ett\u00e4 vain p\u00e4\u00e4kohdat oli mahdollista selostaa. T\u00e4m\u00e4 powerpoint- esitys on muutettu pdf-tiedostoksi, jossa kuvien laatua on luonnollisesti ja valitettavasti jouduttu huonontamaan.<\/p><p><a href=\"https:\/\/koylio-seura.fi\/wp-content\/uploads\/2024\/03\/kuva_lallin_koulu_27102012.pdf\" target=\"_blank\" rel=\"noopener\">Hankkeen loppujuhlallisuudet pidettiin 27.10.2012<\/a><\/p><p>Suomen Kotiseutuliitto my\u00f6nsi vuonna 2013 hankkeelle <a href=\"https:\/\/koylio-seura.fi\/wp-content\/uploads\/2023\/12\/Vuoden-Kotiseututeko-2013.pdf\" target=\"_blank\" rel=\"noopener\">Vuoden Kotiseututeko-palkinnon<\/a><\/p>\t\t\t\t\t\t\t\t<\/div>\n\t\t\t\t<\/div>\n\t\t\t\t\t<\/div>\n\t\t<\/div>\n\t\t\t\t\t<\/div>\n\t\t<\/section>\n\t\t\t\t<\/div>\n\t\t","protected":false},"excerpt":{"rendered":"<p>K\u00f6yli\u00f6n upeat valokuvat arkistoon- hanke 1.4.2008-31.10.2012 Alkuper\u00e4inen hankesuunnitelma on p\u00e4iv\u00e4lt\u00e4 20.8.2008. Hanke l\u00e4hti, monista eri syist\u00e4 johtuen, etenem\u00e4\u00e4n hitaasti. T\u00e4st\u00e4 syyst\u00e4 alkuper\u00e4inen suunnitelma piti sek\u00e4 tekstien ett\u00e4 budjettimomenttien osalta p\u00e4ivitt\u00e4\u00e4. Kokonaisbudjetti s\u00e4ilyi kuitenkin entisen suuruisena, 32000 euroa. P\u00e4ivitetty hankesuunnitelma- versio &#8230; <a title=\"K\u00f6yli\u00f6n Upeat Valokuvat Arkistoon -hanke\" class=\"read-more\" href=\"https:\/\/koylio-seura.fi\/?page_id=1557\" aria-label=\"Lue lis\u00e4\u00e4 aiheesta K\u00f6yli\u00f6n Upeat Valokuvat Arkistoon -hanke\">Lue lis\u00e4\u00e4<\/a><\/p>\n","protected":false},"author":1,"featured_media":0,"parent":61,"menu_order":0,"comment_status":"closed","ping_status":"closed","template":"","meta":{"footnotes":""},"class_list":{"0":"post-1557","1":"page","2":"type-page","3":"status-publish","5":"infinite-scroll-item"},"yoast_head":"<!-- This site is optimized with the Yoast SEO plugin v26.6 - https:\/\/yoast.com\/wordpress\/plugins\/seo\/ -->\n<title>K\u00f6yli\u00f6n Upeat Valokuvat Arkistoon -hanke - K\u00f6yli\u00f6-seura<\/title>\n<meta name=\"robots\" content=\"index, follow, max-snippet:-1, max-image-preview:large, max-video-preview:-1\" \/>\n<link rel=\"canonical\" href=\"https:\/\/koylio-seura.fi\/?page_id=1557\" \/>\n<meta property=\"og:locale\" content=\"fi_FI\" \/>\n<meta property=\"og:type\" content=\"article\" \/>\n<meta property=\"og:title\" content=\"K\u00f6yli\u00f6n Upeat Valokuvat Arkistoon -hanke - K\u00f6yli\u00f6-seura\" \/>\n<meta property=\"og:description\" content=\"K\u00f6yli\u00f6n upeat valokuvat arkistoon- hanke 1.4.2008-31.10.2012 Alkuper\u00e4inen hankesuunnitelma on p\u00e4iv\u00e4lt\u00e4 20.8.2008. Hanke l\u00e4hti, monista eri syist\u00e4 johtuen, etenem\u00e4\u00e4n hitaasti. T\u00e4st\u00e4 syyst\u00e4 alkuper\u00e4inen suunnitelma piti sek\u00e4 tekstien ett\u00e4 budjettimomenttien osalta p\u00e4ivitt\u00e4\u00e4. Kokonaisbudjetti s\u00e4ilyi kuitenkin entisen suuruisena, 32000 euroa. P\u00e4ivitetty hankesuunnitelma- versio ... Lue lis\u00e4\u00e4\" \/>\n<meta property=\"og:url\" content=\"https:\/\/koylio-seura.fi\/?page_id=1557\" \/>\n<meta property=\"og:site_name\" content=\"K\u00f6yli\u00f6-seura\" \/>\n<meta property=\"article:modified_time\" content=\"2024-09-07T06:48:55+00:00\" \/>\n<meta property=\"og:image\" content=\"https:\/\/koylio-seura.fi\/wp-content\/uploads\/2024\/09\/hanketunnus.jpg\" \/>\n<meta name=\"twitter:card\" content=\"summary_large_image\" \/>\n<meta name=\"twitter:label1\" content=\"Arvioitu lukuaika\" \/>\n\t<meta name=\"twitter:data1\" content=\"2 minuuttia\" \/>\n<script type=\"application\/ld+json\" class=\"yoast-schema-graph\">{\"@context\":\"https:\/\/schema.org\",\"@graph\":[{\"@type\":\"WebPage\",\"@id\":\"https:\/\/koylio-seura.fi\/?page_id=1557\",\"url\":\"https:\/\/koylio-seura.fi\/?page_id=1557\",\"name\":\"K\u00f6yli\u00f6n Upeat Valokuvat Arkistoon -hanke - K\u00f6yli\u00f6-seura\",\"isPartOf\":{\"@id\":\"https:\/\/koylio-seura.fi\/#website\"},\"primaryImageOfPage\":{\"@id\":\"https:\/\/koylio-seura.fi\/?page_id=1557#primaryimage\"},\"image\":{\"@id\":\"https:\/\/koylio-seura.fi\/?page_id=1557#primaryimage\"},\"thumbnailUrl\":\"https:\/\/koylio-seura.fi\/wp-content\/uploads\/2024\/09\/hanketunnus.jpg\",\"datePublished\":\"2023-10-22T12:15:17+00:00\",\"dateModified\":\"2024-09-07T06:48:55+00:00\",\"breadcrumb\":{\"@id\":\"https:\/\/koylio-seura.fi\/?page_id=1557#breadcrumb\"},\"inLanguage\":\"fi\",\"potentialAction\":[{\"@type\":\"ReadAction\",\"target\":[\"https:\/\/koylio-seura.fi\/?page_id=1557\"]}]},{\"@type\":\"ImageObject\",\"inLanguage\":\"fi\",\"@id\":\"https:\/\/koylio-seura.fi\/?page_id=1557#primaryimage\",\"url\":\"https:\/\/koylio-seura.fi\/wp-content\/uploads\/2024\/09\/hanketunnus.jpg\",\"contentUrl\":\"https:\/\/koylio-seura.fi\/wp-content\/uploads\/2024\/09\/hanketunnus.jpg\",\"width\":142,\"height\":106,\"caption\":\"Hankkeellal luotiin my\u00f6s oma logo\"},{\"@type\":\"BreadcrumbList\",\"@id\":\"https:\/\/koylio-seura.fi\/?page_id=1557#breadcrumb\",\"itemListElement\":[{\"@type\":\"ListItem\",\"position\":1,\"name\":\"Etusivu\",\"item\":\"https:\/\/koylio-seura.fi\/\"},{\"@type\":\"ListItem\",\"position\":2,\"name\":\"K\u00f6yli\u00f6-seura\",\"item\":\"https:\/\/koylio-seura.fi\/\"},{\"@type\":\"ListItem\",\"position\":3,\"name\":\"Hankkeet\",\"item\":\"https:\/\/koylio-seura.fi\/?page_id=61\"},{\"@type\":\"ListItem\",\"position\":4,\"name\":\"K\u00f6yli\u00f6n Upeat Valokuvat Arkistoon -hanke\"}]},{\"@type\":\"WebSite\",\"@id\":\"https:\/\/koylio-seura.fi\/#website\",\"url\":\"https:\/\/koylio-seura.fi\/\",\"name\":\"K\u00f6yli\u00f6-seura\",\"description\":\"\",\"publisher\":{\"@id\":\"https:\/\/koylio-seura.fi\/#organization\"},\"potentialAction\":[{\"@type\":\"SearchAction\",\"target\":{\"@type\":\"EntryPoint\",\"urlTemplate\":\"https:\/\/koylio-seura.fi\/?s={search_term_string}\"},\"query-input\":{\"@type\":\"PropertyValueSpecification\",\"valueRequired\":true,\"valueName\":\"search_term_string\"}}],\"inLanguage\":\"fi\"},{\"@type\":\"Organization\",\"@id\":\"https:\/\/koylio-seura.fi\/#organization\",\"name\":\"K\u00f6yli\u00f6-seura\",\"url\":\"https:\/\/koylio-seura.fi\/\",\"logo\":{\"@type\":\"ImageObject\",\"inLanguage\":\"fi\",\"@id\":\"https:\/\/koylio-seura.fi\/#\/schema\/logo\/image\/\",\"url\":\"https:\/\/koylio-seura.fi\/wp-content\/uploads\/2023\/07\/cropped-KS-logo-23.png\",\"contentUrl\":\"https:\/\/koylio-seura.fi\/wp-content\/uploads\/2023\/07\/cropped-KS-logo-23.png\",\"width\":530,\"height\":619,\"caption\":\"K\u00f6yli\u00f6-seura\"},\"image\":{\"@id\":\"https:\/\/koylio-seura.fi\/#\/schema\/logo\/image\/\"}}]}<\/script>\n<!-- \/ Yoast SEO plugin. -->","yoast_head_json":{"title":"K\u00f6yli\u00f6n Upeat Valokuvat Arkistoon -hanke - K\u00f6yli\u00f6-seura","robots":{"index":"index","follow":"follow","max-snippet":"max-snippet:-1","max-image-preview":"max-image-preview:large","max-video-preview":"max-video-preview:-1"},"canonical":"https:\/\/koylio-seura.fi\/?page_id=1557","og_locale":"fi_FI","og_type":"article","og_title":"K\u00f6yli\u00f6n Upeat Valokuvat Arkistoon -hanke - K\u00f6yli\u00f6-seura","og_description":"K\u00f6yli\u00f6n upeat valokuvat arkistoon- hanke 1.4.2008-31.10.2012 Alkuper\u00e4inen hankesuunnitelma on p\u00e4iv\u00e4lt\u00e4 20.8.2008. Hanke l\u00e4hti, monista eri syist\u00e4 johtuen, etenem\u00e4\u00e4n hitaasti. T\u00e4st\u00e4 syyst\u00e4 alkuper\u00e4inen suunnitelma piti sek\u00e4 tekstien ett\u00e4 budjettimomenttien osalta p\u00e4ivitt\u00e4\u00e4. Kokonaisbudjetti s\u00e4ilyi kuitenkin entisen suuruisena, 32000 euroa. P\u00e4ivitetty hankesuunnitelma- versio ... Lue lis\u00e4\u00e4","og_url":"https:\/\/koylio-seura.fi\/?page_id=1557","og_site_name":"K\u00f6yli\u00f6-seura","article_modified_time":"2024-09-07T06:48:55+00:00","og_image":[{"url":"https:\/\/koylio-seura.fi\/wp-content\/uploads\/2024\/09\/hanketunnus.jpg","type":"","width":"","height":""}],"twitter_card":"summary_large_image","twitter_misc":{"Arvioitu lukuaika":"2 minuuttia"},"schema":{"@context":"https:\/\/schema.org","@graph":[{"@type":"WebPage","@id":"https:\/\/koylio-seura.fi\/?page_id=1557","url":"https:\/\/koylio-seura.fi\/?page_id=1557","name":"K\u00f6yli\u00f6n Upeat Valokuvat Arkistoon -hanke - K\u00f6yli\u00f6-seura","isPartOf":{"@id":"https:\/\/koylio-seura.fi\/#website"},"primaryImageOfPage":{"@id":"https:\/\/koylio-seura.fi\/?page_id=1557#primaryimage"},"image":{"@id":"https:\/\/koylio-seura.fi\/?page_id=1557#primaryimage"},"thumbnailUrl":"https:\/\/koylio-seura.fi\/wp-content\/uploads\/2024\/09\/hanketunnus.jpg","datePublished":"2023-10-22T12:15:17+00:00","dateModified":"2024-09-07T06:48:55+00:00","breadcrumb":{"@id":"https:\/\/koylio-seura.fi\/?page_id=1557#breadcrumb"},"inLanguage":"fi","potentialAction":[{"@type":"ReadAction","target":["https:\/\/koylio-seura.fi\/?page_id=1557"]}]},{"@type":"ImageObject","inLanguage":"fi","@id":"https:\/\/koylio-seura.fi\/?page_id=1557#primaryimage","url":"https:\/\/koylio-seura.fi\/wp-content\/uploads\/2024\/09\/hanketunnus.jpg","contentUrl":"https:\/\/koylio-seura.fi\/wp-content\/uploads\/2024\/09\/hanketunnus.jpg","width":142,"height":106,"caption":"Hankkeellal luotiin my\u00f6s oma logo"},{"@type":"BreadcrumbList","@id":"https:\/\/koylio-seura.fi\/?page_id=1557#breadcrumb","itemListElement":[{"@type":"ListItem","position":1,"name":"Etusivu","item":"https:\/\/koylio-seura.fi\/"},{"@type":"ListItem","position":2,"name":"K\u00f6yli\u00f6-seura","item":"https:\/\/koylio-seura.fi\/"},{"@type":"ListItem","position":3,"name":"Hankkeet","item":"https:\/\/koylio-seura.fi\/?page_id=61"},{"@type":"ListItem","position":4,"name":"K\u00f6yli\u00f6n Upeat Valokuvat Arkistoon -hanke"}]},{"@type":"WebSite","@id":"https:\/\/koylio-seura.fi\/#website","url":"https:\/\/koylio-seura.fi\/","name":"K\u00f6yli\u00f6-seura","description":"","publisher":{"@id":"https:\/\/koylio-seura.fi\/#organization"},"potentialAction":[{"@type":"SearchAction","target":{"@type":"EntryPoint","urlTemplate":"https:\/\/koylio-seura.fi\/?s={search_term_string}"},"query-input":{"@type":"PropertyValueSpecification","valueRequired":true,"valueName":"search_term_string"}}],"inLanguage":"fi"},{"@type":"Organization","@id":"https:\/\/koylio-seura.fi\/#organization","name":"K\u00f6yli\u00f6-seura","url":"https:\/\/koylio-seura.fi\/","logo":{"@type":"ImageObject","inLanguage":"fi","@id":"https:\/\/koylio-seura.fi\/#\/schema\/logo\/image\/","url":"https:\/\/koylio-seura.fi\/wp-content\/uploads\/2023\/07\/cropped-KS-logo-23.png","contentUrl":"https:\/\/koylio-seura.fi\/wp-content\/uploads\/2023\/07\/cropped-KS-logo-23.png","width":530,"height":619,"caption":"K\u00f6yli\u00f6-seura"},"image":{"@id":"https:\/\/koylio-seura.fi\/#\/schema\/logo\/image\/"}}]}},"_links":{"self":[{"href":"https:\/\/koylio-seura.fi\/index.php?rest_route=\/wp\/v2\/pages\/1557","targetHints":{"allow":["GET"]}}],"collection":[{"href":"https:\/\/koylio-seura.fi\/index.php?rest_route=\/wp\/v2\/pages"}],"about":[{"href":"https:\/\/koylio-seura.fi\/index.php?rest_route=\/wp\/v2\/types\/page"}],"author":[{"embeddable":true,"href":"https:\/\/koylio-seura.fi\/index.php?rest_route=\/wp\/v2\/users\/1"}],"replies":[{"embeddable":true,"href":"https:\/\/koylio-seura.fi\/index.php?rest_route=%2Fwp%2Fv2%2Fcomments&post=1557"}],"version-history":[{"count":49,"href":"https:\/\/koylio-seura.fi\/index.php?rest_route=\/wp\/v2\/pages\/1557\/revisions"}],"predecessor-version":[{"id":10248,"href":"https:\/\/koylio-seura.fi\/index.php?rest_route=\/wp\/v2\/pages\/1557\/revisions\/10248"}],"up":[{"embeddable":true,"href":"https:\/\/koylio-seura.fi\/index.php?rest_route=\/wp\/v2\/pages\/61"}],"wp:attachment":[{"href":"https:\/\/koylio-seura.fi\/index.php?rest_route=%2Fwp%2Fv2%2Fmedia&parent=1557"}],"curies":[{"name":"wp","href":"https:\/\/api.w.org\/{rel}","templated":true}]}}