{"id":1555,"date":"2023-10-22T12:14:12","date_gmt":"2023-10-22T12:14:12","guid":{"rendered":"https:\/\/koylio-seura.eitcon.com\/?page_id=1555"},"modified":"2024-09-07T06:10:14","modified_gmt":"2024-09-07T06:10:14","slug":"yttilan-otta-tutuksi-hanke","status":"publish","type":"page","link":"https:\/\/koylio-seura.fi\/?page_id=1555","title":{"rendered":"Yttil\u00e4n Otta tutuksi -hanke"},"content":{"rendered":"\t\t<div data-elementor-type=\"wp-page\" data-elementor-id=\"1555\" class=\"elementor elementor-1555\" data-elementor-post-type=\"page\">\n\t\t\t\t\t\t<section class=\"elementor-section elementor-top-section elementor-element elementor-element-2b59fdd elementor-section-boxed elementor-section-height-default elementor-section-height-default\" data-id=\"2b59fdd\" data-element_type=\"section\">\n\t\t\t\t\t\t<div class=\"elementor-container elementor-column-gap-default\">\n\t\t\t\t\t<div class=\"elementor-column elementor-col-100 elementor-top-column elementor-element elementor-element-8ac74f3\" data-id=\"8ac74f3\" data-element_type=\"column\">\n\t\t\t<div class=\"elementor-widget-wrap elementor-element-populated\">\n\t\t\t\t\t\t<div class=\"elementor-element elementor-element-648ec9c elementor-widget elementor-widget-heading\" data-id=\"648ec9c\" data-element_type=\"widget\" data-widget_type=\"heading.default\">\n\t\t\t\t<div class=\"elementor-widget-container\">\n\t\t\t\t\t<h2 class=\"elementor-heading-title elementor-size-default\">Yttil\u00e4n Otta Tutuksi-hanke 1.3.2005-30.11.2005<\/h2>\t\t\t\t<\/div>\n\t\t\t\t<\/div>\n\t\t\t\t\t<\/div>\n\t\t<\/div>\n\t\t\t\t\t<\/div>\n\t\t<\/section>\n\t\t\t\t<section class=\"elementor-section elementor-top-section elementor-element elementor-element-619fb2d elementor-section-boxed elementor-section-height-default elementor-section-height-default\" data-id=\"619fb2d\" data-element_type=\"section\">\n\t\t\t\t\t\t<div class=\"elementor-container elementor-column-gap-default\">\n\t\t\t\t\t<div class=\"elementor-column elementor-col-100 elementor-top-column elementor-element elementor-element-09f2723\" data-id=\"09f2723\" data-element_type=\"column\">\n\t\t\t<div class=\"elementor-widget-wrap elementor-element-populated\">\n\t\t\t\t\t\t<div class=\"elementor-element elementor-element-d10743a elementor-widget elementor-widget-text-editor\" data-id=\"d10743a\" data-element_type=\"widget\" data-widget_type=\"text-editor.default\">\n\t\t\t\t<div class=\"elementor-widget-container\">\n\t\t\t\t\t\t\t\t\t<p><strong>Hanke p\u00e4hkin\u00e4nkuoressa<\/strong><\/p><figure id=\"attachment_10222\" aria-describedby=\"caption-attachment-10222\" style=\"width: 204px\" class=\"wp-caption alignleft\"><img fetchpriority=\"high\" decoding=\"async\" class=\"wp-image-10222 size-medium\" src=\"https:\/\/koylio-seura.fi\/wp-content\/uploads\/2024\/09\/yot_tunnus-214x300.jpg\" alt=\"\" width=\"214\" height=\"300\" srcset=\"https:\/\/koylio-seura.fi\/wp-content\/uploads\/2024\/09\/yot_tunnus-214x300.jpg 214w, https:\/\/koylio-seura.fi\/wp-content\/uploads\/2024\/09\/yot_tunnus.jpg 283w\" sizes=\"(max-width: 214px) 100vw, 214px\" \/><figcaption id=\"caption-attachment-10222\" class=\"wp-caption-text\">Hankkeelle luotiin my\u00f6s oma logo<\/figcaption><\/figure><p><strong><br \/><\/strong>Lukuisat K\u00f6yli\u00f6n alueelta tehdyt muinaisl\u00f6yd\u00f6kset osoittavat, ett\u00e4 jo kivikaudelta asti esi-is\u00e4t ovat asuneet ja hankkineet elantonsa K\u00f6yli\u00f6st\u00e4.<br \/>Hankkeessa tutustutaan K\u00f6yli\u00f6n t\u00e4h\u00e4n astisiin arkeologisiin kaivauksiin ja l\u00f6yt\u00f6ihin sek\u00e4 etsit\u00e4\u00e4n Yttil\u00e4n Ottan kaivauksilla uutta tietoa alueen historiasta; pyrit\u00e4\u00e4n mm. hahmottamaan 1751 palaneen ja j\u00e4rveen kaatuneen kirkontornin sijaintia. Tavoitteena on my\u00f6s selvitt\u00e4\u00e4 mahdollisuuksia my\u00f6hemmille laajemmille kaivauksille sek\u00e4 monin tavoin aktivoida k\u00f6yli\u00f6l\u00e4isi\u00e4 tutustumaan omaan rikkaaseen historiaansa.<br \/>Hankkeseen my\u00f6nsi rahoitusta TE-keskus, ja rahoituksen hakuun liittyv\u00e4t toimenpiteen hoidettiin Pyh\u00e4j\u00e4rviseudun Kehitt\u00e4misyhdistyksen kautta. Hankkeen kokonaisbudjetti oli 49960 euroa.<\/p><p><a href=\"https:\/\/koylio-seura.fi\/wp-content\/uploads\/2023\/12\/Yttilan-Otta-Tutuksi-hankesuunnitelma.pdf\" target=\"_blank\" rel=\"noopener\">Hankesuunnitelman voi lukea<\/a><\/p><p><a href=\"https:\/\/koylio-seura.fi\/wp-content\/uploads\/2024\/04\/Kuva-hanke-teneminen.pdf\" target=\"_blank\" rel=\"noopener\">Tutustu my\u00f6s hankkeen tapahtumiin<\/a><\/p>\t\t\t\t\t\t\t\t<\/div>\n\t\t\t\t<\/div>\n\t\t\t\t\t<\/div>\n\t\t<\/div>\n\t\t\t\t\t<\/div>\n\t\t<\/section>\n\t\t\t\t<\/div>\n\t\t","protected":false},"excerpt":{"rendered":"<p>Yttil\u00e4n Otta Tutuksi-hanke 1.3.2005-30.11.2005 Hanke p\u00e4hkin\u00e4nkuoressa Lukuisat K\u00f6yli\u00f6n alueelta tehdyt muinaisl\u00f6yd\u00f6kset osoittavat, ett\u00e4 jo kivikaudelta asti esi-is\u00e4t ovat asuneet ja hankkineet elantonsa K\u00f6yli\u00f6st\u00e4.Hankkeessa tutustutaan K\u00f6yli\u00f6n t\u00e4h\u00e4n astisiin arkeologisiin kaivauksiin ja l\u00f6yt\u00f6ihin sek\u00e4 etsit\u00e4\u00e4n Yttil\u00e4n Ottan kaivauksilla uutta tietoa alueen historiasta; &#8230; <a title=\"Yttil\u00e4n Otta tutuksi -hanke\" class=\"read-more\" href=\"https:\/\/koylio-seura.fi\/?page_id=1555\" aria-label=\"Lue lis\u00e4\u00e4 aiheesta Yttil\u00e4n Otta tutuksi -hanke\">Lue lis\u00e4\u00e4<\/a><\/p>\n","protected":false},"author":1,"featured_media":0,"parent":61,"menu_order":0,"comment_status":"closed","ping_status":"closed","template":"","meta":{"footnotes":""},"class_list":{"0":"post-1555","1":"page","2":"type-page","3":"status-publish","5":"infinite-scroll-item"},"yoast_head":"<!-- This site is optimized with the Yoast SEO plugin v26.6 - https:\/\/yoast.com\/wordpress\/plugins\/seo\/ -->\n<title>Yttil\u00e4n Otta tutuksi -hanke - K\u00f6yli\u00f6-seura<\/title>\n<meta name=\"robots\" content=\"index, follow, max-snippet:-1, max-image-preview:large, max-video-preview:-1\" \/>\n<link rel=\"canonical\" href=\"https:\/\/koylio-seura.fi\/?page_id=1555\" \/>\n<meta property=\"og:locale\" content=\"fi_FI\" \/>\n<meta property=\"og:type\" content=\"article\" \/>\n<meta property=\"og:title\" content=\"Yttil\u00e4n Otta tutuksi -hanke - K\u00f6yli\u00f6-seura\" \/>\n<meta property=\"og:description\" content=\"Yttil\u00e4n Otta Tutuksi-hanke 1.3.2005-30.11.2005 Hanke p\u00e4hkin\u00e4nkuoressa Lukuisat K\u00f6yli\u00f6n alueelta tehdyt muinaisl\u00f6yd\u00f6kset osoittavat, ett\u00e4 jo kivikaudelta asti esi-is\u00e4t ovat asuneet ja hankkineet elantonsa K\u00f6yli\u00f6st\u00e4.Hankkeessa tutustutaan K\u00f6yli\u00f6n t\u00e4h\u00e4n astisiin arkeologisiin kaivauksiin ja l\u00f6yt\u00f6ihin sek\u00e4 etsit\u00e4\u00e4n Yttil\u00e4n Ottan kaivauksilla uutta tietoa alueen historiasta; ... Lue lis\u00e4\u00e4\" \/>\n<meta property=\"og:url\" content=\"https:\/\/koylio-seura.fi\/?page_id=1555\" \/>\n<meta property=\"og:site_name\" content=\"K\u00f6yli\u00f6-seura\" \/>\n<meta property=\"article:modified_time\" content=\"2024-09-07T06:10:14+00:00\" \/>\n<meta property=\"og:image\" content=\"https:\/\/koylio-seura.fi\/wp-content\/uploads\/2024\/09\/yot_tunnus-214x300.jpg\" \/>\n<meta name=\"twitter:card\" content=\"summary_large_image\" \/>\n<meta name=\"twitter:label1\" content=\"Arvioitu lukuaika\" \/>\n\t<meta name=\"twitter:data1\" content=\"1 minuutti\" \/>\n<script type=\"application\/ld+json\" class=\"yoast-schema-graph\">{\"@context\":\"https:\/\/schema.org\",\"@graph\":[{\"@type\":\"WebPage\",\"@id\":\"https:\/\/koylio-seura.fi\/?page_id=1555\",\"url\":\"https:\/\/koylio-seura.fi\/?page_id=1555\",\"name\":\"Yttil\u00e4n Otta tutuksi -hanke - K\u00f6yli\u00f6-seura\",\"isPartOf\":{\"@id\":\"https:\/\/koylio-seura.fi\/#website\"},\"primaryImageOfPage\":{\"@id\":\"https:\/\/koylio-seura.fi\/?page_id=1555#primaryimage\"},\"image\":{\"@id\":\"https:\/\/koylio-seura.fi\/?page_id=1555#primaryimage\"},\"thumbnailUrl\":\"https:\/\/koylio-seura.fi\/wp-content\/uploads\/2024\/09\/yot_tunnus-214x300.jpg\",\"datePublished\":\"2023-10-22T12:14:12+00:00\",\"dateModified\":\"2024-09-07T06:10:14+00:00\",\"breadcrumb\":{\"@id\":\"https:\/\/koylio-seura.fi\/?page_id=1555#breadcrumb\"},\"inLanguage\":\"fi\",\"potentialAction\":[{\"@type\":\"ReadAction\",\"target\":[\"https:\/\/koylio-seura.fi\/?page_id=1555\"]}]},{\"@type\":\"ImageObject\",\"inLanguage\":\"fi\",\"@id\":\"https:\/\/koylio-seura.fi\/?page_id=1555#primaryimage\",\"url\":\"https:\/\/koylio-seura.fi\/wp-content\/uploads\/2024\/09\/yot_tunnus.jpg\",\"contentUrl\":\"https:\/\/koylio-seura.fi\/wp-content\/uploads\/2024\/09\/yot_tunnus.jpg\",\"width\":283,\"height\":397,\"caption\":\"Hankkeelle luotiin my\u00f6s oma logo\"},{\"@type\":\"BreadcrumbList\",\"@id\":\"https:\/\/koylio-seura.fi\/?page_id=1555#breadcrumb\",\"itemListElement\":[{\"@type\":\"ListItem\",\"position\":1,\"name\":\"Etusivu\",\"item\":\"https:\/\/koylio-seura.fi\/\"},{\"@type\":\"ListItem\",\"position\":2,\"name\":\"K\u00f6yli\u00f6-seura\",\"item\":\"https:\/\/koylio-seura.fi\/\"},{\"@type\":\"ListItem\",\"position\":3,\"name\":\"Hankkeet\",\"item\":\"https:\/\/koylio-seura.fi\/?page_id=61\"},{\"@type\":\"ListItem\",\"position\":4,\"name\":\"Yttil\u00e4n Otta tutuksi -hanke\"}]},{\"@type\":\"WebSite\",\"@id\":\"https:\/\/koylio-seura.fi\/#website\",\"url\":\"https:\/\/koylio-seura.fi\/\",\"name\":\"K\u00f6yli\u00f6-seura\",\"description\":\"\",\"publisher\":{\"@id\":\"https:\/\/koylio-seura.fi\/#organization\"},\"potentialAction\":[{\"@type\":\"SearchAction\",\"target\":{\"@type\":\"EntryPoint\",\"urlTemplate\":\"https:\/\/koylio-seura.fi\/?s={search_term_string}\"},\"query-input\":{\"@type\":\"PropertyValueSpecification\",\"valueRequired\":true,\"valueName\":\"search_term_string\"}}],\"inLanguage\":\"fi\"},{\"@type\":\"Organization\",\"@id\":\"https:\/\/koylio-seura.fi\/#organization\",\"name\":\"K\u00f6yli\u00f6-seura\",\"url\":\"https:\/\/koylio-seura.fi\/\",\"logo\":{\"@type\":\"ImageObject\",\"inLanguage\":\"fi\",\"@id\":\"https:\/\/koylio-seura.fi\/#\/schema\/logo\/image\/\",\"url\":\"https:\/\/koylio-seura.fi\/wp-content\/uploads\/2023\/07\/cropped-KS-logo-23.png\",\"contentUrl\":\"https:\/\/koylio-seura.fi\/wp-content\/uploads\/2023\/07\/cropped-KS-logo-23.png\",\"width\":530,\"height\":619,\"caption\":\"K\u00f6yli\u00f6-seura\"},\"image\":{\"@id\":\"https:\/\/koylio-seura.fi\/#\/schema\/logo\/image\/\"}}]}<\/script>\n<!-- \/ Yoast SEO plugin. -->","yoast_head_json":{"title":"Yttil\u00e4n Otta tutuksi -hanke - K\u00f6yli\u00f6-seura","robots":{"index":"index","follow":"follow","max-snippet":"max-snippet:-1","max-image-preview":"max-image-preview:large","max-video-preview":"max-video-preview:-1"},"canonical":"https:\/\/koylio-seura.fi\/?page_id=1555","og_locale":"fi_FI","og_type":"article","og_title":"Yttil\u00e4n Otta tutuksi -hanke - K\u00f6yli\u00f6-seura","og_description":"Yttil\u00e4n Otta Tutuksi-hanke 1.3.2005-30.11.2005 Hanke p\u00e4hkin\u00e4nkuoressa Lukuisat K\u00f6yli\u00f6n alueelta tehdyt muinaisl\u00f6yd\u00f6kset osoittavat, ett\u00e4 jo kivikaudelta asti esi-is\u00e4t ovat asuneet ja hankkineet elantonsa K\u00f6yli\u00f6st\u00e4.Hankkeessa tutustutaan K\u00f6yli\u00f6n t\u00e4h\u00e4n astisiin arkeologisiin kaivauksiin ja l\u00f6yt\u00f6ihin sek\u00e4 etsit\u00e4\u00e4n Yttil\u00e4n Ottan kaivauksilla uutta tietoa alueen historiasta; ... Lue lis\u00e4\u00e4","og_url":"https:\/\/koylio-seura.fi\/?page_id=1555","og_site_name":"K\u00f6yli\u00f6-seura","article_modified_time":"2024-09-07T06:10:14+00:00","og_image":[{"url":"https:\/\/koylio-seura.fi\/wp-content\/uploads\/2024\/09\/yot_tunnus-214x300.jpg","type":"","width":"","height":""}],"twitter_card":"summary_large_image","twitter_misc":{"Arvioitu lukuaika":"1 minuutti"},"schema":{"@context":"https:\/\/schema.org","@graph":[{"@type":"WebPage","@id":"https:\/\/koylio-seura.fi\/?page_id=1555","url":"https:\/\/koylio-seura.fi\/?page_id=1555","name":"Yttil\u00e4n Otta tutuksi -hanke - K\u00f6yli\u00f6-seura","isPartOf":{"@id":"https:\/\/koylio-seura.fi\/#website"},"primaryImageOfPage":{"@id":"https:\/\/koylio-seura.fi\/?page_id=1555#primaryimage"},"image":{"@id":"https:\/\/koylio-seura.fi\/?page_id=1555#primaryimage"},"thumbnailUrl":"https:\/\/koylio-seura.fi\/wp-content\/uploads\/2024\/09\/yot_tunnus-214x300.jpg","datePublished":"2023-10-22T12:14:12+00:00","dateModified":"2024-09-07T06:10:14+00:00","breadcrumb":{"@id":"https:\/\/koylio-seura.fi\/?page_id=1555#breadcrumb"},"inLanguage":"fi","potentialAction":[{"@type":"ReadAction","target":["https:\/\/koylio-seura.fi\/?page_id=1555"]}]},{"@type":"ImageObject","inLanguage":"fi","@id":"https:\/\/koylio-seura.fi\/?page_id=1555#primaryimage","url":"https:\/\/koylio-seura.fi\/wp-content\/uploads\/2024\/09\/yot_tunnus.jpg","contentUrl":"https:\/\/koylio-seura.fi\/wp-content\/uploads\/2024\/09\/yot_tunnus.jpg","width":283,"height":397,"caption":"Hankkeelle luotiin my\u00f6s oma logo"},{"@type":"BreadcrumbList","@id":"https:\/\/koylio-seura.fi\/?page_id=1555#breadcrumb","itemListElement":[{"@type":"ListItem","position":1,"name":"Etusivu","item":"https:\/\/koylio-seura.fi\/"},{"@type":"ListItem","position":2,"name":"K\u00f6yli\u00f6-seura","item":"https:\/\/koylio-seura.fi\/"},{"@type":"ListItem","position":3,"name":"Hankkeet","item":"https:\/\/koylio-seura.fi\/?page_id=61"},{"@type":"ListItem","position":4,"name":"Yttil\u00e4n Otta tutuksi -hanke"}]},{"@type":"WebSite","@id":"https:\/\/koylio-seura.fi\/#website","url":"https:\/\/koylio-seura.fi\/","name":"K\u00f6yli\u00f6-seura","description":"","publisher":{"@id":"https:\/\/koylio-seura.fi\/#organization"},"potentialAction":[{"@type":"SearchAction","target":{"@type":"EntryPoint","urlTemplate":"https:\/\/koylio-seura.fi\/?s={search_term_string}"},"query-input":{"@type":"PropertyValueSpecification","valueRequired":true,"valueName":"search_term_string"}}],"inLanguage":"fi"},{"@type":"Organization","@id":"https:\/\/koylio-seura.fi\/#organization","name":"K\u00f6yli\u00f6-seura","url":"https:\/\/koylio-seura.fi\/","logo":{"@type":"ImageObject","inLanguage":"fi","@id":"https:\/\/koylio-seura.fi\/#\/schema\/logo\/image\/","url":"https:\/\/koylio-seura.fi\/wp-content\/uploads\/2023\/07\/cropped-KS-logo-23.png","contentUrl":"https:\/\/koylio-seura.fi\/wp-content\/uploads\/2023\/07\/cropped-KS-logo-23.png","width":530,"height":619,"caption":"K\u00f6yli\u00f6-seura"},"image":{"@id":"https:\/\/koylio-seura.fi\/#\/schema\/logo\/image\/"}}]}},"_links":{"self":[{"href":"https:\/\/koylio-seura.fi\/index.php?rest_route=\/wp\/v2\/pages\/1555","targetHints":{"allow":["GET"]}}],"collection":[{"href":"https:\/\/koylio-seura.fi\/index.php?rest_route=\/wp\/v2\/pages"}],"about":[{"href":"https:\/\/koylio-seura.fi\/index.php?rest_route=\/wp\/v2\/types\/page"}],"author":[{"embeddable":true,"href":"https:\/\/koylio-seura.fi\/index.php?rest_route=\/wp\/v2\/users\/1"}],"replies":[{"embeddable":true,"href":"https:\/\/koylio-seura.fi\/index.php?rest_route=%2Fwp%2Fv2%2Fcomments&post=1555"}],"version-history":[{"count":37,"href":"https:\/\/koylio-seura.fi\/index.php?rest_route=\/wp\/v2\/pages\/1555\/revisions"}],"predecessor-version":[{"id":10236,"href":"https:\/\/koylio-seura.fi\/index.php?rest_route=\/wp\/v2\/pages\/1555\/revisions\/10236"}],"up":[{"embeddable":true,"href":"https:\/\/koylio-seura.fi\/index.php?rest_route=\/wp\/v2\/pages\/61"}],"wp:attachment":[{"href":"https:\/\/koylio-seura.fi\/index.php?rest_route=%2Fwp%2Fv2%2Fmedia&parent=1555"}],"curies":[{"name":"wp","href":"https:\/\/api.w.org\/{rel}","templated":true}]}}