{"id":1553,"date":"2023-10-22T12:13:12","date_gmt":"2023-10-22T12:13:12","guid":{"rendered":"https:\/\/koylio-seura.eitcon.com\/?page_id=1553"},"modified":"2024-02-10T11:30:13","modified_gmt":"2024-02-10T11:30:13","slug":"koylio-taksvarkki-hanke","status":"publish","type":"page","link":"https:\/\/koylio-seura.fi\/?page_id=1553","title":{"rendered":"K\u00f6yli\u00f6-taksv\u00e4rkki -hanke"},"content":{"rendered":"\t\t<div data-elementor-type=\"wp-page\" data-elementor-id=\"1553\" class=\"elementor elementor-1553\" data-elementor-post-type=\"page\">\n\t\t\t\t\t\t<section class=\"elementor-section elementor-top-section elementor-element elementor-element-27861b9 elementor-section-boxed elementor-section-height-default elementor-section-height-default\" data-id=\"27861b9\" data-element_type=\"section\">\n\t\t\t\t\t\t<div class=\"elementor-container elementor-column-gap-default\">\n\t\t\t\t\t<div class=\"elementor-column elementor-col-100 elementor-top-column elementor-element elementor-element-3f258cf\" data-id=\"3f258cf\" data-element_type=\"column\">\n\t\t\t<div class=\"elementor-widget-wrap elementor-element-populated\">\n\t\t\t\t\t\t<div class=\"elementor-element elementor-element-958e42f elementor-widget elementor-widget-heading\" data-id=\"958e42f\" data-element_type=\"widget\" data-widget_type=\"heading.default\">\n\t\t\t\t<div class=\"elementor-widget-container\">\n\t\t\t\t\t<h2 class=\"elementor-heading-title elementor-size-default\">K\u00f6yli\u00f6-taksv\u00e4rkki-hanke 2.7.2003-31.5.2006<\/h2>\t\t\t\t<\/div>\n\t\t\t\t<\/div>\n\t\t\t\t\t<\/div>\n\t\t<\/div>\n\t\t\t\t\t<\/div>\n\t\t<\/section>\n\t\t\t\t<section class=\"elementor-section elementor-top-section elementor-element elementor-element-3e2868e elementor-section-boxed elementor-section-height-default elementor-section-height-default\" data-id=\"3e2868e\" data-element_type=\"section\">\n\t\t\t\t\t\t<div class=\"elementor-container elementor-column-gap-default\">\n\t\t\t\t\t<div class=\"elementor-column elementor-col-100 elementor-top-column elementor-element elementor-element-efc9c96\" data-id=\"efc9c96\" data-element_type=\"column\">\n\t\t\t<div class=\"elementor-widget-wrap elementor-element-populated\">\n\t\t\t\t\t\t<div class=\"elementor-element elementor-element-058ea6e elementor-widget elementor-widget-text-editor\" data-id=\"058ea6e\" data-element_type=\"widget\" data-widget_type=\"text-editor.default\">\n\t\t\t\t<div class=\"elementor-widget-container\">\n\t\t\t\t\t\t\t\t\t<p>Hankkeen tavoitteena on lis\u00e4t\u00e4 k\u00f6yli\u00f6l\u00e4isten viihtyisyytt\u00e4, kohottaa alueen imagoa sek\u00e4 parantaa alueen asukashankinnan kilpailukyky\u00e4, jotta kunta tunnettaisiin aktiivisten ihmisten viihtyis\u00e4n\u00e4 ja turvallisena asuinymp\u00e4rist\u00f6n\u00e4. Hankkeen kokonaisbudjetti oli 159410 euroa. Hankkeen johtajana toimi Axel Cedercreutz ja projektisihteerin\u00e4 Rauni Halonen.<\/p><p><a href=\"https:\/\/koylio-seura.fi\/wp-content\/uploads\/2023\/12\/Koylio-taksvarkki-hankesuunnitelma.pdf\" target=\"_blank\" rel=\"noopener\">Tutustu hankesuunnitelmaan<\/a><\/p><p><a href=\"https:\/\/koylio-seura.fi\/wp-content\/uploads\/2023\/12\/Lallin-legendasta-Kodeen-hankkeen-tuloksia.pdf\" target=\"_blank\" rel=\"noopener\">Katso mit\u00e4 saatiin aikaan<\/a><\/p>\t\t\t\t\t\t\t\t<\/div>\n\t\t\t\t<\/div>\n\t\t\t\t\t<\/div>\n\t\t<\/div>\n\t\t\t\t\t<\/div>\n\t\t<\/section>\n\t\t\t\t<\/div>\n\t\t","protected":false},"excerpt":{"rendered":"<p>K\u00f6yli\u00f6-taksv\u00e4rkki-hanke 2.7.2003-31.5.2006 Hankkeen tavoitteena on lis\u00e4t\u00e4 k\u00f6yli\u00f6l\u00e4isten viihtyisyytt\u00e4, kohottaa alueen imagoa sek\u00e4 parantaa alueen asukashankinnan kilpailukyky\u00e4, jotta kunta tunnettaisiin aktiivisten ihmisten viihtyis\u00e4n\u00e4 ja turvallisena asuinymp\u00e4rist\u00f6n\u00e4. Hankkeen kokonaisbudjetti oli 159410 euroa. Hankkeen johtajana toimi Axel Cedercreutz ja projektisihteerin\u00e4 Rauni Halonen. Tutustu &#8230; <a title=\"K\u00f6yli\u00f6-taksv\u00e4rkki -hanke\" class=\"read-more\" href=\"https:\/\/koylio-seura.fi\/?page_id=1553\" aria-label=\"Lue lis\u00e4\u00e4 aiheesta K\u00f6yli\u00f6-taksv\u00e4rkki -hanke\">Lue lis\u00e4\u00e4<\/a><\/p>\n","protected":false},"author":1,"featured_media":0,"parent":61,"menu_order":0,"comment_status":"closed","ping_status":"closed","template":"","meta":{"footnotes":""},"class_list":{"0":"post-1553","1":"page","2":"type-page","3":"status-publish","5":"infinite-scroll-item"},"yoast_head":"<!-- This site is optimized with the Yoast SEO plugin v26.6 - https:\/\/yoast.com\/wordpress\/plugins\/seo\/ -->\n<title>K\u00f6yli\u00f6-taksv\u00e4rkki -hanke - K\u00f6yli\u00f6-seura<\/title>\n<meta name=\"robots\" content=\"index, follow, max-snippet:-1, max-image-preview:large, max-video-preview:-1\" \/>\n<link rel=\"canonical\" href=\"https:\/\/koylio-seura.fi\/?page_id=1553\" \/>\n<meta property=\"og:locale\" content=\"fi_FI\" \/>\n<meta property=\"og:type\" content=\"article\" \/>\n<meta property=\"og:title\" content=\"K\u00f6yli\u00f6-taksv\u00e4rkki -hanke - K\u00f6yli\u00f6-seura\" \/>\n<meta property=\"og:description\" content=\"K\u00f6yli\u00f6-taksv\u00e4rkki-hanke 2.7.2003-31.5.2006 Hankkeen tavoitteena on lis\u00e4t\u00e4 k\u00f6yli\u00f6l\u00e4isten viihtyisyytt\u00e4, kohottaa alueen imagoa sek\u00e4 parantaa alueen asukashankinnan kilpailukyky\u00e4, jotta kunta tunnettaisiin aktiivisten ihmisten viihtyis\u00e4n\u00e4 ja turvallisena asuinymp\u00e4rist\u00f6n\u00e4. Hankkeen kokonaisbudjetti oli 159410 euroa. Hankkeen johtajana toimi Axel Cedercreutz ja projektisihteerin\u00e4 Rauni Halonen. Tutustu ... Lue lis\u00e4\u00e4\" \/>\n<meta property=\"og:url\" content=\"https:\/\/koylio-seura.fi\/?page_id=1553\" \/>\n<meta property=\"og:site_name\" content=\"K\u00f6yli\u00f6-seura\" \/>\n<meta property=\"article:modified_time\" content=\"2024-02-10T11:30:13+00:00\" \/>\n<meta name=\"twitter:card\" content=\"summary_large_image\" \/>\n<meta name=\"twitter:label1\" content=\"Arvioitu lukuaika\" \/>\n\t<meta name=\"twitter:data1\" content=\"1 minuutti\" \/>\n<script type=\"application\/ld+json\" class=\"yoast-schema-graph\">{\"@context\":\"https:\/\/schema.org\",\"@graph\":[{\"@type\":\"WebPage\",\"@id\":\"https:\/\/koylio-seura.fi\/?page_id=1553\",\"url\":\"https:\/\/koylio-seura.fi\/?page_id=1553\",\"name\":\"K\u00f6yli\u00f6-taksv\u00e4rkki -hanke - K\u00f6yli\u00f6-seura\",\"isPartOf\":{\"@id\":\"https:\/\/koylio-seura.fi\/#website\"},\"datePublished\":\"2023-10-22T12:13:12+00:00\",\"dateModified\":\"2024-02-10T11:30:13+00:00\",\"breadcrumb\":{\"@id\":\"https:\/\/koylio-seura.fi\/?page_id=1553#breadcrumb\"},\"inLanguage\":\"fi\",\"potentialAction\":[{\"@type\":\"ReadAction\",\"target\":[\"https:\/\/koylio-seura.fi\/?page_id=1553\"]}]},{\"@type\":\"BreadcrumbList\",\"@id\":\"https:\/\/koylio-seura.fi\/?page_id=1553#breadcrumb\",\"itemListElement\":[{\"@type\":\"ListItem\",\"position\":1,\"name\":\"Etusivu\",\"item\":\"https:\/\/koylio-seura.fi\/\"},{\"@type\":\"ListItem\",\"position\":2,\"name\":\"K\u00f6yli\u00f6-seura\",\"item\":\"https:\/\/koylio-seura.fi\/\"},{\"@type\":\"ListItem\",\"position\":3,\"name\":\"Hankkeet\",\"item\":\"https:\/\/koylio-seura.fi\/?page_id=61\"},{\"@type\":\"ListItem\",\"position\":4,\"name\":\"K\u00f6yli\u00f6-taksv\u00e4rkki -hanke\"}]},{\"@type\":\"WebSite\",\"@id\":\"https:\/\/koylio-seura.fi\/#website\",\"url\":\"https:\/\/koylio-seura.fi\/\",\"name\":\"K\u00f6yli\u00f6-seura\",\"description\":\"\",\"publisher\":{\"@id\":\"https:\/\/koylio-seura.fi\/#organization\"},\"potentialAction\":[{\"@type\":\"SearchAction\",\"target\":{\"@type\":\"EntryPoint\",\"urlTemplate\":\"https:\/\/koylio-seura.fi\/?s={search_term_string}\"},\"query-input\":{\"@type\":\"PropertyValueSpecification\",\"valueRequired\":true,\"valueName\":\"search_term_string\"}}],\"inLanguage\":\"fi\"},{\"@type\":\"Organization\",\"@id\":\"https:\/\/koylio-seura.fi\/#organization\",\"name\":\"K\u00f6yli\u00f6-seura\",\"url\":\"https:\/\/koylio-seura.fi\/\",\"logo\":{\"@type\":\"ImageObject\",\"inLanguage\":\"fi\",\"@id\":\"https:\/\/koylio-seura.fi\/#\/schema\/logo\/image\/\",\"url\":\"https:\/\/koylio-seura.fi\/wp-content\/uploads\/2023\/07\/cropped-KS-logo-23.png\",\"contentUrl\":\"https:\/\/koylio-seura.fi\/wp-content\/uploads\/2023\/07\/cropped-KS-logo-23.png\",\"width\":530,\"height\":619,\"caption\":\"K\u00f6yli\u00f6-seura\"},\"image\":{\"@id\":\"https:\/\/koylio-seura.fi\/#\/schema\/logo\/image\/\"}}]}<\/script>\n<!-- \/ Yoast SEO plugin. -->","yoast_head_json":{"title":"K\u00f6yli\u00f6-taksv\u00e4rkki -hanke - K\u00f6yli\u00f6-seura","robots":{"index":"index","follow":"follow","max-snippet":"max-snippet:-1","max-image-preview":"max-image-preview:large","max-video-preview":"max-video-preview:-1"},"canonical":"https:\/\/koylio-seura.fi\/?page_id=1553","og_locale":"fi_FI","og_type":"article","og_title":"K\u00f6yli\u00f6-taksv\u00e4rkki -hanke - K\u00f6yli\u00f6-seura","og_description":"K\u00f6yli\u00f6-taksv\u00e4rkki-hanke 2.7.2003-31.5.2006 Hankkeen tavoitteena on lis\u00e4t\u00e4 k\u00f6yli\u00f6l\u00e4isten viihtyisyytt\u00e4, kohottaa alueen imagoa sek\u00e4 parantaa alueen asukashankinnan kilpailukyky\u00e4, jotta kunta tunnettaisiin aktiivisten ihmisten viihtyis\u00e4n\u00e4 ja turvallisena asuinymp\u00e4rist\u00f6n\u00e4. Hankkeen kokonaisbudjetti oli 159410 euroa. Hankkeen johtajana toimi Axel Cedercreutz ja projektisihteerin\u00e4 Rauni Halonen. Tutustu ... Lue lis\u00e4\u00e4","og_url":"https:\/\/koylio-seura.fi\/?page_id=1553","og_site_name":"K\u00f6yli\u00f6-seura","article_modified_time":"2024-02-10T11:30:13+00:00","twitter_card":"summary_large_image","twitter_misc":{"Arvioitu lukuaika":"1 minuutti"},"schema":{"@context":"https:\/\/schema.org","@graph":[{"@type":"WebPage","@id":"https:\/\/koylio-seura.fi\/?page_id=1553","url":"https:\/\/koylio-seura.fi\/?page_id=1553","name":"K\u00f6yli\u00f6-taksv\u00e4rkki -hanke - K\u00f6yli\u00f6-seura","isPartOf":{"@id":"https:\/\/koylio-seura.fi\/#website"},"datePublished":"2023-10-22T12:13:12+00:00","dateModified":"2024-02-10T11:30:13+00:00","breadcrumb":{"@id":"https:\/\/koylio-seura.fi\/?page_id=1553#breadcrumb"},"inLanguage":"fi","potentialAction":[{"@type":"ReadAction","target":["https:\/\/koylio-seura.fi\/?page_id=1553"]}]},{"@type":"BreadcrumbList","@id":"https:\/\/koylio-seura.fi\/?page_id=1553#breadcrumb","itemListElement":[{"@type":"ListItem","position":1,"name":"Etusivu","item":"https:\/\/koylio-seura.fi\/"},{"@type":"ListItem","position":2,"name":"K\u00f6yli\u00f6-seura","item":"https:\/\/koylio-seura.fi\/"},{"@type":"ListItem","position":3,"name":"Hankkeet","item":"https:\/\/koylio-seura.fi\/?page_id=61"},{"@type":"ListItem","position":4,"name":"K\u00f6yli\u00f6-taksv\u00e4rkki -hanke"}]},{"@type":"WebSite","@id":"https:\/\/koylio-seura.fi\/#website","url":"https:\/\/koylio-seura.fi\/","name":"K\u00f6yli\u00f6-seura","description":"","publisher":{"@id":"https:\/\/koylio-seura.fi\/#organization"},"potentialAction":[{"@type":"SearchAction","target":{"@type":"EntryPoint","urlTemplate":"https:\/\/koylio-seura.fi\/?s={search_term_string}"},"query-input":{"@type":"PropertyValueSpecification","valueRequired":true,"valueName":"search_term_string"}}],"inLanguage":"fi"},{"@type":"Organization","@id":"https:\/\/koylio-seura.fi\/#organization","name":"K\u00f6yli\u00f6-seura","url":"https:\/\/koylio-seura.fi\/","logo":{"@type":"ImageObject","inLanguage":"fi","@id":"https:\/\/koylio-seura.fi\/#\/schema\/logo\/image\/","url":"https:\/\/koylio-seura.fi\/wp-content\/uploads\/2023\/07\/cropped-KS-logo-23.png","contentUrl":"https:\/\/koylio-seura.fi\/wp-content\/uploads\/2023\/07\/cropped-KS-logo-23.png","width":530,"height":619,"caption":"K\u00f6yli\u00f6-seura"},"image":{"@id":"https:\/\/koylio-seura.fi\/#\/schema\/logo\/image\/"}}]}},"_links":{"self":[{"href":"https:\/\/koylio-seura.fi\/index.php?rest_route=\/wp\/v2\/pages\/1553","targetHints":{"allow":["GET"]}}],"collection":[{"href":"https:\/\/koylio-seura.fi\/index.php?rest_route=\/wp\/v2\/pages"}],"about":[{"href":"https:\/\/koylio-seura.fi\/index.php?rest_route=\/wp\/v2\/types\/page"}],"author":[{"embeddable":true,"href":"https:\/\/koylio-seura.fi\/index.php?rest_route=\/wp\/v2\/users\/1"}],"replies":[{"embeddable":true,"href":"https:\/\/koylio-seura.fi\/index.php?rest_route=%2Fwp%2Fv2%2Fcomments&post=1553"}],"version-history":[{"count":19,"href":"https:\/\/koylio-seura.fi\/index.php?rest_route=\/wp\/v2\/pages\/1553\/revisions"}],"predecessor-version":[{"id":6978,"href":"https:\/\/koylio-seura.fi\/index.php?rest_route=\/wp\/v2\/pages\/1553\/revisions\/6978"}],"up":[{"embeddable":true,"href":"https:\/\/koylio-seura.fi\/index.php?rest_route=\/wp\/v2\/pages\/61"}],"wp:attachment":[{"href":"https:\/\/koylio-seura.fi\/index.php?rest_route=%2Fwp%2Fv2%2Fmedia&parent=1553"}],"curies":[{"name":"wp","href":"https:\/\/api.w.org\/{rel}","templated":true}]}}