{"id":1551,"date":"2023-10-22T12:12:27","date_gmt":"2023-10-22T12:12:27","guid":{"rendered":"https:\/\/koylio-seura.eitcon.com\/?page_id=1551"},"modified":"2024-02-10T11:31:54","modified_gmt":"2024-02-10T11:31:54","slug":"koylion-upea-menneisyys-hanke","status":"publish","type":"page","link":"https:\/\/koylio-seura.fi\/?page_id=1551","title":{"rendered":"K\u00f6yli\u00f6n Upea Menneisyys -hanke"},"content":{"rendered":"\t\t<div data-elementor-type=\"wp-page\" data-elementor-id=\"1551\" class=\"elementor elementor-1551\" data-elementor-post-type=\"page\">\n\t\t\t\t\t\t<section class=\"elementor-section elementor-top-section elementor-element elementor-element-0a9fc33 elementor-section-boxed elementor-section-height-default elementor-section-height-default\" data-id=\"0a9fc33\" data-element_type=\"section\">\n\t\t\t\t\t\t<div class=\"elementor-container elementor-column-gap-default\">\n\t\t\t\t\t<div class=\"elementor-column elementor-col-100 elementor-top-column elementor-element elementor-element-57c8f72\" data-id=\"57c8f72\" data-element_type=\"column\">\n\t\t\t<div class=\"elementor-widget-wrap elementor-element-populated\">\n\t\t\t\t\t\t<div class=\"elementor-element elementor-element-1f79595 elementor-widget elementor-widget-heading\" data-id=\"1f79595\" data-element_type=\"widget\" data-widget_type=\"heading.default\">\n\t\t\t\t<div class=\"elementor-widget-container\">\n\t\t\t\t\t<h2 class=\"elementor-heading-title elementor-size-default\">K\u00f6yli\u00f6n Upea Menneisyys-hanke 1.2.2002-31.12.2002<\/h2>\t\t\t\t<\/div>\n\t\t\t\t<\/div>\n\t\t\t\t\t<\/div>\n\t\t<\/div>\n\t\t\t\t\t<\/div>\n\t\t<\/section>\n\t\t\t\t<section class=\"elementor-section elementor-top-section elementor-element elementor-element-eb204f4 elementor-section-boxed elementor-section-height-default elementor-section-height-default\" data-id=\"eb204f4\" data-element_type=\"section\">\n\t\t\t\t\t\t<div class=\"elementor-container elementor-column-gap-default\">\n\t\t\t\t\t<div class=\"elementor-column elementor-col-100 elementor-top-column elementor-element elementor-element-23e0700\" data-id=\"23e0700\" data-element_type=\"column\">\n\t\t\t<div class=\"elementor-widget-wrap elementor-element-populated\">\n\t\t\t\t\t\t<div class=\"elementor-element elementor-element-a832b39 elementor-widget elementor-widget-text-editor\" data-id=\"a832b39\" data-element_type=\"widget\" data-widget_type=\"text-editor.default\">\n\t\t\t\t<div class=\"elementor-widget-container\">\n\t\t\t\t\t\t\t\t\t<p><strong>Hanke p\u00e4hkin\u00e4nkuoressa<\/strong><\/p><p>Tavoitteena on ker\u00e4t\u00e4 kaikki saatavissa oleva tieto K\u00f6yli\u00f6n taloista ja niiden muodostumisesta, talojen asukkaista ja heid\u00e4n el\u00e4m\u00e4st\u00e4\u00e4n sek\u00e4 taloihin liittyvist\u00e4 kirjallisista dokumenteista, valokuvista ja haastatteluista. Kaikesta ker\u00e4tt\u00e4v\u00e4st\u00e4 tiedosta muodostetaan tietokoneelle tietokantoja. Vuoden 2002 osuus muodostaa projektin pilottiosuuden. Selvitet\u00e4\u00e4n mit\u00e4 tietoa on olemassa ja mill\u00e4 aikataululla uuden ker\u00e4\u00e4minen on mahdollista ja haastatellaan sotiemme veteraanit. Hankkeen kokonaisbudjetti 17328 euroa.<\/p><p>Hankkeesta saatiin virallinen rahoitusp\u00e4\u00e4t\u00f6s vasta my\u00f6h\u00e4\u00e4n kes\u00e4ll\u00e4 2002. Hanke oli kuitenkin k\u00e4yt\u00e4nn\u00f6ss\u00e4 aloitettu suunnitelman mukaan 1.2.2002. Hanketta aluksi hallinnoi K\u00f6yli\u00f6-seuran Perinnejaosto. Ensimm\u00e4inen hankkeen ohjausryhm\u00e4n kokous pidettiin kuitenkin vasta 16.8.2002.<\/p><p><a href=\"https:\/\/koylio-seura.fi\/wp-content\/uploads\/2023\/12\/Koylion-Upea-Menneisyys-hankesuunnitelma.pdf\" target=\"_blank\" rel=\"noopener\">Tutustu hankesuunnitelmaan<\/a><\/p><p><a href=\"https:\/\/koylio-seura.fi\/wp-content\/uploads\/2023\/12\/KUM-hankkeessa-tapahtunutta-.pdf\" target=\"_blank\" rel=\"noopener\">Katso mit\u00e4 saatiin aikaan<\/a><\/p>\t\t\t\t\t\t\t\t<\/div>\n\t\t\t\t<\/div>\n\t\t\t\t\t<\/div>\n\t\t<\/div>\n\t\t\t\t\t<\/div>\n\t\t<\/section>\n\t\t\t\t<\/div>\n\t\t","protected":false},"excerpt":{"rendered":"<p>K\u00f6yli\u00f6n Upea Menneisyys-hanke 1.2.2002-31.12.2002 Hanke p\u00e4hkin\u00e4nkuoressa Tavoitteena on ker\u00e4t\u00e4 kaikki saatavissa oleva tieto K\u00f6yli\u00f6n taloista ja niiden muodostumisesta, talojen asukkaista ja heid\u00e4n el\u00e4m\u00e4st\u00e4\u00e4n sek\u00e4 taloihin liittyvist\u00e4 kirjallisista dokumenteista, valokuvista ja haastatteluista. Kaikesta ker\u00e4tt\u00e4v\u00e4st\u00e4 tiedosta muodostetaan tietokoneelle tietokantoja. Vuoden 2002 osuus &#8230; <a title=\"K\u00f6yli\u00f6n Upea Menneisyys -hanke\" class=\"read-more\" href=\"https:\/\/koylio-seura.fi\/?page_id=1551\" aria-label=\"Lue lis\u00e4\u00e4 aiheesta K\u00f6yli\u00f6n Upea Menneisyys -hanke\">Lue lis\u00e4\u00e4<\/a><\/p>\n","protected":false},"author":1,"featured_media":0,"parent":61,"menu_order":0,"comment_status":"closed","ping_status":"closed","template":"","meta":{"footnotes":""},"class_list":{"0":"post-1551","1":"page","2":"type-page","3":"status-publish","5":"infinite-scroll-item"},"yoast_head":"<!-- This site is optimized with the Yoast SEO plugin v26.6 - https:\/\/yoast.com\/wordpress\/plugins\/seo\/ -->\n<title>K\u00f6yli\u00f6n Upea Menneisyys -hanke - K\u00f6yli\u00f6-seura<\/title>\n<meta name=\"robots\" content=\"index, follow, max-snippet:-1, max-image-preview:large, max-video-preview:-1\" \/>\n<link rel=\"canonical\" href=\"https:\/\/koylio-seura.fi\/?page_id=1551\" \/>\n<meta property=\"og:locale\" content=\"fi_FI\" \/>\n<meta property=\"og:type\" content=\"article\" \/>\n<meta property=\"og:title\" content=\"K\u00f6yli\u00f6n Upea Menneisyys -hanke - K\u00f6yli\u00f6-seura\" \/>\n<meta property=\"og:description\" content=\"K\u00f6yli\u00f6n Upea Menneisyys-hanke 1.2.2002-31.12.2002 Hanke p\u00e4hkin\u00e4nkuoressa Tavoitteena on ker\u00e4t\u00e4 kaikki saatavissa oleva tieto K\u00f6yli\u00f6n taloista ja niiden muodostumisesta, talojen asukkaista ja heid\u00e4n el\u00e4m\u00e4st\u00e4\u00e4n sek\u00e4 taloihin liittyvist\u00e4 kirjallisista dokumenteista, valokuvista ja haastatteluista. Kaikesta ker\u00e4tt\u00e4v\u00e4st\u00e4 tiedosta muodostetaan tietokoneelle tietokantoja. Vuoden 2002 osuus ... Lue lis\u00e4\u00e4\" \/>\n<meta property=\"og:url\" content=\"https:\/\/koylio-seura.fi\/?page_id=1551\" \/>\n<meta property=\"og:site_name\" content=\"K\u00f6yli\u00f6-seura\" \/>\n<meta property=\"article:modified_time\" content=\"2024-02-10T11:31:54+00:00\" \/>\n<meta name=\"twitter:card\" content=\"summary_large_image\" \/>\n<meta name=\"twitter:label1\" content=\"Arvioitu lukuaika\" \/>\n\t<meta name=\"twitter:data1\" content=\"1 minuutti\" \/>\n<script type=\"application\/ld+json\" class=\"yoast-schema-graph\">{\"@context\":\"https:\/\/schema.org\",\"@graph\":[{\"@type\":\"WebPage\",\"@id\":\"https:\/\/koylio-seura.fi\/?page_id=1551\",\"url\":\"https:\/\/koylio-seura.fi\/?page_id=1551\",\"name\":\"K\u00f6yli\u00f6n Upea Menneisyys -hanke - K\u00f6yli\u00f6-seura\",\"isPartOf\":{\"@id\":\"https:\/\/koylio-seura.fi\/#website\"},\"datePublished\":\"2023-10-22T12:12:27+00:00\",\"dateModified\":\"2024-02-10T11:31:54+00:00\",\"breadcrumb\":{\"@id\":\"https:\/\/koylio-seura.fi\/?page_id=1551#breadcrumb\"},\"inLanguage\":\"fi\",\"potentialAction\":[{\"@type\":\"ReadAction\",\"target\":[\"https:\/\/koylio-seura.fi\/?page_id=1551\"]}]},{\"@type\":\"BreadcrumbList\",\"@id\":\"https:\/\/koylio-seura.fi\/?page_id=1551#breadcrumb\",\"itemListElement\":[{\"@type\":\"ListItem\",\"position\":1,\"name\":\"Etusivu\",\"item\":\"https:\/\/koylio-seura.fi\/\"},{\"@type\":\"ListItem\",\"position\":2,\"name\":\"K\u00f6yli\u00f6-seura\",\"item\":\"https:\/\/koylio-seura.fi\/\"},{\"@type\":\"ListItem\",\"position\":3,\"name\":\"Hankkeet\",\"item\":\"https:\/\/koylio-seura.fi\/?page_id=61\"},{\"@type\":\"ListItem\",\"position\":4,\"name\":\"K\u00f6yli\u00f6n Upea Menneisyys -hanke\"}]},{\"@type\":\"WebSite\",\"@id\":\"https:\/\/koylio-seura.fi\/#website\",\"url\":\"https:\/\/koylio-seura.fi\/\",\"name\":\"K\u00f6yli\u00f6-seura\",\"description\":\"\",\"publisher\":{\"@id\":\"https:\/\/koylio-seura.fi\/#organization\"},\"potentialAction\":[{\"@type\":\"SearchAction\",\"target\":{\"@type\":\"EntryPoint\",\"urlTemplate\":\"https:\/\/koylio-seura.fi\/?s={search_term_string}\"},\"query-input\":{\"@type\":\"PropertyValueSpecification\",\"valueRequired\":true,\"valueName\":\"search_term_string\"}}],\"inLanguage\":\"fi\"},{\"@type\":\"Organization\",\"@id\":\"https:\/\/koylio-seura.fi\/#organization\",\"name\":\"K\u00f6yli\u00f6-seura\",\"url\":\"https:\/\/koylio-seura.fi\/\",\"logo\":{\"@type\":\"ImageObject\",\"inLanguage\":\"fi\",\"@id\":\"https:\/\/koylio-seura.fi\/#\/schema\/logo\/image\/\",\"url\":\"https:\/\/koylio-seura.fi\/wp-content\/uploads\/2023\/07\/cropped-KS-logo-23.png\",\"contentUrl\":\"https:\/\/koylio-seura.fi\/wp-content\/uploads\/2023\/07\/cropped-KS-logo-23.png\",\"width\":530,\"height\":619,\"caption\":\"K\u00f6yli\u00f6-seura\"},\"image\":{\"@id\":\"https:\/\/koylio-seura.fi\/#\/schema\/logo\/image\/\"}}]}<\/script>\n<!-- \/ Yoast SEO plugin. -->","yoast_head_json":{"title":"K\u00f6yli\u00f6n Upea Menneisyys -hanke - K\u00f6yli\u00f6-seura","robots":{"index":"index","follow":"follow","max-snippet":"max-snippet:-1","max-image-preview":"max-image-preview:large","max-video-preview":"max-video-preview:-1"},"canonical":"https:\/\/koylio-seura.fi\/?page_id=1551","og_locale":"fi_FI","og_type":"article","og_title":"K\u00f6yli\u00f6n Upea Menneisyys -hanke - K\u00f6yli\u00f6-seura","og_description":"K\u00f6yli\u00f6n Upea Menneisyys-hanke 1.2.2002-31.12.2002 Hanke p\u00e4hkin\u00e4nkuoressa Tavoitteena on ker\u00e4t\u00e4 kaikki saatavissa oleva tieto K\u00f6yli\u00f6n taloista ja niiden muodostumisesta, talojen asukkaista ja heid\u00e4n el\u00e4m\u00e4st\u00e4\u00e4n sek\u00e4 taloihin liittyvist\u00e4 kirjallisista dokumenteista, valokuvista ja haastatteluista. Kaikesta ker\u00e4tt\u00e4v\u00e4st\u00e4 tiedosta muodostetaan tietokoneelle tietokantoja. Vuoden 2002 osuus ... Lue lis\u00e4\u00e4","og_url":"https:\/\/koylio-seura.fi\/?page_id=1551","og_site_name":"K\u00f6yli\u00f6-seura","article_modified_time":"2024-02-10T11:31:54+00:00","twitter_card":"summary_large_image","twitter_misc":{"Arvioitu lukuaika":"1 minuutti"},"schema":{"@context":"https:\/\/schema.org","@graph":[{"@type":"WebPage","@id":"https:\/\/koylio-seura.fi\/?page_id=1551","url":"https:\/\/koylio-seura.fi\/?page_id=1551","name":"K\u00f6yli\u00f6n Upea Menneisyys -hanke - K\u00f6yli\u00f6-seura","isPartOf":{"@id":"https:\/\/koylio-seura.fi\/#website"},"datePublished":"2023-10-22T12:12:27+00:00","dateModified":"2024-02-10T11:31:54+00:00","breadcrumb":{"@id":"https:\/\/koylio-seura.fi\/?page_id=1551#breadcrumb"},"inLanguage":"fi","potentialAction":[{"@type":"ReadAction","target":["https:\/\/koylio-seura.fi\/?page_id=1551"]}]},{"@type":"BreadcrumbList","@id":"https:\/\/koylio-seura.fi\/?page_id=1551#breadcrumb","itemListElement":[{"@type":"ListItem","position":1,"name":"Etusivu","item":"https:\/\/koylio-seura.fi\/"},{"@type":"ListItem","position":2,"name":"K\u00f6yli\u00f6-seura","item":"https:\/\/koylio-seura.fi\/"},{"@type":"ListItem","position":3,"name":"Hankkeet","item":"https:\/\/koylio-seura.fi\/?page_id=61"},{"@type":"ListItem","position":4,"name":"K\u00f6yli\u00f6n Upea Menneisyys -hanke"}]},{"@type":"WebSite","@id":"https:\/\/koylio-seura.fi\/#website","url":"https:\/\/koylio-seura.fi\/","name":"K\u00f6yli\u00f6-seura","description":"","publisher":{"@id":"https:\/\/koylio-seura.fi\/#organization"},"potentialAction":[{"@type":"SearchAction","target":{"@type":"EntryPoint","urlTemplate":"https:\/\/koylio-seura.fi\/?s={search_term_string}"},"query-input":{"@type":"PropertyValueSpecification","valueRequired":true,"valueName":"search_term_string"}}],"inLanguage":"fi"},{"@type":"Organization","@id":"https:\/\/koylio-seura.fi\/#organization","name":"K\u00f6yli\u00f6-seura","url":"https:\/\/koylio-seura.fi\/","logo":{"@type":"ImageObject","inLanguage":"fi","@id":"https:\/\/koylio-seura.fi\/#\/schema\/logo\/image\/","url":"https:\/\/koylio-seura.fi\/wp-content\/uploads\/2023\/07\/cropped-KS-logo-23.png","contentUrl":"https:\/\/koylio-seura.fi\/wp-content\/uploads\/2023\/07\/cropped-KS-logo-23.png","width":530,"height":619,"caption":"K\u00f6yli\u00f6-seura"},"image":{"@id":"https:\/\/koylio-seura.fi\/#\/schema\/logo\/image\/"}}]}},"_links":{"self":[{"href":"https:\/\/koylio-seura.fi\/index.php?rest_route=\/wp\/v2\/pages\/1551","targetHints":{"allow":["GET"]}}],"collection":[{"href":"https:\/\/koylio-seura.fi\/index.php?rest_route=\/wp\/v2\/pages"}],"about":[{"href":"https:\/\/koylio-seura.fi\/index.php?rest_route=\/wp\/v2\/types\/page"}],"author":[{"embeddable":true,"href":"https:\/\/koylio-seura.fi\/index.php?rest_route=\/wp\/v2\/users\/1"}],"replies":[{"embeddable":true,"href":"https:\/\/koylio-seura.fi\/index.php?rest_route=%2Fwp%2Fv2%2Fcomments&post=1551"}],"version-history":[{"count":22,"href":"https:\/\/koylio-seura.fi\/index.php?rest_route=\/wp\/v2\/pages\/1551\/revisions"}],"predecessor-version":[{"id":6981,"href":"https:\/\/koylio-seura.fi\/index.php?rest_route=\/wp\/v2\/pages\/1551\/revisions\/6981"}],"up":[{"embeddable":true,"href":"https:\/\/koylio-seura.fi\/index.php?rest_route=\/wp\/v2\/pages\/61"}],"wp:attachment":[{"href":"https:\/\/koylio-seura.fi\/index.php?rest_route=%2Fwp%2Fv2%2Fmedia&parent=1551"}],"curies":[{"name":"wp","href":"https:\/\/api.w.org\/{rel}","templated":true}]}}