{"id":1495,"date":"2023-10-22T10:52:21","date_gmt":"2023-10-22T10:52:21","guid":{"rendered":"https:\/\/koylio-seura.eitcon.com\/?page_id=1495"},"modified":"2024-03-09T18:13:05","modified_gmt":"2024-03-09T18:13:05","slug":"raumalla-tapahtuu","status":"publish","type":"page","link":"https:\/\/koylio-seura.fi\/?page_id=1495","title":{"rendered":"Rauman seutu"},"content":{"rendered":"\t\t<div data-elementor-type=\"wp-page\" data-elementor-id=\"1495\" class=\"elementor elementor-1495\" data-elementor-post-type=\"page\">\n\t\t\t\t\t\t<section class=\"elementor-section elementor-top-section elementor-element elementor-element-c99bbf4 elementor-section-boxed elementor-section-height-default elementor-section-height-default\" data-id=\"c99bbf4\" data-element_type=\"section\">\n\t\t\t\t\t\t<div class=\"elementor-container elementor-column-gap-default\">\n\t\t\t\t\t<div class=\"elementor-column elementor-col-100 elementor-top-column elementor-element elementor-element-938adf9\" data-id=\"938adf9\" data-element_type=\"column\">\n\t\t\t<div class=\"elementor-widget-wrap elementor-element-populated\">\n\t\t\t\t\t\t<div class=\"elementor-element elementor-element-373d1b0 elementor-widget elementor-widget-heading\" data-id=\"373d1b0\" data-element_type=\"widget\" data-widget_type=\"heading.default\">\n\t\t\t\t<div class=\"elementor-widget-container\">\n\t\t\t\t\t<h2 class=\"elementor-heading-title elementor-size-default\">Rauman seudulla tapahtunutta<\/h2>\t\t\t\t<\/div>\n\t\t\t\t<\/div>\n\t\t\t\t\t<\/div>\n\t\t<\/div>\n\t\t\t\t\t<\/div>\n\t\t<\/section>\n\t\t\t\t<section class=\"elementor-section elementor-top-section elementor-element elementor-element-73fcaa1 elementor-section-boxed elementor-section-height-default elementor-section-height-default\" data-id=\"73fcaa1\" data-element_type=\"section\">\n\t\t\t\t\t\t<div class=\"elementor-container elementor-column-gap-default\">\n\t\t\t\t\t<div class=\"elementor-column elementor-col-100 elementor-top-column elementor-element elementor-element-afd986a\" data-id=\"afd986a\" data-element_type=\"column\">\n\t\t\t<div class=\"elementor-widget-wrap elementor-element-populated\">\n\t\t\t\t\t\t<div class=\"elementor-element elementor-element-b3ecf1e elementor-widget elementor-widget-accordion\" data-id=\"b3ecf1e\" data-element_type=\"widget\" data-widget_type=\"accordion.default\">\n\t\t\t\t<div class=\"elementor-widget-container\">\n\t\t\t\t\t\t\t<div class=\"elementor-accordion\">\n\t\t\t\t\t\t\t<div class=\"elementor-accordion-item\">\n\t\t\t\t\t<div id=\"elementor-tab-title-1881\" class=\"elementor-tab-title\" data-tab=\"1\" role=\"button\" aria-controls=\"elementor-tab-content-1881\" aria-expanded=\"false\">\n\t\t\t\t\t\t\t\t\t\t\t\t\t<span class=\"elementor-accordion-icon elementor-accordion-icon-left\" aria-hidden=\"true\">\n\t\t\t\t\t\t\t\t\t\t\t\t\t\t\t<span class=\"elementor-accordion-icon-closed\"><i class=\"fas fa-plus\"><\/i><\/span>\n\t\t\t\t\t\t\t\t<span class=\"elementor-accordion-icon-opened\"><i class=\"fas fa-minus\"><\/i><\/span>\n\t\t\t\t\t\t\t\t\t\t\t\t\t\t<\/span>\n\t\t\t\t\t\t\t\t\t\t\t\t<a class=\"elementor-accordion-title\" tabindex=\"0\">Yst\u00e4v\u00e4tapaaminen Raumalla 3.8.2023: Rauma Festivo Carpe diem! -p\u00e4iv\u00e4<\/a>\n\t\t\t\t\t<\/div>\n\t\t\t\t\t<div id=\"elementor-tab-content-1881\" class=\"elementor-tab-content elementor-clearfix\" data-tab=\"1\" role=\"region\" aria-labelledby=\"elementor-tab-title-1881\"><p>Rauma Festivon Carpe diem! -p\u00e4iv\u00e4n\u00e4 K\u00f6yli\u00f6n yst\u00e4v\u00e4t tarttuivat hetkeen ja kokoontuivat Kontion Kahvilassa<br \/><span style=\"background-color: var(--base-3); color: var(--contrast);\">Vanhassa Raumassa. Koolla oli 12 K\u00f6yli\u00f6n yst\u00e4v\u00e4\u00e4.<\/span><\/p><p>Kahvien j\u00e4lkeen Hammarin Erkki esitteli meille p\u00e4iv\u00e4n ohjelman. Keskustelimme my\u00f6s K\u00f6yli\u00f6-seuran<br \/><span style=\"background-color: var(--base-3); color: var(--contrast);\">asioista.<br \/><\/span><span style=\"background-color: var(--base-3); color: var(--contrast);\">Suuntasimme Erkin johdolla ensin Rajalan pihalle kuulemaan muusikkoja ja talon esittely\u00e4. Jatkoimme<br \/><\/span><span style=\"background-color: var(--base-3); color: var(--contrast);\">kamarimusiikin ja runouden kohtaamisia Carpe diem!- kohteissa. Rauma Festivon taiteilijat olivat<br \/><\/span><span style=\"background-color: var(--base-3); color: var(--contrast);\">innoittuneet Sirkka Turkan runoista. Matkalla eri kohteisiin Rauman oppaat kertoivat tietoa ja tarinoita<br \/><\/span><span style=\"background-color: var(--base-3); color: var(--contrast);\">Vanhasta Raumasta.<\/span><\/p><p>Monipuolisesta ja antoisasta yst\u00e4v\u00e4tapaamisesta l\u00e4mpim\u00e4t kiitokset Erkille ja Rauman seudun yst\u00e4ville!<\/p><p>Teksti ja kuvat Marita Holkeri<\/p><p><a href=\"https:\/\/koylio-seura.fi\/wp-content\/uploads\/2023\/11\/ystavatrauma230803.pdf\" target=\"_blank\" rel=\"noopener\">Muistio tapahtumasta<\/a><\/p><\/div>\n\t\t\t\t<\/div>\n\t\t\t\t\t\t\t<div class=\"elementor-accordion-item\">\n\t\t\t\t\t<div id=\"elementor-tab-title-1882\" class=\"elementor-tab-title\" data-tab=\"2\" role=\"button\" aria-controls=\"elementor-tab-content-1882\" aria-expanded=\"false\">\n\t\t\t\t\t\t\t\t\t\t\t\t\t<span class=\"elementor-accordion-icon elementor-accordion-icon-left\" aria-hidden=\"true\">\n\t\t\t\t\t\t\t\t\t\t\t\t\t\t\t<span class=\"elementor-accordion-icon-closed\"><i class=\"fas fa-plus\"><\/i><\/span>\n\t\t\t\t\t\t\t\t<span class=\"elementor-accordion-icon-opened\"><i class=\"fas fa-minus\"><\/i><\/span>\n\t\t\t\t\t\t\t\t\t\t\t\t\t\t<\/span>\n\t\t\t\t\t\t\t\t\t\t\t\t<a class=\"elementor-accordion-title\" tabindex=\"0\">Yst\u00e4v\u00e4tapaaminen Raumalla 28.7.2022 Rauman Pitsiviikolla<\/a>\n\t\t\t\t\t<\/div>\n\t\t\t\t\t<div id=\"elementor-tab-content-1882\" class=\"elementor-tab-content elementor-clearfix\" data-tab=\"2\" role=\"region\" aria-labelledby=\"elementor-tab-title-1882\"><p>Rauman Pitsiviikon torstaina 28.7. K\u00f6yli\u00f6n yst\u00e4v\u00e4t kokoontuivat Kontion Vanhan Rauman kahvilassa varhain<br \/><span style=\"background-color: var(--base-3); color: var(--contrast);\">aamup\u00e4iv\u00e4ll\u00e4. Olipa hauskaa tavata ja vaihtaa kuulumisia vihdoin Raumalla. Kovin monta kertaa<br \/><\/span><span style=\"background-color: var(--base-3); color: var(--contrast);\">yst\u00e4v\u00e4tapaaminen oli siirtynyt terveystilanteen vuoksi.<\/span><\/p><p>Hammarin Erkki ja Nikin Raija olivat valmistelleet p\u00e4iv\u00e4n ohjelmaa Pitsiviikon torstain monipuolisen<br \/><span style=\"background-color: var(--base-3); color: var(--contrast);\">tarjonnan pohjalta. L\u00e4hdimmekin porukalla Rauma 580 v jokirannan opastetulle k\u00e4velylle. Kuljimme<br \/><\/span><span style=\"background-color: var(--base-3); color: var(--contrast);\">Rauman joen rantoja Vanhan Rauman halki kohti uudempaa kulttuurikeskustaa. Saimme runsaasti tietoa<br \/><\/span><span style=\"background-color: var(--base-3); color: var(--contrast);\">Rauman historiasta 1400-luvulta t\u00e4h\u00e4n vuoteen.<\/span><\/p><p>Teresia ja Rafael L\u00f6nnstr\u00f6min kotimuseo on ollut tapaamisten suunnitelmissa. Nyt p\u00e4\u00e4simme sinne<br \/><span style=\"background-color: var(--base-3); color: var(--contrast);\">opastetulle kierrokselle. Olipa upea kohde ja erinomainen opastus!<\/span><\/p><p>Ehdimme nauttia vain murto-osan Pitsiviikon ohjelmista. Raumalle kannattaa tulla uudestaan. Varsinkin<br \/><span style=\"background-color: var(--base-3); color: var(--contrast);\">ensi kes\u00e4n\u00e4, kun Hammarin pariskunta ja Raija lupasivat j\u00e4rjest\u00e4\u00e4 yst\u00e4v\u00e4tapaamiseen silloin, kun<br \/><\/span><span style=\"background-color: var(--base-3); color: var(--contrast);\">Kamarimusiikkifestivaali Rauma Festivo Vanhassa Raumassa tarjoaa parastaan.<\/span><\/p><p>L\u00e4mpim\u00e4t kiitokset Anjalle, Erkille ja Raijalle j\u00e4rjestelyist\u00e4!<\/p><p>Muistion kirjoitti Marita Holkeri<br \/><span style=\"background-color: var(--base-3); color: var(--contrast);\">Valokuvat Marita Holkeri<\/span><\/p><div>\u00a0<\/div><p><a href=\"https:\/\/koylio-seura.fi\/wp-content\/uploads\/2023\/11\/muistiorauma280722.pdf\" target=\"_blank\" rel=\"noopener\">Muistio tapahtumasta<\/a><\/p><\/div>\n\t\t\t\t<\/div>\n\t\t\t\t\t\t\t<div class=\"elementor-accordion-item\">\n\t\t\t\t\t<div id=\"elementor-tab-title-1883\" class=\"elementor-tab-title\" data-tab=\"3\" role=\"button\" aria-controls=\"elementor-tab-content-1883\" aria-expanded=\"false\">\n\t\t\t\t\t\t\t\t\t\t\t\t\t<span class=\"elementor-accordion-icon elementor-accordion-icon-left\" aria-hidden=\"true\">\n\t\t\t\t\t\t\t\t\t\t\t\t\t\t\t<span class=\"elementor-accordion-icon-closed\"><i class=\"fas fa-plus\"><\/i><\/span>\n\t\t\t\t\t\t\t\t<span class=\"elementor-accordion-icon-opened\"><i class=\"fas fa-minus\"><\/i><\/span>\n\t\t\t\t\t\t\t\t\t\t\t\t\t\t<\/span>\n\t\t\t\t\t\t\t\t\t\t\t\t<a class=\"elementor-accordion-title\" tabindex=\"0\">Yst\u00e4v\u00e4tapaaminen Raumalla 27.4.2019 ja opastettu kierros Vanhassa Raumassa<\/a>\n\t\t\t\t\t<\/div>\n\t\t\t\t\t<div id=\"elementor-tab-content-1883\" class=\"elementor-tab-content elementor-clearfix\" data-tab=\"3\" role=\"region\" aria-labelledby=\"elementor-tab-title-1883\"><p>Rauman seudun yst\u00e4v\u00e4tapaaminen 27.4.2019 klo 14-18<\/p><p><span style=\"background-color: var(--base-3); color: var(--contrast);\">Kev\u00e4isen aurinkoisessa s\u00e4\u00e4ss\u00e4 teimme klo 14-15 \u201dkolmen torin\u201d kierroksen Vanhassa Raumassa. Oppaana oli Rauli Antola. Mukana kierroksella oli oppaan lis\u00e4ksi 17 henkil\u00f6\u00e4.\u00a0<\/span><span style=\"background-color: var(--base-3); color: var(--contrast);\">Klo 15 jatkoimme ravintola Savilassa kahvitarjoilulla.\u00a0<\/span><\/p><p><span style=\"background-color: var(--base-3); color: var(--contrast);\">Samuli Vahteristo esitteli K\u00f6yliist 15-kirjan syntyvaiheita ja tulevaa, runsasta sis\u00e4lt\u00f6\u00e4 kuvin ja sanoin. Samuli kertoi my\u00f6s tuleville K\u00f6yli\u00f6-p\u00e4iville 29.-30.6.2019 suunnitellusta sek\u00e4 lauantain ett\u00e4 sunnuntain ohjelmasta.<\/span><\/p><p><span style=\"background-color: var(--base-3); color: var(--contrast);\">Tilaisuus jatkui Salmin Kalevin kertomilla K\u00f6yli\u00f6n valokuva-arkiston tuoreimmilla tiedoilla. Saimme selvityksen kuvahaun eri mahdollisuuksista. Kalevi kannusti my\u00f6s kaikkia tutkimaan oman suvun tai tuttujen asioiden kuvia ja antamaan t\u00e4ydent\u00e4vi\u00e4 tietoja valokuvista.<\/span><\/p><p>Valokuva-arkiston j\u00e4lkeen Kalevi kertoi Pyh\u00e4n Henrikin pyhiinvaelluksista. Kalevi toi my\u00f6s ennakkotietoja sukututkimuskurssista, jonka ensimm\u00e4inen osa toteutetaan k\u00f6yli\u00f6ss\u00e4 16.-17.11.2019.<\/p><p><span style=\"background-color: var(--base-3); color: var(--contrast);\">Holkerin Marita kertoi K\u00f6yli\u00f6n yst\u00e4v\u00e4t- jaoston 10-vuotisjuhlista, jotka pidet\u00e4\u00e4n K\u00f6yli\u00f6ss\u00e4 lauantaina 31.8.2019 klo 12 alkaen Yttil\u00e4n Museokoululla ja jatkuen klo 17 K\u00f6yli\u00f6n\u00a0<\/span><span style=\"background-color: var(--base-3); color: var(--contrast);\">Meijeriss\u00e4. Juhlaty\u00f6ryhm\u00e4 on suunnitellut ohjelmaa, ruokailuja, ym.<\/span><\/p><p>Ravintola Savilassa oli koolla 15 K\u00f6yli\u00f6n yst\u00e4v\u00e4\u00e4. Kahvitarjoilu oli runsas, kahvin\/teen kera sek\u00e4 suolaista ett\u00e4 makeaa. Tunnelma tilaisuudessa oli leppoisa ja keskustelu k\u00e4vi vilkkaana. Erkki Hammar oli hoitanut j\u00e4rjestelyt Raumalla. H\u00e4nelle erityiskiitokset ja tietysti kiitokset my\u00f6s esiintyjille ja kaikille mukana olleille.\u00a0<\/p><p>Kirjoitti Marita<\/p><p>\u00a0<\/p><\/div>\n\t\t\t\t<\/div>\n\t\t\t\t\t\t\t<div class=\"elementor-accordion-item\">\n\t\t\t\t\t<div id=\"elementor-tab-title-1884\" class=\"elementor-tab-title\" data-tab=\"4\" role=\"button\" aria-controls=\"elementor-tab-content-1884\" aria-expanded=\"false\">\n\t\t\t\t\t\t\t\t\t\t\t\t\t<span class=\"elementor-accordion-icon elementor-accordion-icon-left\" aria-hidden=\"true\">\n\t\t\t\t\t\t\t\t\t\t\t\t\t\t\t<span class=\"elementor-accordion-icon-closed\"><i class=\"fas fa-plus\"><\/i><\/span>\n\t\t\t\t\t\t\t\t<span class=\"elementor-accordion-icon-opened\"><i class=\"fas fa-minus\"><\/i><\/span>\n\t\t\t\t\t\t\t\t\t\t\t\t\t\t<\/span>\n\t\t\t\t\t\t\t\t\t\t\t\t<a class=\"elementor-accordion-title\" tabindex=\"0\">Yst\u00e4v\u00e4tapaaminen Raumalla 16.11.2017 Wanhan Rauman Kaffebaarissa<\/a>\n\t\t\t\t\t<\/div>\n\t\t\t\t\t<div id=\"elementor-tab-content-1884\" class=\"elementor-tab-content elementor-clearfix\" data-tab=\"4\" role=\"region\" aria-labelledby=\"elementor-tab-title-1884\"><p>Yst\u00e4v\u00e4tapaaminen Raumalla 16.11.17 ker\u00e4si Wanhan Rauman Kaffebariin enn\u00e4tysm\u00e4\u00e4r\u00e4n osallistujia. Meit\u00e4 oli koolla per\u00e4ti 21 K\u00f6yli\u00f6n yst\u00e4v\u00e4\u00e4.\u00a0 Tiivistunnelmainen ja l\u00e4mmin (sanojen varsinaisessakin merkityksess\u00e4) yhdess\u00e4olo osoitti, ett\u00e4 k\u00f6yli\u00f6l\u00e4isyys on voimissaan ja t\u00e4llaisilla tapaamisilla on tilausta jatkossakin. Seuran tarjoamat kahvit juotiin maukkaiden voisilm\u00e4pullien kera. Ohjelma (ks. alla) vietiin l\u00e4pi suunnitellusti. Kiitokset Erkki Hammarille j\u00e4rjestelyist\u00e4 ja Sakari Vuolalle, Samuli Vahteristolle ja Kalevi Salmille puheenvuoroista\/esityksist\u00e4.\u00a0 Lopuksi tutustuttiin seuran tuotteisiin: nimikkoneuleet ja kirjat, joista uusin eli K\u00f6yliist 14 &#8221;Lempim\u00e4isi\u00e4&#8221; oli aivan uunituoreena ostettavissa.\u00a0 Kotimatkalle l\u00e4hdettiin Vanhan Rauman jouluvalaistusta milj\u00f6\u00f6st\u00e4 hyvill\u00e4 mielin ja jo seuraavaa tapaamista suunnitellen<\/p><p><span style=\"background-color: var(--base-3); color: var(--contrast);\">Ohjelmassa mm.:\u00a0<\/span><span style=\"background-color: var(--base-3); color: var(--contrast);\">&#8211; juodaan kaffetta ja vaihdetaan kuulumisia<\/span><\/p><p>&#8211; kuullaan tuoreimmat kunnan, seurakunnan\u00a0 ja K\u00f6yli\u00f6-seuran kuulumiset<\/p><p>\u00a0<span style=\"background-color: var(--base-3); color: var(--contrast);\">&#8211; K\u00f6yliist 14-ruokaperinnekirja julkaistaan is\u00e4np\u00e4iv\u00e4n tienoilla. Kirjan ty\u00f6nimi on &#8221;Lempim\u00e4isi\u00e4&#8221; legendaarisen pitokokin Lempi Nummen mukaan. Seuran puheenjohtaja Samuli Vahteristo esittelee kirjan, jota voit my\u00f6s ostaa itsellesi tai lahjaksi pukin konttiin.\u00a0 My\u00f6s vanhempia K\u00f6yliist-kirjoja\u00a0 (1-13) on mukana.\u00a0 Tarkista, mit\u00e4 sinun kirjahyllyst\u00e4si puuttuu ja tee edullisia t\u00e4ydennysostoksia!<\/span><\/p><p>Kainon valmistamia K\u00f6yli\u00f6-seuran nimikkohuiveja my\u00f6s saavissa k\u00e4ynnin yhteydess\u00e4.<\/p><p><span style=\"background-color: var(--base-3); color: var(--contrast);\">&#8211; Salmin Kalevi puolestaan n\u00e4ytt\u00e4\u00e4 ja kertoo, mit\u00e4 kaikkea K\u00f6yli\u00f6n museoiden k\u00e4tk\u00f6ist\u00e4 on Museotaksv\u00e4rkkihankkeen kuvauksissa l\u00f6ytynyt.\u00a0 H\u00e4n on mm. tehnyt koosteen piipuista, ennenvanhaisista juhlapuvuista ja opetuksessa k\u00e4ytetyist\u00e4 havaintoesineist\u00e4<\/span><\/p><p><span style=\"background-color: var(--base-3); color: var(--contrast);\">Em. mielenkiintoisen lis\u00e4ksi ja sokerina pohjalla on yhteinen kotiseutuhenkinen parituntinen, jossa seurasta mukana Lalli ja Kerttu, em.esiintyj\u00e4t ja muitakin seuran toimijoita.<\/span><\/p><p><span style=\"background-color: var(--base-3); color: var(--contrast);\">Ilmoittaudu Erkille\u00a0 0400 590260, erkki@hammar.fi tai Raijalle 044 9706693, raija.nikki@gmail.com\u00a0 12.11. menness\u00e4.<\/span><\/p><p>Tervetulotoivotuksin Raija Nikki ja Erkki Hammar Kepolan kyl\u00e4st\u00e4<\/p><p>Kirjoitti Helena Santala<\/p><\/div>\n\t\t\t\t<\/div>\n\t\t\t\t\t\t\t\t<\/div>\n\t\t\t\t\t\t<\/div>\n\t\t\t\t<\/div>\n\t\t\t\t\t<\/div>\n\t\t<\/div>\n\t\t\t\t\t<\/div>\n\t\t<\/section>\n\t\t\t\t<\/div>\n\t\t","protected":false},"excerpt":{"rendered":"<p>Rauman seudulla tapahtunutta Yst\u00e4v\u00e4tapaaminen Raumalla 3.8.2023: Rauma Festivo Carpe diem! -p\u00e4iv\u00e4 Rauma Festivon Carpe diem! -p\u00e4iv\u00e4n\u00e4 K\u00f6yli\u00f6n yst\u00e4v\u00e4t tarttuivat hetkeen ja kokoontuivat Kontion KahvilassaVanhassa Raumassa. Koolla oli 12 K\u00f6yli\u00f6n yst\u00e4v\u00e4\u00e4. Kahvien j\u00e4lkeen Hammarin Erkki esitteli meille p\u00e4iv\u00e4n ohjelman. Keskustelimme my\u00f6s &#8230; <a title=\"Rauman seutu\" class=\"read-more\" href=\"https:\/\/koylio-seura.fi\/?page_id=1495\" aria-label=\"Lue lis\u00e4\u00e4 aiheesta Rauman seutu\">Lue lis\u00e4\u00e4<\/a><\/p>\n","protected":false},"author":1,"featured_media":0,"parent":1485,"menu_order":0,"comment_status":"closed","ping_status":"closed","template":"","meta":{"footnotes":""},"class_list":{"0":"post-1495","1":"page","2":"type-page","3":"status-publish","5":"infinite-scroll-item"},"yoast_head":"<!-- This site is optimized with the Yoast SEO plugin v26.6 - https:\/\/yoast.com\/wordpress\/plugins\/seo\/ -->\n<title>Rauman seutu - K\u00f6yli\u00f6-seura<\/title>\n<meta name=\"robots\" content=\"index, follow, max-snippet:-1, max-image-preview:large, max-video-preview:-1\" \/>\n<link rel=\"canonical\" href=\"https:\/\/koylio-seura.fi\/?page_id=1495\" \/>\n<meta property=\"og:locale\" content=\"fi_FI\" \/>\n<meta property=\"og:type\" content=\"article\" \/>\n<meta property=\"og:title\" content=\"Rauman seutu - K\u00f6yli\u00f6-seura\" \/>\n<meta property=\"og:description\" content=\"Rauman seudulla tapahtunutta Yst\u00e4v\u00e4tapaaminen Raumalla 3.8.2023: Rauma Festivo Carpe diem! -p\u00e4iv\u00e4 Rauma Festivon Carpe diem! -p\u00e4iv\u00e4n\u00e4 K\u00f6yli\u00f6n yst\u00e4v\u00e4t tarttuivat hetkeen ja kokoontuivat Kontion KahvilassaVanhassa Raumassa. Koolla oli 12 K\u00f6yli\u00f6n yst\u00e4v\u00e4\u00e4. Kahvien j\u00e4lkeen Hammarin Erkki esitteli meille p\u00e4iv\u00e4n ohjelman. Keskustelimme my\u00f6s ... Lue lis\u00e4\u00e4\" \/>\n<meta property=\"og:url\" content=\"https:\/\/koylio-seura.fi\/?page_id=1495\" \/>\n<meta property=\"og:site_name\" content=\"K\u00f6yli\u00f6-seura\" \/>\n<meta property=\"article:modified_time\" content=\"2024-03-09T18:13:05+00:00\" \/>\n<meta name=\"twitter:card\" content=\"summary_large_image\" \/>\n<meta name=\"twitter:label1\" content=\"Arvioitu lukuaika\" \/>\n\t<meta name=\"twitter:data1\" content=\"5 minuuttia\" \/>\n<script type=\"application\/ld+json\" class=\"yoast-schema-graph\">{\"@context\":\"https:\/\/schema.org\",\"@graph\":[{\"@type\":\"WebPage\",\"@id\":\"https:\/\/koylio-seura.fi\/?page_id=1495\",\"url\":\"https:\/\/koylio-seura.fi\/?page_id=1495\",\"name\":\"Rauman seutu - K\u00f6yli\u00f6-seura\",\"isPartOf\":{\"@id\":\"https:\/\/koylio-seura.fi\/#website\"},\"datePublished\":\"2023-10-22T10:52:21+00:00\",\"dateModified\":\"2024-03-09T18:13:05+00:00\",\"breadcrumb\":{\"@id\":\"https:\/\/koylio-seura.fi\/?page_id=1495#breadcrumb\"},\"inLanguage\":\"fi\",\"potentialAction\":[{\"@type\":\"ReadAction\",\"target\":[\"https:\/\/koylio-seura.fi\/?page_id=1495\"]}]},{\"@type\":\"BreadcrumbList\",\"@id\":\"https:\/\/koylio-seura.fi\/?page_id=1495#breadcrumb\",\"itemListElement\":[{\"@type\":\"ListItem\",\"position\":1,\"name\":\"Etusivu\",\"item\":\"https:\/\/koylio-seura.fi\/\"},{\"@type\":\"ListItem\",\"position\":2,\"name\":\"K\u00f6yli\u00f6n yst\u00e4v\u00e4t\",\"item\":\"https:\/\/koylio-seura.fi\/?page_id=22\"},{\"@type\":\"ListItem\",\"position\":3,\"name\":\"Alueilla tapahtunutta\",\"item\":\"https:\/\/koylio-seura.fi\/?page_id=1485\"},{\"@type\":\"ListItem\",\"position\":4,\"name\":\"Rauman seutu\"}]},{\"@type\":\"WebSite\",\"@id\":\"https:\/\/koylio-seura.fi\/#website\",\"url\":\"https:\/\/koylio-seura.fi\/\",\"name\":\"K\u00f6yli\u00f6-seura\",\"description\":\"\",\"publisher\":{\"@id\":\"https:\/\/koylio-seura.fi\/#organization\"},\"potentialAction\":[{\"@type\":\"SearchAction\",\"target\":{\"@type\":\"EntryPoint\",\"urlTemplate\":\"https:\/\/koylio-seura.fi\/?s={search_term_string}\"},\"query-input\":{\"@type\":\"PropertyValueSpecification\",\"valueRequired\":true,\"valueName\":\"search_term_string\"}}],\"inLanguage\":\"fi\"},{\"@type\":\"Organization\",\"@id\":\"https:\/\/koylio-seura.fi\/#organization\",\"name\":\"K\u00f6yli\u00f6-seura\",\"url\":\"https:\/\/koylio-seura.fi\/\",\"logo\":{\"@type\":\"ImageObject\",\"inLanguage\":\"fi\",\"@id\":\"https:\/\/koylio-seura.fi\/#\/schema\/logo\/image\/\",\"url\":\"https:\/\/koylio-seura.fi\/wp-content\/uploads\/2023\/07\/cropped-KS-logo-23.png\",\"contentUrl\":\"https:\/\/koylio-seura.fi\/wp-content\/uploads\/2023\/07\/cropped-KS-logo-23.png\",\"width\":530,\"height\":619,\"caption\":\"K\u00f6yli\u00f6-seura\"},\"image\":{\"@id\":\"https:\/\/koylio-seura.fi\/#\/schema\/logo\/image\/\"}}]}<\/script>\n<!-- \/ Yoast SEO plugin. -->","yoast_head_json":{"title":"Rauman seutu - K\u00f6yli\u00f6-seura","robots":{"index":"index","follow":"follow","max-snippet":"max-snippet:-1","max-image-preview":"max-image-preview:large","max-video-preview":"max-video-preview:-1"},"canonical":"https:\/\/koylio-seura.fi\/?page_id=1495","og_locale":"fi_FI","og_type":"article","og_title":"Rauman seutu - K\u00f6yli\u00f6-seura","og_description":"Rauman seudulla tapahtunutta Yst\u00e4v\u00e4tapaaminen Raumalla 3.8.2023: Rauma Festivo Carpe diem! -p\u00e4iv\u00e4 Rauma Festivon Carpe diem! -p\u00e4iv\u00e4n\u00e4 K\u00f6yli\u00f6n yst\u00e4v\u00e4t tarttuivat hetkeen ja kokoontuivat Kontion KahvilassaVanhassa Raumassa. Koolla oli 12 K\u00f6yli\u00f6n yst\u00e4v\u00e4\u00e4. Kahvien j\u00e4lkeen Hammarin Erkki esitteli meille p\u00e4iv\u00e4n ohjelman. Keskustelimme my\u00f6s ... Lue lis\u00e4\u00e4","og_url":"https:\/\/koylio-seura.fi\/?page_id=1495","og_site_name":"K\u00f6yli\u00f6-seura","article_modified_time":"2024-03-09T18:13:05+00:00","twitter_card":"summary_large_image","twitter_misc":{"Arvioitu lukuaika":"5 minuuttia"},"schema":{"@context":"https:\/\/schema.org","@graph":[{"@type":"WebPage","@id":"https:\/\/koylio-seura.fi\/?page_id=1495","url":"https:\/\/koylio-seura.fi\/?page_id=1495","name":"Rauman seutu - K\u00f6yli\u00f6-seura","isPartOf":{"@id":"https:\/\/koylio-seura.fi\/#website"},"datePublished":"2023-10-22T10:52:21+00:00","dateModified":"2024-03-09T18:13:05+00:00","breadcrumb":{"@id":"https:\/\/koylio-seura.fi\/?page_id=1495#breadcrumb"},"inLanguage":"fi","potentialAction":[{"@type":"ReadAction","target":["https:\/\/koylio-seura.fi\/?page_id=1495"]}]},{"@type":"BreadcrumbList","@id":"https:\/\/koylio-seura.fi\/?page_id=1495#breadcrumb","itemListElement":[{"@type":"ListItem","position":1,"name":"Etusivu","item":"https:\/\/koylio-seura.fi\/"},{"@type":"ListItem","position":2,"name":"K\u00f6yli\u00f6n yst\u00e4v\u00e4t","item":"https:\/\/koylio-seura.fi\/?page_id=22"},{"@type":"ListItem","position":3,"name":"Alueilla tapahtunutta","item":"https:\/\/koylio-seura.fi\/?page_id=1485"},{"@type":"ListItem","position":4,"name":"Rauman seutu"}]},{"@type":"WebSite","@id":"https:\/\/koylio-seura.fi\/#website","url":"https:\/\/koylio-seura.fi\/","name":"K\u00f6yli\u00f6-seura","description":"","publisher":{"@id":"https:\/\/koylio-seura.fi\/#organization"},"potentialAction":[{"@type":"SearchAction","target":{"@type":"EntryPoint","urlTemplate":"https:\/\/koylio-seura.fi\/?s={search_term_string}"},"query-input":{"@type":"PropertyValueSpecification","valueRequired":true,"valueName":"search_term_string"}}],"inLanguage":"fi"},{"@type":"Organization","@id":"https:\/\/koylio-seura.fi\/#organization","name":"K\u00f6yli\u00f6-seura","url":"https:\/\/koylio-seura.fi\/","logo":{"@type":"ImageObject","inLanguage":"fi","@id":"https:\/\/koylio-seura.fi\/#\/schema\/logo\/image\/","url":"https:\/\/koylio-seura.fi\/wp-content\/uploads\/2023\/07\/cropped-KS-logo-23.png","contentUrl":"https:\/\/koylio-seura.fi\/wp-content\/uploads\/2023\/07\/cropped-KS-logo-23.png","width":530,"height":619,"caption":"K\u00f6yli\u00f6-seura"},"image":{"@id":"https:\/\/koylio-seura.fi\/#\/schema\/logo\/image\/"}}]}},"_links":{"self":[{"href":"https:\/\/koylio-seura.fi\/index.php?rest_route=\/wp\/v2\/pages\/1495","targetHints":{"allow":["GET"]}}],"collection":[{"href":"https:\/\/koylio-seura.fi\/index.php?rest_route=\/wp\/v2\/pages"}],"about":[{"href":"https:\/\/koylio-seura.fi\/index.php?rest_route=\/wp\/v2\/types\/page"}],"author":[{"embeddable":true,"href":"https:\/\/koylio-seura.fi\/index.php?rest_route=\/wp\/v2\/users\/1"}],"replies":[{"embeddable":true,"href":"https:\/\/koylio-seura.fi\/index.php?rest_route=%2Fwp%2Fv2%2Fcomments&post=1495"}],"version-history":[{"count":50,"href":"https:\/\/koylio-seura.fi\/index.php?rest_route=\/wp\/v2\/pages\/1495\/revisions"}],"predecessor-version":[{"id":7665,"href":"https:\/\/koylio-seura.fi\/index.php?rest_route=\/wp\/v2\/pages\/1495\/revisions\/7665"}],"up":[{"embeddable":true,"href":"https:\/\/koylio-seura.fi\/index.php?rest_route=\/wp\/v2\/pages\/1485"}],"wp:attachment":[{"href":"https:\/\/koylio-seura.fi\/index.php?rest_route=%2Fwp%2Fv2%2Fmedia&parent=1495"}],"curies":[{"name":"wp","href":"https:\/\/api.w.org\/{rel}","templated":true}]}}