{"id":13933,"date":"2025-05-16T07:03:25","date_gmt":"2025-05-16T07:03:25","guid":{"rendered":"https:\/\/koylio-seura.fi\/?page_id=13933"},"modified":"2025-09-29T13:47:48","modified_gmt":"2025-09-29T13:47:48","slug":"kuningas-tulee-kylaan-hanke","status":"publish","type":"page","link":"https:\/\/koylio-seura.fi\/?page_id=13933","title":{"rendered":"Kuningas tulee kyl\u00e4\u00e4n -hanke"},"content":{"rendered":"\t\t<div data-elementor-type=\"wp-page\" data-elementor-id=\"13933\" class=\"elementor elementor-13933\" data-elementor-post-type=\"page\">\n\t\t\t\t\t\t<section class=\"elementor-section elementor-top-section elementor-element elementor-element-81c5d70 elementor-section-boxed elementor-section-height-default elementor-section-height-default\" data-id=\"81c5d70\" data-element_type=\"section\">\n\t\t\t\t\t\t<div class=\"elementor-container elementor-column-gap-default\">\n\t\t\t\t\t<div class=\"elementor-column elementor-col-100 elementor-top-column elementor-element elementor-element-278b15c\" data-id=\"278b15c\" data-element_type=\"column\">\n\t\t\t<div class=\"elementor-widget-wrap elementor-element-populated\">\n\t\t\t\t\t\t<div class=\"elementor-element elementor-element-5b91573 elementor-widget elementor-widget-heading\" data-id=\"5b91573\" data-element_type=\"widget\" data-widget_type=\"heading.default\">\n\t\t\t\t<div class=\"elementor-widget-container\">\n\t\t\t\t\t<h2 class=\"elementor-heading-title elementor-size-default\">Kuningas tulee kyl\u00e4\u00e4n-tehd\u00e4\u00e4n historia el\u00e4v\u00e4ksi <\/h2>\t\t\t\t<\/div>\n\t\t\t\t<\/div>\n\t\t\t\t\t<\/div>\n\t\t<\/div>\n\t\t\t\t\t<\/div>\n\t\t<\/section>\n\t\t\t\t<section class=\"elementor-section elementor-top-section elementor-element elementor-element-725d6ef elementor-section-boxed elementor-section-height-default elementor-section-height-default\" data-id=\"725d6ef\" data-element_type=\"section\">\n\t\t\t\t\t\t<div class=\"elementor-container elementor-column-gap-default\">\n\t\t\t\t\t<div class=\"elementor-column elementor-col-100 elementor-top-column elementor-element elementor-element-0644198\" data-id=\"0644198\" data-element_type=\"column\">\n\t\t\t<div class=\"elementor-widget-wrap elementor-element-populated\">\n\t\t\t\t\t\t<div class=\"elementor-element elementor-element-4b82d1b elementor-widget elementor-widget-text-editor\" data-id=\"4b82d1b\" data-element_type=\"widget\" data-widget_type=\"text-editor.default\">\n\t\t\t\t<div class=\"elementor-widget-container\">\n\t\t\t\t\t\t\t\t\t<p>Hankkeen toteuttamiseksi oli t\u00e4rke\u00e4\u00e4 saada lis\u00e4\u00e4 tietoa kuningas Kustaa III:n retkist\u00e4 Suomen alueilla. Siksi ryhm\u00e4 K\u00f6yli\u00f6-seuran perinnejaostosta l\u00e4hti Asikkalaan Kustaa III:n jalanj\u00e4ljille 20.5.2025.<br \/>Miksi Asikkalaan?<br \/>Vuonna 1775 Kustaa III:n seurue vieraili Asikkalassa kuusi p\u00e4iv\u00e4\u00e4 aikaisemmin ennen K\u00f6yli\u00f6t\u00e4.<br \/>Asikkala oli silloin vastaavanlainen p\u00e4\u00e4teist\u00e4 hieman syrj\u00e4ss\u00e4 oleva kirkkopit\u00e4j\u00e4 kuin K\u00f6yli\u00f6, joka<br \/>sai kunnian vastaanottaa silloisen \u201dvaltakunnan keskipisteen\u201d, kuninkaan vieraakseen.<br \/>Perinnejaoston retken tarkoituksena oli selvent\u00e4\u00e4 edes jossain m\u00e4\u00e4rin, miksi t\u00e4m\u00e4 paikkakunta oli<br \/>valikoitunut Kustaan retken yhdeksi etapiksi.<br \/>Luonnollisesti kunnolliseen kulttuurimatkailuun kuuluu my\u00f6s tutkia ja ihastella matkan varrella<br \/>olevia muitakin kohteita ja maisemia, ja keskustella monenlaisista asioista matkan aikana.<br \/>Asikkalan retken seurueen j\u00e4senet: Anneli ja Hannu Hilli, Sari Minkovitsch, Anne Reunanen ja Tiina Reunanen<\/p><p><a href=\"https:\/\/koylio-seura.fi\/wp-content\/uploads\/2025\/09\/Asikkalan_tutkimusretki_perinnejaosto_2025_valmis.pdf\" target=\"_blank\" rel=\"noopener\">Retkiselostus kokonaisuudessaan l\u00f6ytyy t\u00e4st\u00e4 linkist\u00e4.<\/a><\/p><p>K\u00f6yli\u00f6-seura on hakenut 1.3.2025 Leader Satasillalta tukea otsikon mukaiselle hankkeelle ja saanut tukip\u00e4\u00e4t\u00f6ksen Satakunnan ELY-keskukselta14.4.2025.\u00a0\u00a0<\/p><p><img fetchpriority=\"high\" decoding=\"async\" class=\"alignleft wp-image-13963 size-full\" src=\"https:\/\/koylio-seura.fi\/wp-content\/uploads\/2025\/05\/Hanke-logot.png\" alt=\"\" width=\"763\" height=\"91\" srcset=\"https:\/\/koylio-seura.fi\/wp-content\/uploads\/2025\/05\/Hanke-logot.png 763w, https:\/\/koylio-seura.fi\/wp-content\/uploads\/2025\/05\/Hanke-logot-300x36.png 300w\" sizes=\"(max-width: 763px) 100vw, 763px\" \/><\/p><p><strong>T\u00e4st\u00e4 voi lukea hankkeen julkisen kuvauksen<br \/><\/strong>K\u00f6yli\u00f6-seura ry toimii historian kirjallisena tallentajana ja historian v\u00e4litt\u00e4j\u00e4n\u00e4 erilaisissa tilaisuuksissaan. Kaksi suurinta K\u00f6yli\u00f6n ja koko Suomen historiaan vaikuttanutta merkkihenkil\u00f6\u00e4 olivat Lalli 1100-luvulta ja Kustaa III 1700-luvun lopulta.<br \/>Kuningas tulee kyl\u00e4\u00e4n-hankkeessa tehd\u00e4\u00e4n el\u00e4v\u00e4ksi 1700-luvun suomalainen elinymp\u00e4rist\u00f6, kuvaillaan Kustaa III merkityst\u00e4 Suomenniemen asukkaille ja nostetaan esiin H\u00e4nen Kuninkaallisen Korkeutensa vierailun 250 merkkivuosi, sen tapahtumat etenkin K\u00f6yli\u00f6ss\u00e4. Merkkihetke\u00e4 juhlistetaan kes\u00e4kuussa 2025 Kankaanp\u00e4\u00e4n kyl\u00e4ss\u00e4, jossa kuningas vieraili.<br \/>Juhlahetki on yleis\u00f6tapahtuma, jossa kerrotaan tapahtumista yleisesti Suomessa ja etenkin vierailun aikoihin. Hankkeessa konstruoidaan kuvaelma tilanteista, joita merkitt\u00e4v\u00e4n henkil\u00f6n vierailuun pieness\u00e4 kyl\u00e4ss\u00e4 liittyy!<\/p><p><a href=\"https:\/\/koylio-seura.fi\/wp-content\/uploads\/2025\/05\/TUKIPAATOS_328998_481826-14.4.2025.pdf\" target=\"_blank\" rel=\"noopener\">Lue t\u00e4st\u00e4 tukip\u00e4\u00e4t\u00f6s kokonaisuudessaan<\/a><\/p><p><a href=\"https:\/\/koylio-seura.fi\/wp-content\/uploads\/2025\/09\/Loppuraportti-Kuningas-tulee-kylaan-tehdaan-historia-elavaksi-1.pdf\" target=\"_blank\" rel=\"noopener\">Hankkeen loppuraportin voit lukea t\u00e4st\u00e4<\/a><\/p><p><a href=\"https:\/\/koylio-seura.fi\/wp-content\/uploads\/2025\/09\/Loppuraportin-liite-kuvakavalkadi.pdf\" target=\"_blank\" rel=\"noopener\">Loppuraporttiin liittyy mittava kuvakavalkadi<\/a>\u00a0<\/p>\t\t\t\t\t\t\t\t<\/div>\n\t\t\t\t<\/div>\n\t\t\t\t\t<\/div>\n\t\t<\/div>\n\t\t\t\t\t<\/div>\n\t\t<\/section>\n\t\t\t\t<\/div>\n\t\t","protected":false},"excerpt":{"rendered":"<p>Kuningas tulee kyl\u00e4\u00e4n-tehd\u00e4\u00e4n historia el\u00e4v\u00e4ksi Hankkeen toteuttamiseksi oli t\u00e4rke\u00e4\u00e4 saada lis\u00e4\u00e4 tietoa kuningas Kustaa III:n retkist\u00e4 Suomen alueilla. Siksi ryhm\u00e4 K\u00f6yli\u00f6-seuran perinnejaostosta l\u00e4hti Asikkalaan Kustaa III:n jalanj\u00e4ljille 20.5.2025.Miksi Asikkalaan?Vuonna 1775 Kustaa III:n seurue vieraili Asikkalassa kuusi p\u00e4iv\u00e4\u00e4 aikaisemmin ennen K\u00f6yli\u00f6t\u00e4.Asikkala &#8230; <a title=\"Kuningas tulee kyl\u00e4\u00e4n -hanke\" class=\"read-more\" href=\"https:\/\/koylio-seura.fi\/?page_id=13933\" aria-label=\"Lue lis\u00e4\u00e4 aiheesta Kuningas tulee kyl\u00e4\u00e4n -hanke\">Lue lis\u00e4\u00e4<\/a><\/p>\n","protected":false},"author":3,"featured_media":0,"parent":61,"menu_order":0,"comment_status":"closed","ping_status":"closed","template":"","meta":{"footnotes":""},"class_list":{"0":"post-13933","1":"page","2":"type-page","3":"status-publish","5":"infinite-scroll-item"},"yoast_head":"<!-- This site is optimized with the Yoast SEO plugin v26.6 - https:\/\/yoast.com\/wordpress\/plugins\/seo\/ -->\n<title>Kuningas tulee kyl\u00e4\u00e4n -hanke - K\u00f6yli\u00f6-seura<\/title>\n<meta name=\"robots\" content=\"index, follow, max-snippet:-1, max-image-preview:large, max-video-preview:-1\" \/>\n<link rel=\"canonical\" href=\"https:\/\/koylio-seura.fi\/?page_id=13933\" \/>\n<meta property=\"og:locale\" content=\"fi_FI\" \/>\n<meta property=\"og:type\" content=\"article\" \/>\n<meta property=\"og:title\" content=\"Kuningas tulee kyl\u00e4\u00e4n -hanke - K\u00f6yli\u00f6-seura\" \/>\n<meta property=\"og:description\" content=\"Kuningas tulee kyl\u00e4\u00e4n-tehd\u00e4\u00e4n historia el\u00e4v\u00e4ksi Hankkeen toteuttamiseksi oli t\u00e4rke\u00e4\u00e4 saada lis\u00e4\u00e4 tietoa kuningas Kustaa III:n retkist\u00e4 Suomen alueilla. Siksi ryhm\u00e4 K\u00f6yli\u00f6-seuran perinnejaostosta l\u00e4hti Asikkalaan Kustaa III:n jalanj\u00e4ljille 20.5.2025.Miksi Asikkalaan?Vuonna 1775 Kustaa III:n seurue vieraili Asikkalassa kuusi p\u00e4iv\u00e4\u00e4 aikaisemmin ennen K\u00f6yli\u00f6t\u00e4.Asikkala ... Lue lis\u00e4\u00e4\" \/>\n<meta property=\"og:url\" content=\"https:\/\/koylio-seura.fi\/?page_id=13933\" \/>\n<meta property=\"og:site_name\" content=\"K\u00f6yli\u00f6-seura\" \/>\n<meta property=\"article:modified_time\" content=\"2025-09-29T13:47:48+00:00\" \/>\n<meta property=\"og:image\" content=\"https:\/\/koylio-seura.fi\/wp-content\/uploads\/2025\/05\/Hanke-logot.png\" \/>\n\t<meta property=\"og:image:width\" content=\"763\" \/>\n\t<meta property=\"og:image:height\" content=\"91\" \/>\n\t<meta property=\"og:image:type\" content=\"image\/png\" \/>\n<meta name=\"twitter:card\" content=\"summary_large_image\" \/>\n<meta name=\"twitter:label1\" content=\"Arvioitu lukuaika\" \/>\n\t<meta name=\"twitter:data1\" content=\"2 minuuttia\" \/>\n<script type=\"application\/ld+json\" class=\"yoast-schema-graph\">{\"@context\":\"https:\/\/schema.org\",\"@graph\":[{\"@type\":\"WebPage\",\"@id\":\"https:\/\/koylio-seura.fi\/?page_id=13933\",\"url\":\"https:\/\/koylio-seura.fi\/?page_id=13933\",\"name\":\"Kuningas tulee kyl\u00e4\u00e4n -hanke - K\u00f6yli\u00f6-seura\",\"isPartOf\":{\"@id\":\"https:\/\/koylio-seura.fi\/#website\"},\"primaryImageOfPage\":{\"@id\":\"https:\/\/koylio-seura.fi\/?page_id=13933#primaryimage\"},\"image\":{\"@id\":\"https:\/\/koylio-seura.fi\/?page_id=13933#primaryimage\"},\"thumbnailUrl\":\"https:\/\/koylio-seura.fi\/wp-content\/uploads\/2025\/05\/Hanke-logot.png\",\"datePublished\":\"2025-05-16T07:03:25+00:00\",\"dateModified\":\"2025-09-29T13:47:48+00:00\",\"breadcrumb\":{\"@id\":\"https:\/\/koylio-seura.fi\/?page_id=13933#breadcrumb\"},\"inLanguage\":\"fi\",\"potentialAction\":[{\"@type\":\"ReadAction\",\"target\":[\"https:\/\/koylio-seura.fi\/?page_id=13933\"]}]},{\"@type\":\"ImageObject\",\"inLanguage\":\"fi\",\"@id\":\"https:\/\/koylio-seura.fi\/?page_id=13933#primaryimage\",\"url\":\"https:\/\/koylio-seura.fi\/wp-content\/uploads\/2025\/05\/Hanke-logot.png\",\"contentUrl\":\"https:\/\/koylio-seura.fi\/wp-content\/uploads\/2025\/05\/Hanke-logot.png\",\"width\":763,\"height\":91},{\"@type\":\"BreadcrumbList\",\"@id\":\"https:\/\/koylio-seura.fi\/?page_id=13933#breadcrumb\",\"itemListElement\":[{\"@type\":\"ListItem\",\"position\":1,\"name\":\"Etusivu\",\"item\":\"https:\/\/koylio-seura.fi\/\"},{\"@type\":\"ListItem\",\"position\":2,\"name\":\"K\u00f6yli\u00f6-seura\",\"item\":\"https:\/\/koylio-seura.fi\/\"},{\"@type\":\"ListItem\",\"position\":3,\"name\":\"Hankkeet\",\"item\":\"https:\/\/koylio-seura.fi\/?page_id=61\"},{\"@type\":\"ListItem\",\"position\":4,\"name\":\"Kuningas tulee kyl\u00e4\u00e4n -hanke\"}]},{\"@type\":\"WebSite\",\"@id\":\"https:\/\/koylio-seura.fi\/#website\",\"url\":\"https:\/\/koylio-seura.fi\/\",\"name\":\"K\u00f6yli\u00f6-seura\",\"description\":\"\",\"publisher\":{\"@id\":\"https:\/\/koylio-seura.fi\/#organization\"},\"potentialAction\":[{\"@type\":\"SearchAction\",\"target\":{\"@type\":\"EntryPoint\",\"urlTemplate\":\"https:\/\/koylio-seura.fi\/?s={search_term_string}\"},\"query-input\":{\"@type\":\"PropertyValueSpecification\",\"valueRequired\":true,\"valueName\":\"search_term_string\"}}],\"inLanguage\":\"fi\"},{\"@type\":\"Organization\",\"@id\":\"https:\/\/koylio-seura.fi\/#organization\",\"name\":\"K\u00f6yli\u00f6-seura\",\"url\":\"https:\/\/koylio-seura.fi\/\",\"logo\":{\"@type\":\"ImageObject\",\"inLanguage\":\"fi\",\"@id\":\"https:\/\/koylio-seura.fi\/#\/schema\/logo\/image\/\",\"url\":\"https:\/\/koylio-seura.fi\/wp-content\/uploads\/2023\/07\/cropped-KS-logo-23.png\",\"contentUrl\":\"https:\/\/koylio-seura.fi\/wp-content\/uploads\/2023\/07\/cropped-KS-logo-23.png\",\"width\":530,\"height\":619,\"caption\":\"K\u00f6yli\u00f6-seura\"},\"image\":{\"@id\":\"https:\/\/koylio-seura.fi\/#\/schema\/logo\/image\/\"}}]}<\/script>\n<!-- \/ Yoast SEO plugin. -->","yoast_head_json":{"title":"Kuningas tulee kyl\u00e4\u00e4n -hanke - K\u00f6yli\u00f6-seura","robots":{"index":"index","follow":"follow","max-snippet":"max-snippet:-1","max-image-preview":"max-image-preview:large","max-video-preview":"max-video-preview:-1"},"canonical":"https:\/\/koylio-seura.fi\/?page_id=13933","og_locale":"fi_FI","og_type":"article","og_title":"Kuningas tulee kyl\u00e4\u00e4n -hanke - K\u00f6yli\u00f6-seura","og_description":"Kuningas tulee kyl\u00e4\u00e4n-tehd\u00e4\u00e4n historia el\u00e4v\u00e4ksi Hankkeen toteuttamiseksi oli t\u00e4rke\u00e4\u00e4 saada lis\u00e4\u00e4 tietoa kuningas Kustaa III:n retkist\u00e4 Suomen alueilla. Siksi ryhm\u00e4 K\u00f6yli\u00f6-seuran perinnejaostosta l\u00e4hti Asikkalaan Kustaa III:n jalanj\u00e4ljille 20.5.2025.Miksi Asikkalaan?Vuonna 1775 Kustaa III:n seurue vieraili Asikkalassa kuusi p\u00e4iv\u00e4\u00e4 aikaisemmin ennen K\u00f6yli\u00f6t\u00e4.Asikkala ... Lue lis\u00e4\u00e4","og_url":"https:\/\/koylio-seura.fi\/?page_id=13933","og_site_name":"K\u00f6yli\u00f6-seura","article_modified_time":"2025-09-29T13:47:48+00:00","og_image":[{"width":763,"height":91,"url":"https:\/\/koylio-seura.fi\/wp-content\/uploads\/2025\/05\/Hanke-logot.png","type":"image\/png"}],"twitter_card":"summary_large_image","twitter_misc":{"Arvioitu lukuaika":"2 minuuttia"},"schema":{"@context":"https:\/\/schema.org","@graph":[{"@type":"WebPage","@id":"https:\/\/koylio-seura.fi\/?page_id=13933","url":"https:\/\/koylio-seura.fi\/?page_id=13933","name":"Kuningas tulee kyl\u00e4\u00e4n -hanke - K\u00f6yli\u00f6-seura","isPartOf":{"@id":"https:\/\/koylio-seura.fi\/#website"},"primaryImageOfPage":{"@id":"https:\/\/koylio-seura.fi\/?page_id=13933#primaryimage"},"image":{"@id":"https:\/\/koylio-seura.fi\/?page_id=13933#primaryimage"},"thumbnailUrl":"https:\/\/koylio-seura.fi\/wp-content\/uploads\/2025\/05\/Hanke-logot.png","datePublished":"2025-05-16T07:03:25+00:00","dateModified":"2025-09-29T13:47:48+00:00","breadcrumb":{"@id":"https:\/\/koylio-seura.fi\/?page_id=13933#breadcrumb"},"inLanguage":"fi","potentialAction":[{"@type":"ReadAction","target":["https:\/\/koylio-seura.fi\/?page_id=13933"]}]},{"@type":"ImageObject","inLanguage":"fi","@id":"https:\/\/koylio-seura.fi\/?page_id=13933#primaryimage","url":"https:\/\/koylio-seura.fi\/wp-content\/uploads\/2025\/05\/Hanke-logot.png","contentUrl":"https:\/\/koylio-seura.fi\/wp-content\/uploads\/2025\/05\/Hanke-logot.png","width":763,"height":91},{"@type":"BreadcrumbList","@id":"https:\/\/koylio-seura.fi\/?page_id=13933#breadcrumb","itemListElement":[{"@type":"ListItem","position":1,"name":"Etusivu","item":"https:\/\/koylio-seura.fi\/"},{"@type":"ListItem","position":2,"name":"K\u00f6yli\u00f6-seura","item":"https:\/\/koylio-seura.fi\/"},{"@type":"ListItem","position":3,"name":"Hankkeet","item":"https:\/\/koylio-seura.fi\/?page_id=61"},{"@type":"ListItem","position":4,"name":"Kuningas tulee kyl\u00e4\u00e4n -hanke"}]},{"@type":"WebSite","@id":"https:\/\/koylio-seura.fi\/#website","url":"https:\/\/koylio-seura.fi\/","name":"K\u00f6yli\u00f6-seura","description":"","publisher":{"@id":"https:\/\/koylio-seura.fi\/#organization"},"potentialAction":[{"@type":"SearchAction","target":{"@type":"EntryPoint","urlTemplate":"https:\/\/koylio-seura.fi\/?s={search_term_string}"},"query-input":{"@type":"PropertyValueSpecification","valueRequired":true,"valueName":"search_term_string"}}],"inLanguage":"fi"},{"@type":"Organization","@id":"https:\/\/koylio-seura.fi\/#organization","name":"K\u00f6yli\u00f6-seura","url":"https:\/\/koylio-seura.fi\/","logo":{"@type":"ImageObject","inLanguage":"fi","@id":"https:\/\/koylio-seura.fi\/#\/schema\/logo\/image\/","url":"https:\/\/koylio-seura.fi\/wp-content\/uploads\/2023\/07\/cropped-KS-logo-23.png","contentUrl":"https:\/\/koylio-seura.fi\/wp-content\/uploads\/2023\/07\/cropped-KS-logo-23.png","width":530,"height":619,"caption":"K\u00f6yli\u00f6-seura"},"image":{"@id":"https:\/\/koylio-seura.fi\/#\/schema\/logo\/image\/"}}]}},"_links":{"self":[{"href":"https:\/\/koylio-seura.fi\/index.php?rest_route=\/wp\/v2\/pages\/13933","targetHints":{"allow":["GET"]}}],"collection":[{"href":"https:\/\/koylio-seura.fi\/index.php?rest_route=\/wp\/v2\/pages"}],"about":[{"href":"https:\/\/koylio-seura.fi\/index.php?rest_route=\/wp\/v2\/types\/page"}],"author":[{"embeddable":true,"href":"https:\/\/koylio-seura.fi\/index.php?rest_route=\/wp\/v2\/users\/3"}],"replies":[{"embeddable":true,"href":"https:\/\/koylio-seura.fi\/index.php?rest_route=%2Fwp%2Fv2%2Fcomments&post=13933"}],"version-history":[{"count":46,"href":"https:\/\/koylio-seura.fi\/index.php?rest_route=\/wp\/v2\/pages\/13933\/revisions"}],"predecessor-version":[{"id":15110,"href":"https:\/\/koylio-seura.fi\/index.php?rest_route=\/wp\/v2\/pages\/13933\/revisions\/15110"}],"up":[{"embeddable":true,"href":"https:\/\/koylio-seura.fi\/index.php?rest_route=\/wp\/v2\/pages\/61"}],"wp:attachment":[{"href":"https:\/\/koylio-seura.fi\/index.php?rest_route=%2Fwp%2Fv2%2Fmedia&parent=13933"}],"curies":[{"name":"wp","href":"https:\/\/api.w.org\/{rel}","templated":true}]}}