{"id":10279,"date":"2024-09-08T14:48:03","date_gmt":"2024-09-08T14:48:03","guid":{"rendered":"https:\/\/koylio-seura.fi\/?page_id=10279"},"modified":"2024-09-16T18:29:02","modified_gmt":"2024-09-16T18:29:02","slug":"meita-on-muistettu","status":"publish","type":"page","link":"https:\/\/koylio-seura.fi\/?page_id=10279","title":{"rendered":"Meit\u00e4 on muistettu"},"content":{"rendered":"\t\t<div data-elementor-type=\"wp-page\" data-elementor-id=\"10279\" class=\"elementor elementor-10279\" data-elementor-post-type=\"page\">\n\t\t\t\t\t\t<section class=\"elementor-section elementor-top-section elementor-element elementor-element-60b9a98 elementor-section-boxed elementor-section-height-default elementor-section-height-default\" data-id=\"60b9a98\" data-element_type=\"section\">\n\t\t\t\t\t\t<div class=\"elementor-container elementor-column-gap-default\">\n\t\t\t\t\t<div class=\"elementor-column elementor-col-100 elementor-top-column elementor-element elementor-element-c2ae4a0\" data-id=\"c2ae4a0\" data-element_type=\"column\">\n\t\t\t<div class=\"elementor-widget-wrap elementor-element-populated\">\n\t\t\t\t\t\t<div class=\"elementor-element elementor-element-5603393 elementor-widget elementor-widget-heading\" data-id=\"5603393\" data-element_type=\"widget\" data-widget_type=\"heading.default\">\n\t\t\t\t<div class=\"elementor-widget-container\">\n\t\t\t\t\t<h2 class=\"elementor-heading-title elementor-size-default\">K\u00f6yli\u00f6-seuran saamat merkitt\u00e4v\u00e4t huomionosoitukset<\/h2>\t\t\t\t<\/div>\n\t\t\t\t<\/div>\n\t\t\t\t\t<\/div>\n\t\t<\/div>\n\t\t\t\t\t<\/div>\n\t\t<\/section>\n\t\t\t\t<section class=\"elementor-section elementor-top-section elementor-element elementor-element-975218a elementor-section-boxed elementor-section-height-default elementor-section-height-default\" data-id=\"975218a\" data-element_type=\"section\">\n\t\t\t\t\t\t<div class=\"elementor-container elementor-column-gap-default\">\n\t\t\t\t\t<div class=\"elementor-column elementor-col-100 elementor-top-column elementor-element elementor-element-9fd4b1f\" data-id=\"9fd4b1f\" data-element_type=\"column\">\n\t\t\t<div class=\"elementor-widget-wrap elementor-element-populated\">\n\t\t\t\t\t\t<div class=\"elementor-element elementor-element-db8ed90 elementor-widget elementor-widget-accordion\" data-id=\"db8ed90\" data-element_type=\"widget\" data-widget_type=\"accordion.default\">\n\t\t\t\t<div class=\"elementor-widget-container\">\n\t\t\t\t\t\t\t<div class=\"elementor-accordion\">\n\t\t\t\t\t\t\t<div class=\"elementor-accordion-item\">\n\t\t\t\t\t<div id=\"elementor-tab-title-2301\" class=\"elementor-tab-title\" data-tab=\"1\" role=\"button\" aria-controls=\"elementor-tab-content-2301\" aria-expanded=\"false\">\n\t\t\t\t\t\t\t\t\t\t\t\t\t<span class=\"elementor-accordion-icon elementor-accordion-icon-left\" aria-hidden=\"true\">\n\t\t\t\t\t\t\t\t\t\t\t\t\t\t\t<span class=\"elementor-accordion-icon-closed\"><i class=\"fas fa-plus\"><\/i><\/span>\n\t\t\t\t\t\t\t\t<span class=\"elementor-accordion-icon-opened\"><i class=\"fas fa-minus\"><\/i><\/span>\n\t\t\t\t\t\t\t\t\t\t\t\t\t\t<\/span>\n\t\t\t\t\t\t\t\t\t\t\t\t<a class=\"elementor-accordion-title\" tabindex=\"0\">K\u00f6yli\u00f6-seuran on Vuoden 2024 kotiseutuyhdistys <\/a>\n\t\t\t\t\t<\/div>\n\t\t\t\t\t<div id=\"elementor-tab-content-2301\" class=\"elementor-tab-content elementor-clearfix\" data-tab=\"1\" role=\"region\" aria-labelledby=\"elementor-tab-title-2301\"><p>Suomen Kotiseutuliitto valitsi K\u00f6yli\u00f6-seuran Vuoden 2024 kotiseutuyhdistykseksi.<\/p><p><a href=\"https:\/\/koylio-seura.fi\/wp-content\/uploads\/2024\/09\/Vuoden-kotiseutuyhd24.jpg\"><img fetchpriority=\"high\" decoding=\"async\" src=\"https:\/\/koylio-seura.fi\/wp-content\/uploads\/2024\/09\/Vuoden-kotiseutuyhd24.jpg\" alt=\"\" width=\"1420\" height=\"500\" \/><\/a><span style=\"background-color: var(--base-3); color: var(--contrast); font-family: Arial, Helvetica, sans-serif; font-size: small;\">Kiitos K\u00f6yli\u00f6-seuran j\u00e4senet, meid\u00e4n kaikkien tekem\u00e4n laadukkaan toiminnan vuoksi seuramme valittiin Vuoden kotiseutuyhdistykseksi.\u00a0 Ollaan yhdess\u00e4 iloisia ja ylpeit\u00e4 saamastamme tunnustuksesta.\u00a0<\/span><span style=\"background-color: var(--base-3); color: var(--contrast); font-family: Arial, Helvetica, sans-serif; font-size: small;\">Kuvassa julkaisujaoston puheenjohtaja Samuli Vahteristo, perinnejaoston puheenjohtaja Lassi Kauko, Yst\u00e4v\u00e4t-jaoston kokoava voimanainen Helena Santala, puheenjohtaja Pirkko Peltola, varapuheenjohtaja Tuula Kyt\u00f6vuori ja julkaisutoiminnalle ilmeen luova Simo Nummi. Kuva: Ari St\u00e5hlman<\/span><\/p><p><a href=\"https:\/\/kotiseutuliitto.fi\/jasentyossa-ansioitunut-koylio-seura-on-vuoden-kotiseutuyhdistys\/\" target=\"_blank\" rel=\"noopener\">Valinnan perustelut l\u00f6ytyv\u00e4t t\u00e4st\u00e4 linkist\u00e4.<\/a><\/p><p>Palkitsemistilaisuus oli Vantaan Kotiseutup\u00e4ivien yhteydess\u00e4 pidetyss\u00e4 Suomen Kotiseutuliiton vuosikokouksessa 31.8.2024. K\u00f6yli\u00f6-seuran edustajat, varapuheenjohtaja Tuula Kyt\u00f6vuori ja tiedottaja Samuli Vahteristo ottivat vastaan tunnustuksena annetun kunniakirjan ja kukat.<\/p><p><a href=\"https:\/\/koylio-seura.fi\/wp-content\/uploads\/2024\/09\/vuoden-kotiseutuyhd.jpg\"><img decoding=\"async\" src=\"https:\/\/koylio-seura.fi\/wp-content\/uploads\/2024\/09\/vuoden-kotiseutuyhd-1024x576.jpg\" alt=\"\" width=\"1024\" height=\"576\" \/><\/a> Kotiseutuliiton hallituksen edustajat Tuula Aitto-oja ja Jukka Hako kukittavat ja luovuttavat kunniakirjan<br \/>sek\u00e4 palkinnot K\u00f6yli\u00f6-seuran edustajille varapuheenjohtaja Tuula Kyt\u00f6vuorelle ja tiedottaja Samuli<br \/>Vahteristolle. Kuva: Anna-Maija Halme<\/p><p><a href=\"https:\/\/koylio-seura.fi\/wp-content\/uploads\/2024\/09\/Kunniakirja-Koylio-seuralle-1.jpg\"><img decoding=\"async\" src=\"https:\/\/koylio-seura.fi\/wp-content\/uploads\/2024\/09\/Kunniakirja-Koylio-seuralle-1-225x300.jpg\" alt=\"\" width=\"225\" height=\"300\" \/><\/a>\u00a0 \u00a0<span style=\"background-color: var(--base-3); color: var(--contrast);\">Kunniakirja Kuva: Tuula Kyt\u00f6vuori\u00a0 \u00a0 \u00a0 \u00a0 <\/span><a style=\"background-color: var(--base-3);\" href=\"https:\/\/koylio-seura.fi\/wp-content\/uploads\/2024\/09\/Palkintokukat.jpg\"><img loading=\"lazy\" decoding=\"async\" src=\"https:\/\/koylio-seura.fi\/wp-content\/uploads\/2024\/09\/Palkintokukat-225x300.jpg\" alt=\"\" width=\"225\" height=\"300\" \/><\/a><span style=\"color: var(--contrast); background-color: var(--base-3);\">\u00a0<\/span><\/p><p><span style=\"background-color: var(--base-3); color: var(--contrast);\">\u00a0 \u00a0 \u00a0 \u00a0 \u00a0 \u00a0 \u00a0 \u00a0 \u00a0 \u00a0 \u00a0 \u00a0 \u00a0 \u00a0 \u00a0 \u00a0 \u00a0 \u00a0 \u00a0 \u00a0 \u00a0 \u00a0 \u00a0 \u00a0 \u00a0 \u00a0 \u00a0 \u00a0 \u00a0 \u00a0 \u00a0 \u00a0 \u00a0 \u00a0 \u00a0 \u00a0 \u00a0 \u00a0 \u00a0 \u00a0 \u00a0 \u00a0 \u00a0 \u00a0 \u00a0 \u00a0 \u00a0 \u00a0 \u00a0 \u00a0 \u00a0 \u00a0 \u00a0 \u00a0 \u00a0 \u00a0 \u00a0 Palkintokukat Kuva: Tuula Kyt\u00f6vuori<\/span><\/p><p><a href=\"https:\/\/koylio-seura.fi\/wp-content\/uploads\/2024\/09\/Vuoden-Kotiseutuyhdistys-kunniakirja-ja-kukat.pdf\" target=\"_blank\" rel=\"noopener\">Lis\u00e4\u00e4 kuvia ja tietoa palkitsemistilaisuudesta t\u00e4st\u00e4 linkist\u00e4<\/a><\/p><p><a href=\"https:\/\/koylio-seura.fi\/wp-content\/uploads\/2024\/09\/Kiitospuhe-kotiseutuliitto-lyhennetty-31.08.2024.pdf\" target=\"_blank\" rel=\"noopener\">Tuula Kyt\u00f6vuoren ja Samuli Vahteriston esitt\u00e4m\u00e4 kiitospuhe t\u00e4st\u00e4 linkist\u00e4<\/a><\/p><p>\u00a0<\/p><p>\u00a0<\/p><\/div>\n\t\t\t\t<\/div>\n\t\t\t\t\t\t\t<div class=\"elementor-accordion-item\">\n\t\t\t\t\t<div id=\"elementor-tab-title-2302\" class=\"elementor-tab-title\" data-tab=\"2\" role=\"button\" aria-controls=\"elementor-tab-content-2302\" aria-expanded=\"false\">\n\t\t\t\t\t\t\t\t\t\t\t\t\t<span class=\"elementor-accordion-icon elementor-accordion-icon-left\" aria-hidden=\"true\">\n\t\t\t\t\t\t\t\t\t\t\t\t\t\t\t<span class=\"elementor-accordion-icon-closed\"><i class=\"fas fa-plus\"><\/i><\/span>\n\t\t\t\t\t\t\t\t<span class=\"elementor-accordion-icon-opened\"><i class=\"fas fa-minus\"><\/i><\/span>\n\t\t\t\t\t\t\t\t\t\t\t\t\t\t<\/span>\n\t\t\t\t\t\t\t\t\t\t\t\t<a class=\"elementor-accordion-title\" tabindex=\"0\">K\u00f6yli\u00f6-seura sai 8.9.2019 S\u00e4kyl\u00e4n hyv\u00e4ksi-mitalin <\/a>\n\t\t\t\t\t<\/div>\n\t\t\t\t\t<div id=\"elementor-tab-content-2302\" class=\"elementor-tab-content elementor-clearfix\" data-tab=\"2\" role=\"region\" aria-labelledby=\"elementor-tab-title-2302\"><p>S\u00e4kyl\u00e4n kunnnan t\u00e4ytt\u00e4ess\u00e4 150 vuotta j\u00e4rjestettiin Koulukeskuksessa 8.9.2019 p\u00e4\u00e4juhla. Sen yhteydess\u00e4 luovutettiin 5 kpl pronssista S\u00e4kyl\u00e4n hyv\u00e4ksi-mitalia. Mitalin saivat: S\u00e4kyl\u00e4n Yritt\u00e4j\u00e4t ry, K\u00f6yli\u00f6-seura ry, toimitusjohtaja Jarmo Perkola, &#8211; Sivistysjohtaja P\u00e4ivi \u00d6sterman ja Tutkimusp\u00e4\u00e4llikk\u00f6, FT Anne-Mari Ventel\u00e4.<br \/>K\u00f6yli\u00f6-seuraa juhlassa edusti ja mitalin nouti yhdistyksen varapuheenjohtaja Jouko Juhola<\/p><p><img loading=\"lazy\" decoding=\"async\" class=\"aligncenter size-full wp-image-10317\" src=\"https:\/\/koylio-seura.fi\/wp-content\/uploads\/2024\/09\/181A3574-scaled.jpg\" alt=\"\" width=\"2560\" height=\"1707\" srcset=\"https:\/\/koylio-seura.fi\/wp-content\/uploads\/2024\/09\/181A3574-scaled.jpg 2560w, https:\/\/koylio-seura.fi\/wp-content\/uploads\/2024\/09\/181A3574-300x200.jpg 300w, https:\/\/koylio-seura.fi\/wp-content\/uploads\/2024\/09\/181A3574-1024x683.jpg 1024w, https:\/\/koylio-seura.fi\/wp-content\/uploads\/2024\/09\/181A3574-768x512.jpg 768w, https:\/\/koylio-seura.fi\/wp-content\/uploads\/2024\/09\/181A3574-1536x1024.jpg 1536w, https:\/\/koylio-seura.fi\/wp-content\/uploads\/2024\/09\/181A3574-2048x1365.jpg 2048w\" sizes=\"(max-width: 2560px) 100vw, 2560px\" \/><\/p><p>S\u00e4kyl\u00e4n hyv\u00e4ksi-mitaleja on\u00a0 my\u00f6nnetty vuodesta 1981 alkaen.<br \/>Mitaleja jaetaan pronssisina korkeintaan 2 vuodessa. Viimeisen kymmenen vuoden aikana mitaleja on my\u00f6nnetty selke\u00e4sti t\u00e4t\u00e4 v\u00e4hemm\u00e4n. T\u00e4m\u00e4 on ollut harkittu ratkaisu, jotta mitalin arvostus kunnan arvokkaimpana tunnustuksena s\u00e4ilyy. N\u00e4in on my\u00f6s perusteet sille, ett\u00e4 juhlavuotena mitaleja voitiin my\u00f6nt\u00e4\u00e4 hieman useampia.<\/p><\/div>\n\t\t\t\t<\/div>\n\t\t\t\t\t\t\t<div class=\"elementor-accordion-item\">\n\t\t\t\t\t<div id=\"elementor-tab-title-2303\" class=\"elementor-tab-title\" data-tab=\"3\" role=\"button\" aria-controls=\"elementor-tab-content-2303\" aria-expanded=\"false\">\n\t\t\t\t\t\t\t\t\t\t\t\t\t<span class=\"elementor-accordion-icon elementor-accordion-icon-left\" aria-hidden=\"true\">\n\t\t\t\t\t\t\t\t\t\t\t\t\t\t\t<span class=\"elementor-accordion-icon-closed\"><i class=\"fas fa-plus\"><\/i><\/span>\n\t\t\t\t\t\t\t\t<span class=\"elementor-accordion-icon-opened\"><i class=\"fas fa-minus\"><\/i><\/span>\n\t\t\t\t\t\t\t\t\t\t\t\t\t\t<\/span>\n\t\t\t\t\t\t\t\t\t\t\t\t<a class=\"elementor-accordion-title\" tabindex=\"0\">K\u00f6yli\u00f6-seuran Kuva-hanke sai Vuoden 2013 kotiseututeko-palkinnon <\/a>\n\t\t\t\t\t<\/div>\n\t\t\t\t\t<div id=\"elementor-tab-content-2303\" class=\"elementor-tab-content elementor-clearfix\" data-tab=\"3\" role=\"region\" aria-labelledby=\"elementor-tab-title-2303\"><div>\u00a0<\/div><div><figure id=\"attachment_11003\" aria-describedby=\"caption-attachment-11003\" style=\"width: 2116px\" class=\"wp-caption alignleft\"><img loading=\"lazy\" decoding=\"async\" class=\"wp-image-11003 size-full\" src=\"https:\/\/koylio-seura.fi\/wp-content\/uploads\/2024\/09\/Onnittelut-palkinnosta.jpg\" alt=\"\" width=\"2126\" height=\"1511\" srcset=\"https:\/\/koylio-seura.fi\/wp-content\/uploads\/2024\/09\/Onnittelut-palkinnosta.jpg 2126w, https:\/\/koylio-seura.fi\/wp-content\/uploads\/2024\/09\/Onnittelut-palkinnosta-300x213.jpg 300w, https:\/\/koylio-seura.fi\/wp-content\/uploads\/2024\/09\/Onnittelut-palkinnosta-1024x728.jpg 1024w, https:\/\/koylio-seura.fi\/wp-content\/uploads\/2024\/09\/Onnittelut-palkinnosta-768x546.jpg 768w, https:\/\/koylio-seura.fi\/wp-content\/uploads\/2024\/09\/Onnittelut-palkinnosta-1536x1092.jpg 1536w, https:\/\/koylio-seura.fi\/wp-content\/uploads\/2024\/09\/Onnittelut-palkinnosta-2048x1456.jpg 2048w\" sizes=\"(max-width: 2126px) 100vw, 2126px\" \/><figcaption id=\"caption-attachment-11003\" class=\"wp-caption-text\">Lassi Saressalo onnittelee Leena J\u00e4rnforsia ja Jaakko Ojalaa. Kalevi Salmi on seuraavana onniteltavana vuorossa.<\/figcaption><\/figure><\/div><div>\u00a0<\/div><div>K\u00f6yli\u00f6-seuraan saapui 18.6.2013 kirje, jota oli toivottu ja odotettu: Suomen kotiseutuliiton nime\u00e4m\u00e4 palkintoraati oli p\u00e4\u00e4tt\u00e4nyt my\u00f6nt\u00e4\u00e4 Vuoden 2013 Kotiseututeko-palkinnon K\u00f6yli\u00f6n Upeat Valokuvat Arkistoon (KUVA)- hankkeelle. Kunniapalkinto tullaan jakamaan Valtakunnallisilla kotiseutup\u00e4ivill\u00e4 Sein\u00e4joella liiton vuosikokouksen yhteydess\u00e4 perjantaina 9.8.2013 klo 13.15 Seinajoki-salin auditoriossa osoitteessa Kalevankatu 35.<\/div><div>\u00a0<\/div><div><p><div id='gallery-1' class='gallery galleryid-10279 gallery-columns-3 gallery-size-medium'><figure class='gallery-item'>\n\t\t\t<div class='gallery-icon landscape'>\n\t\t\t\t<a href='https:\/\/koylio-seura.fi\/?attachment_id=11001'><img loading=\"lazy\" decoding=\"async\" width=\"300\" height=\"240\" src=\"https:\/\/koylio-seura.fi\/wp-content\/uploads\/2024\/09\/Kalevi-kiittaa-300x240.jpg\" class=\"attachment-medium size-medium\" alt=\"\" aria-describedby=\"gallery-1-11001\" srcset=\"https:\/\/koylio-seura.fi\/wp-content\/uploads\/2024\/09\/Kalevi-kiittaa-300x240.jpg 300w, https:\/\/koylio-seura.fi\/wp-content\/uploads\/2024\/09\/Kalevi-kiittaa-1024x819.jpg 1024w, https:\/\/koylio-seura.fi\/wp-content\/uploads\/2024\/09\/Kalevi-kiittaa-768x614.jpg 768w, https:\/\/koylio-seura.fi\/wp-content\/uploads\/2024\/09\/Kalevi-kiittaa-1536x1228.jpg 1536w, https:\/\/koylio-seura.fi\/wp-content\/uploads\/2024\/09\/Kalevi-kiittaa-2048x1637.jpg 2048w\" sizes=\"(max-width: 300px) 100vw, 300px\" \/><\/a>\n\t\t\t<\/div>\n\t\t\t\t<figcaption class='wp-caption-text gallery-caption' id='gallery-1-11001'>\n\t\t\t\tKalevi kiitt\u00e4\u00e4\n\t\t\t\t<\/figcaption><\/figure><figure class='gallery-item'>\n\t\t\t<div class='gallery-icon portrait'>\n\t\t\t\t<a href='https:\/\/koylio-seura.fi\/?attachment_id=11004'><img loading=\"lazy\" decoding=\"async\" width=\"222\" height=\"300\" src=\"https:\/\/koylio-seura.fi\/wp-content\/uploads\/2024\/09\/Kunniakirja-222x300.jpg\" class=\"attachment-medium size-medium\" alt=\"\" aria-describedby=\"gallery-1-11004\" srcset=\"https:\/\/koylio-seura.fi\/wp-content\/uploads\/2024\/09\/Kunniakirja-222x300.jpg 222w, https:\/\/koylio-seura.fi\/wp-content\/uploads\/2024\/09\/Kunniakirja-758x1024.jpg 758w, https:\/\/koylio-seura.fi\/wp-content\/uploads\/2024\/09\/Kunniakirja-768x1038.jpg 768w, https:\/\/koylio-seura.fi\/wp-content\/uploads\/2024\/09\/Kunniakirja-1137x1536.jpg 1137w, https:\/\/koylio-seura.fi\/wp-content\/uploads\/2024\/09\/Kunniakirja-1515x2048.jpg 1515w, https:\/\/koylio-seura.fi\/wp-content\/uploads\/2024\/09\/Kunniakirja-scaled.jpg 1894w\" sizes=\"(max-width: 222px) 100vw, 222px\" \/><\/a>\n\t\t\t<\/div>\n\t\t\t\t<figcaption class='wp-caption-text gallery-caption' id='gallery-1-11004'>\n\t\t\t\tT\u00e4t\u00e4 tultiin Sein\u00e4joelta hakemaan\n\t\t\t\t<\/figcaption><\/figure><figure class='gallery-item'>\n\t\t\t<div class='gallery-icon landscape'>\n\t\t\t\t<a href='https:\/\/koylio-seura.fi\/?attachment_id=11002'><img loading=\"lazy\" decoding=\"async\" width=\"300\" height=\"227\" src=\"https:\/\/koylio-seura.fi\/wp-content\/uploads\/2024\/09\/Kiitospuhetta-kuunnellen-300x227.jpg\" class=\"attachment-medium size-medium\" alt=\"\" aria-describedby=\"gallery-1-11002\" srcset=\"https:\/\/koylio-seura.fi\/wp-content\/uploads\/2024\/09\/Kiitospuhetta-kuunnellen-300x227.jpg 300w, https:\/\/koylio-seura.fi\/wp-content\/uploads\/2024\/09\/Kiitospuhetta-kuunnellen-1024x775.jpg 1024w, https:\/\/koylio-seura.fi\/wp-content\/uploads\/2024\/09\/Kiitospuhetta-kuunnellen-768x581.jpg 768w, https:\/\/koylio-seura.fi\/wp-content\/uploads\/2024\/09\/Kiitospuhetta-kuunnellen-1536x1162.jpg 1536w, https:\/\/koylio-seura.fi\/wp-content\/uploads\/2024\/09\/Kiitospuhetta-kuunnellen-2048x1549.jpg 2048w\" sizes=\"(max-width: 300px) 100vw, 300px\" \/><\/a>\n\t\t\t<\/div>\n\t\t\t\t<figcaption class='wp-caption-text gallery-caption' id='gallery-1-11002'>\n\t\t\t\tLeena ja Jaakko kuuntelevat Kalevin puhetta\n\t\t\t\t<\/figcaption><\/figure>\n\t\t<\/div>\n<\/p><\/div><div>\u00a0<\/div><div>\u00a0<\/div><div>\u00a0<\/div><\/div>\n\t\t\t\t<\/div>\n\t\t\t\t\t\t\t\t<\/div>\n\t\t\t\t\t\t<\/div>\n\t\t\t\t<\/div>\n\t\t\t\t\t<\/div>\n\t\t<\/div>\n\t\t\t\t\t<\/div>\n\t\t<\/section>\n\t\t\t\t<\/div>\n\t\t","protected":false},"excerpt":{"rendered":"<p>K\u00f6yli\u00f6-seuran saamat merkitt\u00e4v\u00e4t huomionosoitukset K\u00f6yli\u00f6-seuran on Vuoden 2024 kotiseutuyhdistys Suomen Kotiseutuliitto valitsi K\u00f6yli\u00f6-seuran Vuoden 2024 kotiseutuyhdistykseksi. Kiitos K\u00f6yli\u00f6-seuran j\u00e4senet, meid\u00e4n kaikkien tekem\u00e4n laadukkaan toiminnan vuoksi seuramme valittiin Vuoden kotiseutuyhdistykseksi.\u00a0 Ollaan yhdess\u00e4 iloisia ja ylpeit\u00e4 saamastamme tunnustuksesta.\u00a0Kuvassa julkaisujaoston puheenjohtaja Samuli Vahteristo, &#8230; <a title=\"Meit\u00e4 on muistettu\" class=\"read-more\" href=\"https:\/\/koylio-seura.fi\/?page_id=10279\" aria-label=\"Lue lis\u00e4\u00e4 aiheesta Meit\u00e4 on muistettu\">Lue lis\u00e4\u00e4<\/a><\/p>\n","protected":false},"author":3,"featured_media":0,"parent":7660,"menu_order":0,"comment_status":"closed","ping_status":"closed","template":"","meta":{"footnotes":""},"class_list":{"0":"post-10279","1":"page","2":"type-page","3":"status-publish","5":"infinite-scroll-item"},"yoast_head":"<!-- This site is optimized with the Yoast SEO plugin v26.6 - https:\/\/yoast.com\/wordpress\/plugins\/seo\/ -->\n<title>Meit\u00e4 on muistettu - K\u00f6yli\u00f6-seura<\/title>\n<meta name=\"robots\" content=\"index, follow, max-snippet:-1, max-image-preview:large, max-video-preview:-1\" \/>\n<link rel=\"canonical\" href=\"https:\/\/koylio-seura.fi\/?page_id=10279\" \/>\n<meta property=\"og:locale\" content=\"fi_FI\" \/>\n<meta property=\"og:type\" content=\"article\" \/>\n<meta property=\"og:title\" content=\"Meit\u00e4 on muistettu - K\u00f6yli\u00f6-seura\" \/>\n<meta property=\"og:description\" content=\"K\u00f6yli\u00f6-seuran saamat merkitt\u00e4v\u00e4t huomionosoitukset K\u00f6yli\u00f6-seuran on Vuoden 2024 kotiseutuyhdistys Suomen Kotiseutuliitto valitsi K\u00f6yli\u00f6-seuran Vuoden 2024 kotiseutuyhdistykseksi. Kiitos K\u00f6yli\u00f6-seuran j\u00e4senet, meid\u00e4n kaikkien tekem\u00e4n laadukkaan toiminnan vuoksi seuramme valittiin Vuoden kotiseutuyhdistykseksi.\u00a0 Ollaan yhdess\u00e4 iloisia ja ylpeit\u00e4 saamastamme tunnustuksesta.\u00a0Kuvassa julkaisujaoston puheenjohtaja Samuli Vahteristo, ... Lue lis\u00e4\u00e4\" \/>\n<meta property=\"og:url\" content=\"https:\/\/koylio-seura.fi\/?page_id=10279\" \/>\n<meta property=\"og:site_name\" content=\"K\u00f6yli\u00f6-seura\" \/>\n<meta property=\"article:modified_time\" content=\"2024-09-16T18:29:02+00:00\" \/>\n<meta property=\"og:image\" content=\"https:\/\/koylio-seura.fi\/wp-content\/uploads\/2024\/09\/Vuoden-kotiseutuyhd24.jpg\" \/>\n<meta name=\"twitter:card\" content=\"summary_large_image\" \/>\n<meta name=\"twitter:label1\" content=\"Arvioitu lukuaika\" \/>\n\t<meta name=\"twitter:data1\" content=\"4 minuuttia\" \/>\n<script type=\"application\/ld+json\" class=\"yoast-schema-graph\">{\"@context\":\"https:\/\/schema.org\",\"@graph\":[{\"@type\":\"WebPage\",\"@id\":\"https:\/\/koylio-seura.fi\/?page_id=10279\",\"url\":\"https:\/\/koylio-seura.fi\/?page_id=10279\",\"name\":\"Meit\u00e4 on muistettu - K\u00f6yli\u00f6-seura\",\"isPartOf\":{\"@id\":\"https:\/\/koylio-seura.fi\/#website\"},\"primaryImageOfPage\":{\"@id\":\"https:\/\/koylio-seura.fi\/?page_id=10279#primaryimage\"},\"image\":{\"@id\":\"https:\/\/koylio-seura.fi\/?page_id=10279#primaryimage\"},\"thumbnailUrl\":\"https:\/\/koylio-seura.fi\/wp-content\/uploads\/2024\/09\/Vuoden-kotiseutuyhd24.jpg\",\"datePublished\":\"2024-09-08T14:48:03+00:00\",\"dateModified\":\"2024-09-16T18:29:02+00:00\",\"breadcrumb\":{\"@id\":\"https:\/\/koylio-seura.fi\/?page_id=10279#breadcrumb\"},\"inLanguage\":\"fi\",\"potentialAction\":[{\"@type\":\"ReadAction\",\"target\":[\"https:\/\/koylio-seura.fi\/?page_id=10279\"]}]},{\"@type\":\"ImageObject\",\"inLanguage\":\"fi\",\"@id\":\"https:\/\/koylio-seura.fi\/?page_id=10279#primaryimage\",\"url\":\"https:\/\/koylio-seura.fi\/wp-content\/uploads\/2024\/09\/Vuoden-kotiseutuyhd24.jpg\",\"contentUrl\":\"https:\/\/koylio-seura.fi\/wp-content\/uploads\/2024\/09\/Vuoden-kotiseutuyhd24.jpg\"},{\"@type\":\"BreadcrumbList\",\"@id\":\"https:\/\/koylio-seura.fi\/?page_id=10279#breadcrumb\",\"itemListElement\":[{\"@type\":\"ListItem\",\"position\":1,\"name\":\"Etusivu\",\"item\":\"https:\/\/koylio-seura.fi\/\"},{\"@type\":\"ListItem\",\"position\":2,\"name\":\"Palkitsemiset ja muistamiset\",\"item\":\"https:\/\/koylio-seura.fi\/?page_id=7660\"},{\"@type\":\"ListItem\",\"position\":3,\"name\":\"Meit\u00e4 on muistettu\"}]},{\"@type\":\"WebSite\",\"@id\":\"https:\/\/koylio-seura.fi\/#website\",\"url\":\"https:\/\/koylio-seura.fi\/\",\"name\":\"K\u00f6yli\u00f6-seura\",\"description\":\"\",\"publisher\":{\"@id\":\"https:\/\/koylio-seura.fi\/#organization\"},\"potentialAction\":[{\"@type\":\"SearchAction\",\"target\":{\"@type\":\"EntryPoint\",\"urlTemplate\":\"https:\/\/koylio-seura.fi\/?s={search_term_string}\"},\"query-input\":{\"@type\":\"PropertyValueSpecification\",\"valueRequired\":true,\"valueName\":\"search_term_string\"}}],\"inLanguage\":\"fi\"},{\"@type\":\"Organization\",\"@id\":\"https:\/\/koylio-seura.fi\/#organization\",\"name\":\"K\u00f6yli\u00f6-seura\",\"url\":\"https:\/\/koylio-seura.fi\/\",\"logo\":{\"@type\":\"ImageObject\",\"inLanguage\":\"fi\",\"@id\":\"https:\/\/koylio-seura.fi\/#\/schema\/logo\/image\/\",\"url\":\"https:\/\/koylio-seura.fi\/wp-content\/uploads\/2023\/07\/cropped-KS-logo-23.png\",\"contentUrl\":\"https:\/\/koylio-seura.fi\/wp-content\/uploads\/2023\/07\/cropped-KS-logo-23.png\",\"width\":530,\"height\":619,\"caption\":\"K\u00f6yli\u00f6-seura\"},\"image\":{\"@id\":\"https:\/\/koylio-seura.fi\/#\/schema\/logo\/image\/\"}}]}<\/script>\n<!-- \/ Yoast SEO plugin. -->","yoast_head_json":{"title":"Meit\u00e4 on muistettu - K\u00f6yli\u00f6-seura","robots":{"index":"index","follow":"follow","max-snippet":"max-snippet:-1","max-image-preview":"max-image-preview:large","max-video-preview":"max-video-preview:-1"},"canonical":"https:\/\/koylio-seura.fi\/?page_id=10279","og_locale":"fi_FI","og_type":"article","og_title":"Meit\u00e4 on muistettu - K\u00f6yli\u00f6-seura","og_description":"K\u00f6yli\u00f6-seuran saamat merkitt\u00e4v\u00e4t huomionosoitukset K\u00f6yli\u00f6-seuran on Vuoden 2024 kotiseutuyhdistys Suomen Kotiseutuliitto valitsi K\u00f6yli\u00f6-seuran Vuoden 2024 kotiseutuyhdistykseksi. Kiitos K\u00f6yli\u00f6-seuran j\u00e4senet, meid\u00e4n kaikkien tekem\u00e4n laadukkaan toiminnan vuoksi seuramme valittiin Vuoden kotiseutuyhdistykseksi.\u00a0 Ollaan yhdess\u00e4 iloisia ja ylpeit\u00e4 saamastamme tunnustuksesta.\u00a0Kuvassa julkaisujaoston puheenjohtaja Samuli Vahteristo, ... Lue lis\u00e4\u00e4","og_url":"https:\/\/koylio-seura.fi\/?page_id=10279","og_site_name":"K\u00f6yli\u00f6-seura","article_modified_time":"2024-09-16T18:29:02+00:00","og_image":[{"url":"https:\/\/koylio-seura.fi\/wp-content\/uploads\/2024\/09\/Vuoden-kotiseutuyhd24.jpg","type":"","width":"","height":""}],"twitter_card":"summary_large_image","twitter_misc":{"Arvioitu lukuaika":"4 minuuttia"},"schema":{"@context":"https:\/\/schema.org","@graph":[{"@type":"WebPage","@id":"https:\/\/koylio-seura.fi\/?page_id=10279","url":"https:\/\/koylio-seura.fi\/?page_id=10279","name":"Meit\u00e4 on muistettu - K\u00f6yli\u00f6-seura","isPartOf":{"@id":"https:\/\/koylio-seura.fi\/#website"},"primaryImageOfPage":{"@id":"https:\/\/koylio-seura.fi\/?page_id=10279#primaryimage"},"image":{"@id":"https:\/\/koylio-seura.fi\/?page_id=10279#primaryimage"},"thumbnailUrl":"https:\/\/koylio-seura.fi\/wp-content\/uploads\/2024\/09\/Vuoden-kotiseutuyhd24.jpg","datePublished":"2024-09-08T14:48:03+00:00","dateModified":"2024-09-16T18:29:02+00:00","breadcrumb":{"@id":"https:\/\/koylio-seura.fi\/?page_id=10279#breadcrumb"},"inLanguage":"fi","potentialAction":[{"@type":"ReadAction","target":["https:\/\/koylio-seura.fi\/?page_id=10279"]}]},{"@type":"ImageObject","inLanguage":"fi","@id":"https:\/\/koylio-seura.fi\/?page_id=10279#primaryimage","url":"https:\/\/koylio-seura.fi\/wp-content\/uploads\/2024\/09\/Vuoden-kotiseutuyhd24.jpg","contentUrl":"https:\/\/koylio-seura.fi\/wp-content\/uploads\/2024\/09\/Vuoden-kotiseutuyhd24.jpg"},{"@type":"BreadcrumbList","@id":"https:\/\/koylio-seura.fi\/?page_id=10279#breadcrumb","itemListElement":[{"@type":"ListItem","position":1,"name":"Etusivu","item":"https:\/\/koylio-seura.fi\/"},{"@type":"ListItem","position":2,"name":"Palkitsemiset ja muistamiset","item":"https:\/\/koylio-seura.fi\/?page_id=7660"},{"@type":"ListItem","position":3,"name":"Meit\u00e4 on muistettu"}]},{"@type":"WebSite","@id":"https:\/\/koylio-seura.fi\/#website","url":"https:\/\/koylio-seura.fi\/","name":"K\u00f6yli\u00f6-seura","description":"","publisher":{"@id":"https:\/\/koylio-seura.fi\/#organization"},"potentialAction":[{"@type":"SearchAction","target":{"@type":"EntryPoint","urlTemplate":"https:\/\/koylio-seura.fi\/?s={search_term_string}"},"query-input":{"@type":"PropertyValueSpecification","valueRequired":true,"valueName":"search_term_string"}}],"inLanguage":"fi"},{"@type":"Organization","@id":"https:\/\/koylio-seura.fi\/#organization","name":"K\u00f6yli\u00f6-seura","url":"https:\/\/koylio-seura.fi\/","logo":{"@type":"ImageObject","inLanguage":"fi","@id":"https:\/\/koylio-seura.fi\/#\/schema\/logo\/image\/","url":"https:\/\/koylio-seura.fi\/wp-content\/uploads\/2023\/07\/cropped-KS-logo-23.png","contentUrl":"https:\/\/koylio-seura.fi\/wp-content\/uploads\/2023\/07\/cropped-KS-logo-23.png","width":530,"height":619,"caption":"K\u00f6yli\u00f6-seura"},"image":{"@id":"https:\/\/koylio-seura.fi\/#\/schema\/logo\/image\/"}}]}},"_links":{"self":[{"href":"https:\/\/koylio-seura.fi\/index.php?rest_route=\/wp\/v2\/pages\/10279","targetHints":{"allow":["GET"]}}],"collection":[{"href":"https:\/\/koylio-seura.fi\/index.php?rest_route=\/wp\/v2\/pages"}],"about":[{"href":"https:\/\/koylio-seura.fi\/index.php?rest_route=\/wp\/v2\/types\/page"}],"author":[{"embeddable":true,"href":"https:\/\/koylio-seura.fi\/index.php?rest_route=\/wp\/v2\/users\/3"}],"replies":[{"embeddable":true,"href":"https:\/\/koylio-seura.fi\/index.php?rest_route=%2Fwp%2Fv2%2Fcomments&post=10279"}],"version-history":[{"count":94,"href":"https:\/\/koylio-seura.fi\/index.php?rest_route=\/wp\/v2\/pages\/10279\/revisions"}],"predecessor-version":[{"id":11036,"href":"https:\/\/koylio-seura.fi\/index.php?rest_route=\/wp\/v2\/pages\/10279\/revisions\/11036"}],"up":[{"embeddable":true,"href":"https:\/\/koylio-seura.fi\/index.php?rest_route=\/wp\/v2\/pages\/7660"}],"wp:attachment":[{"href":"https:\/\/koylio-seura.fi\/index.php?rest_route=%2Fwp%2Fv2%2Fmedia&parent=10279"}],"curies":[{"name":"wp","href":"https:\/\/api.w.org\/{rel}","templated":true}]}}