{"id":1022,"date":"2023-10-21T08:13:43","date_gmt":"2023-10-21T08:13:43","guid":{"rendered":"https:\/\/koylio-seura.eitcon.com\/?page_id=1022"},"modified":"2025-03-22T15:27:36","modified_gmt":"2025-03-22T15:27:36","slug":"pala-aitoa-kuninkaanmantya","status":"publish","type":"page","link":"https:\/\/koylio-seura.fi\/?page_id=1022","title":{"rendered":"Pala aitoa Kuninkaanm\u00e4nty\u00e4"},"content":{"rendered":"\t\t<div data-elementor-type=\"wp-page\" data-elementor-id=\"1022\" class=\"elementor elementor-1022\" data-elementor-post-type=\"page\">\n\t\t\t\t\t\t<section class=\"elementor-section elementor-top-section elementor-element elementor-element-4db2069 elementor-section-boxed elementor-section-height-default elementor-section-height-default\" data-id=\"4db2069\" data-element_type=\"section\">\n\t\t\t\t\t\t<div class=\"elementor-container elementor-column-gap-default\">\n\t\t\t\t\t<div class=\"elementor-column elementor-col-100 elementor-top-column elementor-element elementor-element-a9d0c30\" data-id=\"a9d0c30\" data-element_type=\"column\">\n\t\t\t<div class=\"elementor-widget-wrap elementor-element-populated\">\n\t\t\t\t\t\t<div class=\"elementor-element elementor-element-8ff92c8 elementor-widget elementor-widget-heading\" data-id=\"8ff92c8\" data-element_type=\"widget\" data-widget_type=\"heading.default\">\n\t\t\t\t<div class=\"elementor-widget-container\">\n\t\t\t\t\t<h2 class=\"elementor-heading-title elementor-size-default\">Pala Aitoa Kuninkaanm\u00e4nty\u00e4-lahjaesine<\/h2>\t\t\t\t<\/div>\n\t\t\t\t<\/div>\n\t\t\t\t\t<\/div>\n\t\t<\/div>\n\t\t\t\t\t<\/div>\n\t\t<\/section>\n\t\t\t\t<section class=\"elementor-section elementor-top-section elementor-element elementor-element-36c0263 elementor-section-boxed elementor-section-height-default elementor-section-height-default\" data-id=\"36c0263\" data-element_type=\"section\">\n\t\t\t\t\t\t<div class=\"elementor-container elementor-column-gap-default\">\n\t\t\t\t\t<div class=\"elementor-column elementor-col-100 elementor-top-column elementor-element elementor-element-943e029\" data-id=\"943e029\" data-element_type=\"column\">\n\t\t\t<div class=\"elementor-widget-wrap elementor-element-populated\">\n\t\t\t\t\t\t<div class=\"elementor-element elementor-element-f4f9167 elementor-widget elementor-widget-text-editor\" data-id=\"f4f9167\" data-element_type=\"widget\" data-widget_type=\"text-editor.default\">\n\t\t\t\t<div class=\"elementor-widget-container\">\n\t\t\t\t\t\t\t\t\t<p>Pala Aitoa Kuninkaanm\u00e4nty\u00e4 on K\u00f6yli\u00f6-seuran ideoima lahjaesine, jota myyd\u00e4\u00e4n numeroimattomina kappaleina. P\u00e4\u00e4asiassa sit\u00e4 kuitenkin k\u00e4ytet\u00e4\u00e4n aktiivisten j\u00e4senten ja yhteisty\u00f6tahojen palkitsemisessa, t\u00e4ll\u00f6in numeroituina kappaleina.<\/p><p><img fetchpriority=\"high\" decoding=\"async\" class=\"alignright size-full wp-image-4735\" src=\"https:\/\/koylio-seura.eitcon.com\/wp-content\/uploads\/2023\/12\/juhlalaatta.jpg\" alt=\"\" width=\"600\" height=\"762\" srcset=\"https:\/\/koylio-seura.fi\/wp-content\/uploads\/2023\/12\/juhlalaatta.jpg 600w, https:\/\/koylio-seura.fi\/wp-content\/uploads\/2023\/12\/juhlalaatta-236x300.jpg 236w\" sizes=\"(max-width: 600px) 100vw, 600px\" \/><br \/>Kuningas Kustaa III matkusti kes\u00e4ll\u00e4 1775 H\u00e4meenlinnasta K\u00f6yli\u00f6n kautta Turkuun. Ilmij\u00e4rvell\u00e4 h\u00e4n ruokaili ja illalla Kankaanp\u00e4\u00e4n Kuninkaanl\u00e4hteell\u00e4 h\u00e4n tarkasti rykmentin harjoitukset y\u00f6pyen Pryhtin rustitilan kamarissa.<\/p><p>Tapahtuman muistona on siit\u00e4 asti Ilmij\u00e4rvell\u00e4 uhmannut tuulia uhkea Kuninkaanm\u00e4nty, jonka runkoon ovat rakastavaiset nojailleet ja kaivertaneet nimikirjoituksiaan. Puun tyviosaan on my\u00f6s kiinnitetty kuninkaan k\u00e4ynnist\u00e4 kertova laatta.<\/p><p>Latvaosa on edelleen vankka ja luja, mutta tyviosa osoitti lahoamisen oireita. Puu p\u00e4\u00e4tettiin siksi typist\u00e4\u00e4 noin 4 metrin mittaiseksi. T\u00e4m\u00e4 tehtiin 12.9.2005.<br \/>Puusta sahattu kiekko tutkittiin Joensuun dendrokronologisessa laboratoriossa. Ajoitustulos osoitti, ett\u00e4 puun kasvu oli alkanut vuoden 1720 paikkeilla ja m\u00e4nty oli siis kuninkaan sen juurella istuessa t\u00e4ysikasvuinen.<\/p><p>K\u00f6yli\u00f6-seura on ideoinut lahjaesineen Pala aitoa Kuninkaanm\u00e4nty\u00e4, jota myyd\u00e4\u00e4n sek\u00e4 normaalina lahjatuotteena ett\u00e4 numeroituna juhlaversiona.<br \/>K\u00f6yli\u00f6- seuralla on Joensuun ylipiston dosentti Pentti Zetterbergin allekirjoittama tutkimustulos ik\u00e4m\u00e4\u00e4rityksineen.<br \/>T\u00e4h\u00e4n perustuen jokaisen myyntituotteen aitouden todisteena on K\u00f6yli\u00f6-seuran puheenjohtaja Hannu Orpon allekirjoitus.<\/p><p>Pala aitoa Kuninkaanm\u00e4nty\u00e4-lahjaesinett\u00e4 numeroituna juhlaversiona k\u00e4ytet\u00e4\u00e4n pelk\u00e4st\u00e4\u00e4n omien aktiivien palkitsemiseen.<\/p><p>Sama esine numeroimattomana on kuitenkin my\u00f6s myyntituotteena hintaan 50 euroa.<\/p><p>\u00a0<\/p>\t\t\t\t\t\t\t\t<\/div>\n\t\t\t\t<\/div>\n\t\t\t\t\t<\/div>\n\t\t<\/div>\n\t\t\t\t\t<\/div>\n\t\t<\/section>\n\t\t\t\t<\/div>\n\t\t","protected":false},"excerpt":{"rendered":"<p>Pala Aitoa Kuninkaanm\u00e4nty\u00e4-lahjaesine Pala Aitoa Kuninkaanm\u00e4nty\u00e4 on K\u00f6yli\u00f6-seuran ideoima lahjaesine, jota myyd\u00e4\u00e4n numeroimattomina kappaleina. P\u00e4\u00e4asiassa sit\u00e4 kuitenkin k\u00e4ytet\u00e4\u00e4n aktiivisten j\u00e4senten ja yhteisty\u00f6tahojen palkitsemisessa, t\u00e4ll\u00f6in numeroituina kappaleina. Kuningas Kustaa III matkusti kes\u00e4ll\u00e4 1775 H\u00e4meenlinnasta K\u00f6yli\u00f6n kautta Turkuun. Ilmij\u00e4rvell\u00e4 h\u00e4n ruokaili ja &#8230; <a title=\"Pala aitoa Kuninkaanm\u00e4nty\u00e4\" class=\"read-more\" href=\"https:\/\/koylio-seura.fi\/?page_id=1022\" aria-label=\"Lue lis\u00e4\u00e4 aiheesta Pala aitoa Kuninkaanm\u00e4nty\u00e4\">Lue lis\u00e4\u00e4<\/a><\/p>\n","protected":false},"author":1,"featured_media":0,"parent":18,"menu_order":0,"comment_status":"closed","ping_status":"closed","template":"","meta":{"footnotes":""},"class_list":{"0":"post-1022","1":"page","2":"type-page","3":"status-publish","5":"infinite-scroll-item"},"yoast_head":"<!-- This site is optimized with the Yoast SEO plugin v26.6 - https:\/\/yoast.com\/wordpress\/plugins\/seo\/ -->\n<title>Pala aitoa Kuninkaanm\u00e4nty\u00e4 - K\u00f6yli\u00f6-seura<\/title>\n<meta name=\"robots\" content=\"index, follow, max-snippet:-1, max-image-preview:large, max-video-preview:-1\" \/>\n<link rel=\"canonical\" href=\"https:\/\/koylio-seura.fi\/?page_id=1022\" \/>\n<meta property=\"og:locale\" content=\"fi_FI\" \/>\n<meta property=\"og:type\" content=\"article\" \/>\n<meta property=\"og:title\" content=\"Pala aitoa Kuninkaanm\u00e4nty\u00e4 - K\u00f6yli\u00f6-seura\" \/>\n<meta property=\"og:description\" content=\"Pala Aitoa Kuninkaanm\u00e4nty\u00e4-lahjaesine Pala Aitoa Kuninkaanm\u00e4nty\u00e4 on K\u00f6yli\u00f6-seuran ideoima lahjaesine, jota myyd\u00e4\u00e4n numeroimattomina kappaleina. P\u00e4\u00e4asiassa sit\u00e4 kuitenkin k\u00e4ytet\u00e4\u00e4n aktiivisten j\u00e4senten ja yhteisty\u00f6tahojen palkitsemisessa, t\u00e4ll\u00f6in numeroituina kappaleina. Kuningas Kustaa III matkusti kes\u00e4ll\u00e4 1775 H\u00e4meenlinnasta K\u00f6yli\u00f6n kautta Turkuun. Ilmij\u00e4rvell\u00e4 h\u00e4n ruokaili ja ... Lue lis\u00e4\u00e4\" \/>\n<meta property=\"og:url\" content=\"https:\/\/koylio-seura.fi\/?page_id=1022\" \/>\n<meta property=\"og:site_name\" content=\"K\u00f6yli\u00f6-seura\" \/>\n<meta property=\"article:modified_time\" content=\"2025-03-22T15:27:36+00:00\" \/>\n<meta property=\"og:image\" content=\"https:\/\/koylio-seura.eitcon.com\/wp-content\/uploads\/2023\/12\/juhlalaatta.jpg\" \/>\n<meta name=\"twitter:card\" content=\"summary_large_image\" \/>\n<meta name=\"twitter:label1\" content=\"Arvioitu lukuaika\" \/>\n\t<meta name=\"twitter:data1\" content=\"2 minuuttia\" \/>\n<script type=\"application\/ld+json\" class=\"yoast-schema-graph\">{\"@context\":\"https:\/\/schema.org\",\"@graph\":[{\"@type\":\"WebPage\",\"@id\":\"https:\/\/koylio-seura.fi\/?page_id=1022\",\"url\":\"https:\/\/koylio-seura.fi\/?page_id=1022\",\"name\":\"Pala aitoa Kuninkaanm\u00e4nty\u00e4 - K\u00f6yli\u00f6-seura\",\"isPartOf\":{\"@id\":\"https:\/\/koylio-seura.fi\/#website\"},\"primaryImageOfPage\":{\"@id\":\"https:\/\/koylio-seura.fi\/?page_id=1022#primaryimage\"},\"image\":{\"@id\":\"https:\/\/koylio-seura.fi\/?page_id=1022#primaryimage\"},\"thumbnailUrl\":\"https:\/\/koylio-seura.eitcon.com\/wp-content\/uploads\/2023\/12\/juhlalaatta.jpg\",\"datePublished\":\"2023-10-21T08:13:43+00:00\",\"dateModified\":\"2025-03-22T15:27:36+00:00\",\"breadcrumb\":{\"@id\":\"https:\/\/koylio-seura.fi\/?page_id=1022#breadcrumb\"},\"inLanguage\":\"fi\",\"potentialAction\":[{\"@type\":\"ReadAction\",\"target\":[\"https:\/\/koylio-seura.fi\/?page_id=1022\"]}]},{\"@type\":\"ImageObject\",\"inLanguage\":\"fi\",\"@id\":\"https:\/\/koylio-seura.fi\/?page_id=1022#primaryimage\",\"url\":\"https:\/\/koylio-seura.eitcon.com\/wp-content\/uploads\/2023\/12\/juhlalaatta.jpg\",\"contentUrl\":\"https:\/\/koylio-seura.eitcon.com\/wp-content\/uploads\/2023\/12\/juhlalaatta.jpg\"},{\"@type\":\"BreadcrumbList\",\"@id\":\"https:\/\/koylio-seura.fi\/?page_id=1022#breadcrumb\",\"itemListElement\":[{\"@type\":\"ListItem\",\"position\":1,\"name\":\"Etusivu\",\"item\":\"https:\/\/koylio-seura.fi\/\"},{\"@type\":\"ListItem\",\"position\":2,\"name\":\"Tuotteet\",\"item\":\"https:\/\/koylio-seura.fi\/?page_id=18\"},{\"@type\":\"ListItem\",\"position\":3,\"name\":\"Pala aitoa Kuninkaanm\u00e4nty\u00e4\"}]},{\"@type\":\"WebSite\",\"@id\":\"https:\/\/koylio-seura.fi\/#website\",\"url\":\"https:\/\/koylio-seura.fi\/\",\"name\":\"K\u00f6yli\u00f6-seura\",\"description\":\"\",\"publisher\":{\"@id\":\"https:\/\/koylio-seura.fi\/#organization\"},\"potentialAction\":[{\"@type\":\"SearchAction\",\"target\":{\"@type\":\"EntryPoint\",\"urlTemplate\":\"https:\/\/koylio-seura.fi\/?s={search_term_string}\"},\"query-input\":{\"@type\":\"PropertyValueSpecification\",\"valueRequired\":true,\"valueName\":\"search_term_string\"}}],\"inLanguage\":\"fi\"},{\"@type\":\"Organization\",\"@id\":\"https:\/\/koylio-seura.fi\/#organization\",\"name\":\"K\u00f6yli\u00f6-seura\",\"url\":\"https:\/\/koylio-seura.fi\/\",\"logo\":{\"@type\":\"ImageObject\",\"inLanguage\":\"fi\",\"@id\":\"https:\/\/koylio-seura.fi\/#\/schema\/logo\/image\/\",\"url\":\"https:\/\/koylio-seura.fi\/wp-content\/uploads\/2023\/07\/cropped-KS-logo-23.png\",\"contentUrl\":\"https:\/\/koylio-seura.fi\/wp-content\/uploads\/2023\/07\/cropped-KS-logo-23.png\",\"width\":530,\"height\":619,\"caption\":\"K\u00f6yli\u00f6-seura\"},\"image\":{\"@id\":\"https:\/\/koylio-seura.fi\/#\/schema\/logo\/image\/\"}}]}<\/script>\n<!-- \/ Yoast SEO plugin. -->","yoast_head_json":{"title":"Pala aitoa Kuninkaanm\u00e4nty\u00e4 - K\u00f6yli\u00f6-seura","robots":{"index":"index","follow":"follow","max-snippet":"max-snippet:-1","max-image-preview":"max-image-preview:large","max-video-preview":"max-video-preview:-1"},"canonical":"https:\/\/koylio-seura.fi\/?page_id=1022","og_locale":"fi_FI","og_type":"article","og_title":"Pala aitoa Kuninkaanm\u00e4nty\u00e4 - K\u00f6yli\u00f6-seura","og_description":"Pala Aitoa Kuninkaanm\u00e4nty\u00e4-lahjaesine Pala Aitoa Kuninkaanm\u00e4nty\u00e4 on K\u00f6yli\u00f6-seuran ideoima lahjaesine, jota myyd\u00e4\u00e4n numeroimattomina kappaleina. P\u00e4\u00e4asiassa sit\u00e4 kuitenkin k\u00e4ytet\u00e4\u00e4n aktiivisten j\u00e4senten ja yhteisty\u00f6tahojen palkitsemisessa, t\u00e4ll\u00f6in numeroituina kappaleina. Kuningas Kustaa III matkusti kes\u00e4ll\u00e4 1775 H\u00e4meenlinnasta K\u00f6yli\u00f6n kautta Turkuun. Ilmij\u00e4rvell\u00e4 h\u00e4n ruokaili ja ... Lue lis\u00e4\u00e4","og_url":"https:\/\/koylio-seura.fi\/?page_id=1022","og_site_name":"K\u00f6yli\u00f6-seura","article_modified_time":"2025-03-22T15:27:36+00:00","og_image":[{"url":"https:\/\/koylio-seura.eitcon.com\/wp-content\/uploads\/2023\/12\/juhlalaatta.jpg","type":"","width":"","height":""}],"twitter_card":"summary_large_image","twitter_misc":{"Arvioitu lukuaika":"2 minuuttia"},"schema":{"@context":"https:\/\/schema.org","@graph":[{"@type":"WebPage","@id":"https:\/\/koylio-seura.fi\/?page_id=1022","url":"https:\/\/koylio-seura.fi\/?page_id=1022","name":"Pala aitoa Kuninkaanm\u00e4nty\u00e4 - K\u00f6yli\u00f6-seura","isPartOf":{"@id":"https:\/\/koylio-seura.fi\/#website"},"primaryImageOfPage":{"@id":"https:\/\/koylio-seura.fi\/?page_id=1022#primaryimage"},"image":{"@id":"https:\/\/koylio-seura.fi\/?page_id=1022#primaryimage"},"thumbnailUrl":"https:\/\/koylio-seura.eitcon.com\/wp-content\/uploads\/2023\/12\/juhlalaatta.jpg","datePublished":"2023-10-21T08:13:43+00:00","dateModified":"2025-03-22T15:27:36+00:00","breadcrumb":{"@id":"https:\/\/koylio-seura.fi\/?page_id=1022#breadcrumb"},"inLanguage":"fi","potentialAction":[{"@type":"ReadAction","target":["https:\/\/koylio-seura.fi\/?page_id=1022"]}]},{"@type":"ImageObject","inLanguage":"fi","@id":"https:\/\/koylio-seura.fi\/?page_id=1022#primaryimage","url":"https:\/\/koylio-seura.eitcon.com\/wp-content\/uploads\/2023\/12\/juhlalaatta.jpg","contentUrl":"https:\/\/koylio-seura.eitcon.com\/wp-content\/uploads\/2023\/12\/juhlalaatta.jpg"},{"@type":"BreadcrumbList","@id":"https:\/\/koylio-seura.fi\/?page_id=1022#breadcrumb","itemListElement":[{"@type":"ListItem","position":1,"name":"Etusivu","item":"https:\/\/koylio-seura.fi\/"},{"@type":"ListItem","position":2,"name":"Tuotteet","item":"https:\/\/koylio-seura.fi\/?page_id=18"},{"@type":"ListItem","position":3,"name":"Pala aitoa Kuninkaanm\u00e4nty\u00e4"}]},{"@type":"WebSite","@id":"https:\/\/koylio-seura.fi\/#website","url":"https:\/\/koylio-seura.fi\/","name":"K\u00f6yli\u00f6-seura","description":"","publisher":{"@id":"https:\/\/koylio-seura.fi\/#organization"},"potentialAction":[{"@type":"SearchAction","target":{"@type":"EntryPoint","urlTemplate":"https:\/\/koylio-seura.fi\/?s={search_term_string}"},"query-input":{"@type":"PropertyValueSpecification","valueRequired":true,"valueName":"search_term_string"}}],"inLanguage":"fi"},{"@type":"Organization","@id":"https:\/\/koylio-seura.fi\/#organization","name":"K\u00f6yli\u00f6-seura","url":"https:\/\/koylio-seura.fi\/","logo":{"@type":"ImageObject","inLanguage":"fi","@id":"https:\/\/koylio-seura.fi\/#\/schema\/logo\/image\/","url":"https:\/\/koylio-seura.fi\/wp-content\/uploads\/2023\/07\/cropped-KS-logo-23.png","contentUrl":"https:\/\/koylio-seura.fi\/wp-content\/uploads\/2023\/07\/cropped-KS-logo-23.png","width":530,"height":619,"caption":"K\u00f6yli\u00f6-seura"},"image":{"@id":"https:\/\/koylio-seura.fi\/#\/schema\/logo\/image\/"}}]}},"_links":{"self":[{"href":"https:\/\/koylio-seura.fi\/index.php?rest_route=\/wp\/v2\/pages\/1022","targetHints":{"allow":["GET"]}}],"collection":[{"href":"https:\/\/koylio-seura.fi\/index.php?rest_route=\/wp\/v2\/pages"}],"about":[{"href":"https:\/\/koylio-seura.fi\/index.php?rest_route=\/wp\/v2\/types\/page"}],"author":[{"embeddable":true,"href":"https:\/\/koylio-seura.fi\/index.php?rest_route=\/wp\/v2\/users\/1"}],"replies":[{"embeddable":true,"href":"https:\/\/koylio-seura.fi\/index.php?rest_route=%2Fwp%2Fv2%2Fcomments&post=1022"}],"version-history":[{"count":40,"href":"https:\/\/koylio-seura.fi\/index.php?rest_route=\/wp\/v2\/pages\/1022\/revisions"}],"predecessor-version":[{"id":13346,"href":"https:\/\/koylio-seura.fi\/index.php?rest_route=\/wp\/v2\/pages\/1022\/revisions\/13346"}],"up":[{"embeddable":true,"href":"https:\/\/koylio-seura.fi\/index.php?rest_route=\/wp\/v2\/pages\/18"}],"wp:attachment":[{"href":"https:\/\/koylio-seura.fi\/index.php?rest_route=%2Fwp%2Fv2%2Fmedia&parent=1022"}],"curies":[{"name":"wp","href":"https:\/\/api.w.org\/{rel}","templated":true}]}}