{"id":1020,"date":"2023-10-21T08:13:09","date_gmt":"2023-10-21T08:13:09","guid":{"rendered":"https:\/\/koylio-seura.eitcon.com\/?page_id=1020"},"modified":"2024-02-17T09:21:24","modified_gmt":"2024-02-17T09:21:24","slug":"koylion-naisen-puku","status":"publish","type":"page","link":"https:\/\/koylio-seura.fi\/?page_id=1020","title":{"rendered":"K\u00f6yli\u00f6n naisen puku"},"content":{"rendered":"\t\t<div data-elementor-type=\"wp-page\" data-elementor-id=\"1020\" class=\"elementor elementor-1020\" data-elementor-post-type=\"page\">\n\t\t\t\t\t\t<section class=\"elementor-section elementor-top-section elementor-element elementor-element-b8dc00a elementor-section-boxed elementor-section-height-default elementor-section-height-default\" data-id=\"b8dc00a\" data-element_type=\"section\">\n\t\t\t\t\t\t<div class=\"elementor-container elementor-column-gap-default\">\n\t\t\t\t\t<div class=\"elementor-column elementor-col-100 elementor-top-column elementor-element elementor-element-1250008\" data-id=\"1250008\" data-element_type=\"column\">\n\t\t\t<div class=\"elementor-widget-wrap elementor-element-populated\">\n\t\t\t\t\t\t<div class=\"elementor-element elementor-element-e7ad764 elementor-widget elementor-widget-heading\" data-id=\"e7ad764\" data-element_type=\"widget\" data-widget_type=\"heading.default\">\n\t\t\t\t<div class=\"elementor-widget-container\">\n\t\t\t\t\t<h2 class=\"elementor-heading-title elementor-size-default\">K\u00f6yli\u00f6n naisen puku<\/h2>\t\t\t\t<\/div>\n\t\t\t\t<\/div>\n\t\t\t\t\t<\/div>\n\t\t<\/div>\n\t\t\t\t\t<\/div>\n\t\t<\/section>\n\t\t\t\t<section class=\"elementor-section elementor-top-section elementor-element elementor-element-196e61b elementor-section-boxed elementor-section-height-default elementor-section-height-default\" data-id=\"196e61b\" data-element_type=\"section\">\n\t\t\t\t\t\t<div class=\"elementor-container elementor-column-gap-default\">\n\t\t\t\t\t<div class=\"elementor-column elementor-col-100 elementor-top-column elementor-element elementor-element-2586e81\" data-id=\"2586e81\" data-element_type=\"column\">\n\t\t\t<div class=\"elementor-widget-wrap elementor-element-populated\">\n\t\t\t\t\t\t<div class=\"elementor-element elementor-element-27fdcfc elementor-widget elementor-widget-text-editor\" data-id=\"27fdcfc\" data-element_type=\"widget\" data-widget_type=\"text-editor.default\">\n\t\t\t\t<div class=\"elementor-widget-container\">\n\t\t\t\t\t\t\t\t\t<p>Puvun virallinen nimi on pitka: Varhaiskeskiaikaan ajoittuva K\u00f6yli\u00f6n naisen arkipuku<\/p><figure id=\"attachment_4700\" aria-describedby=\"caption-attachment-4700\" style=\"width: 215px\" class=\"wp-caption alignright\"><img decoding=\"async\" class=\"size-full wp-image-4700\" src=\"https:\/\/koylio-seura.eitcon.com\/wp-content\/uploads\/2023\/12\/Barbro.jpg\" alt=\"\" width=\"225\" height=\"152\" \/><figcaption id=\"caption-attachment-4700\" class=\"wp-caption-text\">Barbro Cedercreutz esitteli puvun julkistamistilaisuudessa<\/figcaption><\/figure><p>K\u00f6yli\u00f6n maineikas historia ja rikkaat hautal\u00f6yd\u00f6t ovat inspiroineet K\u00f6yli\u00f6-seuraa historiallisen puvun suunnitteluun ja tuottamiseen. K\u00f6yli\u00f6ss\u00e4 on todettu, ett\u00e4 historiallisella, varhaiskeskiaikaan sijoittuvalla, K\u00f6yli\u00f6n naisen puvulla olisi k\u00e4ytt\u00f6\u00e4 erilaisissa tilaisuuksissa ja tapahtumissa. Puku palvelisi my\u00f6s seudullista esihistoriamatkailua.<br \/>K\u00f6yli\u00f6-seuran asettama pukutoimikunta on tutustunut mm. Nils Cleven K\u00f6yli\u00f6nsaaren hautal\u00f6yt\u00f6ihin perustuvaan materiaaliin, Euran em\u00e4nn\u00e4n puvun valmistusvaiheista kertovaan kirjaan sek\u00e4 Turun kulttuuritoimen keskiajan vaatetuksesta kertovaan julkaisuun.<br \/>Toimikunta p\u00e4\u00e4tyi Pirkko-Liisa Lehtosalo- Hilanderin ehdotuksen mukaiseen asuun, johon kuuluvat aluspuku, vaippa ja esiliina . Puku julkistettiin 21.5.2003 ja se kokonaisuudessaan on n\u00e4ht\u00e4viss\u00e4 mm. K\u00f6yli\u00f6n kirjastossa Kepolassa.<\/p><figure id=\"attachment_4704\" aria-describedby=\"caption-attachment-4704\" style=\"width: 290px\" class=\"wp-caption alignright\"><img fetchpriority=\"high\" decoding=\"async\" class=\"wp-image-4704 size-medium\" src=\"https:\/\/koylio-seura.eitcon.com\/wp-content\/uploads\/2023\/12\/2003_puvun5vaihtoehtoa-300x235.jpg\" alt=\"\" width=\"300\" height=\"235\" srcset=\"https:\/\/koylio-seura.fi\/wp-content\/uploads\/2023\/12\/2003_puvun5vaihtoehtoa-300x235.jpg 300w, https:\/\/koylio-seura.fi\/wp-content\/uploads\/2023\/12\/2003_puvun5vaihtoehtoa.jpg 600w\" sizes=\"(max-width: 300px) 100vw, 300px\" \/><figcaption id=\"caption-attachment-4704\" class=\"wp-caption-text\">Puvusta on ommeltu useita vaihtoehtoja<\/figcaption><\/figure><p>Keskiaikaisen vaatetuksen materiaaleina on k\u00e4ytetty pellavaa tai villaa, v\u00e4rein\u00e4 ovat olleet mm. luonnonv\u00e4ri, ruosteenpunainen, lehden vihre\u00e4 ja sininen. Lautanauhoja k\u00e4ytettiin mm. kankaiden kanttaukseen. Viikinkiajalla vaipan olkap\u00e4\u00e4t kiinnitettiin soljilla, my\u00f6hemmin Euroopasta kulkeutuneen mallin mukaan olkap\u00e4\u00e4t ommeltiin kiinni. Jalkineina k\u00e4ytettiin nahkat\u00f6pp\u00f6si\u00e4.<\/p><p>Puvun yksityiskohtia:<br \/>&#8211; aluspuku: pellavaa<br \/>&#8211; esiliina: leveys n. 35 cm, voidaan pit\u00e4\u00e4 sek\u00e4 pelk\u00e4st\u00e4\u00e4m aluspuvun ett\u00e4 aluspuvun ja vaipan kanssa, esiliinan kulmiin voi kiinnitt\u00e4\u00e4 messinkilangasta tehdyt spiraalit<br \/>&#8211; vaippa: pituus noin puolis\u00e4\u00e4reen, kiinnitys sivuista joko nauhoilla tai ompelemalla.<br \/>&#8211; v\u00e4ritys: eri vaatekappaleiden v\u00e4rein\u00e4 voi k\u00e4ytt\u00e4\u00e4 luonnonv\u00e4ri\u00e4, ruosteenpunaista, lehdenvihre\u00e4\u00e4, sinist\u00e4 tai muita murrettuja luonnonv\u00e4rej\u00e4.<\/p><figure id=\"attachment_4708\" aria-describedby=\"caption-attachment-4708\" style=\"width: 211px\" class=\"wp-caption alignright\"><img decoding=\"async\" class=\"wp-image-4708 size-medium\" src=\"https:\/\/koylio-seura.eitcon.com\/wp-content\/uploads\/2023\/12\/2003_puku_isoillejapienille-221x300.jpg\" alt=\"\" width=\"221\" height=\"300\" srcset=\"https:\/\/koylio-seura.fi\/wp-content\/uploads\/2023\/12\/2003_puku_isoillejapienille-221x300.jpg 221w, https:\/\/koylio-seura.fi\/wp-content\/uploads\/2023\/12\/2003_puku_isoillejapienille.jpg 600w\" sizes=\"(max-width: 221px) 100vw, 221px\" \/><figcaption id=\"caption-attachment-4708\" class=\"wp-caption-text\">Puku sopii sek\u00e4 isoille ett\u00e4 pienille<\/figcaption><\/figure><p>Puvun k\u00e4yt\u00f6ss\u00e4 on eri vaihtoehtoja. Ty\u00f6asuna voidaan k\u00e4ytt\u00e4\u00e4 aluspukua ja esiliinaa. Juhlavaan asuun lis\u00e4t\u00e4\u00e4n vaippa ja mahdollisesti esiliina. Asun kanssa k\u00e4ytet\u00e4\u00e4n huhtikuussa 2004 julkistettua <a href=\"https:\/\/koylio-seura.fi\/?page_id=1018\">K\u00f6yli\u00f6n naisen korua<\/a> tai mahdollisesti Kalevala- koruja.<\/p><p><a href=\"https:\/\/koylio-seura.fi\/wp-content\/uploads\/2023\/12\/koylion-naisen-puku.pdf\" target=\"_blank\" rel=\"noopener\">Tulosta puvun kaavat<\/a><\/p>\t\t\t\t\t\t\t\t<\/div>\n\t\t\t\t<\/div>\n\t\t\t\t\t<\/div>\n\t\t<\/div>\n\t\t\t\t\t<\/div>\n\t\t<\/section>\n\t\t\t\t<\/div>\n\t\t","protected":false},"excerpt":{"rendered":"<p>K\u00f6yli\u00f6n naisen puku Puvun virallinen nimi on pitka: Varhaiskeskiaikaan ajoittuva K\u00f6yli\u00f6n naisen arkipuku K\u00f6yli\u00f6n maineikas historia ja rikkaat hautal\u00f6yd\u00f6t ovat inspiroineet K\u00f6yli\u00f6-seuraa historiallisen puvun suunnitteluun ja tuottamiseen. K\u00f6yli\u00f6ss\u00e4 on todettu, ett\u00e4 historiallisella, varhaiskeskiaikaan sijoittuvalla, K\u00f6yli\u00f6n naisen puvulla olisi k\u00e4ytt\u00f6\u00e4 erilaisissa &#8230; <a title=\"K\u00f6yli\u00f6n naisen puku\" class=\"read-more\" href=\"https:\/\/koylio-seura.fi\/?page_id=1020\" aria-label=\"Lue lis\u00e4\u00e4 aiheesta K\u00f6yli\u00f6n naisen puku\">Lue lis\u00e4\u00e4<\/a><\/p>\n","protected":false},"author":1,"featured_media":0,"parent":18,"menu_order":0,"comment_status":"closed","ping_status":"closed","template":"","meta":{"footnotes":""},"class_list":{"0":"post-1020","1":"page","2":"type-page","3":"status-publish","5":"infinite-scroll-item"},"yoast_head":"<!-- This site is optimized with the Yoast SEO plugin v26.6 - https:\/\/yoast.com\/wordpress\/plugins\/seo\/ -->\n<title>K\u00f6yli\u00f6n naisen puku - K\u00f6yli\u00f6-seura<\/title>\n<meta name=\"robots\" content=\"index, follow, max-snippet:-1, max-image-preview:large, max-video-preview:-1\" \/>\n<link rel=\"canonical\" href=\"https:\/\/koylio-seura.fi\/?page_id=1020\" \/>\n<meta property=\"og:locale\" content=\"fi_FI\" \/>\n<meta property=\"og:type\" content=\"article\" \/>\n<meta property=\"og:title\" content=\"K\u00f6yli\u00f6n naisen puku - K\u00f6yli\u00f6-seura\" \/>\n<meta property=\"og:description\" content=\"K\u00f6yli\u00f6n naisen puku Puvun virallinen nimi on pitka: Varhaiskeskiaikaan ajoittuva K\u00f6yli\u00f6n naisen arkipuku K\u00f6yli\u00f6n maineikas historia ja rikkaat hautal\u00f6yd\u00f6t ovat inspiroineet K\u00f6yli\u00f6-seuraa historiallisen puvun suunnitteluun ja tuottamiseen. K\u00f6yli\u00f6ss\u00e4 on todettu, ett\u00e4 historiallisella, varhaiskeskiaikaan sijoittuvalla, K\u00f6yli\u00f6n naisen puvulla olisi k\u00e4ytt\u00f6\u00e4 erilaisissa ... Lue lis\u00e4\u00e4\" \/>\n<meta property=\"og:url\" content=\"https:\/\/koylio-seura.fi\/?page_id=1020\" \/>\n<meta property=\"og:site_name\" content=\"K\u00f6yli\u00f6-seura\" \/>\n<meta property=\"article:modified_time\" content=\"2024-02-17T09:21:24+00:00\" \/>\n<meta property=\"og:image\" content=\"https:\/\/koylio-seura.eitcon.com\/wp-content\/uploads\/2023\/12\/Barbro.jpg\" \/>\n<meta name=\"twitter:card\" content=\"summary_large_image\" \/>\n<meta name=\"twitter:label1\" content=\"Arvioitu lukuaika\" \/>\n\t<meta name=\"twitter:data1\" content=\"3 minuuttia\" \/>\n<script type=\"application\/ld+json\" class=\"yoast-schema-graph\">{\"@context\":\"https:\/\/schema.org\",\"@graph\":[{\"@type\":\"WebPage\",\"@id\":\"https:\/\/koylio-seura.fi\/?page_id=1020\",\"url\":\"https:\/\/koylio-seura.fi\/?page_id=1020\",\"name\":\"K\u00f6yli\u00f6n naisen puku - K\u00f6yli\u00f6-seura\",\"isPartOf\":{\"@id\":\"https:\/\/koylio-seura.fi\/#website\"},\"primaryImageOfPage\":{\"@id\":\"https:\/\/koylio-seura.fi\/?page_id=1020#primaryimage\"},\"image\":{\"@id\":\"https:\/\/koylio-seura.fi\/?page_id=1020#primaryimage\"},\"thumbnailUrl\":\"https:\/\/koylio-seura.eitcon.com\/wp-content\/uploads\/2023\/12\/Barbro.jpg\",\"datePublished\":\"2023-10-21T08:13:09+00:00\",\"dateModified\":\"2024-02-17T09:21:24+00:00\",\"breadcrumb\":{\"@id\":\"https:\/\/koylio-seura.fi\/?page_id=1020#breadcrumb\"},\"inLanguage\":\"fi\",\"potentialAction\":[{\"@type\":\"ReadAction\",\"target\":[\"https:\/\/koylio-seura.fi\/?page_id=1020\"]}]},{\"@type\":\"ImageObject\",\"inLanguage\":\"fi\",\"@id\":\"https:\/\/koylio-seura.fi\/?page_id=1020#primaryimage\",\"url\":\"https:\/\/koylio-seura.eitcon.com\/wp-content\/uploads\/2023\/12\/Barbro.jpg\",\"contentUrl\":\"https:\/\/koylio-seura.eitcon.com\/wp-content\/uploads\/2023\/12\/Barbro.jpg\"},{\"@type\":\"BreadcrumbList\",\"@id\":\"https:\/\/koylio-seura.fi\/?page_id=1020#breadcrumb\",\"itemListElement\":[{\"@type\":\"ListItem\",\"position\":1,\"name\":\"Etusivu\",\"item\":\"https:\/\/koylio-seura.fi\/\"},{\"@type\":\"ListItem\",\"position\":2,\"name\":\"Tuotteet\",\"item\":\"https:\/\/koylio-seura.fi\/?page_id=18\"},{\"@type\":\"ListItem\",\"position\":3,\"name\":\"K\u00f6yli\u00f6n naisen puku\"}]},{\"@type\":\"WebSite\",\"@id\":\"https:\/\/koylio-seura.fi\/#website\",\"url\":\"https:\/\/koylio-seura.fi\/\",\"name\":\"K\u00f6yli\u00f6-seura\",\"description\":\"\",\"publisher\":{\"@id\":\"https:\/\/koylio-seura.fi\/#organization\"},\"potentialAction\":[{\"@type\":\"SearchAction\",\"target\":{\"@type\":\"EntryPoint\",\"urlTemplate\":\"https:\/\/koylio-seura.fi\/?s={search_term_string}\"},\"query-input\":{\"@type\":\"PropertyValueSpecification\",\"valueRequired\":true,\"valueName\":\"search_term_string\"}}],\"inLanguage\":\"fi\"},{\"@type\":\"Organization\",\"@id\":\"https:\/\/koylio-seura.fi\/#organization\",\"name\":\"K\u00f6yli\u00f6-seura\",\"url\":\"https:\/\/koylio-seura.fi\/\",\"logo\":{\"@type\":\"ImageObject\",\"inLanguage\":\"fi\",\"@id\":\"https:\/\/koylio-seura.fi\/#\/schema\/logo\/image\/\",\"url\":\"https:\/\/koylio-seura.fi\/wp-content\/uploads\/2023\/07\/cropped-KS-logo-23.png\",\"contentUrl\":\"https:\/\/koylio-seura.fi\/wp-content\/uploads\/2023\/07\/cropped-KS-logo-23.png\",\"width\":530,\"height\":619,\"caption\":\"K\u00f6yli\u00f6-seura\"},\"image\":{\"@id\":\"https:\/\/koylio-seura.fi\/#\/schema\/logo\/image\/\"}}]}<\/script>\n<!-- \/ Yoast SEO plugin. -->","yoast_head_json":{"title":"K\u00f6yli\u00f6n naisen puku - K\u00f6yli\u00f6-seura","robots":{"index":"index","follow":"follow","max-snippet":"max-snippet:-1","max-image-preview":"max-image-preview:large","max-video-preview":"max-video-preview:-1"},"canonical":"https:\/\/koylio-seura.fi\/?page_id=1020","og_locale":"fi_FI","og_type":"article","og_title":"K\u00f6yli\u00f6n naisen puku - K\u00f6yli\u00f6-seura","og_description":"K\u00f6yli\u00f6n naisen puku Puvun virallinen nimi on pitka: Varhaiskeskiaikaan ajoittuva K\u00f6yli\u00f6n naisen arkipuku K\u00f6yli\u00f6n maineikas historia ja rikkaat hautal\u00f6yd\u00f6t ovat inspiroineet K\u00f6yli\u00f6-seuraa historiallisen puvun suunnitteluun ja tuottamiseen. K\u00f6yli\u00f6ss\u00e4 on todettu, ett\u00e4 historiallisella, varhaiskeskiaikaan sijoittuvalla, K\u00f6yli\u00f6n naisen puvulla olisi k\u00e4ytt\u00f6\u00e4 erilaisissa ... Lue lis\u00e4\u00e4","og_url":"https:\/\/koylio-seura.fi\/?page_id=1020","og_site_name":"K\u00f6yli\u00f6-seura","article_modified_time":"2024-02-17T09:21:24+00:00","og_image":[{"url":"https:\/\/koylio-seura.eitcon.com\/wp-content\/uploads\/2023\/12\/Barbro.jpg","type":"","width":"","height":""}],"twitter_card":"summary_large_image","twitter_misc":{"Arvioitu lukuaika":"3 minuuttia"},"schema":{"@context":"https:\/\/schema.org","@graph":[{"@type":"WebPage","@id":"https:\/\/koylio-seura.fi\/?page_id=1020","url":"https:\/\/koylio-seura.fi\/?page_id=1020","name":"K\u00f6yli\u00f6n naisen puku - K\u00f6yli\u00f6-seura","isPartOf":{"@id":"https:\/\/koylio-seura.fi\/#website"},"primaryImageOfPage":{"@id":"https:\/\/koylio-seura.fi\/?page_id=1020#primaryimage"},"image":{"@id":"https:\/\/koylio-seura.fi\/?page_id=1020#primaryimage"},"thumbnailUrl":"https:\/\/koylio-seura.eitcon.com\/wp-content\/uploads\/2023\/12\/Barbro.jpg","datePublished":"2023-10-21T08:13:09+00:00","dateModified":"2024-02-17T09:21:24+00:00","breadcrumb":{"@id":"https:\/\/koylio-seura.fi\/?page_id=1020#breadcrumb"},"inLanguage":"fi","potentialAction":[{"@type":"ReadAction","target":["https:\/\/koylio-seura.fi\/?page_id=1020"]}]},{"@type":"ImageObject","inLanguage":"fi","@id":"https:\/\/koylio-seura.fi\/?page_id=1020#primaryimage","url":"https:\/\/koylio-seura.eitcon.com\/wp-content\/uploads\/2023\/12\/Barbro.jpg","contentUrl":"https:\/\/koylio-seura.eitcon.com\/wp-content\/uploads\/2023\/12\/Barbro.jpg"},{"@type":"BreadcrumbList","@id":"https:\/\/koylio-seura.fi\/?page_id=1020#breadcrumb","itemListElement":[{"@type":"ListItem","position":1,"name":"Etusivu","item":"https:\/\/koylio-seura.fi\/"},{"@type":"ListItem","position":2,"name":"Tuotteet","item":"https:\/\/koylio-seura.fi\/?page_id=18"},{"@type":"ListItem","position":3,"name":"K\u00f6yli\u00f6n naisen puku"}]},{"@type":"WebSite","@id":"https:\/\/koylio-seura.fi\/#website","url":"https:\/\/koylio-seura.fi\/","name":"K\u00f6yli\u00f6-seura","description":"","publisher":{"@id":"https:\/\/koylio-seura.fi\/#organization"},"potentialAction":[{"@type":"SearchAction","target":{"@type":"EntryPoint","urlTemplate":"https:\/\/koylio-seura.fi\/?s={search_term_string}"},"query-input":{"@type":"PropertyValueSpecification","valueRequired":true,"valueName":"search_term_string"}}],"inLanguage":"fi"},{"@type":"Organization","@id":"https:\/\/koylio-seura.fi\/#organization","name":"K\u00f6yli\u00f6-seura","url":"https:\/\/koylio-seura.fi\/","logo":{"@type":"ImageObject","inLanguage":"fi","@id":"https:\/\/koylio-seura.fi\/#\/schema\/logo\/image\/","url":"https:\/\/koylio-seura.fi\/wp-content\/uploads\/2023\/07\/cropped-KS-logo-23.png","contentUrl":"https:\/\/koylio-seura.fi\/wp-content\/uploads\/2023\/07\/cropped-KS-logo-23.png","width":530,"height":619,"caption":"K\u00f6yli\u00f6-seura"},"image":{"@id":"https:\/\/koylio-seura.fi\/#\/schema\/logo\/image\/"}}]}},"_links":{"self":[{"href":"https:\/\/koylio-seura.fi\/index.php?rest_route=\/wp\/v2\/pages\/1020","targetHints":{"allow":["GET"]}}],"collection":[{"href":"https:\/\/koylio-seura.fi\/index.php?rest_route=\/wp\/v2\/pages"}],"about":[{"href":"https:\/\/koylio-seura.fi\/index.php?rest_route=\/wp\/v2\/types\/page"}],"author":[{"embeddable":true,"href":"https:\/\/koylio-seura.fi\/index.php?rest_route=\/wp\/v2\/users\/1"}],"replies":[{"embeddable":true,"href":"https:\/\/koylio-seura.fi\/index.php?rest_route=%2Fwp%2Fv2%2Fcomments&post=1020"}],"version-history":[{"count":43,"href":"https:\/\/koylio-seura.fi\/index.php?rest_route=\/wp\/v2\/pages\/1020\/revisions"}],"predecessor-version":[{"id":7205,"href":"https:\/\/koylio-seura.fi\/index.php?rest_route=\/wp\/v2\/pages\/1020\/revisions\/7205"}],"up":[{"embeddable":true,"href":"https:\/\/koylio-seura.fi\/index.php?rest_route=\/wp\/v2\/pages\/18"}],"wp:attachment":[{"href":"https:\/\/koylio-seura.fi\/index.php?rest_route=%2Fwp%2Fv2%2Fmedia&parent=1020"}],"curies":[{"name":"wp","href":"https:\/\/api.w.org\/{rel}","templated":true}]}}